{"id":9028,"date":"2024-01-22T14:46:57","date_gmt":"2024-01-22T14:46:57","guid":{"rendered":"https:\/\/maghreb-secours.ma\/?page_id=9028"},"modified":"2024-11-15T16:51:13","modified_gmt":"2024-11-15T16:51:13","slug":"apropos","status":"publish","type":"page","link":"https:\/\/maghreb-secours.ma\/zh\/apropos\/","title":{"rendered":"\u5173\u4e8e"},"content":{"rendered":"<p><strong>\u9a6c\u683c\u91cc\u5e03\u6551\u52a9\u534f\u4f1a\uff1a\u6469\u6d1b\u54e5\u4eba\u9053\u4e3b\u4e49\u9886\u57df\u7684\u5e0c\u671b\u706f\u5854<\/strong><\/p>\n<p>\u5728\u6469\u6d1b\u54e5\u7684\u4e2d\u5fc3\u5730\u5e26\uff0c\u9a6c\u683c\u91cc\u5e03\u6551\u52a9\u534f\u4f1a\u81f4\u529b\u4e8e\u51cf\u8f7b\u6700\u5f31\u52bf\u7fa4\u4f53\u7684\u82e6\u96be\uff0c\u5e76\u4fc3\u8fdb\u6469\u6d1b\u54e5\u738b\u56fd\u6700\u504f\u8fdc\u5730\u533a\u7684\u793e\u4f1a\u53d1\u5c55\u3002\u8be5\u975e\u653f\u5e9c\u7ec4\u7ec7\u7531\u5bcc\u6709\u8fdc\u89c1\u7684\u6cd5\u4e4c\u9f50\u5a05\u00b7\u5df4\u62c9\u4ec0\u00b7\u5e03\u65af\u51ef\uff08Faouzia Barache Bousquet\uff09\u4e8e\u8fd1\u5341\u5e74\u524d\u521b\u7acb\uff0c\u73b0\u5df2\u6210\u4e3a\u56fd\u5bb6\u56e2\u7ed3\u7684\u91cd\u8981\u529b\u91cf\u3002<\/p>\n<p><strong>\u56e2\u7ed3\u4e0e\u53d1\u5c55\u7684\u4f7f\u547d<\/strong><\/p>\n<p>\u9a6c\u683c\u91cc\u5e03\u6551\u52a9\u534f\u4f1a\u7684\u4e3b\u8981\u76ee\u6807\u662f\u4e3a\u8fb9\u7f18\u5316\u548c\u5f31\u52bf\u7fa4\u4f53\u63d0\u4f9b\u5207\u5b9e\u7684\u652f\u6301\u3002\u65e0\u8bba\u662f\u901a\u8fc7\u7d27\u6025\u5e72\u9884\u3001\u957f\u671f\u53d1\u5c55\u9879\u76ee\uff0c\u8fd8\u662f\u94bb\u4e95\uff0c\u6bcf\u4e00\u9879\u4e3e\u63aa\u90fd\u65e8\u5728\u4e3a\u53d7\u76ca\u8005\u63d0\u4f9b\u66f4\u9ad8\u8d28\u91cf\u7684\u751f\u6d3b\u3002\u8be5\u534f\u4f1a\u7684\u4f7f\u547d\u5206\u4e3a\u51e0\u4e2a\u6218\u7565\u9886\u57df\uff1a\u7cae\u98df\u63f4\u52a9\u3001\u533b\u7597\u63f4\u52a9\u3001\u6559\u80b2\u652f\u6301\u548c\u793e\u533a\u53d1\u5c55\u9879\u76ee\u3002<\/p>\n<p><strong>\u53d1\u751f\u5371\u673a\u65f6\u5feb\u901f\u53cd\u5e94<\/strong><\/p>\n<p>\u4ece\u4e00\u5f00\u59cb\uff0c\u8be5\u534f\u4f1a\u5c31\u6df1\u77e5\u5728\u5371\u673a\u60c5\u51b5\u4e0b\u5feb\u901f\u54cd\u5e94\u7684\u91cd\u8981\u6027\u3002\u5728\u519c\u6751\u5730\u533a\u5206\u53d1\u98df\u54c1\u7bee\uff0c\u8fd9\u4e9b\u5730\u533a\u5f80\u5f80\u4e0e\u4f20\u7edf\u7684\u63f4\u52a9\u6e20\u9053\u9694\u7edd\uff0c\u8fd9\u662f\u5b9e\u73b0\u7cae\u98df\u5b89\u5168\u7684\u7b2c\u4e00\u6b65\u3002\u4f46\u8be5\u534f\u4f1a\u7684\u627f\u8bfa\u8fdc\u4e0d\u6b62\u4e8e\u6b64\u3002\u9762\u5bf9\u4e00\u4e9b\u5730\u533a\u533b\u7597\u670d\u52a1\u6709\u9650\u7684\u56f0\u5883\uff0c\u9a6c\u683c\u91cc\u5e03\u6551\u52a9\u7ec4\u7ec7\u8fd8\u5b9e\u65bd\u4e86\u7d27\u6025\u533b\u7597\u5e72\u9884\uff0c\u901a\u8fc7\u4ece\u57fa\u7840\u62a4\u7406\u5230\u590d\u6742\u5916\u79d1\u624b\u672f\u7b49\u5404\u79cd\u63aa\u65bd\u633d\u6551\u751f\u547d\u3002<\/p>\n<p><strong>\u5bf9\u672a\u6765\u7684\u627f\u8bfa<\/strong><\/p>\n<p>\u5728\u6cd5\u4e4c\u9f50\u5a05\u00b7\u5df4\u62c9\u4ec0\u00b7\u5e03\u65af\u51ef\uff08Faouzia Barache Bousquet\uff09\u7684\u9886\u5bfc\u4e0b\uff0c\u534f\u4f1a\u4e0d\u65ad\u63a2\u7d22\u521b\u65b0\u878d\u8d44\u65b9\u5f0f\uff0c\u62d3\u5c55\u4e1a\u52a1\u3002\u6700\u8fd1\u7684\u4e00\u4e2a\u4f8b\u5b50\u662f\u201cKARAM\u201d\u79fb\u52a8\u5e94\u7528\u7a0b\u5e8f\uff0c\u5b83\u5c06\u4eba\u9053\u4e3b\u4e49\u63f4\u52a9\u4e0e\u5e7f\u544a\u8d44\u91d1\u8054\u7cfb\u8d77\u6765\u3002\u8fd9\u79cd\u521b\u65b0\u7684\u878d\u8d44\u6a21\u5f0f\u4e3a\u534f\u4f1a\u7684\u4f7f\u547d\u63d0\u4f9b\u4e86\u7a33\u5b9a\u7684\u6536\u5165\u6765\u6e90\uff0c\u540c\u65f6\u4e5f\u63d0\u5347\u4e86\u5408\u4f5c\u4f19\u4f34\u516c\u53f8\u7684\u77e5\u540d\u5ea6\u3002<\/p>\n<p><strong>\u6218\u7565\u5408\u4f5c\u548c\u4f19\u4f34\u5173\u7cfb<\/strong><\/p>\n<p>\u9a6c\u683c\u91cc\u5e03\u6551\u52a9\u534f\u4f1a\u7684\u6210\u529f\u4e5f\u5f97\u76ca\u4e8e\u4e0e\u5730\u65b9\u5f53\u5c40\u3001\u56fd\u5bb6\u673a\u6784\u548c\u5176\u4ed6\u975e\u653f\u5e9c\u7ec4\u7ec7\u7684\u5bc6\u5207\u5408\u4f5c\u3002\u8fd9\u4e9b\u4f19\u4f34\u5173\u7cfb\u6709\u52a9\u4e8e\u66f4\u597d\u5730\u534f\u8c03\u5404\u9879\u5de5\u4f5c\uff0c\u6700\u5927\u9650\u5ea6\u5730\u5229\u7528\u73b0\u6709\u8d44\u6e90\uff0c\u8fd9\u5bf9\u4e8e\u6269\u5927\u9879\u76ee\u5728\u5b9e\u5730\u7684\u5f71\u54cd\u529b\u81f3\u5173\u91cd\u8981\u3002<\/p>\n<p><strong>\u672a\u6765\u662f\u5149\u660e\u7684<\/strong><\/p>\n<p>\u9a6c\u683c\u91cc\u5e03\u6551\u52a9\u534f\u4f1a\u6b63\u5728\u5f00\u5c55\u548c\u5373\u5c06\u5f00\u5c55\u4f17\u591a\u9879\u76ee\uff0c\u4e0d\u65ad\u5f00\u62d3\u521b\u65b0\u4e0e\u5173\u7231\u4e4b\u8def\u3002\u57ce\u5e02\u83dc\u56ed\u7684\u5efa\u8bbe\u548c\u9752\u5e74\u4f01\u4e1a\u5bb6\u57f9\u8bad\u4f53\u73b0\u4e86\u534f\u4f1a\u79ef\u6781\u5e94\u5bf9\u6301\u7eed\u6311\u6218\u7684\u7406\u5ff5\u3002\u8fd9\u4e00\u68a6\u60f3\u53ea\u6709\u5728\u6469\u6d1b\u54e5\u653f\u5e9c\u7684\u652f\u6301\u4e0b\u624d\u80fd\u5b9e\u73b0\u3002<\/p>\n<p>\u9a6c\u683c\u91cc\u5e03\u6551\u52a9\u534f\u4f1a\u7684\u4f7f\u547d\u6e05\u6670\u660e\u786e\uff1a\u4e0d\u4ec5\u8981\u5e94\u5bf9\u773c\u524d\u7684\u8feb\u5207\u9700\u6c42\uff0c\u66f4\u8981\u81f4\u529b\u4e8e\u5efa\u8bbe\u4e00\u4e2a\u66f4\u52a0\u516c\u5e73\u3001\u56e2\u7ed3\u7684\u6469\u6d1b\u54e5\u3002\u5728\u4e00\u4e2a\u4e0d\u5e73\u7b49\u73b0\u8c61\u65e5\u76ca\u52a0\u5267\u7684\u4e16\u754c\uff0c\u9a6c\u683c\u91cc\u5e03\u6551\u52a9\u534f\u4f1a\u7684\u884c\u52a8\u6bd4\u4ee5\u5f80\u4efb\u4f55\u65f6\u5019\u90fd\u66f4\u52a0\u5fc5\u8981\uff0c\u4ee5\u6fc0\u53d1\u6574\u4e2a\u738b\u56fd\u7684\u53d8\u9769\u548c\u6177\u6168\u3002<\/p>\n<p>Faouzia Barache Bousquet \u548c\u5979\u7684\u56e2\u961f\u7684\u6301\u7eed\u627f\u8bfa\u6709\u529b\u5730\u63d0\u9192\u6211\u4eec\uff0c\u56e2\u7ed3\u53ef\u4ee5\u6539\u53d8\u751f\u6d3b\uff0c\u91cd\u65b0\u63cf\u7ed8\u51fa\u4e00\u4e2a\u6bcf\u4e2a\u4eba\u90fd\u6709\u81ea\u5df1\u7684\u4f4d\u7f6e\u548c\u7e41\u8363\u673a\u4f1a\u7684\u793e\u4f1a\u8f6e\u5ed3\u3002<\/p>\n<p>\u611f\u8c22\u6709\u5173\u90e8\u95e8\u7ed9\u4e88\u6211\u4eec\u5982\u6b64\u591a\u7684\u5e2e\u52a9\u548c\u652f\u6301\u3002<\/p>\n<p><strong>\u9a6c\u683c\u91cc\u5e03\u4fdd\u62a4\u534f\u4f1a \u2013 \u6469\u6d1b\u54e5\u7684\u56e2\u7ed3\u548c\u4eba\u9053\u4e3b\u4e49\u53c2\u4e0e<\/strong><br \/>\n<strong><em>\u4ecb\u7ecd<\/em><\/strong><br \/>\n\u6b22\u8fce\u8bbf\u95ee\u9a6c\u683c\u91cc\u5e03\u63f4\u52a9\u7ec4\u7ec7\uff08Maghreb Secours\uff09\u7684\u7f51\u7ad9\u3002\u9a6c\u683c\u91cc\u5e03\u63f4\u52a9\u7ec4\u7ec7\u662f\u4e00\u5bb6\u4f4d\u4e8e\u6469\u6d1b\u54e5\u7684\u4eba\u9053\u4e3b\u4e49\u7ec4\u7ec7\uff0c\u81f4\u529b\u4e8e\u56e2\u7ed3\u4e92\u52a9\uff0c\u5173\u7231\u5f31\u52bf\u7fa4\u4f53\u3002\u4e86\u89e3\u6211\u4eec\u81ea2015\u5e74\u4ee5\u6765\u6240\u53d6\u5f97\u7684\u79ef\u6781\u6210\u679c\u3001\u5177\u4f53\u884c\u52a8\u4ee5\u53ca\u6307\u5bfc\u6211\u4eec\u5de5\u4f5c\u7684\u4ee5\u4eba\u4e3a\u672c\u7684\u7406\u5ff5\u3002.<\/p>\n<div><span style=\"color: #000000; font-family: S\u00f6hne, ui-sans-serif, system-ui, -apple-system, Segoe UI, Roboto, Ubuntu, Cantarell, Noto Sans, sans-serif, Helvetica Neue, Arial, Apple Color Emoji, Segoe UI Emoji, Segoe UI Symbol, Noto Color Emoji;\"><br \/>\n<\/span><strong><em>\u5173\u4e8e Maghreb Secours \u2013 \u6469\u6d1b\u54e5\u7684\u4eba\u9053\u4e3b\u4e49\u53c2\u4e0e<\/em><\/strong><br \/>\n\u9a6c\u683c\u91cc\u5e03\u6551\u63f4\u7ec4\u7ec7\uff08Maghreb Secours\uff09\u6210\u7acb\u4e8e2015\u5e74\uff0c\u662f\u6469\u6d1b\u54e5\u9886\u5148\u7684\u4eba\u9053\u4e3b\u4e49\u7ec4\u7ec7\u3002\u6211\u4eec\u81f4\u529b\u4e8e\u6539\u5584\u793e\u4f1a\u5f31\u52bf\u7fa4\u4f53\u3001\u75c5\u60a3\u548c\u81ea\u7136\u707e\u5bb3\u53d7\u5bb3\u8005\u7684\u751f\u6d3b\u3002\u6211\u4eec\u7684\u5de5\u4f5c\u662f2005\u5e74\u542f\u52a8\u7684\u4eba\u7c7b\u53d1\u5c55\u5021\u8bae\u7684\u4e00\u90e8\u5206\u3002.<\/div>\n<div><span style=\"color: #000000; font-family: S\u00f6hne, ui-sans-serif, system-ui, -apple-system, Segoe UI, Roboto, Ubuntu, Cantarell, Noto Sans, sans-serif, Helvetica Neue, Arial, Apple Color Emoji, Segoe UI Emoji, Segoe UI Symbol, Noto Color Emoji;\"><br \/>\n<\/span><strong><em>\u6211\u4eec\u7684\u5b89\u514b\u96f7\u5947 \u2013 \u6469\u6d1b\u54e5\u4eba\u9053\u4e3b\u4e49\u534f\u4f1a<\/em><\/strong><br \/>\n\u4f5c\u4e3a\u4e00\u5bb6\u5728\u6469\u6d1b\u54e5\u5f00\u5c55\u4eba\u9053\u4e3b\u4e49\u63f4\u52a9\u7684\u7ec4\u7ec7\uff0c\u6211\u4eec\u60a0\u4e45\u7684\u5386\u53f2\u548c\u826f\u597d\u7684\u58f0\u8a89\u6e90\u4e8e\u6211\u4eec\u7cbe\u51c6\u6709\u6548\u7684\u884c\u52a8\u3002\u6211\u4eec\u80fd\u591f\u8fc5\u901f\u5e94\u5bf9\u5404\u79cd\u5371\u673a\uff0c\u5c24\u5176\u662f\u57282023\u5e749\u6708\u7684\u5730\u9707\u671f\u95f4\uff0c\u6211\u4eec\u8fc5\u901f\u8c03\u52a8\u8d22\u653f\u8d44\u6e90\uff0c\u4e3a\u53d7\u707e\u6c11\u4f17\u63d0\u4f9b\u63f4\u52a9\u3002.<br \/>\n<em>\u4eba\u9053\u4e3b\u4e49\u6269\u5f20\u2014\u2014\u6492\u54c8\u62c9\u4ee5\u5357\u975e\u6d32\u548c\u65b0\u9879\u76ee<\/em><br \/>\n\u9a6c\u683c\u91cc\u5e03\u6551\u63f4\u7ec4\u7ec7\u6b63\u5c06\u5176\u4eba\u9053\u4e3b\u4e49\u5de5\u4f5c\u62d3\u5c55\u81f3\u5883\u5916\uff0c\u91cd\u70b9\u5173\u6ce8\u6492\u54c8\u62c9\u4ee5\u5357\u975e\u6d32\u5730\u533a\u3002\u6211\u4eec\u65b0\u6210\u7acb\u7684\u94bb\u4e95\u90e8\u95e8\u65e8\u5728\u89e3\u51b3\u7528\u6c34\u96be\u9898\uff0c\u5c24\u5176\u662f\u5728\u8d2b\u56f0\u6751\u5e84\u3002.<\/div>\n<div><span style=\"color: #000000; font-family: S\u00f6hne, ui-sans-serif, system-ui, -apple-system, Segoe UI, Roboto, Ubuntu, Cantarell, Noto Sans, sans-serif, Helvetica Neue, Arial, Apple Color Emoji, Segoe UI Emoji, Segoe UI Symbol, Noto Color Emoji;\"><br \/>\n<\/span><em>\u547c\u5401\u56e2\u7ed3\u2014\u2014\u652f\u6301\u6211\u4eec\u7684\u4eba\u9053\u4e3b\u4e49\u884c\u52a8\u5e76\u4e0b\u8f7d\u6211\u4eec\u7684\u5e94\u7528\u7a0b\u5e8f <strong>\u5361\u62c9\u59c6<\/strong> \u5e76\u8bbf\u95ee\u4ed6\u7684\u7f51\u7ad9\u00a0<a href=\"http:\/\/www.karam.ma\/\" target=\"_blank\" rel=\"noopener\" data-saferedirecturl=\"https:\/\/www.google.com\/url?q=http:\/\/www.karam.ma&amp;source=gmail&amp;ust=1706278749613000&amp;usg=AOvVaw1Ph1yAmIaSSy5rPcfmpDeU\">www.karam.ma<\/a><\/em><br \/>\n\u52a0\u5165\u6211\u4eec\u7684\u884c\u5217\uff0c\u652f\u6301\u6211\u4eec\u5728\u6469\u6d1b\u54e5\u7684\u4eba\u9053\u4e3b\u4e49\u5de5\u4f5c\u3002\u60a8\u7684\u6350\u52a9\u5c06\u6709\u52a9\u4e8e\u786e\u4fdd\u6211\u4eec\u9879\u76ee\u7684\u53ef\u6301\u7eed\u6027\uff0c\u6269\u5927\u6211\u4eec\u7684\u5f71\u54cd\u529b\uff0c\u5e76\u5c06\u63f4\u52a9\u9001\u5230\u6700\u9700\u8981\u7684\u5730\u65b9\u3002\u8ba9\u6211\u4eec\u643a\u624b\u5171\u521b\u66f4\u7f8e\u597d\u7684\u672a\u6765\u3002.<\/div>\n<div><span style=\"color: #000000; font-family: S\u00f6hne, ui-sans-serif, system-ui, -apple-system, Segoe UI, Roboto, Ubuntu, Cantarell, Noto Sans, sans-serif, Helvetica Neue, Arial, Apple Color Emoji, Segoe UI Emoji, Segoe UI Symbol, Noto Color Emoji;\"><br \/>\n<\/span><strong><em>\u8054\u7cfb\u6211\u4eec \u2013 \u9a6c\u683c\u91cc\u5e03\u5b89\u5168\u534f\u4f1a<\/em><\/strong><br \/>\n\u5982\u9700\u4e86\u89e3\u66f4\u591a\u5173\u4e8e\u6211\u4eec\u7684\u884c\u52a8\u548c\u9879\u76ee\uff0c\u6216\u4e3a\u6211\u4eec\u7684\u4e8b\u4e1a\u8d21\u732e\u529b\u91cf\uff0c\u8bf7\u4e0e\u6211\u4eec\u8054\u7cfb\u3002\u9a6c\u683c\u91cc\u5e03\u6551\u63f4\u7ec4\u7ec7\u81f4\u529b\u4e8e\u6210\u4e3a\u6469\u6d1b\u54e5\u4eba\u9053\u4e3b\u4e49\u9886\u57df\u503c\u5f97\u4fe1\u8d56\u7684\u4f19\u4f34\u3002.<br \/>\n\u6211\u4eec\u611f\u8c22\u60a8\u4e00\u76f4\u4ee5\u6765\u7684\u652f\u6301\u3002<br \/>\n<span style=\"color: #000000; font-family: S\u00f6hne, ui-sans-serif, system-ui, -apple-system, Segoe UI, Roboto, Ubuntu, Cantarell, Noto Sans, sans-serif, Helvetica Neue, Arial, Apple Color Emoji, Segoe UI Emoji, Segoe UI Symbol, Noto Color Emoji;\"><br \/>\n\u521b\u4f1a\u4e3b\u5e2d<\/span><\/div>\n<div><span style=\"color: #000000; font-family: S\u00f6hne, ui-sans-serif, system-ui, -apple-system, Segoe UI, Roboto, Ubuntu, Cantarell, Noto Sans, sans-serif, Helvetica Neue, Arial, Apple Color Emoji, Segoe UI Emoji, Segoe UI Symbol, Noto Color Emoji;\">\u6cd5\u4e4c\u5179\u4e9a\u00b7\u5df4\u62c9\u4ec0\u00b7\u5e03\u65af\u51ef<br \/>\n<\/span><\/div>\n<p>&nbsp;<\/p>\n<div>\n<p><iframe title=\"\u56e2\u7ed3\u7684\u4f53\u73b0\uff1a\u6211\u4eec\u7684\u9707\u540e\u627f\u8bfa\" src=\"https:\/\/www.youtube.com\/embed\/OLiHpYA_xbA\" width=\"1280\" height=\"720\" frameborder=\"0\" allowfullscreen=\"allowfullscreen\"><\/iframe><\/p>\n<\/div>","protected":false},"excerpt":{"rendered":"<p>L&#8217;Association Maghreb Secours : Un Phare d&#8217;Espoir dans le Paysage Humanitaire Marocain En plein c\u0153ur du Maroc, l&#8217;Association Maghreb Secours d\u00e9ploie ses efforts pour all\u00e9ger les peines des plus d\u00e9munis et promouvoir le d\u00e9veloppement social dans les recoins les plus isol\u00e9s du royaume. Fond\u00e9e il y a pr\u00e8s de dix ans par la visionnaire Faouzia [&hellip;]<\/p>\n","protected":false},"author":1,"featured_media":0,"parent":0,"menu_order":0,"comment_status":"closed","ping_status":"closed","template":"","meta":{"footnotes":""},"class_list":["post-9028","page","type-page","status-publish","hentry"],"_links":{"self":[{"href":"https:\/\/maghreb-secours.ma\/zh\/wp-json\/wp\/v2\/pages\/9028","targetHints":{"allow":["GET"]}}],"collection":[{"href":"https:\/\/maghreb-secours.ma\/zh\/wp-json\/wp\/v2\/pages"}],"about":[{"href":"https:\/\/maghreb-secours.ma\/zh\/wp-json\/wp\/v2\/types\/page"}],"author":[{"embeddable":true,"href":"https:\/\/maghreb-secours.ma\/zh\/wp-json\/wp\/v2\/users\/1"}],"replies":[{"embeddable":true,"href":"https:\/\/maghreb-secours.ma\/zh\/wp-json\/wp\/v2\/comments?post=9028"}],"version-history":[{"count":6,"href":"https:\/\/maghreb-secours.ma\/zh\/wp-json\/wp\/v2\/pages\/9028\/revisions"}],"predecessor-version":[{"id":9688,"href":"https:\/\/maghreb-secours.ma\/zh\/wp-json\/wp\/v2\/pages\/9028\/revisions\/9688"}],"wp:attachment":[{"href":"https:\/\/maghreb-secours.ma\/zh\/wp-json\/wp\/v2\/media?parent=9028"}],"curies":[{"name":"\u53ef\u6e7f\u6027\u7c89\u5242","href":"https:\/\/api.w.org\/{rel}","templated":true}]}}