{"id":7800,"date":"2020-02-28T08:26:46","date_gmt":"2020-02-28T08:26:46","guid":{"rendered":"https:\/\/demo.goodlayers.com\/chariti\/demo1\/?page_id=7800"},"modified":"2024-01-30T14:30:32","modified_gmt":"2024-01-30T14:30:32","slug":"become-a-volunteer","status":"publish","type":"page","link":"https:\/\/maghreb-secours.ma\/zh\/become-a-volunteer\/","title":{"rendered":"\u6210\u4e3a\u4e00\u540d\u5fd7\u613f\u8005"},"content":{"rendered":"<h1><strong>\u6210\u4e3a\u9a6c\u683c\u91cc\u5e03\u6551\u52a9\u534f\u4f1a\u5fd7\u613f\u8005\uff1a\u56e2\u7ed3\u4e92\u52a9\u3001\u8df5\u884c\u4eba\u9053\u4e3b\u4e49\u627f\u8bfa<\/strong><\/h1>\n<p><em>\u4ecb\u7ecd<\/em><\/p>\n<p>\u9a6c\u683c\u91cc\u5e03\u6551\u52a9\u7ec4\u7ec7\u6210\u7acb\u4e5d\u5e74\u6765\uff0c\u59cb\u7ec8\u575a\u5b9a\u4e0d\u79fb\u5730\u81f4\u529b\u4e8e\u4eba\u9053\u4e3b\u4e49\u4e8b\u4e1a\uff0c\u8fd9\u662f\u5176\u79ef\u6781\u5f71\u54cd\u7684\u57fa\u77f3\u3002\u4eca\u5929\uff0c\u6211\u4eec\u8bda\u9080\u60a8\u4ee5\u5fd7\u613f\u8005\u7684\u8eab\u4efd\u52a0\u5165\u8fd9\u4e00\u5d07\u9ad8\u7684\u4f7f\u547d\uff0c\u56e0\u4e3a\u60a8\u7684\u5949\u732e\u80fd\u591f\u6539\u53d8\u793e\u4f1a\u8fb9\u7f18\u7fa4\u4f53\u3001\u75be\u75c5\u53d7\u5bb3\u8005\u4ee5\u53ca\u53d7\u81ea\u7136\u707e\u5bb3\u5f71\u54cd\u8005\u7684\u751f\u6d3b\u3002<\/p>\n<p><em>\u9a6c\u683c\u91cc\u5e03\u6551\u63f4\uff1a\u5e0c\u671b\u7684\u706f\u5854<\/em><\/p>\n<p>\u9a6c\u683c\u91cc\u5e03\u6551\u52a9\u534f\u4f1a\u5341\u5e74\u6765\u4e00\u76f4\u81f4\u529b\u4e8e\u670d\u52a1\u793e\u4f1a\u4e2d\u6700\u5f31\u52bf\u7684\u7fa4\u4f53\u3002\u4f5c\u4e3a\u4e00\u540d\u5fd7\u613f\u8005\uff0c\u60a8\u5c06\u6210\u4e3a\u81f3\u5173\u91cd\u8981\u7684\u7ebd\u5e26\uff0c\u5e2e\u52a9\u5c06\u56e2\u7ed3\u7684\u7fc5\u8180\u5c55\u7fc5\u7ff1\u7fd4\u4e8e\u56fd\u754c\u4e4b\u5916\u3002\u60a8\u7684\u4eba\u9053\u4e3b\u4e49\u5de5\u4f5c\u5c06\u4e3a\u6700\u9700\u8981\u5e2e\u52a9\u7684\u4eba\u4eec\u5e26\u6765\u5e0c\u671b\u3002<\/p>\n<p><em>\u547c\u5401\u9752\u5e74\uff1a\u6177\u6168\u7684\u8d23\u4efb<\/em><\/p>\n<p>\u6211\u4eec\u5411\u793e\u4f1a\u4e2d\u7684\u5e74\u8f7b\u4eba\u53d1\u51fa\u8bda\u631a\u7684\u547c\u5401\u3002\u53c2\u4e0e\u4eba\u9053\u4e3b\u4e49\u884c\u52a8\u4e0d\u4ec5\u4ec5\u662f\u4e00\u79cd\u9009\u62e9\uff0c\u66f4\u662f\u5bf9\u6211\u4eec\u793e\u533a\u6177\u6168\u89e3\u56ca\u7684\u8d23\u4efb\u3002\u79ef\u6781\u53c2\u4e0e\u9a6c\u683c\u91cc\u5e03\u63f4\u52a9\u9879\u76ee\uff0c\u4f60\u4eec\u4e0d\u4ec5\u80fd\u63d0\u5347\u6280\u80fd\uff0c\u8fd8\u80fd\u4f53\u73b0\u540c\u7406\u5fc3\u548c\u56e2\u7ed3\u4e92\u52a9\u7684\u4ef7\u503c\u89c2\uff0c\u8fd9\u6b63\u662f\u9752\u5e74\u4eba\u5e94\u5c3d\u7684\u4e49\u52a1\u3002<\/p>\n<p><em>\u4e30\u5bcc\u7684\u4f53\u9a8c<\/em><\/p>\n<p>\u6210\u4e3a\u4e00\u540d\u5fd7\u613f\u8005\uff0c\u4f60\u5c06\u6c89\u6d78\u5728\u4e00\u6bb5\u610f\u4e49\u975e\u51e1\u7684\u7ecf\u5386\u4e2d\uff0c\u4f53\u9a8c\u610f\u4e49\u975e\u51e1\u7684\u9082\u9005\u3001\u6311\u6218\u523a\u6fc0\u7684\u6311\u6218\uff0c\u4ee5\u53ca\u5e2e\u52a9\u6700\u9700\u8981\u5e2e\u52a9\u7684\u4eba\u6240\u5e26\u6765\u7684\u6df1\u6df1\u6ee1\u8db3\u611f\u3002\u9a6c\u683c\u91cc\u5e03\u6551\u52a9\u7ec4\u7ec7\u4e3a\u4e2a\u4eba\u6210\u957f\u548c\u96c6\u4f53\u53d1\u5c55\u63d0\u4f9b\u4e86\u80a5\u6c83\u7684\u571f\u58e4\u3002<\/p>\n<p><em>\u7ed3\u8bba<\/em><\/p>\n<p>\u6210\u4e3a\u9a6c\u683c\u91cc\u5e03\u6551\u52a9\u534f\u4f1a\u7684\u5fd7\u613f\u8005\uff0c\u610f\u4e49\u975e\u51e1\uff0c\u8fdc\u8d85\u7b80\u5355\u7684\u5fd7\u613f\u670d\u52a1\uff1b\u5b83\u610f\u5473\u7740\u6210\u4e3a\u5341\u5e74\u6765\u56e2\u7ed3\u4e92\u52a9\u5386\u53f2\u7684\u4e00\u90e8\u5206\u3002\u8ba9\u6211\u4eec\u643a\u624b\uff0c\u5c06\u8fd9\u5341\u5e74\u6253\u9020\u6210\u4e00\u90e8\u4eba\u9053\u4e3b\u4e49\u53f2\u8bd7\uff0c\u8ba9\u6bcf\u4f4d\u5fd7\u613f\u8005\u5728\u670d\u52a1\u5f31\u52bf\u7fa4\u4f53\u7684\u8fc7\u7a0b\u4e2d\uff0c\u5199\u4e0b\u4ee4\u4eba\u96be\u5fd8\u7684\u4e00\u9875\u3002<\/p>\n<p>\u60a8\u7684\u627f\u8bfa\u5982\u540c\u4e00\u7f15\u706b\u82b1\uff0c\u7167\u4eae\u90a3\u4e9b\u9700\u8981\u5e2e\u52a9\u7684\u4eba\u3002\u52a0\u5165\u6211\u4eec\uff0c\u5171\u540c\u8ffd\u6c42\u8fd9\u4efd\u5d07\u9ad8\u7684\u4e8b\u4e1a\uff0c\u56e0\u4e3a\u6bcf\u4e00\u4e2a\u4e3e\u52a8\u90fd\u610f\u4e49\u975e\u51e1\uff0c\u8ba9\u6211\u4eec\u643a\u624b\u5171\u521b\u4e00\u4e2a\u5145\u6ee1\u7231\u5fc3\u548c\u6177\u6168\u7684\u672a\u6765\u3002<\/p>\n<p><iframe title=\"\u4eba\u9053\u4e3b\u4e49\u6545\u4e8b\uff1a\u9a6c\u683c\u91cc\u5e03\u82f1\u96c4\u5728\u6469\u6d1b\u54e5\u5730\u9707\u4e2d\u4f38\u51fa\u63f4\u624b\" src=\"https:\/\/www.youtube.com\/embed\/PU2r3rx3UTg\" width=\"949\" height=\"534\" frameborder=\"0\" allowfullscreen=\"allowfullscreen\"><\/iframe><\/p>","protected":false},"excerpt":{"rendered":"<p>Devenir Volontaire \u00e0 l&#8217;Association Maghreb Secours : Un Acte de Solidarit\u00e9 et d&#8217;Engagement Humanitaire Introduction Au fil des neuf ann\u00e9es d&#8217;existence de l&#8217;Association Maghreb Secours, le d\u00e9vouement in\u00e9branlable envers les causes humanitaires a \u00e9t\u00e9 le pilier sur lequel repose son impact positif. Aujourd&#8217;hui, nous vous convions \u00e0 rejoindre cette noble mission en tant que volontaires, [&hellip;]<\/p>\n","protected":false},"author":1,"featured_media":8648,"parent":0,"menu_order":0,"comment_status":"closed","ping_status":"closed","template":"","meta":{"footnotes":""},"class_list":["post-7800","page","type-page","status-publish","has-post-thumbnail","hentry"],"_links":{"self":[{"href":"https:\/\/maghreb-secours.ma\/zh\/wp-json\/wp\/v2\/pages\/7800","targetHints":{"allow":["GET"]}}],"collection":[{"href":"https:\/\/maghreb-secours.ma\/zh\/wp-json\/wp\/v2\/pages"}],"about":[{"href":"https:\/\/maghreb-secours.ma\/zh\/wp-json\/wp\/v2\/types\/page"}],"author":[{"embeddable":true,"href":"https:\/\/maghreb-secours.ma\/zh\/wp-json\/wp\/v2\/users\/1"}],"replies":[{"embeddable":true,"href":"https:\/\/maghreb-secours.ma\/zh\/wp-json\/wp\/v2\/comments?post=7800"}],"version-history":[{"count":5,"href":"https:\/\/maghreb-secours.ma\/zh\/wp-json\/wp\/v2\/pages\/7800\/revisions"}],"predecessor-version":[{"id":9462,"href":"https:\/\/maghreb-secours.ma\/zh\/wp-json\/wp\/v2\/pages\/7800\/revisions\/9462"}],"wp:featuredmedia":[{"embeddable":true,"href":"https:\/\/maghreb-secours.ma\/zh\/wp-json\/wp\/v2\/media\/8648"}],"wp:attachment":[{"href":"https:\/\/maghreb-secours.ma\/zh\/wp-json\/wp\/v2\/media?parent=7800"}],"curies":[{"name":"\u53ef\u6e7f\u6027\u7c89\u5242","href":"https:\/\/api.w.org\/{rel}","templated":true}]}}