{"id":7668,"date":"2020-02-26T17:04:30","date_gmt":"2020-02-26T17:04:30","guid":{"rendered":"https:\/\/demo.goodlayers.com\/chariti\/demo1\/?page_id=7668"},"modified":"2025-11-24T09:45:01","modified_gmt":"2025-11-24T09:45:01","slug":"about","status":"publish","type":"page","link":"https:\/\/maghreb-secours.ma\/zh\/about\/","title":{"rendered":"\u6211\u4eec\u7684\u4f7f\u547d"},"content":{"rendered":"<div data-elementor-type=\"wp-page\" data-elementor-id=\"7668\" class=\"elementor elementor-7668\">\n\t\t\t\t<div class=\"elementor-element elementor-element-643585a e-flex e-con-boxed e-con e-parent\" data-id=\"643585a\" data-element_type=\"container\" data-e-type=\"container\">\n\t\t\t\t\t<div class=\"e-con-inner\">\n\t\t\t\t<div class=\"elementor-element elementor-element-c66e3d9 elementor-widget elementor-widget-heading\" data-id=\"c66e3d9\" data-element_type=\"widget\" data-e-type=\"widget\" data-widget_type=\"heading.default\">\n\t\t\t\t<div class=\"elementor-widget-container\">\n\t\t\t\t\t<h2 class=\"elementor-heading-title elementor-size-default\">\u6211\u4eec\u7684\u4efb\u52a1<\/h2>\t\t\t\t<\/div>\n\t\t\t\t<\/div>\n\t\t\t\t\t<\/div>\n\t\t\t\t<\/div>\n\t\t<div class=\"elementor-element elementor-element-13ce570 e-flex e-con-boxed e-con e-parent\" data-id=\"13ce570\" data-element_type=\"container\" data-e-type=\"container\">\n\t\t\t\t\t<div class=\"e-con-inner\">\n\t\t\t\t<div class=\"elementor-element elementor-element-dcd7693 elementor-widget elementor-widget-text-editor\" data-id=\"dcd7693\" data-element_type=\"widget\" data-e-type=\"widget\" data-widget_type=\"text-editor.default\">\n\t\t\t\t<div class=\"elementor-widget-container\">\n\t\t\t\t\t\t\t\t\t<p>\u5341\u591a\u5e74\u6765\uff0c\u9a6c\u683c\u91cc\u5e03\u6551\u63f4\u7ec4\u7ec7\u5df2\u5728\u6469\u6d1b\u54e5\u6811\u7acb\u4e86\u5176\u4f5c\u4e3a\u4e00\u5bb6\u81f4\u529b\u4e8e\u4eba\u9053\u4e3b\u4e49\u4e8b\u4e1a\u7684\u673a\u6784\u7684\u5f62\u8c61\uff0c\u5e76\u51b3\u5fc3\u6210\u4e3a\u53d8\u9769\u7684\u63a8\u52a8\u8005\u3002\u6211\u4eec\u7684\u4f7f\u547d\u56f4\u7ed5\u51e0\u4e2a\u5173\u952e\u9886\u57df\u5c55\u5f00\uff1a\u5e2e\u52a9\u6709\u9700\u8981\u7684\u4eba\uff0c\u5e94\u5bf9\u533b\u7597\u7d27\u6025\u60c5\u51b5\uff0c\u901a\u8fc7\u63d0\u4f9b\u9886\u5bfc\u529b\u673a\u4f1a\u6765\u652f\u6301\u6469\u6d1b\u54e5\u9752\u5e74\uff0c\u5e76\u79ef\u6781\u4e3a\u6469\u6d1b\u54e5\u738b\u56fd\u548c\u5927\u9a6c\u683c\u91cc\u5e03\u5730\u533a\u7684\u53d1\u5c55\u505a\u51fa\u8d21\u732e\u3002.<\/p><p>\u6211\u4eec\u6b63\u5728\u91c7\u53d6\u5177\u4f53\u884c\u52a8\uff1a<\/p><p>\u63f4\u52a9\u8d2b\u56f0\u8005\uff1a\u6211\u4eec\u5728\u56f0\u96be\u5730\u533a\u63d0\u4f9b\u98df\u7269\u3001\u7269\u8d44\u548c\u533b\u7597\u63f4\u52a9\u3002.<\/p><p>\u7d27\u6025\u533b\u7597\u5e72\u9884\uff1a\u62ef\u6551\u751f\u547d\u662f\u6211\u4eec\u627f\u8bfa\u7684\u6838\u5fc3\uff0c\u6211\u4eec\u5c06\u8c03\u52a8\u8d44\u6e90\uff0c\u4e3a\u4e25\u91cd\u548c\u7d27\u6025\u75c5\u4f8b\u5b9e\u65bd\u633d\u6551\u751f\u547d\u7684\u5fc3\u810f\u6216\u5916\u79d1\u624b\u672f\u5e72\u9884\u3002.<\/p><p>\u652f\u6301\u9752\u5e74\uff1a\u6211\u4eec\u652f\u6301\u6469\u6d1b\u54e5\u9752\u5e74\u57f9\u517b\u5728\u9a6c\u683c\u91cc\u5e03\u548c\u975e\u6d32\u8303\u56f4\u5185\u5177\u6709\u9886\u5bfc\u624d\u80fd\u7684\u89c6\u91ce\uff0c\u4e3a\u4ed6\u4eec\u63d0\u4f9b\u5efa\u8bbe\u56e2\u7ed3\u73b0\u4ee3\u793e\u4f1a\u7684\u673a\u4f1a\u3002.<\/p><p>\u707e\u5bb3\u53d1\u751f\u65f6\u7684\u884c\u52a8\uff1a\u5730\u9707\u671f\u95f4\uff0c\u6211\u4eec\u5bf9\u73af\u5883\u7684\u4e86\u89e3\u4ee5\u53ca\u6211\u4eec\u5728\u6469\u6d1b\u54e5\u5404\u5730\u7684\u5408\u4f5c\u4f19\u4f34\u534f\u4f1a\u7f51\u7edc\u4f7f\u6211\u4eec\u80fd\u591f\u786e\u5b9a\u5177\u4f53\u9700\u6c42\uff1a\u5206\u53d1\u5e10\u7bf7\u3001\u5395\u6240\u548c\u6258\u76d8\uff0c\u6709\u65f6\u60e0\u53ca\u5a92\u4f53\u9057\u5fd8\u4f46\u771f\u6b63\u5904\u4e8e\u56f0\u5883\u7684\u5730\u533a\u3002.<\/p><p>\u53ef\u6301\u7eed\u53d1\u5c55\uff1a\u6211\u4eec\u5df2\u5f00\u59cb\u5728\u5e72\u6db8\u7684\u6751\u5e84\u6316\u6398\u516c\u5171\u6c34\u4e95\uff0c\u4ee5\u4fdd\u8bc1\u53ef\u6301\u7eed\u5730\u83b7\u5f97\u996e\u7528\u6c34\uff0c\u59cb\u7ec8\u5728\u83b7\u5f97\u6388\u6743\u548c\u8d1f\u8d23\u4efb\u5730\u7ba1\u7406\u8d44\u6e90\u7684\u524d\u63d0\u4e0b\u8fdb\u884c\u3002.<\/p><p>\u521b\u4e1a\u7f51\u7edc\uff1a\u79c9\u627f\u7a46\u7f55\u9ed8\u5fb7\u516d\u4e16\u56fd\u738b\u965b\u4e0b\u5021\u5bfc\u7684\u7687\u5bb6\u613f\u666f\uff0c\u6211\u4eec\u652f\u6301\u521b\u4e1a\u7f51\u7edc\u7684\u5174\u8d77\uff0c\u5e76\u9f13\u52b1\u6469\u6d1b\u54e5\u4eba\u624d\u56de\u56fd\uff0c\u4ee5\u52a0\u5f3a\u7ecf\u6d4e\uff0c\u5e76\u5728\u00ab\u65b0\u73b0\u4ee3\u6469\u6d1b\u54e5\u00bb\u7684\u6846\u67b6\u5185\u8fdb\u884c\u521b\u65b0\u3002.<\/p><p>\u5728\u5341\u591a\u5e74\u6765\u738b\u5ba4\u8fdc\u89c1\u7684\u6307\u5f15\u4e0b\uff0c\u6211\u4eec\u4ece\u6469\u6d1b\u54e5\u738b\u56fd\u4fc3\u8fdb\u4eba\u7c7b\u53d1\u5c55\u3001\u793e\u4f1a\u5305\u5bb9\u548c\u5404\u9886\u57df\u8fdb\u6b65\u7684\u96c4\u5fc3\u58ee\u5fd7\u4e2d\u6c72\u53d6\u7075\u611f\u3002\u6469\u6d1b\u54e5\u6bcf\u5e74\u90fd\u53d6\u5f97\u663e\u8457\u6210\u5c31\uff1a\u51cf\u8d2b\u3001\u666e\u53ca\u6e05\u6d01\u7528\u6c34\u3001\u6301\u7eed\u6539\u5584\u533b\u7597\u57fa\u7840\u8bbe\u65bd\u3001\u9f13\u52b1\u521b\u4e1a\uff0c\u4ee5\u53ca\u63d0\u5347\u5728\u975e\u6d32\u548c\u56fd\u9645\u821e\u53f0\u4e0a\u7684\u5f71\u54cd\u529b\u3002.<\/p><p>\u9a6c\u683c\u91cc\u5e03\u6551\u63f4\u7ec4\u7ec7\u81f4\u529b\u4e8e\uff1a<\/p><p>\u52a0\u5f3a\u56fd\u5bb6\u548c\u533a\u57df\u56e2\u7ed3<\/p><p>\u52a8\u5458\u6240\u6709\u5730\u65b9\u5229\u76ca\u76f8\u5173\u8005\u5e94\u5bf9\u7d27\u6025\u60c5\u51b5\u548c\u793e\u4f1a\u6311\u6218<\/p><p>\u8ba9\u6bcf\u4e2a\u5f31\u52bf\u7fa4\u4f53\u90fd\u6709\u673a\u4f1a\u83b7\u5f97\u66f4\u7f8e\u597d\u7684\u751f\u6d3b<\/p><p>\u8ba9\u6211\u4eec\u643a\u624b\u5171\u5efa\u4e00\u4e2a\u5f3a\u5927\u3001\u56e2\u7ed3\u3001\u73b0\u4ee3\u5316\u7684\u3001\u53d7\u56fd\u9645\u793e\u4f1a\u8d5e\u8d4f\u7684\u6469\u6d1b\u54e5\u3002<\/p><p>\u6211\u4eec\u7684\u5ea7\u53f3\u94ed\uff1a\u56e2\u7ed3\u4e00\u81f4\uff0c\u5171\u5efa\u6469\u6d1b\u54e5\u3001\u5171\u5efa\u9a6c\u683c\u91cc\u5e03\u3001\u5171\u5efa\u975e\u6d32\uff01<\/p>\t\t\t\t\t\t\t\t<\/div>\n\t\t\t\t<\/div>\n\t\t\t\t\t<\/div>\n\t\t\t\t<\/div>\n\t\t<div class=\"elementor-element elementor-element-52c09d5 e-flex e-con-boxed e-con e-parent\" data-id=\"52c09d5\" data-element_type=\"container\" data-e-type=\"container\">\n\t\t\t\t\t<div class=\"e-con-inner\">\n\t\t\t\t<div class=\"elementor-element elementor-element-8d11af5 elementor-widget elementor-widget-text-editor\" data-id=\"8d11af5\" data-element_type=\"widget\" data-e-type=\"widget\" data-widget_type=\"text-editor.default\">\n\t\t\t\t<div class=\"elementor-widget-container\">\n\t\t\t\t\t\t\t\t\t<div class=\"gdlr-core-pbf-element\"><div class=\"gdlr-core-title-item gdlr-core-item-pdb clearfix gdlr-core-left-align gdlr-core-title-item-caption-top gdlr-core-item-pdlr\"><div class=\"gdlr-core-title-item-title-wrap\"><p><b>\u9a6c\u683c\u91cc\u5e03\u4fdd\u62a4\uff1a\u5bf9\u5f31\u52bf\u7fa4\u4f53\u798f\u7949\u7684\u5168\u7403\u627f\u8bfa<\/b><\/p><p><span style=\"font-weight: 400;\">\u9a6c\u683c\u91cc\u5e03\u6551\u52a9\u7ec4\u7ec7\u81ea\u6210\u7acb\u4ee5\u6765\uff0c\u4e00\u76f4\u81f4\u529b\u4e8e\u5e2e\u52a9\u6469\u6d1b\u54e5\u6700\u5f31\u52bf\u7fa4\u4f53\uff0c\u5e76\u56e0\u6b64\u800c\u83b7\u5f97\u8ba4\u53ef\u30022024\u5e74\uff0c\u8be5\u7ec4\u7ec7\u5c06\u6269\u5927\u5de5\u4f5c\u8303\u56f4\uff0c\u4ee5\u5e94\u5bf9\u51e0\u4e2a\u5173\u952e\u9886\u57df\u7684\u8feb\u5207\u9700\u6c42\u3002<\/span><\/p><p><span style=\"font-weight: 400;\">\u5728\u65b0\u8bbe\u7acb\u7684\u90e8\u95e8\u4e2d\uff0c <\/span><b>\u633d\u6551\u751f\u547d\u7684\u533b\u7597\u884c\u52a8<\/b><span style=\"font-weight: 400;\"> \u662f\u6211\u4eec\u4f7f\u547d\u7684\u6838\u5fc3\u3002 Maghreb Secours \u652f\u6301\u7d27\u6025\u624b\u672f\u5e72\u9884\uff0c\u7279\u522b\u662f\u9488\u5bf9\u60a3\u6709\u4e25\u91cd\u75be\u75c5\u7684\u513f\u7ae5\uff0c\u4ece\u800c\u4fdd\u8bc1\u6700\u5f31\u52bf\u7fa4\u4f53\u83b7\u5f97\u57fa\u672c\u62a4\u7406\u3002\u6211\u4eec\u8fd8\u63d0\u4f9b <\/span><b>\u5047\u80a2\u548c\u77eb\u5f62\u5668<\/b><span style=\"font-weight: 400;\"> \u4e3a\u6b8b\u75be\u4eba\u58eb\u63d0\u4f9b\u91cd\u83b7\u884c\u52a8\u80fd\u529b\u548c\u72ec\u7acb\u751f\u6d3b\u7684\u673a\u4f1a\u3002\u6469\u6d1b\u54e5\u653f\u5e9c\u663e\u7136\u5df2\u5b9e\u65bd\u4e00\u9879\u653f\u7b56\uff0c\u901a\u8fc7\u4fdd\u969c\u5c31\u533b\u673a\u4f1a\uff0c\u4e3a\u793e\u4f1a\u8fb9\u7f18\u4eba\u7fa4\u6216\u4f4e\u6536\u5165\u4eba\u7fa4\u63d0\u4f9b\u533b\u7597\u670d\u52a1\u3002\u516c\u5171\u536b\u751f\u670d\u52a1\u7684\u5927\u91cf\u6d8c\u5165\u5e76\u4e0d\u603b\u662f\u80fd\u591f\u63d0\u4f9b\u5feb\u901f\u7684\u533b\u7597\u670d\u52a1\u3002\u60a3\u8005\u4f1a\u5411\u6211\u4eec\u7684\u534f\u4f1a\u5bfb\u6c42\u5e2e\u52a9\uff0c\u4ee5\u5904\u7406\u6700\u7d27\u6025\u7684\u4e8b\u5b9c\u3002<\/span><\/p><p><span style=\"font-weight: 400;\">\u9762\u5bf9\u519c\u6751\u7f3a\u6c34\u5371\u673a\uff0c\u672c\u534f\u4f1a\u79ef\u6781\u53c2\u4e0e <\/span><b>\u6316\u6398\u6388\u6743\u4e95<\/b><span style=\"font-weight: 400;\"> \u786e\u4fdd\u504f\u50fb\u7684\u675c\u963f\u5c14\u5730\u533a\u53ef\u6301\u7eed\u83b7\u5f97\u996e\u7528\u6c34\u3002\u8fd9\u4e9b\u4e3e\u63aa\u6709\u52a9\u4e8e\u904f\u5236\u519c\u6751\u4eba\u53e3\u5916\u6d41\uff0c\u7ef4\u6301\u5f53\u5730\u5bb6\u5ead\u7a33\u5b9a\u7684\u519c\u4e1a\u751f\u6d3b\u3002<\/span><\/p><p><span style=\"font-weight: 400;\">\u6700\u540e\uff0c\u9a6c\u683c\u91cc\u5e03\u585e\u5e93\u65af\u5728\u6307\u5bfc\u5e74\u8f7b\u4eba\u65b9\u9762\u53d1\u6325\u7740\u81f3\u5173\u91cd\u8981\u7684\u4f5c\u7528\u3002\u901a\u8fc7\u5b66\u751f\u7684\u610f\u8bc6\u8ba1\u5212\uff0c\u6211\u4eec\u9f13\u52b1\u4ed6\u4eec\u8ffd\u6c42 <\/span><b>\u6469\u6d1b\u54e5\u7684\u804c\u4e1a\u751f\u6daf<\/b><span style=\"font-weight: 400;\">\uff0c\u4ece\u800c\u4fc3\u8fdb\u56fd\u5bb6\u7ecf\u6d4e\u793e\u4f1a\u7684\u53d1\u5c55\u3002\u901a\u8fc7\u8fd9\u4e9b\u884c\u52a8\uff0c\u6211\u4eec\u6e34\u671b\u5efa\u8bbe\u4e00\u4e2a\u5305\u5bb9\u3001\u56e2\u7ed3\u3001\u6709\u97e7\u6027\u7684\u6469\u6d1b\u54e5\u3002<\/span><\/p><p><span style=\"font-weight: 400;\">\u5927\u5bb6\u9f50\u5fc3\u534f\u529b\uff0c\u5efa\u8bbe\u4e00\u4e2a\u6469\u6d1b\u54e5\u3001\u4e00\u4e2a\u7edf\u4e00\u975e\u6d32\u7684\u9a6c\u683c\u91cc\u5e03\uff01<\/span><\/p><\/div><\/div><\/div>\t\t\t\t\t\t\t\t<\/div>\n\t\t\t\t<\/div>\n\t\t\t\t\t<\/div>\n\t\t\t\t<\/div>\n\t\t<div class=\"elementor-element elementor-element-43760ff e-flex e-con-boxed e-con e-parent\" data-id=\"43760ff\" data-element_type=\"container\" data-e-type=\"container\">\n\t\t\t\t\t<div class=\"e-con-inner\">\n\t\t\t\t<div class=\"elementor-element elementor-element-7eed765 elementor-widget elementor-widget-video\" data-id=\"7eed765\" data-element_type=\"widget\" data-e-type=\"widget\" data-settings=\"{&quot;youtube_url&quot;:&quot;https:\\\/\\\/www.youtube.com\\\/watch?v=OLiHpYA_xbA&amp;t=91s&quot;,&quot;video_type&quot;:&quot;youtube&quot;,&quot;controls&quot;:&quot;yes&quot;}\" data-widget_type=\"video.default\">\n\t\t\t\t<div class=\"elementor-widget-container\">\n\t\t\t\t\t\t\t<div class=\"elementor-wrapper elementor-open-inline\">\n\t\t\t<div class=\"elementor-video\"><\/div>\t\t<\/div>\n\t\t\t\t\t\t<\/div>\n\t\t\t\t<\/div>\n\t\t\t\t\t<\/div>\n\t\t\t\t<\/div>\n\t\t<div class=\"elementor-element elementor-element-ec8fa62 e-flex e-con-boxed e-con e-parent\" data-id=\"ec8fa62\" data-element_type=\"container\" data-e-type=\"container\">\n\t\t\t\t\t<div class=\"e-con-inner\">\n\t\t\t\t<div class=\"elementor-element elementor-element-747f6e3 elementor-widget elementor-widget-heading\" data-id=\"747f6e3\" data-element_type=\"widget\" data-e-type=\"widget\" data-widget_type=\"heading.default\">\n\t\t\t\t<div class=\"elementor-widget-container\">\n\t\t\t\t\t<h2 class=\"elementor-heading-title elementor-size-default\">\u8ba4\u8bc6\u6211\u4eec\u7684\u56e2\u961f<\/h2>\t\t\t\t<\/div>\n\t\t\t\t<\/div>\n\t\t\t\t\t<\/div>\n\t\t\t\t<\/div>\n\t\t<div class=\"elementor-element elementor-element-1cf2dd1 e-flex e-con-boxed e-con e-parent\" data-id=\"1cf2dd1\" data-element_type=\"container\" data-e-type=\"container\">\n\t\t\t\t\t<div class=\"e-con-inner\">\n\t\t\t\t<div class=\"elementor-element elementor-element-31414e3 elementor-widget elementor-widget-text-editor\" data-id=\"31414e3\" data-element_type=\"widget\" data-e-type=\"widget\" data-widget_type=\"text-editor.default\">\n\t\t\t\t<div class=\"elementor-widget-container\">\n\t\t\t\t\t\t\t\t\t<p>\u4e00\u652f\u79ef\u6781\u8fdb\u53d6\u3001\u5145\u6ee1\u6d3b\u529b\u7684\u4e13\u4e1a\u56e2\u961f<\/p>\t\t\t\t\t\t\t\t<\/div>\n\t\t\t\t<\/div>\n\t\t\t\t\t<\/div>\n\t\t\t\t<\/div>\n\t\t<div class=\"elementor-element elementor-element-1fcc12d e-flex e-con-boxed e-con e-parent\" data-id=\"1fcc12d\" data-element_type=\"container\" data-e-type=\"container\">\n\t\t\t\t\t<div class=\"e-con-inner\">\n\t\t\t\t<div class=\"elementor-element elementor-element-8501a8f elementor-arrows-position-inside elementor-pagination-position-outside elementor-widget elementor-widget-image-carousel\" data-id=\"8501a8f\" data-element_type=\"widget\" data-e-type=\"widget\" data-settings=\"{&quot;image_spacing_custom&quot;:{&quot;unit&quot;:&quot;px&quot;,&quot;size&quot;:1,&quot;sizes&quot;:[]},&quot;navigation&quot;:&quot;both&quot;,&quot;autoplay&quot;:&quot;yes&quot;,&quot;pause_on_hover&quot;:&quot;yes&quot;,&quot;pause_on_interaction&quot;:&quot;yes&quot;,&quot;autoplay_speed&quot;:5000,&quot;infinite&quot;:&quot;yes&quot;,&quot;speed&quot;:500,&quot;image_spacing_custom_tablet&quot;:{&quot;unit&quot;:&quot;px&quot;,&quot;size&quot;:&quot;&quot;,&quot;sizes&quot;:[]},&quot;image_spacing_custom_mobile&quot;:{&quot;unit&quot;:&quot;px&quot;,&quot;size&quot;:&quot;&quot;,&quot;sizes&quot;:[]}}\" data-widget_type=\"image-carousel.default\">\n\t\t\t\t<div class=\"elementor-widget-container\">\n\t\t\t\t\t\t\t<div class=\"elementor-image-carousel-wrapper swiper\" role=\"region\" aria-roledescription=\"carousel\" aria-label=\"\u56fe\u7247\u8f6e\u64ad\" dir=\"ltr\">\n\t\t\t<div class=\"elementor-image-carousel swiper-wrapper\" aria-live=\"off\">\n\t\t\t\t\t\t\t\t<div class=\"swiper-slide\" role=\"group\" aria-roledescription=\"slide\" aria-label=\"1 di 14\" data-no-translation-aria-label=\"\"><figure class=\"swiper-slide-inner\"><img decoding=\"async\" class=\"swiper-slide-image\" src=\"https:\/\/maghreb-secours.ma\/wp-content\/uploads\/2024\/10\/77-700x990.jpeg\" alt=\"77\" \/><\/figure><\/div><div class=\"swiper-slide\" role=\"group\" aria-roledescription=\"slide\" aria-label=\"2 di 14\" data-no-translation-aria-label=\"\"><figure class=\"swiper-slide-inner\"><img decoding=\"async\" class=\"swiper-slide-image\" src=\"https:\/\/maghreb-secours.ma\/wp-content\/uploads\/2024\/10\/099-700x990.jpeg\" alt=\"099\" \/><\/figure><\/div><div class=\"swiper-slide\" role=\"group\" aria-roledescription=\"slide\" aria-label=\"3 di 14\" data-no-translation-aria-label=\"\"><figure class=\"swiper-slide-inner\"><img decoding=\"async\" class=\"swiper-slide-image\" src=\"https:\/\/maghreb-secours.ma\/wp-content\/uploads\/2024\/10\/4-700x990.jpg\" alt=\"4\" \/><\/figure><\/div><div class=\"swiper-slide\" role=\"group\" aria-roledescription=\"slide\" aria-label=\"4 di 14\" data-no-translation-aria-label=\"\"><figure class=\"swiper-slide-inner\"><img decoding=\"async\" class=\"swiper-slide-image\" src=\"https:\/\/maghreb-secours.ma\/wp-content\/uploads\/2024\/10\/nawal-2-700x990.jpeg\" alt=\"nawal 2\" \/><\/figure><\/div><div class=\"swiper-slide\" role=\"group\" aria-roledescription=\"slide\" aria-label=\"5 di 14\" data-no-translation-aria-label=\"\"><figure class=\"swiper-slide-inner\"><img decoding=\"async\" class=\"swiper-slide-image\" src=\"https:\/\/maghreb-secours.ma\/wp-content\/uploads\/2024\/10\/Lensa-Image-700x990.jpeg\" alt=\"Lensa Image\" \/><\/figure><\/div><div class=\"swiper-slide\" role=\"group\" aria-roledescription=\"slide\" aria-label=\"6 di 14\" data-no-translation-aria-label=\"\"><figure class=\"swiper-slide-inner\"><img decoding=\"async\" class=\"swiper-slide-image\" src=\"https:\/\/maghreb-secours.ma\/wp-content\/uploads\/2024\/10\/10-700x990.jpeg\" alt=\"10\" \/><\/figure><\/div><div class=\"swiper-slide\" role=\"group\" aria-roledescription=\"slide\" aria-label=\"7 di 14\" data-no-translation-aria-label=\"\"><figure class=\"swiper-slide-inner\"><img decoding=\"async\" class=\"swiper-slide-image\" src=\"https:\/\/maghreb-secours.ma\/wp-content\/uploads\/2024\/10\/5-700x990.jpg\" alt=\"5\" \/><\/figure><\/div><div class=\"swiper-slide\" role=\"group\" aria-roledescription=\"slide\" aria-label=\"8 di 14\" data-no-translation-aria-label=\"\"><figure class=\"swiper-slide-inner\"><img decoding=\"async\" class=\"swiper-slide-image\" src=\"https:\/\/maghreb-secours.ma\/wp-content\/uploads\/2024\/10\/99-700x990.jpeg\" alt=\"99\" \/><\/figure><\/div><div class=\"swiper-slide\" role=\"group\" aria-roledescription=\"slide\" aria-label=\"9 di 14\" data-no-translation-aria-label=\"\"><figure class=\"swiper-slide-inner\"><img decoding=\"async\" class=\"swiper-slide-image\" src=\"https:\/\/maghreb-secours.ma\/wp-content\/uploads\/2024\/10\/11-700x990.jpeg\" alt=\"11\" \/><\/figure><\/div><div class=\"swiper-slide\" role=\"group\" aria-roledescription=\"slide\" aria-label=\"10 di 14\" data-no-translation-aria-label=\"\"><figure class=\"swiper-slide-inner\"><img decoding=\"async\" class=\"swiper-slide-image\" src=\"https:\/\/maghreb-secours.ma\/wp-content\/uploads\/2024\/10\/88-700x990.jpeg\" alt=\"Processed with Lensa with Auto Adjustments\" \/><\/figure><\/div><div class=\"swiper-slide\" role=\"group\" aria-roledescription=\"slide\" aria-label=\"11 di 14\" data-no-translation-aria-label=\"\"><figure class=\"swiper-slide-inner\"><img decoding=\"async\" class=\"swiper-slide-image\" src=\"https:\/\/maghreb-secours.ma\/wp-content\/uploads\/2024\/10\/aziza-700x990.jpeg\" alt=\"aziza\" \/><\/figure><\/div><div class=\"swiper-slide\" role=\"group\" aria-roledescription=\"slide\" aria-label=\"12 di 14\" data-no-translation-aria-label=\"\"><figure class=\"swiper-slide-inner\"><img decoding=\"async\" class=\"swiper-slide-image\" src=\"https:\/\/maghreb-secours.ma\/wp-content\/uploads\/2024\/10\/3-700x990.jpg\" alt=\"3\" \/><\/figure><\/div><div class=\"swiper-slide\" role=\"group\" aria-roledescription=\"slide\" aria-label=\"13 di 14\" data-no-translation-aria-label=\"\"><figure class=\"swiper-slide-inner\"><img decoding=\"async\" class=\"swiper-slide-image\" src=\"https:\/\/maghreb-secours.ma\/wp-content\/uploads\/2024\/10\/oo-700x990.jpeg\" alt=\"oo\" \/><\/figure><\/div><div class=\"swiper-slide\" role=\"group\" aria-roledescription=\"slide\" aria-label=\"14 di 14\" data-no-translation-aria-label=\"\"><figure class=\"swiper-slide-inner\"><img decoding=\"async\" class=\"swiper-slide-image\" src=\"https:\/\/maghreb-secours.ma\/wp-content\/uploads\/2024\/10\/66-700x990.jpg\" alt=\"66\" \/><\/figure><\/div>\t\t\t<\/div>\n\t\t\t\t\t\t\t\t\t\t\t\t<div class=\"elementor-swiper-button elementor-swiper-button-prev\" role=\"button\" tabindex=\"0\">\n\t\t\t\t\t\t<svg aria-hidden=\"true\" class=\"e-font-icon-svg e-eicon-chevron-left\" viewbox=\"0 0 1000 1000\" xmlns=\"http:\/\/www.w3.org\/2000\/svg\"><path d=\"M646 125C629 125 613 133 604 142L308 442C296 454 292 471 292 487 292 504 296 521 308 533L604 854C617 867 629 875 646 875 663 875 679 871 692 858 704 846 713 829 713 812 713 796 708 779 692 767L438 487 692 225C700 217 708 204 708 187 708 171 704 154 692 142 675 129 663 125 646 125Z\"><\/path><\/svg>\t\t\t\t\t<\/div>\n\t\t\t\t\t<div class=\"elementor-swiper-button elementor-swiper-button-next\" role=\"button\" tabindex=\"0\">\n\t\t\t\t\t\t<svg aria-hidden=\"true\" class=\"e-font-icon-svg e-eicon-chevron-right\" viewbox=\"0 0 1000 1000\" xmlns=\"http:\/\/www.w3.org\/2000\/svg\"><path d=\"M696 533C708 521 713 504 713 487 713 471 708 454 696 446L400 146C388 133 375 125 354 125 338 125 325 129 313 142 300 154 292 171 292 187 292 204 296 221 308 233L563 492 304 771C292 783 288 800 288 817 288 833 296 850 308 863 321 871 338 875 354 875 371 875 388 867 400 854L696 533Z\"><\/path><\/svg>\t\t\t\t\t<\/div>\n\t\t\t\t\n\t\t\t\t\t\t\t\t\t<div class=\"swiper-pagination\"><\/div>\n\t\t\t\t\t\t\t\t\t<\/div>\n\t\t\t\t\t\t<\/div>\n\t\t\t\t<\/div>\n\t\t\t\t\t<\/div>\n\t\t\t\t<\/div>\n\t\t<div class=\"elementor-element elementor-element-c4822b4 e-flex e-con-boxed e-con e-parent\" data-id=\"c4822b4\" data-element_type=\"container\" data-e-type=\"container\">\n\t\t\t\t\t<div class=\"e-con-inner\">\n\t\t\t\t<div class=\"elementor-element elementor-element-8bdb839 elementor-widget elementor-widget-heading\" data-id=\"8bdb839\" data-element_type=\"widget\" data-e-type=\"widget\" data-widget_type=\"heading.default\">\n\t\t\t\t<div class=\"elementor-widget-container\">\n\t\t\t\t\t<h2 class=\"elementor-heading-title elementor-size-default\">\u5728\u6211\u4eec\u7684\u793e\u4ea4\u7f51\u7edc\u4e0a\u5173\u6ce8\u6211\u4eec<\/h2>\t\t\t\t<\/div>\n\t\t\t\t<\/div>\n\t\t\t\t\t<\/div>\n\t\t\t\t<\/div>\n\t\t<div class=\"elementor-element elementor-element-c167c13 e-flex e-con-boxed e-con e-parent\" data-id=\"c167c13\" data-element_type=\"container\" data-e-type=\"container\">\n\t\t\t\t\t<div class=\"e-con-inner\">\n\t\t\t\t<div class=\"elementor-element elementor-element-83dfc2e elementor-shape-rounded elementor-grid-0 e-grid-align-center elementor-widget elementor-widget-social-icons\" data-id=\"83dfc2e\" data-element_type=\"widget\" data-e-type=\"widget\" data-widget_type=\"social-icons.default\">\n\t\t\t\t<div class=\"elementor-widget-container\">\n\t\t\t\t\t\t\t<div class=\"elementor-social-icons-wrapper elementor-grid\" role=\"list\">\n\t\t\t\t\t\t\t<span class=\"elementor-grid-item\" role=\"listitem\">\n\t\t\t\t\t<a class=\"elementor-icon elementor-social-icon elementor-social-icon-facebook elementor-repeater-item-a92509d\" href=\"https:\/\/www.facebook.com\/AMSecours\" target=\"_blank\">\n\t\t\t\t\t\t<span class=\"elementor-screen-only\">Facebook<\/span>\n\t\t\t\t\t\t<svg aria-hidden=\"true\" class=\"e-font-icon-svg e-fab-facebook\" viewbox=\"0 0 512 512\" xmlns=\"http:\/\/www.w3.org\/2000\/svg\"><path d=\"M504 256C504 119 393 8 256 8S8 119 8 256c0 123.78 90.69 226.38 209.25 245V327.69h-63V256h63v-54.64c0-62.15 37-96.48 93.67-96.48 27.14 0 55.52 4.84 55.52 4.84v61h-31.28c-30.8 0-40.41 19.12-40.41 38.73V256h68.78l-11 71.69h-57.78V501C413.31 482.38 504 379.78 504 256z\"><\/path><\/svg>\t\t\t\t\t<\/a>\n\t\t\t\t<\/span>\n\t\t\t\t\t\t\t<span class=\"elementor-grid-item\" role=\"listitem\">\n\t\t\t\t\t<a class=\"elementor-icon elementor-social-icon elementor-social-icon-x-twitter elementor-repeater-item-d4df2df\" href=\"https:\/\/x.com\/home\" target=\"_blank\">\n\t\t\t\t\t\t<span class=\"elementor-screen-only\">X-\u63a8\u7279<\/span>\n\t\t\t\t\t\t<svg aria-hidden=\"true\" class=\"e-font-icon-svg e-fab-x-twitter\" viewbox=\"0 0 512 512\" xmlns=\"http:\/\/www.w3.org\/2000\/svg\"><path d=\"M389.2 48h70.6L305.6 224.2 487 464H345L233.7 318.6 106.5 464H35.8L200.7 275.5 26.8 48H172.4L272.9 180.9 389.2 48zM364.4 421.8h39.1L151.1 88h-42L364.4 421.8z\"><\/path><\/svg>\t\t\t\t\t<\/a>\n\t\t\t\t<\/span>\n\t\t\t\t\t\t\t<span class=\"elementor-grid-item\" role=\"listitem\">\n\t\t\t\t\t<a class=\"elementor-icon elementor-social-icon elementor-social-icon-youtube elementor-repeater-item-cd96df6\" href=\"https:\/\/www.youtube.com\/channel\/UCpQknn9Y3wCRwT5kFb2YaKw\" target=\"_blank\">\n\t\t\t\t\t\t<span class=\"elementor-screen-only\">YouTube<\/span>\n\t\t\t\t\t\t<svg aria-hidden=\"true\" class=\"e-font-icon-svg e-fab-youtube\" viewbox=\"0 0 576 512\" xmlns=\"http:\/\/www.w3.org\/2000\/svg\"><path d=\"M549.655 124.083c-6.281-23.65-24.787-42.276-48.284-48.597C458.781 64 288 64 288 64S117.22 64 74.629 75.486c-23.497 6.322-42.003 24.947-48.284 48.597-11.412 42.867-11.412 132.305-11.412 132.305s0 89.438 11.412 132.305c6.281 23.65 24.787 41.5 48.284 47.821C117.22 448 288 448 288 448s170.78 0 213.371-11.486c23.497-6.321 42.003-24.171 48.284-47.821 11.412-42.867 11.412-132.305 11.412-132.305s0-89.438-11.412-132.305zm-317.51 213.508V175.185l142.739 81.205-142.739 81.201z\"><\/path><\/svg>\t\t\t\t\t<\/a>\n\t\t\t\t<\/span>\n\t\t\t\t\t\t\t<span class=\"elementor-grid-item\" role=\"listitem\">\n\t\t\t\t\t<a class=\"elementor-icon elementor-social-icon elementor-social-icon-instagram elementor-repeater-item-dfe973d\" href=\"https:\/\/www.instagram.com\/amsecours10\/\" target=\"_blank\">\n\t\t\t\t\t\t<span class=\"elementor-screen-only\">Instagram<\/span>\n\t\t\t\t\t\t<svg aria-hidden=\"true\" class=\"e-font-icon-svg e-fab-instagram\" viewbox=\"0 0 448 512\" xmlns=\"http:\/\/www.w3.org\/2000\/svg\"><path d=\"M224.1 141c-63.6 0-114.9 51.3-114.9 114.9s51.3 114.9 114.9 114.9S339 319.5 339 255.9 287.7 141 224.1 141zm0 189.6c-41.1 0-74.7-33.5-74.7-74.7s33.5-74.7 74.7-74.7 74.7 33.5 74.7 74.7-33.6 74.7-74.7 74.7zm146.4-194.3c0 14.9-12 26.8-26.8 26.8-14.9 0-26.8-12-26.8-26.8s12-26.8 26.8-26.8 26.8 12 26.8 26.8zm76.1 27.2c-1.7-35.9-9.9-67.7-36.2-93.9-26.2-26.2-58-34.4-93.9-36.2-37-2.1-147.9-2.1-184.9 0-35.8 1.7-67.6 9.9-93.9 36.1s-34.4 58-36.2 93.9c-2.1 37-2.1 147.9 0 184.9 1.7 35.9 9.9 67.7 36.2 93.9s58 34.4 93.9 36.2c37 2.1 147.9 2.1 184.9 0 35.9-1.7 67.7-9.9 93.9-36.2 26.2-26.2 34.4-58 36.2-93.9 2.1-37 2.1-147.8 0-184.8zM398.8 388c-7.8 19.6-22.9 34.7-42.6 42.6-29.5 11.7-99.5 9-132.1 9s-102.7 2.6-132.1-9c-19.6-7.8-34.7-22.9-42.6-42.6-11.7-29.5-9-99.5-9-132.1s-2.6-102.7 9-132.1c7.8-19.6 22.9-34.7 42.6-42.6 29.5-11.7 99.5-9 132.1-9s102.7-2.6 132.1 9c19.6 7.8 34.7 22.9 42.6 42.6 11.7 29.5 9 99.5 9 132.1s2.7 102.7-9 132.1z\"><\/path><\/svg>\t\t\t\t\t<\/a>\n\t\t\t\t<\/span>\n\t\t\t\t\t<\/div>\n\t\t\t\t\t\t<\/div>\n\t\t\t\t<\/div>\n\t\t\t\t\t<\/div>\n\t\t\t\t<\/div>\n\t\t\t\t<\/div>","protected":false},"excerpt":{"rendered":"<p>Notre mission Depuis plus de dix ans,\u00a0Maghreb Secours\u00a0s\u2019affirme comme une association humanitaire engag\u00e9e au Maroc, d\u00e9termin\u00e9e \u00e0 \u00eatre un acteur du changement. Notre mission s\u2019articule autour de plusieurs axes\u202f:\u202faider les personnes d\u00e9munies, intervenir dans l\u2019urgence m\u00e9dicale, soutenir les jeunes marocains pour leur offrir une vision de leadership et contribuer activement au d\u00e9veloppement du Royaume et [&hellip;]<\/p>\n","protected":false},"author":1,"featured_media":0,"parent":0,"menu_order":0,"comment_status":"closed","ping_status":"closed","template":"","meta":{"footnotes":""},"class_list":["post-7668","page","type-page","status-publish","hentry"],"_links":{"self":[{"href":"https:\/\/maghreb-secours.ma\/zh\/wp-json\/wp\/v2\/pages\/7668","targetHints":{"allow":["GET"]}}],"collection":[{"href":"https:\/\/maghreb-secours.ma\/zh\/wp-json\/wp\/v2\/pages"}],"about":[{"href":"https:\/\/maghreb-secours.ma\/zh\/wp-json\/wp\/v2\/types\/page"}],"author":[{"embeddable":true,"href":"https:\/\/maghreb-secours.ma\/zh\/wp-json\/wp\/v2\/users\/1"}],"replies":[{"embeddable":true,"href":"https:\/\/maghreb-secours.ma\/zh\/wp-json\/wp\/v2\/comments?post=7668"}],"version-history":[{"count":5,"href":"https:\/\/maghreb-secours.ma\/zh\/wp-json\/wp\/v2\/pages\/7668\/revisions"}],"predecessor-version":[{"id":10144,"href":"https:\/\/maghreb-secours.ma\/zh\/wp-json\/wp\/v2\/pages\/7668\/revisions\/10144"}],"wp:attachment":[{"href":"https:\/\/maghreb-secours.ma\/zh\/wp-json\/wp\/v2\/media?parent=7668"}],"curies":[{"name":"\u53ef\u6e7f\u6027\u7c89\u5242","href":"https:\/\/api.w.org\/{rel}","templated":true}]}}