{"id":2721,"date":"2016-09-02T09:18:17","date_gmt":"2016-09-02T09:18:17","guid":{"rendered":"http:\/\/demo.goodlayers.com\/realfactory\/?page_id=2721"},"modified":"2023-03-21T14:59:03","modified_gmt":"2023-03-21T14:59:03","slug":"blog-2-columns","status":"publish","type":"page","link":"https:\/\/maghreb-secours.ma\/zh\/blog-2-columns\/","title":{"rendered":"\u6469\u6d1b\u54e5\u4eba\u7684\u6177\u6168\u771f\u662f\u771f\u5b9e\u5b58\u5728\uff01"},"content":{"rendered":"<p>\u51ef\u9c81\u7533\u7684\u8fbe\u5c14\u00b7\u5854\u5229\u5e03\/\u5854\u5229\u5df4\uff0c\u9a6c\u683c\u91cc\u5e03\u6551\u6d4e\u534f\u4f1a\u5b9a\u671f\u5e26\u7740\u6ee1\u6ee1\u7684\u6350\u8d60\u7269\u8d44\u62dc\u8bbf\u60a8\u3002\u6211\u4eec\u52aa\u529b\u54cd\u5e94\u60a8\u7684\u547c\u5401\uff0c\u6bcf\u6b21\u90fd\u6df1\u53d7\u611f\u52a8\u3002\u6211\u4eec\u60e6\u8bb0\u7740\u60a8\uff0c\u60a8\u8eab\u5904\u5c71\u533a\uff0c\u51ac\u65e5\u4e25\u5bd2\uff0c\u590f\u65e5\u9177\u6691\u3002\u6211\u4eec\u4e0d\u61c8\u52aa\u529b\uff0c\u53ea\u4e3a\u7ed9\u60a8\u5e26\u6765\u6b22\u4e50\u548c\u5e78\u798f\u3002\u5728\u9686\u51ac\u65f6\u8282\u6267\u884c\u8fd9\u9879\u4efb\u52a1\u5b9e\u5c5e\u4e0d\u6613\uff0c\u56e0\u4e3a\u9053\u8def\u5d0e\u5c96\u9669\u5cfb\uff0c\u9700\u8981\u65f6\u523b\u4fdd\u6301\u8b66\u60d5\u3002\u6211\u4eec\u51cc\u6668\u4e94\u70b9\u51fa\u53d1\uff0c\u6c7d\u8f66\u548c\u5361\u8f66\u6ee1\u8f7d\u7740\u98df\u7269\u3001\u6bef\u5b50\u3001\u65b0\u8863\u670d\u548c\u7535\u8111\u3002\u60a8\u7684\u9700\u6c42\u5de8\u5927\uff0c\u60a8\uff0c\u4e3b\u4efb\u5148\u751f\uff0c\u5e0c\u671b\u4e3a\u60a8\u7684\u5b69\u5b50\u4eec\u5e26\u6765\u5feb\u4e50\u7684\u613f\u671b\uff0c\u5145\u5206\u4f53\u73b0\u4e86\u60a8\u5bf9\u8fd9\u9879\u4e8b\u4e1a\u7684\u5949\u732e\u3002\u6211\u4eec\u6240\u5efa\u7acb\u7684\u7ec4\u7ec7\u67b6\u6784\uff0c\u6b63\u662f\u6211\u4eec\u534f\u4f1a\u7684\u6709\u529b\u8bc1\u660e\uff0c\u4e5f\u8bc1\u660e\u4e86\u8fd1\u5341\u5e74\u6765\uff0c\u6211\u4eec\u4e00\u76f4\u5728\u4e0d\u65ad\u53d1\u5c55\uff0c\u529b\u6c42\u66f4\u597d\u5730\u670d\u52a1\u4e8e\u90a3\u4e9b\u751f\u6d3b\u5728\u56f0\u5883\u4e2d\u7684\u4eba\u4eec\u3002.<\/p>\n<p>\u6211\u4eec\u7684\u56e2\u961f\u8868\u73b0\u5353\u8d8a\uff0c\u5728\u6781\u77ed\u65f6\u95f4\u5185\u5c55\u73b0\u4e86\u975e\u51e1\u7684\u5949\u732e\u7cbe\u795e\u3002\u5206\u53d1\u4efb\u52a1\u4e3b\u7ba1\u53f6\u6d77\u4e9a\u00b7\u5df4\u54c8\u62c9\u7ef4\u5148\u751f\u662f\u4e00\u4f4d\u5de5\u4f5c\u80fd\u529b\u51fa\u4f17\u7684\u534f\u8c03\u5458\uff0c\u66f4\u91cd\u8981\u7684\u662f\uff0c\u4ed6\u62e5\u6709\u4ee4\u4eba\u94a6\u4f69\u7684\u52c7\u6c14\u3002\u6211\u4eec\u8877\u5fc3\u611f\u8c22\u6240\u6709\u4e3a\u51ef\u9c81\u7533\u7684\u5de5\u4f5c\u505a\u51fa\u8d21\u732e\u7684\u6350\u52a9\u8005\u3002.<\/p>\n<p>\u611f\u8c22\u6240\u6709\u5173\u5fc3\u6469\u6d1b\u54e5\u519c\u6751\u8d2b\u56f0\u4eba\u53e3\u7684\u4eba\u4eec\u3002<\/p>\n<p>\u613f\u4e0a\u5e1d\u4fdd\u4f51\u60a8\uff0c\u8d50\u4e88\u60a8\u5e78\u798f\u5065\u5eb7\u7684\u751f\u6d3b\uff01<\/p>\n<p>\u771f\u4e3b\uff0c\u7956\u56fd\uff0c\u9a6c\u5229\u514b<\/p>\n<p>&nbsp;<\/p>","protected":false},"excerpt":{"rendered":"<p>Dar Talib\/taliba de K\u00e9rouchen, l&#8217;Association Maghreb Secours a l&#8217;habitude de vous visiter avec les bras remplis de dons. Nous nous effor\u00e7ons de r\u00e9pondre \u00e0 votre appel qui nous bouleverse chaque fois. Nous pensons \u00e0 vous dans vos montagnes si froides l&#8217;hiver et si chaudes l&#8217;\u00e9t\u00e9. Nous travaillons d&#8217;arrache-pied pour vous donner de la joie et [&hellip;]<\/p>\n","protected":false},"author":1,"featured_media":0,"parent":0,"menu_order":0,"comment_status":"closed","ping_status":"closed","template":"","meta":{"footnotes":""},"class_list":["post-2721","page","type-page","status-publish","hentry"],"_links":{"self":[{"href":"https:\/\/maghreb-secours.ma\/zh\/wp-json\/wp\/v2\/pages\/2721","targetHints":{"allow":["GET"]}}],"collection":[{"href":"https:\/\/maghreb-secours.ma\/zh\/wp-json\/wp\/v2\/pages"}],"about":[{"href":"https:\/\/maghreb-secours.ma\/zh\/wp-json\/wp\/v2\/types\/page"}],"author":[{"embeddable":true,"href":"https:\/\/maghreb-secours.ma\/zh\/wp-json\/wp\/v2\/users\/1"}],"replies":[{"embeddable":true,"href":"https:\/\/maghreb-secours.ma\/zh\/wp-json\/wp\/v2\/comments?post=2721"}],"version-history":[{"count":3,"href":"https:\/\/maghreb-secours.ma\/zh\/wp-json\/wp\/v2\/pages\/2721\/revisions"}],"predecessor-version":[{"id":9132,"href":"https:\/\/maghreb-secours.ma\/zh\/wp-json\/wp\/v2\/pages\/2721\/revisions\/9132"}],"wp:attachment":[{"href":"https:\/\/maghreb-secours.ma\/zh\/wp-json\/wp\/v2\/media?parent=2721"}],"curies":[{"name":"\u53ef\u6e7f\u6027\u7c89\u5242","href":"https:\/\/api.w.org\/{rel}","templated":true}]}}