{"id":9563,"date":"2024-10-28T08:52:31","date_gmt":"2024-10-28T08:52:31","guid":{"rendered":"https:\/\/maghreb-secours.ma\/?page_id=9563"},"modified":"2025-12-26T13:47:54","modified_gmt":"2025-12-26T13:47:54","slug":"karam","status":"publish","type":"page","link":"https:\/\/maghreb-secours.ma\/ru\/karam\/","title":{"rendered":"\u041a\u0410\u0420\u0410\u041c"},"content":{"rendered":"<div data-elementor-type=\"wp-page\" data-elementor-id=\"9563\" class=\"elementor elementor-9563\">\n\t\t\t\t<div class=\"elementor-element elementor-element-393d4d9 e-flex e-con-boxed e-con e-parent\" data-id=\"393d4d9\" data-element_type=\"container\" data-e-type=\"container\">\n\t\t\t\t\t<div class=\"e-con-inner\">\n\t\t\t\t<div class=\"elementor-element elementor-element-8f3b77c elementor-widget elementor-widget-image\" data-id=\"8f3b77c\" data-element_type=\"widget\" data-e-type=\"widget\" data-widget_type=\"image.default\">\n\t\t\t\t<div class=\"elementor-widget-container\">\n\t\t\t\t\t\t\t\t\t\t\t\t\t\t\t<img fetchpriority=\"high\" decoding=\"async\" width=\"1024\" height=\"906\" src=\"https:\/\/maghreb-secours.ma\/wp-content\/uploads\/2022\/07\/vector-1024x906.png\" class=\"attachment-large size-large wp-image-8974\" alt=\"\" srcset=\"https:\/\/maghreb-secours.ma\/wp-content\/uploads\/2022\/07\/vector-1024x906.png 1024w, https:\/\/maghreb-secours.ma\/wp-content\/uploads\/2022\/07\/vector-300x265.png 300w, https:\/\/maghreb-secours.ma\/wp-content\/uploads\/2022\/07\/vector-768x679.png 768w, https:\/\/maghreb-secours.ma\/wp-content\/uploads\/2022\/07\/vector-1536x1359.png 1536w, https:\/\/maghreb-secours.ma\/wp-content\/uploads\/2022\/07\/vector-2048x1811.png 2048w, https:\/\/maghreb-secours.ma\/wp-content\/uploads\/2022\/07\/vector-14x12.png 14w, https:\/\/maghreb-secours.ma\/wp-content\/uploads\/2022\/07\/vector-1320x1167.png 1320w\" sizes=\"(max-width: 1024px) 100vw, 1024px\" \/>\t\t\t\t\t\t\t\t\t\t\t\t\t\t\t<\/div>\n\t\t\t\t<\/div>\n\t\t\t\t\t<\/div>\n\t\t\t\t<\/div>\n\t\t<div class=\"elementor-element elementor-element-3860280 e-flex e-con-boxed e-con e-parent\" data-id=\"3860280\" data-element_type=\"container\" data-e-type=\"container\">\n\t\t\t\t\t<div class=\"e-con-inner\">\n\t\t\t\t<div class=\"elementor-element elementor-element-08cc277 elementor-widget elementor-widget-spacer\" data-id=\"08cc277\" data-element_type=\"widget\" data-e-type=\"widget\" data-widget_type=\"spacer.default\">\n\t\t\t\t<div class=\"elementor-widget-container\">\n\t\t\t\t\t\t\t<div class=\"elementor-spacer\">\n\t\t\t<div class=\"elementor-spacer-inner\"><\/div>\n\t\t<\/div>\n\t\t\t\t\t\t<\/div>\n\t\t\t\t<\/div>\n\t\t\t\t\t<\/div>\n\t\t\t\t<\/div>\n\t\t<div class=\"elementor-element elementor-element-fd02ea5 e-flex e-con-boxed e-con e-parent\" data-id=\"fd02ea5\" data-element_type=\"container\" data-e-type=\"container\">\n\t\t\t\t\t<div class=\"e-con-inner\">\n\t\t\t\t<div class=\"elementor-element elementor-element-dd4edcf elementor-widget elementor-widget-text-editor\" data-id=\"dd4edcf\" data-element_type=\"widget\" data-e-type=\"widget\" data-widget_type=\"text-editor.default\">\n\t\t\t\t<div class=\"elementor-widget-container\">\n\t\t\t\t\t\t\t\t\t<p><strong>\u041e\u0442\u043a\u0440\u043e\u0439\u0442\u0435 \u0434\u043b\u044f \u0441\u0435\u0431\u044f \u043f\u0440\u0438\u043b\u043e\u0436\u0435\u043d\u0438\u0435 <a href=\"https:\/\/karam.ma\/\">\u041a\u0430\u0440\u0430\u043c<\/a> : \u0418\u043d\u043d\u043e\u0432\u0430\u0446\u0438\u043e\u043d\u043d\u0430\u044f \u0441\u0438\u0441\u0442\u0435\u043c\u0430 \u043f\u043e\u0434\u0434\u0435\u0440\u0436\u043a\u0438 \u0433\u0443\u043c\u0430\u043d\u0438\u0442\u0430\u0440\u043d\u044b\u0445 \u0430\u043a\u0446\u0438\u0439<\/strong><\/p><p>\u0410\u0441\u0441\u043e\u0446\u0438\u0430\u0446\u0438\u044f \u0431\u0435\u0437\u043e\u043f\u0430\u0441\u043d\u043e\u0441\u0442\u0438 \u041c\u0430\u0433\u0440\u0438\u0431\u0430 \u0441 \u0433\u043e\u0440\u0434\u043e\u0441\u0442\u044c\u044e \u043f\u0440\u0435\u0434\u0441\u0442\u0430\u0432\u043b\u044f\u0435\u0442 \u043f\u0440\u0438\u043b\u043e\u0436\u0435\u043d\u0438\u0435 <strong>\u041a\u0430\u0440\u0430\u043c<\/strong>, \u0420\u0435\u0432\u043e\u043b\u044e\u0446\u0438\u043e\u043d\u043d\u043e\u0435 \u0440\u0435\u0448\u0435\u043d\u0438\u0435 \u0434\u043b\u044f \u0441\u0431\u043e\u0440\u0430 \u0441\u0440\u0435\u0434\u0441\u0442\u0432, \u043e\u0441\u043d\u043e\u0432\u0430\u043d\u043d\u043e\u0435 \u043d\u0430 \u043c\u043e\u0434\u0435\u043b\u0438 \u0444\u0438\u043d\u0430\u043d\u0441\u0438\u0440\u043e\u0432\u0430\u043d\u0438\u044f, \u043a\u043e\u0442\u043e\u0440\u0430\u044f \u043b\u0435\u0436\u0438\u0442 \u0432 \u043e\u0441\u043d\u043e\u0432\u0435 \u0441\u043e\u0432\u0440\u0435\u043c\u0435\u043d\u043d\u044b\u0445 \u0442\u0435\u043d\u0434\u0435\u043d\u0446\u0438\u0439: \u0438\u043d\u0442\u0435\u0440\u0430\u043a\u0442\u0438\u0432\u043d\u0430\u044f \u0440\u0435\u043a\u043b\u0430\u043c\u0430. \u042d\u0442\u043e \u0438\u043d\u043d\u043e\u0432\u0430\u0446\u0438\u043e\u043d\u043d\u043e\u0435 \u043f\u0440\u0438\u043b\u043e\u0436\u0435\u043d\u0438\u0435 \u043f\u043e\u0437\u0432\u043e\u043b\u044f\u0435\u0442 \u043f\u043e\u043b\u044c\u0437\u043e\u0432\u0430\u0442\u0435\u043b\u044f\u043c \u0432\u043d\u043e\u0441\u0438\u0442\u044c \u0432\u043a\u043b\u0430\u0434 \u0432 \u0433\u0443\u043c\u0430\u043d\u0438\u0442\u0430\u0440\u043d\u044b\u0435 \u043f\u0440\u043e\u0435\u043a\u0442\u044b \u0431\u0435\u0437 \u043f\u0440\u044f\u043c\u044b\u0445 \u0437\u0430\u0442\u0440\u0430\u0442, \u043f\u0440\u043e\u0441\u0442\u043e \u043f\u0440\u043e\u0441\u043c\u0430\u0442\u0440\u0438\u0432\u0430\u044f \u043a\u043e\u0440\u043e\u0442\u043a\u0438\u0435 \u0440\u0435\u043a\u043b\u0430\u043c\u043d\u044b\u0435 \u0440\u043e\u043b\u0438\u043a\u0438. \u041a\u0430\u0436\u0434\u044b\u0439 \u043f\u0440\u043e\u0441\u043c\u043e\u0442\u0440 \u043f\u0440\u0438\u043d\u043e\u0441\u0438\u0442 \u0441\u0440\u0435\u0434\u0441\u0442\u0432\u0430 \u043d\u0430 \u0431\u043b\u0430\u0433\u043e\u0442\u0432\u043e\u0440\u0438\u0442\u0435\u043b\u044c\u043d\u044b\u0435 \u043c\u0435\u0440\u043e\u043f\u0440\u0438\u044f\u0442\u0438\u044f \u043e\u0440\u0433\u0430\u043d\u0438\u0437\u0430\u0446\u0438\u0438, \u0434\u0435\u043b\u0430\u044f \u043a\u0430\u0436\u0434\u043e\u0433\u043e \u043f\u043e\u043b\u044c\u0437\u043e\u0432\u0430\u0442\u0435\u043b\u044f \u0430\u043a\u0442\u0438\u0432\u043d\u044b\u043c \u0443\u0447\u0430\u0441\u0442\u043d\u0438\u043a\u043e\u043c \u0430\u043a\u0446\u0438\u0438 \u0441\u043e\u043b\u0438\u0434\u0430\u0440\u043d\u043e\u0441\u0442\u0438.<\/p><p>\u041f\u0440\u0438\u043b\u043e\u0436\u0435\u043d\u0438\u0435 Karam \u0432\u043e\u043f\u043b\u043e\u0449\u0430\u0435\u0442 \u0432 \u0441\u0435\u0431\u0435 \u0442\u0440\u0430\u043d\u0441\u0444\u043e\u0440\u043c\u0430\u0446\u0438\u044e \u043c\u0435\u0442\u043e\u0434\u043e\u0432 \u0444\u0438\u043d\u0430\u043d\u0441\u0438\u0440\u043e\u0432\u0430\u043d\u0438\u044f \u0441\u043e\u0446\u0438\u0430\u043b\u044c\u043d\u044b\u0445 \u0440\u0430\u0431\u043e\u0442, \u0447\u0442\u043e \u043f\u043e\u043b\u043d\u043e\u0441\u0442\u044c\u044e \u0441\u043e\u043e\u0442\u0432\u0435\u0442\u0441\u0442\u0432\u0443\u0435\u0442 \u044d\u043f\u043e\u0445\u0435, \u043a\u043e\u0433\u0434\u0430 \u0434\u043e\u043d\u043e\u0440\u044b \u0436\u0435\u043b\u0430\u044e\u0442 \u0430\u043a\u0442\u0438\u0432\u043d\u043e \u0443\u0447\u0430\u0441\u0442\u0432\u043e\u0432\u0430\u0442\u044c \u0432 \u0433\u0443\u043c\u0430\u043d\u0438\u0442\u0430\u0440\u043d\u044b\u0445 \u0434\u0435\u043b\u0430\u0445. \u042d\u0442\u043e \u043d\u043e\u0432\u043e\u0432\u0432\u0435\u0434\u0435\u043d\u0438\u0435 \u0442\u0430\u043a\u0436\u0435 \u043e\u0442\u0432\u0435\u0447\u0430\u0435\u0442 \u0441\u0442\u0440\u0435\u043c\u043b\u0435\u043d\u0438\u044f\u043c \u043a\u043e\u043c\u043f\u0430\u043d\u0438\u0439, \u0441\u0442\u0440\u0435\u043c\u044f\u0449\u0438\u0445\u0441\u044f \u0443\u043a\u0440\u0435\u043f\u0438\u0442\u044c \u0441\u0432\u043e\u044e \u0438\u043d\u0434\u0438\u0432\u0438\u0434\u0443\u0430\u043b\u044c\u043d\u043e\u0441\u0442\u044c \u043f\u0443\u0442\u0435\u043c \u043f\u0440\u0438\u043d\u044f\u0442\u0438\u044f \u0441\u043e\u0446\u0438\u0430\u043b\u044c\u043d\u043e\u0439 \u043e\u0442\u0432\u0435\u0442\u0441\u0442\u0432\u0435\u043d\u043d\u043e\u0441\u0442\u0438. \u0421\u043e\u0442\u0440\u0443\u0434\u043d\u0438\u0447\u0430\u044f \u0441 Karam, \u0443\u0447\u0430\u0441\u0442\u0432\u0443\u044e\u0449\u0438\u0435 \u043a\u043e\u043c\u043f\u0430\u043d\u0438\u0438 \u043f\u043e\u043b\u0443\u0447\u0430\u044e\u0442 \u0432\u044b\u0433\u043e\u0434\u0443 \u043e\u0442 \u0437\u0430\u043c\u0435\u0442\u043d\u043e\u0441\u0442\u0438 \u0441 \u043f\u043e\u043b\u043e\u0436\u0438\u0442\u0435\u043b\u044c\u043d\u044b\u043c \u044d\u0444\u0444\u0435\u043a\u0442\u043e\u043c, \u0443\u043a\u0440\u0435\u043f\u043b\u044f\u044f \u0441\u0432\u043e\u0439 \u0438\u043c\u0438\u0434\u0436 \u043a\u0430\u043a \u0441\u0443\u0431\u044a\u0435\u043a\u0442\u043e\u0432, \u043f\u0440\u0438\u0432\u0435\u0440\u0436\u0435\u043d\u043d\u044b\u0445 \u043a\u043e\u043b\u043b\u0435\u043a\u0442\u0438\u0432\u043d\u043e\u043c\u0443 \u0431\u043b\u0430\u0433\u043e\u043f\u043e\u043b\u0443\u0447\u0438\u044e.<\/p><p>\u0411\u043b\u0430\u0433\u043e\u0434\u0430\u0440\u044f Karam, \u0410\u0441\u0441\u043e\u0446\u0438\u0430\u0446\u0438\u044f \u043f\u043e\u043c\u043e\u0449\u0438 \u041c\u0430\u0433\u0440\u0438\u0431\u0443 \u0430\u043a\u0442\u0438\u0432\u043d\u043e \u0441\u043e\u0434\u0435\u0439\u0441\u0442\u0432\u0443\u0435\u0442 \u0440\u0430\u0437\u0432\u0438\u0442\u0438\u044e \u041c\u0430\u0440\u043e\u043a\u043a\u043e \u0438 \u0443\u043a\u0440\u0435\u043f\u043b\u0435\u043d\u0438\u044e \u0441\u043e\u043b\u0438\u0434\u0430\u0440\u043d\u043e\u0441\u0442\u0438 \u043f\u043e\u0441\u0440\u0435\u0434\u0441\u0442\u0432\u043e\u043c \u043d\u043e\u0432\u044b\u0445 \u0442\u0435\u0445\u043d\u043e\u043b\u043e\u0433\u0438\u0439. \u042d\u0442\u0430 \u0443\u043d\u0438\u043a\u0430\u043b\u044c\u043d\u0430\u044f \u0441\u0438\u0441\u0442\u0435\u043c\u0430 \u0441\u0431\u043e\u0440\u0430 \u0441\u0440\u0435\u0434\u0441\u0442\u0432 \u043f\u0440\u0435\u0434\u0441\u0442\u0430\u0432\u043b\u044f\u0435\u0442 \u0441\u043e\u0431\u043e\u0439 \u0432\u0430\u0436\u043d\u044b\u0439 \u0448\u0430\u0433 \u0432\u043f\u0435\u0440\u0451\u0434 \u0432 \u0433\u0443\u043c\u0430\u043d\u0438\u0442\u0430\u0440\u043d\u043e\u0439 \u0441\u0444\u0435\u0440\u0435, \u043f\u0440\u0435\u0434\u043e\u0441\u0442\u0430\u0432\u043b\u044f\u044f \u043a\u0430\u0436\u0434\u043e\u043c\u0443 \u0432\u043e\u0437\u043c\u043e\u0436\u043d\u043e\u0441\u0442\u044c \u043f\u0440\u043e\u0441\u0442\u043e \u0438 \u044d\u0444\u0444\u0435\u043a\u0442\u0438\u0432\u043d\u043e \u0432\u043d\u0435\u0441\u0442\u0438 \u0441\u0432\u043e\u0439 \u0432\u043a\u043b\u0430\u0434. \u0412\u043c\u0435\u0441\u0442\u0435, \u0431\u043b\u0430\u0433\u043e\u0434\u0430\u0440\u044f Karam, \u0434\u0430\u0432\u0430\u0439\u0442\u0435 \u0432\u043d\u0435\u0441\u0435\u043c \u0441\u0432\u043e\u0439 \u0432\u043a\u043b\u0430\u0434 \u0432 \u0431\u043e\u043b\u0435\u0435 \u0441\u043f\u043b\u043e\u0447\u0451\u043d\u043d\u043e\u0435 \u0438 \u0438\u043d\u043a\u043b\u044e\u0437\u0438\u0432\u043d\u043e\u0435 \u041c\u0430\u0440\u043e\u043a\u043a\u043e.<\/p><p>\u00a0<\/p>\t\t\t\t\t\t\t\t<\/div>\n\t\t\t\t<\/div>\n\t\t\t\t\t<\/div>\n\t\t\t\t<\/div>\n\t\t<div class=\"elementor-element elementor-element-0641153 e-flex e-con-boxed e-con e-parent\" data-id=\"0641153\" data-element_type=\"container\" data-e-type=\"container\">\n\t\t\t\t\t<div class=\"e-con-inner\">\n\t\t\t\t<div class=\"elementor-element elementor-element-93e6b2c elementor-widget elementor-widget-button\" data-id=\"93e6b2c\" data-element_type=\"widget\" data-e-type=\"widget\" data-widget_type=\"button.default\">\n\t\t\t\t<div class=\"elementor-widget-container\">\n\t\t\t\t\t\t\t\t\t<div class=\"elementor-button-wrapper\">\n\t\t\t\t\t<a class=\"elementor-button elementor-button-link elementor-size-sm\" href=\"https:\/\/play.google.com\/store\/apps\/details?id=com.yassirmss.karam\">\n\t\t\t\t\t\t<span class=\"elementor-button-content-wrapper\">\n\t\t\t\t\t\t\t\t\t<span class=\"elementor-button-text\">\u0421\u043a\u0430\u0447\u0430\u0439\u0442\u0435 \u043f\u0440\u0438\u043b\u043e\u0436\u0435\u043d\u0438\u0435 \u041a\u0430\u0440\u0430\u043c<\/span>\n\t\t\t\t\t<\/span>\n\t\t\t\t\t<\/a>\n\t\t\t\t<\/div>\n\t\t\t\t\t\t\t\t<\/div>\n\t\t\t\t<\/div>\n\t\t\t\t\t<\/div>\n\t\t\t\t<\/div>\n\t\t\t\t<\/div>","protected":false},"excerpt":{"rendered":"<p>D\u00e9couvrez l\u2019Application Karam : Un Syst\u00e8me Innovant pour Soutenir les Actions Humanitaires L\u2019Association Maghreb Secours est fi\u00e8re de pr\u00e9senter l\u2019application Karam, une solution de collecte de fonds, r\u00e9volutionnaire qui repose sur un mod\u00e8le de financement au c\u0153ur des tendances actuelles : la publicit\u00e9 participative. Cette application novatrice permet aux utilisateurs de contribuer aux projets humanitaires [&hellip;]<\/p>\n","protected":false},"author":1,"featured_media":0,"parent":0,"menu_order":0,"comment_status":"closed","ping_status":"closed","template":"","meta":{"footnotes":""},"class_list":["post-9563","page","type-page","status-publish","hentry"],"_links":{"self":[{"href":"https:\/\/maghreb-secours.ma\/ru\/wp-json\/wp\/v2\/pages\/9563","targetHints":{"allow":["GET"]}}],"collection":[{"href":"https:\/\/maghreb-secours.ma\/ru\/wp-json\/wp\/v2\/pages"}],"about":[{"href":"https:\/\/maghreb-secours.ma\/ru\/wp-json\/wp\/v2\/types\/page"}],"author":[{"embeddable":true,"href":"https:\/\/maghreb-secours.ma\/ru\/wp-json\/wp\/v2\/users\/1"}],"replies":[{"embeddable":true,"href":"https:\/\/maghreb-secours.ma\/ru\/wp-json\/wp\/v2\/comments?post=9563"}],"version-history":[{"count":5,"href":"https:\/\/maghreb-secours.ma\/ru\/wp-json\/wp\/v2\/pages\/9563\/revisions"}],"predecessor-version":[{"id":10176,"href":"https:\/\/maghreb-secours.ma\/ru\/wp-json\/wp\/v2\/pages\/9563\/revisions\/10176"}],"wp:attachment":[{"href":"https:\/\/maghreb-secours.ma\/ru\/wp-json\/wp\/v2\/media?parent=9563"}],"curies":[{"name":"WP","href":"https:\/\/api.w.org\/{rel}","templated":true}]}}