{"id":9767,"date":"2025-07-10T14:18:15","date_gmt":"2025-07-10T14:18:15","guid":{"rendered":"https:\/\/maghreb-secours.ma\/?page_id=9767"},"modified":"2025-09-30T08:03:10","modified_gmt":"2025-09-30T08:03:10","slug":"contact","status":"publish","type":"page","link":"https:\/\/maghreb-secours.ma\/pt\/contact\/","title":{"rendered":"Contato"},"content":{"rendered":"<div data-elementor-type=\"wp-page\" data-elementor-id=\"9767\" class=\"elementor elementor-9767\">\n\t\t\t\t<div class=\"elementor-element elementor-element-cd1c82e e-con-full e-flex e-con e-parent\" data-id=\"cd1c82e\" data-element_type=\"container\" data-e-type=\"container\">\n\t\t\t\t<div class=\"elementor-element elementor-element-6682f50 elementor-widget__width-inherit elementor-widget elementor-widget-image\" data-id=\"6682f50\" data-element_type=\"widget\" data-e-type=\"widget\" data-widget_type=\"image.default\">\n\t\t\t\t<div class=\"elementor-widget-container\">\n\t\t\t\t\t\t\t\t\t\t\t\t\t\t\t<img fetchpriority=\"high\" decoding=\"async\" width=\"1024\" height=\"640\" src=\"https:\/\/maghreb-secours.ma\/wp-content\/uploads\/2022\/07\/11-1024x640.png\" class=\"attachment-large size-large wp-image-8626\" alt=\"\" srcset=\"https:\/\/maghreb-secours.ma\/wp-content\/uploads\/2022\/07\/11-1024x640.png 1024w, https:\/\/maghreb-secours.ma\/wp-content\/uploads\/2022\/07\/11-300x188.png 300w, https:\/\/maghreb-secours.ma\/wp-content\/uploads\/2022\/07\/11-768x480.png 768w, https:\/\/maghreb-secours.ma\/wp-content\/uploads\/2022\/07\/11.png 1280w\" sizes=\"(max-width: 1024px) 100vw, 1024px\" \/>\t\t\t\t\t\t\t\t\t\t\t\t\t\t\t<\/div>\n\t\t\t\t<\/div>\n\t\t\t\t<\/div>\n\t\t<div class=\"elementor-element elementor-element-c95b5f2 e-flex e-con-boxed e-con e-parent\" data-id=\"c95b5f2\" data-element_type=\"container\" data-e-type=\"container\">\n\t\t\t\t\t<div class=\"e-con-inner\">\n\t\t\t\t<div class=\"elementor-element elementor-element-3e0cf8b elementor-widget elementor-widget-spacer\" data-id=\"3e0cf8b\" data-element_type=\"widget\" data-e-type=\"widget\" data-widget_type=\"spacer.default\">\n\t\t\t\t<div class=\"elementor-widget-container\">\n\t\t\t\t\t\t\t<div class=\"elementor-spacer\">\n\t\t\t<div class=\"elementor-spacer-inner\"><\/div>\n\t\t<\/div>\n\t\t\t\t\t\t<\/div>\n\t\t\t\t<\/div>\n\t\t\t\t\t<\/div>\n\t\t\t\t<\/div>\n\t\t<div class=\"elementor-element elementor-element-7b16db6 e-flex e-con-boxed e-con e-parent\" data-id=\"7b16db6\" data-element_type=\"container\" data-e-type=\"container\">\n\t\t\t\t\t<div class=\"e-con-inner\">\n\t\t\t\t<div class=\"elementor-element elementor-element-a07a38b elementor-widget elementor-widget-spacer\" data-id=\"a07a38b\" data-element_type=\"widget\" data-e-type=\"widget\" data-widget_type=\"spacer.default\">\n\t\t\t\t<div class=\"elementor-widget-container\">\n\t\t\t\t\t\t\t<div class=\"elementor-spacer\">\n\t\t\t<div class=\"elementor-spacer-inner\"><\/div>\n\t\t<\/div>\n\t\t\t\t\t\t<\/div>\n\t\t\t\t<\/div>\n\t\t\t\t\t<\/div>\n\t\t\t\t<\/div>\n\t\t<div class=\"elementor-element elementor-element-86db56e e-flex e-con-boxed e-con e-parent\" data-id=\"86db56e\" data-element_type=\"container\" data-e-type=\"container\">\n\t\t\t\t\t<div class=\"e-con-inner\">\n\t\t\t\t<div class=\"elementor-element elementor-element-01ffd37 elementor-widget elementor-widget-text-editor\" data-id=\"01ffd37\" data-element_type=\"widget\" data-e-type=\"widget\" data-widget_type=\"text-editor.default\">\n\t\t\t\t<div class=\"elementor-widget-container\">\n\t\t\t\t\t\t\t\t\t<div class=\"gdlr-core-pbf-element\"><div class=\"gdlr-core-title-item gdlr-core-item-pdb clearfix  gdlr-core-left-align gdlr-core-title-item-caption-bottom gdlr-core-item-pdlr\"><div class=\"gdlr-core-title-item-title-wrap\"><h3 class=\"gdlr-core-title-item-title gdlr-core-skin-title\">Por falar nisso<\/h3><\/div><\/div><\/div><div class=\"gdlr-core-pbf-element\"><div class=\"gdlr-core-text-box-item gdlr-core-item-pdlr gdlr-core-item-pdb gdlr-core-left-align\"><div class=\"gdlr-core-text-box-item-content\"><p><b>Maghreb Secours: um compromisso global com o bem-estar das popula\u00e7\u00f5es vulner\u00e1veis<\/b><\/p><p>Desde a sua cria\u00e7\u00e3o, a Maghreb Secours tem sido reconhecida pelo seu compromisso em ajudar as popula\u00e7\u00f5es mais desfavorecidas do Marrocos. Em 2024, a organiza\u00e7\u00e3o expandir\u00e1 seus esfor\u00e7os para atender \u00e0s necessidades vitais em diversas \u00e1reas-chave.<\/p><p>Entre os novos departamentos,\u00a0<b>opera\u00e7\u00f5es m\u00e9dicas que salvam vidas<\/b>\u00a0est\u00e3o no centro da nossa miss\u00e3o. O Maghreb Secours apoia interven\u00e7\u00f5es cir\u00fargicas urgentes, especialmente para crian\u00e7as com doen\u00e7as graves, garantindo assim o acesso a cuidados essenciais para os mais vulner\u00e1veis. N\u00f3s tamb\u00e9m fornecemos\u00a0<b>pr\u00f3teses e \u00f3rteses<\/b>\u00a0para pessoas com defici\u00eancia, oferecendo-lhes assim a oportunidade de recuperar a mobilidade e a independ\u00eancia. \u00c9 evidente que o governo marroquino implementou uma pol\u00edtica de assist\u00eancia aos socialmente exclu\u00eddos ou \u00e0s pessoas com poucos recursos, garantindo o acesso a hospitais. O grande fluxo de atendimento nos servi\u00e7os de sa\u00fade p\u00fablica nem sempre permite um atendimento r\u00e1pido. Os pacientes recorrem \u00e0 nossa associa\u00e7\u00e3o para tratar dos assuntos mais urgentes.<\/p><p>Diante da crise h\u00eddrica no meio rural, nossa associa\u00e7\u00e3o est\u00e1 ativamente envolvida na\u00a0<b>escava\u00e7\u00e3o de po\u00e7os autorizados<\/b>\u00a0garantir o acesso sustent\u00e1vel \u00e0 \u00e1gua pot\u00e1vel em duars isolados. Estas iniciativas ajudam a conter o \u00eaxodo rural e a manter uma vida agr\u00edcola est\u00e1vel para as fam\u00edlias locais.<\/p><p>Finalmente, o Maghreb Secours desempenha um papel crucial na orienta\u00e7\u00e3o dos jovens. Atrav\u00e9s de programas de conscientiza\u00e7\u00e3o entre os estudantes, n\u00f3s os encorajamos a buscar\u00a0<b>carreiras profissionais em Marrocos<\/b>, promovendo assim o desenvolvimento socioecon\u00f3mico do pa\u00eds. Atrav\u00e9s destas a\u00e7\u00f5es, aspiramos construir um Marrocos inclusivo, unido e resiliente.<\/p><p>Todos juntos por um Marrocos, um Magrebe numa \u00c1frica unida!<\/p><\/div><\/div><\/div>\t\t\t\t\t\t\t\t<\/div>\n\t\t\t\t<\/div>\n\t\t\t\t\t<\/div>\n\t\t\t\t<\/div>\n\t\t<div class=\"elementor-element elementor-element-c95f953 e-flex e-con-boxed e-con e-parent\" data-id=\"c95f953\" data-element_type=\"container\" data-e-type=\"container\">\n\t\t\t\t\t<div class=\"e-con-inner\">\n\t\t\t\t<div class=\"elementor-element elementor-element-a5ce447 elementor-widget elementor-widget-heading\" data-id=\"a5ce447\" data-element_type=\"widget\" data-e-type=\"widget\" data-widget_type=\"heading.default\">\n\t\t\t\t<div class=\"elementor-widget-container\">\n\t\t\t\t\t<h2 class=\"elementor-heading-title elementor-size-default\">Endere\u00e7o<\/h2>\t\t\t\t<\/div>\n\t\t\t\t<\/div>\n\t\t\t\t\t<\/div>\n\t\t\t\t<\/div>\n\t\t<div class=\"elementor-element elementor-element-079592d e-flex e-con-boxed e-con e-parent\" data-id=\"079592d\" data-element_type=\"container\" data-e-type=\"container\">\n\t\t\t\t\t<div class=\"e-con-inner\">\n\t\t\t\t<div class=\"elementor-element elementor-element-6a27919 elementor-icon-list--layout-traditional elementor-list-item-link-full_width elementor-widget elementor-widget-icon-list\" data-id=\"6a27919\" data-element_type=\"widget\" data-e-type=\"widget\" data-widget_type=\"icon-list.default\">\n\t\t\t\t<div class=\"elementor-widget-container\">\n\t\t\t\t\t\t\t<ul class=\"elementor-icon-list-items\">\n\t\t\t\t\t\t\t<li class=\"elementor-icon-list-item\">\n\t\t\t\t\t\t\t\t\t\t<span class=\"elementor-icon-list-text\">39, Rue Omar Slaoui, 3\u00ba andar, escrit\u00f3rio 6<\/span>\n\t\t\t\t\t\t\t\t\t<\/li>\n\t\t\t\t\t\t\t\t<li class=\"elementor-icon-list-item\">\n\t\t\t\t\t\t\t\t\t\t<span class=\"elementor-icon-list-text\">20140 Casablanca<\/span>\n\t\t\t\t\t\t\t\t\t<\/li>\n\t\t\t\t\t\t\t\t<li class=\"elementor-icon-list-item\">\n\t\t\t\t\t\t\t\t\t\t<span class=\"elementor-icon-list-text\">Presidente@maghreb-secours.com<\/span>\n\t\t\t\t\t\t\t\t\t<\/li>\n\t\t\t\t\t\t\t\t<li class=\"elementor-icon-list-item\">\n\t\t\t\t\t\t\t\t\t\t<span class=\"elementor-icon-list-text\">0522274264<\/span>\n\t\t\t\t\t\t\t\t\t<\/li>\n\t\t\t\t\t\t<\/ul>\n\t\t\t\t\t\t<\/div>\n\t\t\t\t<\/div>\n\t\t\t\t\t<\/div>\n\t\t\t\t<\/div>\n\t\t<div class=\"elementor-element elementor-element-12f6861 e-flex e-con-boxed e-con e-parent\" data-id=\"12f6861\" data-element_type=\"container\" data-e-type=\"container\">\n\t\t\t\t\t<div class=\"e-con-inner\">\n\t\t\t\t<div class=\"elementor-element elementor-element-381643b elementor-widget elementor-widget-spacer\" data-id=\"381643b\" data-element_type=\"widget\" data-e-type=\"widget\" data-widget_type=\"spacer.default\">\n\t\t\t\t<div class=\"elementor-widget-container\">\n\t\t\t\t\t\t\t<div class=\"elementor-spacer\">\n\t\t\t<div class=\"elementor-spacer-inner\"><\/div>\n\t\t<\/div>\n\t\t\t\t\t\t<\/div>\n\t\t\t\t<\/div>\n\t\t\t\t\t<\/div>\n\t\t\t\t<\/div>\n\t\t<div class=\"elementor-element elementor-element-ee3ec36 e-flex e-con-boxed e-con e-parent\" data-id=\"ee3ec36\" data-element_type=\"container\" data-e-type=\"container\">\n\t\t\t\t\t<div class=\"e-con-inner\">\n\t\t\t\t<div class=\"elementor-element elementor-element-f76350b elementor-widget elementor-widget-heading\" data-id=\"f76350b\" data-element_type=\"widget\" data-e-type=\"widget\" data-widget_type=\"heading.default\">\n\t\t\t\t<div class=\"elementor-widget-container\">\n\t\t\t\t\t<h2 class=\"elementor-heading-title elementor-size-default\">Siga-nos nas nossas redes sociais<\/h2>\t\t\t\t<\/div>\n\t\t\t\t<\/div>\n\t\t\t\t\t<\/div>\n\t\t\t\t<\/div>\n\t\t<div class=\"elementor-element elementor-element-533e0e4 e-flex e-con-boxed e-con e-parent\" data-id=\"533e0e4\" data-element_type=\"container\" data-e-type=\"container\">\n\t\t\t\t\t<div class=\"e-con-inner\">\n\t\t\t\t<div class=\"elementor-element elementor-element-e6ff20a elementor-shape-rounded elementor-grid-0 e-grid-align-center elementor-widget elementor-widget-social-icons\" data-id=\"e6ff20a\" data-element_type=\"widget\" data-e-type=\"widget\" data-widget_type=\"social-icons.default\">\n\t\t\t\t<div class=\"elementor-widget-container\">\n\t\t\t\t\t\t\t<div class=\"elementor-social-icons-wrapper elementor-grid\" role=\"list\">\n\t\t\t\t\t\t\t<span class=\"elementor-grid-item\" role=\"listitem\">\n\t\t\t\t\t<a class=\"elementor-icon elementor-social-icon elementor-social-icon-facebook elementor-repeater-item-a92509d\" href=\"https:\/\/www.facebook.com\/AMSecours\" target=\"_blank\">\n\t\t\t\t\t\t<span class=\"elementor-screen-only\">Facebook<\/span>\n\t\t\t\t\t\t<svg aria-hidden=\"true\" class=\"e-font-icon-svg e-fab-facebook\" viewbox=\"0 0 512 512\" xmlns=\"http:\/\/www.w3.org\/2000\/svg\"><path d=\"M504 256C504 119 393 8 256 8S8 119 8 256c0 123.78 90.69 226.38 209.25 245V327.69h-63V256h63v-54.64c0-62.15 37-96.48 93.67-96.48 27.14 0 55.52 4.84 55.52 4.84v61h-31.28c-30.8 0-40.41 19.12-40.41 38.73V256h68.78l-11 71.69h-57.78V501C413.31 482.38 504 379.78 504 256z\"><\/path><\/svg>\t\t\t\t\t<\/a>\n\t\t\t\t<\/span>\n\t\t\t\t\t\t\t<span class=\"elementor-grid-item\" role=\"listitem\">\n\t\t\t\t\t<a class=\"elementor-icon elementor-social-icon elementor-social-icon-x-twitter elementor-repeater-item-d4df2df\" href=\"https:\/\/x.com\/Maghrebsecours1\" target=\"_blank\">\n\t\t\t\t\t\t<span class=\"elementor-screen-only\">X-twitter<\/span>\n\t\t\t\t\t\t<svg aria-hidden=\"true\" class=\"e-font-icon-svg e-fab-x-twitter\" viewbox=\"0 0 512 512\" xmlns=\"http:\/\/www.w3.org\/2000\/svg\"><path d=\"M389.2 48h70.6L305.6 224.2 487 464H345L233.7 318.6 106.5 464H35.8L200.7 275.5 26.8 48H172.4L272.9 180.9 389.2 48zM364.4 421.8h39.1L151.1 88h-42L364.4 421.8z\"><\/path><\/svg>\t\t\t\t\t<\/a>\n\t\t\t\t<\/span>\n\t\t\t\t\t\t\t<span class=\"elementor-grid-item\" role=\"listitem\">\n\t\t\t\t\t<a class=\"elementor-icon elementor-social-icon elementor-social-icon-youtube elementor-repeater-item-cd96df6\" href=\"https:\/\/www.youtube.com\/channel\/UCpQknn9Y3wCRwT5kFb2YaKw\" target=\"_blank\">\n\t\t\t\t\t\t<span class=\"elementor-screen-only\">YouTube<\/span>\n\t\t\t\t\t\t<svg aria-hidden=\"true\" class=\"e-font-icon-svg e-fab-youtube\" viewbox=\"0 0 576 512\" xmlns=\"http:\/\/www.w3.org\/2000\/svg\"><path d=\"M549.655 124.083c-6.281-23.65-24.787-42.276-48.284-48.597C458.781 64 288 64 288 64S117.22 64 74.629 75.486c-23.497 6.322-42.003 24.947-48.284 48.597-11.412 42.867-11.412 132.305-11.412 132.305s0 89.438 11.412 132.305c6.281 23.65 24.787 41.5 48.284 47.821C117.22 448 288 448 288 448s170.78 0 213.371-11.486c23.497-6.321 42.003-24.171 48.284-47.821 11.412-42.867 11.412-132.305 11.412-132.305s0-89.438-11.412-132.305zm-317.51 213.508V175.185l142.739 81.205-142.739 81.201z\"><\/path><\/svg>\t\t\t\t\t<\/a>\n\t\t\t\t<\/span>\n\t\t\t\t\t\t\t<span class=\"elementor-grid-item\" role=\"listitem\">\n\t\t\t\t\t<a class=\"elementor-icon elementor-social-icon elementor-social-icon-instagram elementor-repeater-item-dfe973d\" href=\"https:\/\/www.instagram.com\/amsecours10\/\" target=\"_blank\">\n\t\t\t\t\t\t<span class=\"elementor-screen-only\">Instagram<\/span>\n\t\t\t\t\t\t<svg aria-hidden=\"true\" class=\"e-font-icon-svg e-fab-instagram\" viewbox=\"0 0 448 512\" xmlns=\"http:\/\/www.w3.org\/2000\/svg\"><path d=\"M224.1 141c-63.6 0-114.9 51.3-114.9 114.9s51.3 114.9 114.9 114.9S339 319.5 339 255.9 287.7 141 224.1 141zm0 189.6c-41.1 0-74.7-33.5-74.7-74.7s33.5-74.7 74.7-74.7 74.7 33.5 74.7 74.7-33.6 74.7-74.7 74.7zm146.4-194.3c0 14.9-12 26.8-26.8 26.8-14.9 0-26.8-12-26.8-26.8s12-26.8 26.8-26.8 26.8 12 26.8 26.8zm76.1 27.2c-1.7-35.9-9.9-67.7-36.2-93.9-26.2-26.2-58-34.4-93.9-36.2-37-2.1-147.9-2.1-184.9 0-35.8 1.7-67.6 9.9-93.9 36.1s-34.4 58-36.2 93.9c-2.1 37-2.1 147.9 0 184.9 1.7 35.9 9.9 67.7 36.2 93.9s58 34.4 93.9 36.2c37 2.1 147.9 2.1 184.9 0 35.9-1.7 67.7-9.9 93.9-36.2 26.2-26.2 34.4-58 36.2-93.9 2.1-37 2.1-147.8 0-184.8zM398.8 388c-7.8 19.6-22.9 34.7-42.6 42.6-29.5 11.7-99.5 9-132.1 9s-102.7 2.6-132.1-9c-19.6-7.8-34.7-22.9-42.6-42.6-11.7-29.5-9-99.5-9-132.1s-2.6-102.7 9-132.1c7.8-19.6 22.9-34.7 42.6-42.6 29.5-11.7 99.5-9 132.1-9s102.7-2.6 132.1 9c19.6 7.8 34.7 22.9 42.6 42.6 11.7 29.5 9 99.5 9 132.1s2.7 102.7-9 132.1z\"><\/path><\/svg>\t\t\t\t\t<\/a>\n\t\t\t\t<\/span>\n\t\t\t\t\t<\/div>\n\t\t\t\t\t\t<\/div>\n\t\t\t\t<\/div>\n\t\t\t\t\t<\/div>\n\t\t\t\t<\/div>\n\t\t<div class=\"elementor-element elementor-element-2e91311 e-flex e-con-boxed e-con e-parent\" data-id=\"2e91311\" data-element_type=\"container\" data-e-type=\"container\">\n\t\t\t\t\t<div class=\"e-con-inner\">\n\t\t\t\t<div class=\"elementor-element elementor-element-6f95450 elementor-widget elementor-widget-spacer\" data-id=\"6f95450\" data-element_type=\"widget\" data-e-type=\"widget\" data-widget_type=\"spacer.default\">\n\t\t\t\t<div class=\"elementor-widget-container\">\n\t\t\t\t\t\t\t<div class=\"elementor-spacer\">\n\t\t\t<div class=\"elementor-spacer-inner\"><\/div>\n\t\t<\/div>\n\t\t\t\t\t\t<\/div>\n\t\t\t\t<\/div>\n\t\t\t\t\t<\/div>\n\t\t\t\t<\/div>\n\t\t<div class=\"elementor-element elementor-element-5908c4c e-flex e-con-boxed e-con e-parent\" data-id=\"5908c4c\" data-element_type=\"container\" data-e-type=\"container\">\n\t\t\t\t\t<div class=\"e-con-inner\">\n\t\t\t\t<div class=\"elementor-element elementor-element-79bb16c elementor-widget elementor-widget-google_maps\" data-id=\"79bb16c\" data-element_type=\"widget\" data-e-type=\"widget\" data-widget_type=\"google_maps.default\">\n\t\t\t\t<div class=\"elementor-widget-container\">\n\t\t\t\t\t\t\t<div class=\"elementor-custom-embed\">\n\t\t\t<iframe loading=\"lazy\"\n\t\t\t\t\tsrc=\"https:\/\/maps.google.com\/maps?q=39%20RUE%20OMAR%20SLAOUI%20CASABLANCA&#038;t=m&#038;z=14&#038;output=embed&#038;iwloc=near\"\n\t\t\t\t\ttitle=\"39 RUA OMAR SLAOUI CASABLANCA\"\n\t\t\t\t\taria-label=\"39 RUA OMAR SLAOUI CASABLANCA\"\n\t\t\t><\/iframe>\n\t\t<\/div>\n\t\t\t\t\t\t<\/div>\n\t\t\t\t<\/div>\n\t\t\t\t\t<\/div>\n\t\t\t\t<\/div>\n\t\t\t\t<\/div>","protected":false},"excerpt":{"rendered":"<p>A propros Maghreb Secours : Un Engagement Global pour le Bien-\u00catre des Populations Vuln\u00e9rables Depuis sa cr\u00e9ation, Maghreb Secours est une association reconnue pour son engagement en faveur des populations les plus d\u00e9munies au Maroc. En 2024, l\u2019association \u00e9largit ses actions pour r\u00e9pondre \u00e0 des besoins vitaux dans plusieurs domaines cl\u00e9s. Parmi les nouveaux d\u00e9partements,\u00a0les [&hellip;]<\/p>\n","protected":false},"author":1,"featured_media":0,"parent":0,"menu_order":0,"comment_status":"closed","ping_status":"closed","template":"","meta":{"footnotes":""},"class_list":["post-9767","page","type-page","status-publish","hentry"],"_links":{"self":[{"href":"https:\/\/maghreb-secours.ma\/pt\/wp-json\/wp\/v2\/pages\/9767","targetHints":{"allow":["GET"]}}],"collection":[{"href":"https:\/\/maghreb-secours.ma\/pt\/wp-json\/wp\/v2\/pages"}],"about":[{"href":"https:\/\/maghreb-secours.ma\/pt\/wp-json\/wp\/v2\/types\/page"}],"author":[{"embeddable":true,"href":"https:\/\/maghreb-secours.ma\/pt\/wp-json\/wp\/v2\/users\/1"}],"replies":[{"embeddable":true,"href":"https:\/\/maghreb-secours.ma\/pt\/wp-json\/wp\/v2\/comments?post=9767"}],"version-history":[{"count":5,"href":"https:\/\/maghreb-secours.ma\/pt\/wp-json\/wp\/v2\/pages\/9767\/revisions"}],"predecessor-version":[{"id":9823,"href":"https:\/\/maghreb-secours.ma\/pt\/wp-json\/wp\/v2\/pages\/9767\/revisions\/9823"}],"wp:attachment":[{"href":"https:\/\/maghreb-secours.ma\/pt\/wp-json\/wp\/v2\/media?parent=9767"}],"curies":[{"name":"wp","href":"https:\/\/api.w.org\/{rel}","templated":true}]}}