{"id":9563,"date":"2024-10-28T08:52:31","date_gmt":"2024-10-28T08:52:31","guid":{"rendered":"https:\/\/maghreb-secours.ma\/?page_id=9563"},"modified":"2025-12-26T13:47:54","modified_gmt":"2025-12-26T13:47:54","slug":"karam","status":"publish","type":"page","link":"https:\/\/maghreb-secours.ma\/pt\/karam\/","title":{"rendered":"KARAM"},"content":{"rendered":"<div data-elementor-type=\"wp-page\" data-elementor-id=\"9563\" class=\"elementor elementor-9563\">\n\t\t\t\t<div class=\"elementor-element elementor-element-393d4d9 e-flex e-con-boxed e-con e-parent\" data-id=\"393d4d9\" data-element_type=\"container\" data-e-type=\"container\">\n\t\t\t\t\t<div class=\"e-con-inner\">\n\t\t\t\t<div class=\"elementor-element elementor-element-8f3b77c elementor-widget elementor-widget-image\" data-id=\"8f3b77c\" data-element_type=\"widget\" data-e-type=\"widget\" data-widget_type=\"image.default\">\n\t\t\t\t<div class=\"elementor-widget-container\">\n\t\t\t\t\t\t\t\t\t\t\t\t\t\t\t<img fetchpriority=\"high\" decoding=\"async\" width=\"1024\" height=\"906\" src=\"https:\/\/maghreb-secours.ma\/wp-content\/uploads\/2022\/07\/vector-1024x906.png\" class=\"attachment-large size-large wp-image-8974\" alt=\"\" srcset=\"https:\/\/maghreb-secours.ma\/wp-content\/uploads\/2022\/07\/vector-1024x906.png 1024w, https:\/\/maghreb-secours.ma\/wp-content\/uploads\/2022\/07\/vector-300x265.png 300w, https:\/\/maghreb-secours.ma\/wp-content\/uploads\/2022\/07\/vector-768x679.png 768w, https:\/\/maghreb-secours.ma\/wp-content\/uploads\/2022\/07\/vector-1536x1359.png 1536w, https:\/\/maghreb-secours.ma\/wp-content\/uploads\/2022\/07\/vector-2048x1811.png 2048w, https:\/\/maghreb-secours.ma\/wp-content\/uploads\/2022\/07\/vector-14x12.png 14w, https:\/\/maghreb-secours.ma\/wp-content\/uploads\/2022\/07\/vector-1320x1167.png 1320w\" sizes=\"(max-width: 1024px) 100vw, 1024px\" \/>\t\t\t\t\t\t\t\t\t\t\t\t\t\t\t<\/div>\n\t\t\t\t<\/div>\n\t\t\t\t\t<\/div>\n\t\t\t\t<\/div>\n\t\t<div class=\"elementor-element elementor-element-3860280 e-flex e-con-boxed e-con e-parent\" data-id=\"3860280\" data-element_type=\"container\" data-e-type=\"container\">\n\t\t\t\t\t<div class=\"e-con-inner\">\n\t\t\t\t<div class=\"elementor-element elementor-element-08cc277 elementor-widget elementor-widget-spacer\" data-id=\"08cc277\" data-element_type=\"widget\" data-e-type=\"widget\" data-widget_type=\"spacer.default\">\n\t\t\t\t<div class=\"elementor-widget-container\">\n\t\t\t\t\t\t\t<div class=\"elementor-spacer\">\n\t\t\t<div class=\"elementor-spacer-inner\"><\/div>\n\t\t<\/div>\n\t\t\t\t\t\t<\/div>\n\t\t\t\t<\/div>\n\t\t\t\t\t<\/div>\n\t\t\t\t<\/div>\n\t\t<div class=\"elementor-element elementor-element-fd02ea5 e-flex e-con-boxed e-con e-parent\" data-id=\"fd02ea5\" data-element_type=\"container\" data-e-type=\"container\">\n\t\t\t\t\t<div class=\"e-con-inner\">\n\t\t\t\t<div class=\"elementor-element elementor-element-dd4edcf elementor-widget elementor-widget-text-editor\" data-id=\"dd4edcf\" data-element_type=\"widget\" data-e-type=\"widget\" data-widget_type=\"text-editor.default\">\n\t\t\t\t<div class=\"elementor-widget-container\">\n\t\t\t\t\t\t\t\t\t<p><strong>Conhe\u00e7a o Aplicativo <a href=\"https:\/\/karam.ma\/\">Karam<\/a> : Um sistema inovador para apoiar a\u00e7\u00f5es humanit\u00e1rias<\/strong><\/p><p>A Associa\u00e7\u00e3o Maghreb Secours tem o orgulho de apresentar a aplica\u00e7\u00e3o <strong>Karam<\/strong>, Uma solu\u00e7\u00e3o revolucion\u00e1ria de arrecada\u00e7\u00e3o de fundos baseada em um modelo de financiamento alinhado \u00e0s tend\u00eancias atuais: publicidade participativa. Este aplicativo inovador permite que os usu\u00e1rios contribuam para projetos humanit\u00e1rios sem custos diretos, simplesmente assistindo a an\u00fancios curtos. Cada visualiza\u00e7\u00e3o gera fundos para as atividades beneficentes realizadas pela organiza\u00e7\u00e3o, tornando cada usu\u00e1rio um participante ativo em um ato de solidariedade.<\/p><p>A candidatura Karam incorpora a transforma\u00e7\u00e3o dos m\u00e9todos de financiamento das obras sociais, parte integrante de uma era em que os doadores desejam envolver-se activamente na causa humanit\u00e1ria. Esta inova\u00e7\u00e3o responde tamb\u00e9m aos anseios das empresas que pretendem fortalecer a sua identidade atrav\u00e9s da adop\u00e7\u00e3o da responsabilidade social. Ao associar-se \u00e0 Karam, as empresas participantes beneficiam de uma visibilidade com impacto positivo, consolidando a sua imagem como atores comprometidos com o bem-estar coletivo.<\/p><p>Por meio do Karam, a Associa\u00e7\u00e3o Maghreb Secours est\u00e1 ativamente comprometida com o desenvolvimento de Marrocos e com a otimiza\u00e7\u00e3o da solidariedade atrav\u00e9s de novas tecnologias. Este sistema \u00fanico de arrecada\u00e7\u00e3o de fundos representa um grande passo em frente na \u00e1rea humanit\u00e1ria, oferecendo a todos a oportunidade de fazer a diferen\u00e7a de forma simples e eficaz. Juntos, gra\u00e7as ao Karam, vamos contribuir para um Marrocos mais unido e inclusivo.<\/p><p>\u00a0<\/p>\t\t\t\t\t\t\t\t<\/div>\n\t\t\t\t<\/div>\n\t\t\t\t\t<\/div>\n\t\t\t\t<\/div>\n\t\t<div class=\"elementor-element elementor-element-0641153 e-flex e-con-boxed e-con e-parent\" data-id=\"0641153\" data-element_type=\"container\" data-e-type=\"container\">\n\t\t\t\t\t<div class=\"e-con-inner\">\n\t\t\t\t<div class=\"elementor-element elementor-element-93e6b2c elementor-widget elementor-widget-button\" data-id=\"93e6b2c\" data-element_type=\"widget\" data-e-type=\"widget\" data-widget_type=\"button.default\">\n\t\t\t\t<div class=\"elementor-widget-container\">\n\t\t\t\t\t\t\t\t\t<div class=\"elementor-button-wrapper\">\n\t\t\t\t\t<a class=\"elementor-button elementor-button-link elementor-size-sm\" href=\"https:\/\/play.google.com\/store\/apps\/details?id=com.yassirmss.karam\">\n\t\t\t\t\t\t<span class=\"elementor-button-content-wrapper\">\n\t\t\t\t\t\t\t\t\t<span class=\"elementor-button-text\">Baixe o aplicativo Karam<\/span>\n\t\t\t\t\t<\/span>\n\t\t\t\t\t<\/a>\n\t\t\t\t<\/div>\n\t\t\t\t\t\t\t\t<\/div>\n\t\t\t\t<\/div>\n\t\t\t\t\t<\/div>\n\t\t\t\t<\/div>\n\t\t\t\t<\/div>","protected":false},"excerpt":{"rendered":"<p>D\u00e9couvrez l\u2019Application Karam : Un Syst\u00e8me Innovant pour Soutenir les Actions Humanitaires L\u2019Association Maghreb Secours est fi\u00e8re de pr\u00e9senter l\u2019application Karam, une solution de collecte de fonds, r\u00e9volutionnaire qui repose sur un mod\u00e8le de financement au c\u0153ur des tendances actuelles : la publicit\u00e9 participative. Cette application novatrice permet aux utilisateurs de contribuer aux projets humanitaires [&hellip;]<\/p>\n","protected":false},"author":1,"featured_media":0,"parent":0,"menu_order":0,"comment_status":"closed","ping_status":"closed","template":"","meta":{"footnotes":""},"class_list":["post-9563","page","type-page","status-publish","hentry"],"_links":{"self":[{"href":"https:\/\/maghreb-secours.ma\/pt\/wp-json\/wp\/v2\/pages\/9563","targetHints":{"allow":["GET"]}}],"collection":[{"href":"https:\/\/maghreb-secours.ma\/pt\/wp-json\/wp\/v2\/pages"}],"about":[{"href":"https:\/\/maghreb-secours.ma\/pt\/wp-json\/wp\/v2\/types\/page"}],"author":[{"embeddable":true,"href":"https:\/\/maghreb-secours.ma\/pt\/wp-json\/wp\/v2\/users\/1"}],"replies":[{"embeddable":true,"href":"https:\/\/maghreb-secours.ma\/pt\/wp-json\/wp\/v2\/comments?post=9563"}],"version-history":[{"count":5,"href":"https:\/\/maghreb-secours.ma\/pt\/wp-json\/wp\/v2\/pages\/9563\/revisions"}],"predecessor-version":[{"id":10176,"href":"https:\/\/maghreb-secours.ma\/pt\/wp-json\/wp\/v2\/pages\/9563\/revisions\/10176"}],"wp:attachment":[{"href":"https:\/\/maghreb-secours.ma\/pt\/wp-json\/wp\/v2\/media?parent=9563"}],"curies":[{"name":"wp","href":"https:\/\/api.w.org\/{rel}","templated":true}]}}