{"id":7668,"date":"2020-02-26T17:04:30","date_gmt":"2020-02-26T17:04:30","guid":{"rendered":"https:\/\/demo.goodlayers.com\/chariti\/demo1\/?page_id=7668"},"modified":"2025-11-24T09:45:01","modified_gmt":"2025-11-24T09:45:01","slug":"about","status":"publish","type":"page","link":"https:\/\/maghreb-secours.ma\/pt\/about\/","title":{"rendered":"Nossa miss\u00e3o"},"content":{"rendered":"<div data-elementor-type=\"wp-page\" data-elementor-id=\"7668\" class=\"elementor elementor-7668\">\n\t\t\t\t<div class=\"elementor-element elementor-element-643585a e-flex e-con-boxed e-con e-parent\" data-id=\"643585a\" data-element_type=\"container\" data-e-type=\"container\">\n\t\t\t\t\t<div class=\"e-con-inner\">\n\t\t\t\t<div class=\"elementor-element elementor-element-c66e3d9 elementor-widget elementor-widget-heading\" data-id=\"c66e3d9\" data-element_type=\"widget\" data-e-type=\"widget\" data-widget_type=\"heading.default\">\n\t\t\t\t<div class=\"elementor-widget-container\">\n\t\t\t\t\t<h2 class=\"elementor-heading-title elementor-size-default\">Nossa miss\u00e3o<\/h2>\t\t\t\t<\/div>\n\t\t\t\t<\/div>\n\t\t\t\t\t<\/div>\n\t\t\t\t<\/div>\n\t\t<div class=\"elementor-element elementor-element-13ce570 e-flex e-con-boxed e-con e-parent\" data-id=\"13ce570\" data-element_type=\"container\" data-e-type=\"container\">\n\t\t\t\t\t<div class=\"e-con-inner\">\n\t\t\t\t<div class=\"elementor-element elementor-element-dcd7693 elementor-widget elementor-widget-text-editor\" data-id=\"dcd7693\" data-element_type=\"widget\" data-e-type=\"widget\" data-widget_type=\"text-editor.default\">\n\t\t\t\t<div class=\"elementor-widget-container\">\n\t\t\t\t\t\t\t\t\t<p>H\u00e1 mais de dez anos, a Maghreb Secours se consolidou como uma organiza\u00e7\u00e3o humanit\u00e1ria comprometida em Marrocos, determinada a ser um agente de mudan\u00e7a. Nossa miss\u00e3o gira em torno de diversas \u00e1reas-chave: ajudar pessoas necessitadas, responder a emerg\u00eancias m\u00e9dicas, apoiar jovens marroquinos oferecendo-lhes oportunidades de lideran\u00e7a e contribuir ativamente para o desenvolvimento do Reino e da regi\u00e3o do Grande Magreb.<\/p><p>Estamos tomando medidas concretas:<\/p><p>Ajuda aos necessitados: Presentes no terreno, fornecemos alimentos, materiais e assist\u00eancia m\u00e9dica onde as dificuldades se instalam.<\/p><p>Interven\u00e7\u00e3o de emerg\u00eancia em sa\u00fade: Salvar vidas \u00e9 o cerne do nosso compromisso, mobilizando recursos para realizar interven\u00e7\u00f5es card\u00edacas ou cir\u00fargicas que salvam vidas em casos graves e urgentes.<\/p><p>Apoio \u00e0 juventude: Apoiamos os jovens marroquinos para que cultivem uma vis\u00e3o de lideran\u00e7a \u00e0 escala do Magreb e de \u00c1frica, oferecendo-lhes perspetivas de construir uma sociedade unida e moderna.<\/p><p>A\u00e7\u00f5es em caso de desastre: Durante terremotos, nosso conhecimento do ambiente e nossa rede de associa\u00e7\u00f5es parceiras em todo o Marrocos nos permitem identificar necessidades espec\u00edficas: distribui\u00e7\u00e3o de tendas, latrinas e paletes, \u00e0s vezes para beneficiar regi\u00f5es esquecidas pela m\u00eddia, mas em situa\u00e7\u00e3o de real vulnerabilidade.<\/p><p>Desenvolvimento sustent\u00e1vel: Iniciamos a perfura\u00e7\u00e3o de po\u00e7os p\u00fablicos em aldeias secas, a fim de garantir o acesso sustent\u00e1vel \u00e0 \u00e1gua pot\u00e1vel, sempre com autoriza\u00e7\u00e3o e gest\u00e3o respons\u00e1vel dos recursos.<\/p><p>Redes Empresariais: Fi\u00e9is \u00e0 vis\u00e3o real defendida por Sua Majestade o Rei Mohammed VI, apoiamos o surgimento de redes empresariais e incentivamos o retorno de talentos marroquinos ao pa\u00eds para fortalecer a economia e inovar no \u00e2mbito do &quot;Novo Marrocos Moderno&quot;.<\/p><p>Guiados pela vis\u00e3o real h\u00e1 mais de uma d\u00e9cada, inspiramo-nos na ambi\u00e7\u00e3o do Reino de promover o desenvolvimento humano, a inclus\u00e3o social e o progresso em todos os setores. A cada ano, Marrocos alcan\u00e7a marcos significativos: redu\u00e7\u00e3o da pobreza, acesso generalizado \u00e0 \u00e1gua pot\u00e1vel, melhoria cont\u00ednua da infraestrutura de sa\u00fade, incentivo ao empreendedorismo e maior influ\u00eancia nos cen\u00e1rios africano e internacional.<\/p><p>Maghreb Secours est\u00e1 empenhada em:<\/p><p>Para fortalecer a solidariedade nacional e regional.<\/p><p>Mobilizar todas as partes interessadas locais para lidar com emerg\u00eancias e desafios sociais.<\/p><p>Oferecer a todas as pessoas vulner\u00e1veis uma chance real de ter acesso a uma vida melhor.<\/p><p>Vamos construir, juntos, um Marrocos forte, unido e moderno, admirado internacionalmente.<\/p><p>Nosso lema: Todos juntos por um Marrocos, um Magreb em uma \u00c1frica unida!<\/p>\t\t\t\t\t\t\t\t<\/div>\n\t\t\t\t<\/div>\n\t\t\t\t\t<\/div>\n\t\t\t\t<\/div>\n\t\t<div class=\"elementor-element elementor-element-52c09d5 e-flex e-con-boxed e-con e-parent\" data-id=\"52c09d5\" data-element_type=\"container\" data-e-type=\"container\">\n\t\t\t\t\t<div class=\"e-con-inner\">\n\t\t\t\t<div class=\"elementor-element elementor-element-8d11af5 elementor-widget elementor-widget-text-editor\" data-id=\"8d11af5\" data-element_type=\"widget\" data-e-type=\"widget\" data-widget_type=\"text-editor.default\">\n\t\t\t\t<div class=\"elementor-widget-container\">\n\t\t\t\t\t\t\t\t\t<div class=\"gdlr-core-pbf-element\"><div class=\"gdlr-core-title-item gdlr-core-item-pdb clearfix gdlr-core-left-align gdlr-core-title-item-caption-top gdlr-core-item-pdlr\"><div class=\"gdlr-core-title-item-title-wrap\"><p><b>Maghreb Secours: um compromisso global com o bem-estar das popula\u00e7\u00f5es vulner\u00e1veis<\/b><\/p><p><span style=\"font-weight: 400;\">Desde a sua cria\u00e7\u00e3o, a Maghreb Secours tem sido reconhecida pelo seu compromisso em ajudar as popula\u00e7\u00f5es mais desfavorecidas do Marrocos. Em 2024, a organiza\u00e7\u00e3o expandir\u00e1 seus esfor\u00e7os para atender \u00e0s necessidades vitais em diversas \u00e1reas-chave.<\/span><\/p><p><span style=\"font-weight: 400;\">Entre os novos departamentos, <\/span><b>opera\u00e7\u00f5es m\u00e9dicas que salvam vidas<\/b><span style=\"font-weight: 400;\"> est\u00e3o no centro da nossa miss\u00e3o. O Maghreb Secours apoia interven\u00e7\u00f5es cir\u00fargicas urgentes, especialmente para crian\u00e7as com doen\u00e7as graves, garantindo assim o acesso a cuidados essenciais para os mais vulner\u00e1veis. N\u00f3s tamb\u00e9m fornecemos <\/span><b>pr\u00f3teses e \u00f3rteses<\/b><span style=\"font-weight: 400;\"> para pessoas com defici\u00eancia, oferecendo-lhes assim a oportunidade de recuperar a mobilidade e a independ\u00eancia. \u00c9 evidente que o governo marroquino implementou uma pol\u00edtica de assist\u00eancia aos socialmente exclu\u00eddos ou \u00e0s pessoas de baixa renda, garantindo o acesso a hospitais. O grande fluxo de servi\u00e7os de sa\u00fade p\u00fablica nem sempre permite um atendimento r\u00e1pido. Os pacientes recorrem \u00e0 nossa associa\u00e7\u00e3o para lidar com os assuntos mais urgentes.<\/span><\/p><p><span style=\"font-weight: 400;\">Diante da crise h\u00eddrica no meio rural, nossa associa\u00e7\u00e3o est\u00e1 ativamente envolvida na <\/span><b>escava\u00e7\u00e3o de po\u00e7os autorizados<\/b><span style=\"font-weight: 400;\"> garantir o acesso sustent\u00e1vel \u00e0 \u00e1gua pot\u00e1vel em duars isolados. Estas iniciativas ajudam a conter o \u00eaxodo rural e a manter uma vida agr\u00edcola est\u00e1vel para as fam\u00edlias locais.<\/span><\/p><p><span style=\"font-weight: 400;\">Finalmente, o Maghreb Secours desempenha um papel crucial na orienta\u00e7\u00e3o dos jovens. Atrav\u00e9s de programas de conscientiza\u00e7\u00e3o entre os estudantes, n\u00f3s os encorajamos a buscar <\/span><b>carreiras profissionais em Marrocos<\/b><span style=\"font-weight: 400;\">, promovendo assim o desenvolvimento socioecon\u00f3mico do pa\u00eds. Atrav\u00e9s destas a\u00e7\u00f5es, aspiramos construir um Marrocos inclusivo, unido e resiliente.<\/span><\/p><p><span style=\"font-weight: 400;\">Todos juntos por um Marrocos, um Magrebe numa \u00c1frica unida!<\/span><\/p><\/div><\/div><\/div>\t\t\t\t\t\t\t\t<\/div>\n\t\t\t\t<\/div>\n\t\t\t\t\t<\/div>\n\t\t\t\t<\/div>\n\t\t<div class=\"elementor-element elementor-element-43760ff e-flex e-con-boxed e-con e-parent\" data-id=\"43760ff\" data-element_type=\"container\" data-e-type=\"container\">\n\t\t\t\t\t<div class=\"e-con-inner\">\n\t\t\t\t<div class=\"elementor-element elementor-element-7eed765 elementor-widget elementor-widget-video\" data-id=\"7eed765\" data-element_type=\"widget\" data-e-type=\"widget\" data-settings=\"{&quot;youtube_url&quot;:&quot;https:\\\/\\\/www.youtube.com\\\/watch?v=OLiHpYA_xbA&amp;t=91s&quot;,&quot;video_type&quot;:&quot;youtube&quot;,&quot;controls&quot;:&quot;yes&quot;}\" data-widget_type=\"video.default\">\n\t\t\t\t<div class=\"elementor-widget-container\">\n\t\t\t\t\t\t\t<div class=\"elementor-wrapper elementor-open-inline\">\n\t\t\t<div class=\"elementor-video\"><\/div>\t\t<\/div>\n\t\t\t\t\t\t<\/div>\n\t\t\t\t<\/div>\n\t\t\t\t\t<\/div>\n\t\t\t\t<\/div>\n\t\t<div class=\"elementor-element elementor-element-ec8fa62 e-flex e-con-boxed e-con e-parent\" data-id=\"ec8fa62\" data-element_type=\"container\" data-e-type=\"container\">\n\t\t\t\t\t<div class=\"e-con-inner\">\n\t\t\t\t<div class=\"elementor-element elementor-element-747f6e3 elementor-widget elementor-widget-heading\" data-id=\"747f6e3\" data-element_type=\"widget\" data-e-type=\"widget\" data-widget_type=\"heading.default\">\n\t\t\t\t<div class=\"elementor-widget-container\">\n\t\t\t\t\t<h2 class=\"elementor-heading-title elementor-size-default\">Conhe\u00e7a nosso time<\/h2>\t\t\t\t<\/div>\n\t\t\t\t<\/div>\n\t\t\t\t\t<\/div>\n\t\t\t\t<\/div>\n\t\t<div class=\"elementor-element elementor-element-1cf2dd1 e-flex e-con-boxed e-con e-parent\" data-id=\"1cf2dd1\" data-element_type=\"container\" data-e-type=\"container\">\n\t\t\t\t\t<div class=\"e-con-inner\">\n\t\t\t\t<div class=\"elementor-element elementor-element-31414e3 elementor-widget elementor-widget-text-editor\" data-id=\"31414e3\" data-element_type=\"widget\" data-e-type=\"widget\" data-widget_type=\"text-editor.default\">\n\t\t\t\t<div class=\"elementor-widget-container\">\n\t\t\t\t\t\t\t\t\t<p>Uma equipa profissional motivada e din\u00e2mica<\/p>\t\t\t\t\t\t\t\t<\/div>\n\t\t\t\t<\/div>\n\t\t\t\t\t<\/div>\n\t\t\t\t<\/div>\n\t\t<div class=\"elementor-element elementor-element-1fcc12d e-flex e-con-boxed e-con e-parent\" data-id=\"1fcc12d\" data-element_type=\"container\" data-e-type=\"container\">\n\t\t\t\t\t<div class=\"e-con-inner\">\n\t\t\t\t<div class=\"elementor-element elementor-element-8501a8f elementor-arrows-position-inside elementor-pagination-position-outside elementor-widget elementor-widget-image-carousel\" data-id=\"8501a8f\" data-element_type=\"widget\" data-e-type=\"widget\" data-settings=\"{&quot;image_spacing_custom&quot;:{&quot;unit&quot;:&quot;px&quot;,&quot;size&quot;:1,&quot;sizes&quot;:[]},&quot;navigation&quot;:&quot;both&quot;,&quot;autoplay&quot;:&quot;yes&quot;,&quot;pause_on_hover&quot;:&quot;yes&quot;,&quot;pause_on_interaction&quot;:&quot;yes&quot;,&quot;autoplay_speed&quot;:5000,&quot;infinite&quot;:&quot;yes&quot;,&quot;speed&quot;:500,&quot;image_spacing_custom_tablet&quot;:{&quot;unit&quot;:&quot;px&quot;,&quot;size&quot;:&quot;&quot;,&quot;sizes&quot;:[]},&quot;image_spacing_custom_mobile&quot;:{&quot;unit&quot;:&quot;px&quot;,&quot;size&quot;:&quot;&quot;,&quot;sizes&quot;:[]}}\" data-widget_type=\"image-carousel.default\">\n\t\t\t\t<div class=\"elementor-widget-container\">\n\t\t\t\t\t\t\t<div class=\"elementor-image-carousel-wrapper swiper\" role=\"region\" aria-roledescription=\"carousel\" aria-label=\"Carrossel de imagens\" dir=\"ltr\">\n\t\t\t<div class=\"elementor-image-carousel swiper-wrapper\" aria-live=\"off\">\n\t\t\t\t\t\t\t\t<div class=\"swiper-slide\" role=\"group\" aria-roledescription=\"slide\" aria-label=\"1 de 14\"><figure class=\"swiper-slide-inner\"><img decoding=\"async\" class=\"swiper-slide-image\" src=\"https:\/\/maghreb-secours.ma\/wp-content\/uploads\/2024\/10\/77-700x990.jpeg\" alt=\"77\" \/><\/figure><\/div><div class=\"swiper-slide\" role=\"group\" aria-roledescription=\"slide\" aria-label=\"2 de 14\"><figure class=\"swiper-slide-inner\"><img decoding=\"async\" class=\"swiper-slide-image\" src=\"https:\/\/maghreb-secours.ma\/wp-content\/uploads\/2024\/10\/099-700x990.jpeg\" alt=\"099\" \/><\/figure><\/div><div class=\"swiper-slide\" role=\"group\" aria-roledescription=\"slide\" aria-label=\"3 de 14\"><figure class=\"swiper-slide-inner\"><img decoding=\"async\" class=\"swiper-slide-image\" src=\"https:\/\/maghreb-secours.ma\/wp-content\/uploads\/2024\/10\/4-700x990.jpg\" alt=\"4\" \/><\/figure><\/div><div class=\"swiper-slide\" role=\"group\" aria-roledescription=\"slide\" aria-label=\"4 de 14\"><figure class=\"swiper-slide-inner\"><img decoding=\"async\" class=\"swiper-slide-image\" src=\"https:\/\/maghreb-secours.ma\/wp-content\/uploads\/2024\/10\/nawal-2-700x990.jpeg\" alt=\"nawal 2\" \/><\/figure><\/div><div class=\"swiper-slide\" role=\"group\" aria-roledescription=\"slide\" aria-label=\"5 de 14\"><figure class=\"swiper-slide-inner\"><img decoding=\"async\" class=\"swiper-slide-image\" src=\"https:\/\/maghreb-secours.ma\/wp-content\/uploads\/2024\/10\/Lensa-Image-700x990.jpeg\" alt=\"Lensa Image\" \/><\/figure><\/div><div class=\"swiper-slide\" role=\"group\" aria-roledescription=\"slide\" aria-label=\"6 de 14\"><figure class=\"swiper-slide-inner\"><img decoding=\"async\" class=\"swiper-slide-image\" src=\"https:\/\/maghreb-secours.ma\/wp-content\/uploads\/2024\/10\/10-700x990.jpeg\" alt=\"10\" \/><\/figure><\/div><div class=\"swiper-slide\" role=\"group\" aria-roledescription=\"slide\" aria-label=\"7 de 14\"><figure class=\"swiper-slide-inner\"><img decoding=\"async\" class=\"swiper-slide-image\" src=\"https:\/\/maghreb-secours.ma\/wp-content\/uploads\/2024\/10\/5-700x990.jpg\" alt=\"5\" \/><\/figure><\/div><div class=\"swiper-slide\" role=\"group\" aria-roledescription=\"slide\" aria-label=\"8 de 14\"><figure class=\"swiper-slide-inner\"><img decoding=\"async\" class=\"swiper-slide-image\" src=\"https:\/\/maghreb-secours.ma\/wp-content\/uploads\/2024\/10\/99-700x990.jpeg\" alt=\"99\" \/><\/figure><\/div><div class=\"swiper-slide\" role=\"group\" aria-roledescription=\"slide\" aria-label=\"9 de 14\"><figure class=\"swiper-slide-inner\"><img decoding=\"async\" class=\"swiper-slide-image\" src=\"https:\/\/maghreb-secours.ma\/wp-content\/uploads\/2024\/10\/11-700x990.jpeg\" alt=\"11\" \/><\/figure><\/div><div class=\"swiper-slide\" role=\"group\" aria-roledescription=\"slide\" aria-label=\"10 de 14\"><figure class=\"swiper-slide-inner\"><img decoding=\"async\" class=\"swiper-slide-image\" src=\"https:\/\/maghreb-secours.ma\/wp-content\/uploads\/2024\/10\/88-700x990.jpeg\" alt=\"Processed with Lensa with Auto Adjustments\" \/><\/figure><\/div><div class=\"swiper-slide\" role=\"group\" aria-roledescription=\"slide\" aria-label=\"11 de 14\"><figure class=\"swiper-slide-inner\"><img decoding=\"async\" class=\"swiper-slide-image\" src=\"https:\/\/maghreb-secours.ma\/wp-content\/uploads\/2024\/10\/aziza-700x990.jpeg\" alt=\"aziza\" \/><\/figure><\/div><div class=\"swiper-slide\" role=\"group\" aria-roledescription=\"slide\" aria-label=\"12 de 14\"><figure class=\"swiper-slide-inner\"><img decoding=\"async\" class=\"swiper-slide-image\" src=\"https:\/\/maghreb-secours.ma\/wp-content\/uploads\/2024\/10\/3-700x990.jpg\" alt=\"3\" \/><\/figure><\/div><div class=\"swiper-slide\" role=\"group\" aria-roledescription=\"slide\" aria-label=\"13 de 14\"><figure class=\"swiper-slide-inner\"><img decoding=\"async\" class=\"swiper-slide-image\" src=\"https:\/\/maghreb-secours.ma\/wp-content\/uploads\/2024\/10\/oo-700x990.jpeg\" alt=\"oo\" \/><\/figure><\/div><div class=\"swiper-slide\" role=\"group\" aria-roledescription=\"slide\" aria-label=\"14 de 14\"><figure class=\"swiper-slide-inner\"><img decoding=\"async\" class=\"swiper-slide-image\" src=\"https:\/\/maghreb-secours.ma\/wp-content\/uploads\/2024\/10\/66-700x990.jpg\" alt=\"66\" \/><\/figure><\/div>\t\t\t<\/div>\n\t\t\t\t\t\t\t\t\t\t\t\t<div class=\"elementor-swiper-button elementor-swiper-button-prev\" role=\"button\" tabindex=\"0\">\n\t\t\t\t\t\t<svg aria-hidden=\"true\" class=\"e-font-icon-svg e-eicon-chevron-left\" viewbox=\"0 0 1000 1000\" xmlns=\"http:\/\/www.w3.org\/2000\/svg\"><path d=\"M646 125C629 125 613 133 604 142L308 442C296 454 292 471 292 487 292 504 296 521 308 533L604 854C617 867 629 875 646 875 663 875 679 871 692 858 704 846 713 829 713 812 713 796 708 779 692 767L438 487 692 225C700 217 708 204 708 187 708 171 704 154 692 142 675 129 663 125 646 125Z\"><\/path><\/svg>\t\t\t\t\t<\/div>\n\t\t\t\t\t<div class=\"elementor-swiper-button elementor-swiper-button-next\" role=\"button\" tabindex=\"0\">\n\t\t\t\t\t\t<svg aria-hidden=\"true\" class=\"e-font-icon-svg e-eicon-chevron-right\" viewbox=\"0 0 1000 1000\" xmlns=\"http:\/\/www.w3.org\/2000\/svg\"><path d=\"M696 533C708 521 713 504 713 487 713 471 708 454 696 446L400 146C388 133 375 125 354 125 338 125 325 129 313 142 300 154 292 171 292 187 292 204 296 221 308 233L563 492 304 771C292 783 288 800 288 817 288 833 296 850 308 863 321 871 338 875 354 875 371 875 388 867 400 854L696 533Z\"><\/path><\/svg>\t\t\t\t\t<\/div>\n\t\t\t\t\n\t\t\t\t\t\t\t\t\t<div class=\"swiper-pagination\"><\/div>\n\t\t\t\t\t\t\t\t\t<\/div>\n\t\t\t\t\t\t<\/div>\n\t\t\t\t<\/div>\n\t\t\t\t\t<\/div>\n\t\t\t\t<\/div>\n\t\t<div class=\"elementor-element elementor-element-c4822b4 e-flex e-con-boxed e-con e-parent\" data-id=\"c4822b4\" data-element_type=\"container\" data-e-type=\"container\">\n\t\t\t\t\t<div class=\"e-con-inner\">\n\t\t\t\t<div class=\"elementor-element elementor-element-8bdb839 elementor-widget elementor-widget-heading\" data-id=\"8bdb839\" data-element_type=\"widget\" data-e-type=\"widget\" data-widget_type=\"heading.default\">\n\t\t\t\t<div class=\"elementor-widget-container\">\n\t\t\t\t\t<h2 class=\"elementor-heading-title elementor-size-default\">Siga-nos nas nossas redes sociais<\/h2>\t\t\t\t<\/div>\n\t\t\t\t<\/div>\n\t\t\t\t\t<\/div>\n\t\t\t\t<\/div>\n\t\t<div class=\"elementor-element elementor-element-c167c13 e-flex e-con-boxed e-con e-parent\" data-id=\"c167c13\" data-element_type=\"container\" data-e-type=\"container\">\n\t\t\t\t\t<div class=\"e-con-inner\">\n\t\t\t\t<div class=\"elementor-element elementor-element-83dfc2e elementor-shape-rounded elementor-grid-0 e-grid-align-center elementor-widget elementor-widget-social-icons\" data-id=\"83dfc2e\" data-element_type=\"widget\" data-e-type=\"widget\" data-widget_type=\"social-icons.default\">\n\t\t\t\t<div class=\"elementor-widget-container\">\n\t\t\t\t\t\t\t<div class=\"elementor-social-icons-wrapper elementor-grid\" role=\"list\">\n\t\t\t\t\t\t\t<span class=\"elementor-grid-item\" role=\"listitem\">\n\t\t\t\t\t<a class=\"elementor-icon elementor-social-icon elementor-social-icon-facebook elementor-repeater-item-a92509d\" href=\"https:\/\/www.facebook.com\/AMSecours\" target=\"_blank\">\n\t\t\t\t\t\t<span class=\"elementor-screen-only\">Facebook<\/span>\n\t\t\t\t\t\t<svg aria-hidden=\"true\" class=\"e-font-icon-svg e-fab-facebook\" viewbox=\"0 0 512 512\" xmlns=\"http:\/\/www.w3.org\/2000\/svg\"><path d=\"M504 256C504 119 393 8 256 8S8 119 8 256c0 123.78 90.69 226.38 209.25 245V327.69h-63V256h63v-54.64c0-62.15 37-96.48 93.67-96.48 27.14 0 55.52 4.84 55.52 4.84v61h-31.28c-30.8 0-40.41 19.12-40.41 38.73V256h68.78l-11 71.69h-57.78V501C413.31 482.38 504 379.78 504 256z\"><\/path><\/svg>\t\t\t\t\t<\/a>\n\t\t\t\t<\/span>\n\t\t\t\t\t\t\t<span class=\"elementor-grid-item\" role=\"listitem\">\n\t\t\t\t\t<a class=\"elementor-icon elementor-social-icon elementor-social-icon-x-twitter elementor-repeater-item-d4df2df\" href=\"https:\/\/x.com\/home\" target=\"_blank\">\n\t\t\t\t\t\t<span class=\"elementor-screen-only\">X-twitter<\/span>\n\t\t\t\t\t\t<svg aria-hidden=\"true\" class=\"e-font-icon-svg e-fab-x-twitter\" viewbox=\"0 0 512 512\" xmlns=\"http:\/\/www.w3.org\/2000\/svg\"><path d=\"M389.2 48h70.6L305.6 224.2 487 464H345L233.7 318.6 106.5 464H35.8L200.7 275.5 26.8 48H172.4L272.9 180.9 389.2 48zM364.4 421.8h39.1L151.1 88h-42L364.4 421.8z\"><\/path><\/svg>\t\t\t\t\t<\/a>\n\t\t\t\t<\/span>\n\t\t\t\t\t\t\t<span class=\"elementor-grid-item\" role=\"listitem\">\n\t\t\t\t\t<a class=\"elementor-icon elementor-social-icon elementor-social-icon-youtube elementor-repeater-item-cd96df6\" href=\"https:\/\/www.youtube.com\/channel\/UCpQknn9Y3wCRwT5kFb2YaKw\" target=\"_blank\">\n\t\t\t\t\t\t<span class=\"elementor-screen-only\">YouTube<\/span>\n\t\t\t\t\t\t<svg aria-hidden=\"true\" class=\"e-font-icon-svg e-fab-youtube\" viewbox=\"0 0 576 512\" xmlns=\"http:\/\/www.w3.org\/2000\/svg\"><path d=\"M549.655 124.083c-6.281-23.65-24.787-42.276-48.284-48.597C458.781 64 288 64 288 64S117.22 64 74.629 75.486c-23.497 6.322-42.003 24.947-48.284 48.597-11.412 42.867-11.412 132.305-11.412 132.305s0 89.438 11.412 132.305c6.281 23.65 24.787 41.5 48.284 47.821C117.22 448 288 448 288 448s170.78 0 213.371-11.486c23.497-6.321 42.003-24.171 48.284-47.821 11.412-42.867 11.412-132.305 11.412-132.305s0-89.438-11.412-132.305zm-317.51 213.508V175.185l142.739 81.205-142.739 81.201z\"><\/path><\/svg>\t\t\t\t\t<\/a>\n\t\t\t\t<\/span>\n\t\t\t\t\t\t\t<span class=\"elementor-grid-item\" role=\"listitem\">\n\t\t\t\t\t<a class=\"elementor-icon elementor-social-icon elementor-social-icon-instagram elementor-repeater-item-dfe973d\" href=\"https:\/\/www.instagram.com\/amsecours10\/\" target=\"_blank\">\n\t\t\t\t\t\t<span class=\"elementor-screen-only\">Instagram<\/span>\n\t\t\t\t\t\t<svg aria-hidden=\"true\" class=\"e-font-icon-svg e-fab-instagram\" viewbox=\"0 0 448 512\" xmlns=\"http:\/\/www.w3.org\/2000\/svg\"><path d=\"M224.1 141c-63.6 0-114.9 51.3-114.9 114.9s51.3 114.9 114.9 114.9S339 319.5 339 255.9 287.7 141 224.1 141zm0 189.6c-41.1 0-74.7-33.5-74.7-74.7s33.5-74.7 74.7-74.7 74.7 33.5 74.7 74.7-33.6 74.7-74.7 74.7zm146.4-194.3c0 14.9-12 26.8-26.8 26.8-14.9 0-26.8-12-26.8-26.8s12-26.8 26.8-26.8 26.8 12 26.8 26.8zm76.1 27.2c-1.7-35.9-9.9-67.7-36.2-93.9-26.2-26.2-58-34.4-93.9-36.2-37-2.1-147.9-2.1-184.9 0-35.8 1.7-67.6 9.9-93.9 36.1s-34.4 58-36.2 93.9c-2.1 37-2.1 147.9 0 184.9 1.7 35.9 9.9 67.7 36.2 93.9s58 34.4 93.9 36.2c37 2.1 147.9 2.1 184.9 0 35.9-1.7 67.7-9.9 93.9-36.2 26.2-26.2 34.4-58 36.2-93.9 2.1-37 2.1-147.8 0-184.8zM398.8 388c-7.8 19.6-22.9 34.7-42.6 42.6-29.5 11.7-99.5 9-132.1 9s-102.7 2.6-132.1-9c-19.6-7.8-34.7-22.9-42.6-42.6-11.7-29.5-9-99.5-9-132.1s-2.6-102.7 9-132.1c7.8-19.6 22.9-34.7 42.6-42.6 29.5-11.7 99.5-9 132.1-9s102.7-2.6 132.1 9c19.6 7.8 34.7 22.9 42.6 42.6 11.7 29.5 9 99.5 9 132.1s2.7 102.7-9 132.1z\"><\/path><\/svg>\t\t\t\t\t<\/a>\n\t\t\t\t<\/span>\n\t\t\t\t\t<\/div>\n\t\t\t\t\t\t<\/div>\n\t\t\t\t<\/div>\n\t\t\t\t\t<\/div>\n\t\t\t\t<\/div>\n\t\t\t\t<\/div>","protected":false},"excerpt":{"rendered":"<p>Notre mission Depuis plus de dix ans,\u00a0Maghreb Secours\u00a0s\u2019affirme comme une association humanitaire engag\u00e9e au Maroc, d\u00e9termin\u00e9e \u00e0 \u00eatre un acteur du changement. Notre mission s\u2019articule autour de plusieurs axes\u202f:\u202faider les personnes d\u00e9munies, intervenir dans l\u2019urgence m\u00e9dicale, soutenir les jeunes marocains pour leur offrir une vision de leadership et contribuer activement au d\u00e9veloppement du Royaume et [&hellip;]<\/p>\n","protected":false},"author":1,"featured_media":0,"parent":0,"menu_order":0,"comment_status":"closed","ping_status":"closed","template":"","meta":{"footnotes":""},"class_list":["post-7668","page","type-page","status-publish","hentry"],"_links":{"self":[{"href":"https:\/\/maghreb-secours.ma\/pt\/wp-json\/wp\/v2\/pages\/7668","targetHints":{"allow":["GET"]}}],"collection":[{"href":"https:\/\/maghreb-secours.ma\/pt\/wp-json\/wp\/v2\/pages"}],"about":[{"href":"https:\/\/maghreb-secours.ma\/pt\/wp-json\/wp\/v2\/types\/page"}],"author":[{"embeddable":true,"href":"https:\/\/maghreb-secours.ma\/pt\/wp-json\/wp\/v2\/users\/1"}],"replies":[{"embeddable":true,"href":"https:\/\/maghreb-secours.ma\/pt\/wp-json\/wp\/v2\/comments?post=7668"}],"version-history":[{"count":5,"href":"https:\/\/maghreb-secours.ma\/pt\/wp-json\/wp\/v2\/pages\/7668\/revisions"}],"predecessor-version":[{"id":10144,"href":"https:\/\/maghreb-secours.ma\/pt\/wp-json\/wp\/v2\/pages\/7668\/revisions\/10144"}],"wp:attachment":[{"href":"https:\/\/maghreb-secours.ma\/pt\/wp-json\/wp\/v2\/media?parent=7668"}],"curies":[{"name":"wp","href":"https:\/\/api.w.org\/{rel}","templated":true}]}}