{"id":2721,"date":"2016-09-02T09:18:17","date_gmt":"2016-09-02T09:18:17","guid":{"rendered":"http:\/\/demo.goodlayers.com\/realfactory\/?page_id=2721"},"modified":"2023-03-21T14:59:03","modified_gmt":"2023-03-21T14:59:03","slug":"blog-2-columns","status":"publish","type":"page","link":"https:\/\/maghreb-secours.ma\/pt\/blog-2-columns\/","title":{"rendered":"A realidade da generosidade marroquina!"},"content":{"rendered":"<p>Dar Talib\/taliba de K\u00e9rouchen, a Associa\u00e7\u00e3o Maghreb Secours visita voc\u00eas regularmente com os bra\u00e7os cheios de doa\u00e7\u00f5es. Esfor\u00e7amo-nos para atender ao seu apelo, que nos comove profundamente a cada visita. Pensamos em voc\u00eas em suas montanhas, t\u00e3o frias no inverno e t\u00e3o quentes no ver\u00e3o. Trabalhamos incansavelmente para levar alegria e felicidade a voc\u00eas. Esta miss\u00e3o em pleno inverno foi dif\u00edcil, pois as estradas intransit\u00e1veis e perigosas exigem vigil\u00e2ncia constante. Partimos \u00e0s 5h da manh\u00e3 com carros e um caminh\u00e3o carregados de alimentos, cobertores, roupas novas e computadores. A necessidade de voc\u00eas \u00e9 grande, e o seu desejo, Sr. Diretor, de levar alegria aos seus alunos demonstra o quanto o senhor se dedica a esta tarefa. A organiza\u00e7\u00e3o que criamos \u00e9 um testemunho da estrutura da nossa associa\u00e7\u00e3o e de que, h\u00e1 quase uma d\u00e9cada, temos evolu\u00eddo constantemente para melhor servir aqueles que vivem em situa\u00e7\u00f5es prec\u00e1rias.<\/p>\n<p>Nossa equipe foi exemplar, demonstrando dedica\u00e7\u00e3o extraordin\u00e1ria em tempo recorde. O Sr. Yahya El Baharaoui, Diretor de Miss\u00f5es de Distribui\u00e7\u00e3o, \u00e9 um coordenador que conhece bem o seu trabalho, mas, acima de tudo, possui uma coragem admir\u00e1vel. Agradecemos a todos os nossos doadores que contribu\u00edram para o trabalho da K\u00e9rouchen.<\/p>\n<p>Obrigado a todos aqueles que pensam nos pobres das \u00e1reas rurais do Marrocos.<\/p>\n<p>Que Deus te proteja e te conceda uma vida de felicidade e sa\u00fade!<\/p>\n<p>Al\u00e1, Al Watan, Al Malik<\/p>\n<p>&nbsp;<\/p>","protected":false},"excerpt":{"rendered":"<p>Dar Talib\/taliba de K\u00e9rouchen, l&#8217;Association Maghreb Secours a l&#8217;habitude de vous visiter avec les bras remplis de dons. Nous nous effor\u00e7ons de r\u00e9pondre \u00e0 votre appel qui nous bouleverse chaque fois. Nous pensons \u00e0 vous dans vos montagnes si froides l&#8217;hiver et si chaudes l&#8217;\u00e9t\u00e9. Nous travaillons d&#8217;arrache-pied pour vous donner de la joie et [&hellip;]<\/p>\n","protected":false},"author":1,"featured_media":0,"parent":0,"menu_order":0,"comment_status":"closed","ping_status":"closed","template":"","meta":{"footnotes":""},"class_list":["post-2721","page","type-page","status-publish","hentry"],"_links":{"self":[{"href":"https:\/\/maghreb-secours.ma\/pt\/wp-json\/wp\/v2\/pages\/2721","targetHints":{"allow":["GET"]}}],"collection":[{"href":"https:\/\/maghreb-secours.ma\/pt\/wp-json\/wp\/v2\/pages"}],"about":[{"href":"https:\/\/maghreb-secours.ma\/pt\/wp-json\/wp\/v2\/types\/page"}],"author":[{"embeddable":true,"href":"https:\/\/maghreb-secours.ma\/pt\/wp-json\/wp\/v2\/users\/1"}],"replies":[{"embeddable":true,"href":"https:\/\/maghreb-secours.ma\/pt\/wp-json\/wp\/v2\/comments?post=2721"}],"version-history":[{"count":3,"href":"https:\/\/maghreb-secours.ma\/pt\/wp-json\/wp\/v2\/pages\/2721\/revisions"}],"predecessor-version":[{"id":9132,"href":"https:\/\/maghreb-secours.ma\/pt\/wp-json\/wp\/v2\/pages\/2721\/revisions\/9132"}],"wp:attachment":[{"href":"https:\/\/maghreb-secours.ma\/pt\/wp-json\/wp\/v2\/media?parent=2721"}],"curies":[{"name":"wp","href":"https:\/\/api.w.org\/{rel}","templated":true}]}}