{"id":9767,"date":"2025-07-10T14:18:15","date_gmt":"2025-07-10T14:18:15","guid":{"rendered":"https:\/\/maghreb-secours.ma\/?page_id=9767"},"modified":"2025-09-30T08:03:10","modified_gmt":"2025-09-30T08:03:10","slug":"contact","status":"publish","type":"page","link":"https:\/\/maghreb-secours.ma\/ko\/contact\/","title":{"rendered":"\uc5f0\ub77d\ud558\ub2e4"},"content":{"rendered":"<div data-elementor-type=\"wp-page\" data-elementor-id=\"9767\" class=\"elementor elementor-9767\">\n\t\t\t\t<div class=\"elementor-element elementor-element-cd1c82e e-con-full e-flex e-con e-parent\" data-id=\"cd1c82e\" data-element_type=\"container\" data-e-type=\"container\">\n\t\t\t\t<div class=\"elementor-element elementor-element-6682f50 elementor-widget__width-inherit elementor-widget elementor-widget-image\" data-id=\"6682f50\" data-element_type=\"widget\" data-e-type=\"widget\" data-widget_type=\"image.default\">\n\t\t\t\t<div class=\"elementor-widget-container\">\n\t\t\t\t\t\t\t\t\t\t\t\t\t\t\t<img fetchpriority=\"high\" decoding=\"async\" width=\"1024\" height=\"640\" src=\"https:\/\/maghreb-secours.ma\/wp-content\/uploads\/2022\/07\/11-1024x640.png\" class=\"attachment-large size-large wp-image-8626\" alt=\"\" srcset=\"https:\/\/maghreb-secours.ma\/wp-content\/uploads\/2022\/07\/11-1024x640.png 1024w, https:\/\/maghreb-secours.ma\/wp-content\/uploads\/2022\/07\/11-300x188.png 300w, https:\/\/maghreb-secours.ma\/wp-content\/uploads\/2022\/07\/11-768x480.png 768w, https:\/\/maghreb-secours.ma\/wp-content\/uploads\/2022\/07\/11.png 1280w\" sizes=\"(max-width: 1024px) 100vw, 1024px\" \/>\t\t\t\t\t\t\t\t\t\t\t\t\t\t\t<\/div>\n\t\t\t\t<\/div>\n\t\t\t\t<\/div>\n\t\t<div class=\"elementor-element elementor-element-c95b5f2 e-flex e-con-boxed e-con e-parent\" data-id=\"c95b5f2\" data-element_type=\"container\" data-e-type=\"container\">\n\t\t\t\t\t<div class=\"e-con-inner\">\n\t\t\t\t<div class=\"elementor-element elementor-element-3e0cf8b elementor-widget elementor-widget-spacer\" data-id=\"3e0cf8b\" data-element_type=\"widget\" data-e-type=\"widget\" data-widget_type=\"spacer.default\">\n\t\t\t\t<div class=\"elementor-widget-container\">\n\t\t\t\t\t\t\t<div class=\"elementor-spacer\">\n\t\t\t<div class=\"elementor-spacer-inner\"><\/div>\n\t\t<\/div>\n\t\t\t\t\t\t<\/div>\n\t\t\t\t<\/div>\n\t\t\t\t\t<\/div>\n\t\t\t\t<\/div>\n\t\t<div class=\"elementor-element elementor-element-7b16db6 e-flex e-con-boxed e-con e-parent\" data-id=\"7b16db6\" data-element_type=\"container\" data-e-type=\"container\">\n\t\t\t\t\t<div class=\"e-con-inner\">\n\t\t\t\t<div class=\"elementor-element elementor-element-a07a38b elementor-widget elementor-widget-spacer\" data-id=\"a07a38b\" data-element_type=\"widget\" data-e-type=\"widget\" data-widget_type=\"spacer.default\">\n\t\t\t\t<div class=\"elementor-widget-container\">\n\t\t\t\t\t\t\t<div class=\"elementor-spacer\">\n\t\t\t<div class=\"elementor-spacer-inner\"><\/div>\n\t\t<\/div>\n\t\t\t\t\t\t<\/div>\n\t\t\t\t<\/div>\n\t\t\t\t\t<\/div>\n\t\t\t\t<\/div>\n\t\t<div class=\"elementor-element elementor-element-86db56e e-flex e-con-boxed e-con e-parent\" data-id=\"86db56e\" data-element_type=\"container\" data-e-type=\"container\">\n\t\t\t\t\t<div class=\"e-con-inner\">\n\t\t\t\t<div class=\"elementor-element elementor-element-01ffd37 elementor-widget elementor-widget-text-editor\" data-id=\"01ffd37\" data-element_type=\"widget\" data-e-type=\"widget\" data-widget_type=\"text-editor.default\">\n\t\t\t\t<div class=\"elementor-widget-container\">\n\t\t\t\t\t\t\t\t\t<div class=\"gdlr-core-pbf-element\"><div class=\"gdlr-core-title-item gdlr-core-item-pdb clearfix  gdlr-core-left-align gdlr-core-title-item-caption-bottom gdlr-core-item-pdlr\"><div class=\"gdlr-core-title-item-title-wrap\"><h3 class=\"gdlr-core-title-item-title gdlr-core-skin-title\">\uadf8\ub7f0\ub370<\/h3><\/div><\/div><\/div><div class=\"gdlr-core-pbf-element\"><div class=\"gdlr-core-text-box-item gdlr-core-item-pdlr gdlr-core-item-pdb gdlr-core-left-align\"><div class=\"gdlr-core-text-box-item-content\"><p><b>Maghreb Secours: \ucde8\uc57d\uacc4\uce35\uc758 \ubcf5\uc9c0\ub97c \uc704\ud55c \uae00\ub85c\ubc8c \uc57d\uc18d<\/b><\/p><p>\ub9c8\uadf8\ub808\ube0c \uc138\ucfe0\ub974(Maghreb Secours)\ub294 \uc124\ub9bd \uc774\ud6c4 \ubaa8\ub85c\ucf54\uc5d0\uc11c \uac00\uc7a5 \uc18c\uc678\ub41c \uacc4\uce35\uc744 \ub3d5\ub294 \ub370 \ud5cc\uc2e0\ud55c \uacf5\ub85c\ub97c \uc778\uc815\ubc1b\uc544 \uc654\uc2b5\ub2c8\ub2e4. 2024\ub144\uc5d0\ub294 \uc5ec\ub7ec \ud575\uc2ec \ubd84\uc57c\uc5d0\uc11c \ud544\uc218\uc801\uc778 \ud544\uc694\ub97c \ucda9\uc871\ud558\uae30 \uc704\ud55c \ub178\ub825\uc744 \ud655\ub300\ud560 \uc608\uc815\uc785\ub2c8\ub2e4.<\/p><p>\uc0c8\ub85c\uc6b4 \ubd80\uc11c \uc911\uc5d0\ub294\u00a0<b>\uc0dd\uba85\uc744 \uad6c\ud558\ub294 \uc758\ub8cc \ud65c\ub3d9<\/b>\u00a0\uc6b0\ub9ac \uc784\ubb34\uc758 \ud575\uc2ec\uc785\ub2c8\ub2e4. Maghreb Secours\ub294 \ud2b9\ud788 \uc2ec\uac01\ud55c \uc9c8\ubcd1\uc744 \uc553\uace0 \uc788\ub294 \uc5b4\ub9b0\uc774\uc758 \uacbd\uc6b0 \uae34\uae09 \uc218\uc220\uc744 \uc9c0\uc6d0\ud558\uc5ec \uac00\uc7a5 \ucde8\uc57d\ud55c \uc0ac\ub78c\ub4e4\uc5d0\uac8c \ud544\uc218\uc801\uc778 \uce58\ub8cc\uc5d0 \ub300\ud55c \uc811\uadfc\uc744 \ubcf4\uc7a5\ud569\ub2c8\ub2e4. \uc6b0\ub9ac\ub294 \ub610\ud55c \uc81c\uacf5\ud569\ub2c8\ub2e4\u00a0<b>\ubcf4\ucca0\ubb3c \ubc0f \uad50\uc815\uae30<\/b>\u00a0\uc7a5\uc560\uc778\ub4e4\uc5d0\uac8c \uc774\ub3d9\uc131\uacfc \uc790\ub9bd\uc2ec\uc744 \ub418\ucc3e\uc744 \uae30\ud68c\ub97c \uc81c\uacf5\ud569\ub2c8\ub2e4. \ubaa8\ub85c\ucf54 \uc815\ubd80\ub294 \uc0ac\ud68c\uc801 \uc18c\uc678 \uacc4\uce35\uc774\ub098 \uc790\uc6d0\uc774 \ubd80\uc871\ud55c \uc0ac\ub78c\ub4e4\uc744 \uc704\ud55c \ub3cc\ubd04 \uc815\ucc45\uc744 \uc2dc\ud589\ud558\uc5ec \ubcd1\uc6d0 \uc811\uadfc\uc131\uc744 \ubcf4\uc7a5\ud558\uace0 \uc788\uc74c\uc774 \ubd84\uba85\ud569\ub2c8\ub2e4. \uacf5\uacf5 \ubcf4\uac74 \uc11c\ube44\uc2a4\uc758 \uae09\uc99d\uc73c\ub85c \uc778\ud574 \uc2e0\uc18d\ud55c \uce58\ub8cc\uac00 \ud56d\uc0c1 \uac00\ub2a5\ud55c \uac83\uc740 \uc544\ub2d9\ub2c8\ub2e4. \ud658\uc790\ub4e4\uc740 \uac00\uc7a5 \uc2dc\uae09\ud55c \ubb38\uc81c\ub97c \ud574\uacb0\ud558\uae30 \uc704\ud574 \uc800\ud76c \ud611\ud68c\uc5d0 \uc5f0\ub77d\ud569\ub2c8\ub2e4.<\/p><p>\uc6b0\ub9ac \ud611\ud68c\ub294 \ub18d\ucd0c \uc9c0\uc5ed\uc758 \ubb3c \uc704\uae30\uc5d0 \uc9c1\uba74\ud558\uc5ec \uc801\uadf9\uc801\uc73c\ub85c \ucc38\uc5ec\ud558\uace0 \uc788\uc2b5\ub2c8\ub2e4.\u00a0<b>\uc2b9\uc778\ub41c \uc6b0\ubb3c \ud30c\uae30<\/b>\u00a0\uace0\ub9bd\ub41c \ub450\uc544\uc5d0\uc11c \uc2dd\uc218\uc5d0 \ub300\ud55c \uc9c0\uc18d \uac00\ub2a5\ud55c \uc811\uadfc\uc744 \ubcf4\uc7a5\ud569\ub2c8\ub2e4. \uc774\ub7ec\ud55c \uacc4\ud68d\uc740 \ub18d\ucd0c \ud0c8\ucd9c\uc744 \uc5b5\uc81c\ud558\uace0 \uc9c0\uc5ed \uac00\uc871\uc758 \uc548\uc815\uc801\uc778 \ub18d\uc5c5 \uc0dd\ud65c\uc744 \uc720\uc9c0\ud558\ub294 \ub370 \ub3c4\uc6c0\uc774 \ub429\ub2c8\ub2e4.<\/p><p>\ub9c8\uc9c0\ub9c9\uc73c\ub85c, Maghreb Secours\ub294 \uc80a\uc740\uc774\ub4e4\uc744 \uc9c0\ub3c4\ud558\ub294 \ub370 \uc911\uc694\ud55c \uc5ed\ud560\uc744 \ud569\ub2c8\ub2e4. \ud559\uc0dd\ub4e4\uc758 \uc778\uc2dd \ud504\ub85c\uadf8\ub7a8\uc744 \ud1b5\ud574 \uc6b0\ub9ac\ub294 \ud559\uc0dd\ub4e4\uc774 \ub2e4\uc74c\uc744 \ucd94\uad6c\ud558\ub3c4\ub85d \uad8c\uc7a5\ud569\ub2c8\ub2e4.\u00a0<b>\ubaa8\ub85c\ucf54\uc758 \uc804\ubb38 \uc9c1\uc5c5<\/b>, \uc774\ub97c \ud1b5\ud574 \uad6d\uac00\uc758 \uc0ac\ud68c \uacbd\uc81c\uc801 \ubc1c\uc804\uc744 \ucd09\uc9c4\ud569\ub2c8\ub2e4. \uc774\ub7ec\ud55c \ud589\ub3d9\uc744 \ud1b5\ud574 \uc6b0\ub9ac\ub294 \ud3ec\uc6a9\uc801\uc774\uace0 \ub2e8\uacb0\ub418\uba70 \ud0c4\ub825\uc801\uc778 \ubaa8\ub85c\ucf54\ub97c \uac74\uc124\ud558\uae30\ub97c \uc5f4\ub9dd\ud569\ub2c8\ub2e4.<\/p><p>\ud558\ub098\uc758 \uc544\ud504\ub9ac\uce74\uc758 \ubaa8\ub85c\ucf54, \ub9c8\uadf8\ub808\ube0c\ub97c \uc704\ud574 \ubaa8\ub450 \ud568\uaed8!<\/p><\/div><\/div><\/div>\t\t\t\t\t\t\t\t<\/div>\n\t\t\t\t<\/div>\n\t\t\t\t\t<\/div>\n\t\t\t\t<\/div>\n\t\t<div class=\"elementor-element elementor-element-c95f953 e-flex e-con-boxed e-con e-parent\" data-id=\"c95f953\" data-element_type=\"container\" data-e-type=\"container\">\n\t\t\t\t\t<div class=\"e-con-inner\">\n\t\t\t\t<div class=\"elementor-element elementor-element-a5ce447 elementor-widget elementor-widget-heading\" data-id=\"a5ce447\" data-element_type=\"widget\" data-e-type=\"widget\" data-widget_type=\"heading.default\">\n\t\t\t\t<div class=\"elementor-widget-container\">\n\t\t\t\t\t<h2 class=\"elementor-heading-title elementor-size-default\">\uc8fc\uc18c<\/h2>\t\t\t\t<\/div>\n\t\t\t\t<\/div>\n\t\t\t\t\t<\/div>\n\t\t\t\t<\/div>\n\t\t<div class=\"elementor-element elementor-element-079592d e-flex e-con-boxed e-con e-parent\" data-id=\"079592d\" data-element_type=\"container\" data-e-type=\"container\">\n\t\t\t\t\t<div class=\"e-con-inner\">\n\t\t\t\t<div class=\"elementor-element elementor-element-6a27919 elementor-icon-list--layout-traditional elementor-list-item-link-full_width elementor-widget elementor-widget-icon-list\" data-id=\"6a27919\" data-element_type=\"widget\" data-e-type=\"widget\" data-widget_type=\"icon-list.default\">\n\t\t\t\t<div class=\"elementor-widget-container\">\n\t\t\t\t\t\t\t<ul class=\"elementor-icon-list-items\">\n\t\t\t\t\t\t\t<li class=\"elementor-icon-list-item\">\n\t\t\t\t\t\t\t\t\t\t<span class=\"elementor-icon-list-text\">39, Rue Omar Slaoui 3\uce35 \uc0ac\ubb34\uc2e4 6<\/span>\n\t\t\t\t\t\t\t\t\t<\/li>\n\t\t\t\t\t\t\t\t<li class=\"elementor-icon-list-item\">\n\t\t\t\t\t\t\t\t\t\t<span class=\"elementor-icon-list-text\">20140 \uce74\uc0ac\ube14\ub791\uce74<\/span>\n\t\t\t\t\t\t\t\t\t<\/li>\n\t\t\t\t\t\t\t\t<li class=\"elementor-icon-list-item\">\n\t\t\t\t\t\t\t\t\t\t<span class=\"elementor-icon-list-text\">Presidente@maghreb-secours.com<\/span>\n\t\t\t\t\t\t\t\t\t<\/li>\n\t\t\t\t\t\t\t\t<li class=\"elementor-icon-list-item\">\n\t\t\t\t\t\t\t\t\t\t<span class=\"elementor-icon-list-text\">0522274264<\/span>\n\t\t\t\t\t\t\t\t\t<\/li>\n\t\t\t\t\t\t<\/ul>\n\t\t\t\t\t\t<\/div>\n\t\t\t\t<\/div>\n\t\t\t\t\t<\/div>\n\t\t\t\t<\/div>\n\t\t<div class=\"elementor-element elementor-element-12f6861 e-flex e-con-boxed e-con e-parent\" data-id=\"12f6861\" data-element_type=\"container\" data-e-type=\"container\">\n\t\t\t\t\t<div class=\"e-con-inner\">\n\t\t\t\t<div class=\"elementor-element elementor-element-381643b elementor-widget elementor-widget-spacer\" data-id=\"381643b\" data-element_type=\"widget\" data-e-type=\"widget\" data-widget_type=\"spacer.default\">\n\t\t\t\t<div class=\"elementor-widget-container\">\n\t\t\t\t\t\t\t<div class=\"elementor-spacer\">\n\t\t\t<div class=\"elementor-spacer-inner\"><\/div>\n\t\t<\/div>\n\t\t\t\t\t\t<\/div>\n\t\t\t\t<\/div>\n\t\t\t\t\t<\/div>\n\t\t\t\t<\/div>\n\t\t<div class=\"elementor-element elementor-element-ee3ec36 e-flex e-con-boxed e-con e-parent\" data-id=\"ee3ec36\" data-element_type=\"container\" data-e-type=\"container\">\n\t\t\t\t\t<div class=\"e-con-inner\">\n\t\t\t\t<div class=\"elementor-element elementor-element-f76350b elementor-widget elementor-widget-heading\" data-id=\"f76350b\" data-element_type=\"widget\" data-e-type=\"widget\" data-widget_type=\"heading.default\">\n\t\t\t\t<div class=\"elementor-widget-container\">\n\t\t\t\t\t<h2 class=\"elementor-heading-title elementor-size-default\">\uc18c\uc15c \ub124\ud2b8\uc6cc\ud06c\uc5d0\uc11c \uc6b0\ub9ac\ub97c \ud314\ub85c\uc6b0\ud558\uc138\uc694<\/h2>\t\t\t\t<\/div>\n\t\t\t\t<\/div>\n\t\t\t\t\t<\/div>\n\t\t\t\t<\/div>\n\t\t<div class=\"elementor-element elementor-element-533e0e4 e-flex e-con-boxed e-con e-parent\" data-id=\"533e0e4\" data-element_type=\"container\" data-e-type=\"container\">\n\t\t\t\t\t<div class=\"e-con-inner\">\n\t\t\t\t<div class=\"elementor-element elementor-element-e6ff20a elementor-shape-rounded elementor-grid-0 e-grid-align-center elementor-widget elementor-widget-social-icons\" data-id=\"e6ff20a\" data-element_type=\"widget\" data-e-type=\"widget\" data-widget_type=\"social-icons.default\">\n\t\t\t\t<div class=\"elementor-widget-container\">\n\t\t\t\t\t\t\t<div class=\"elementor-social-icons-wrapper elementor-grid\" role=\"list\">\n\t\t\t\t\t\t\t<span class=\"elementor-grid-item\" role=\"listitem\">\n\t\t\t\t\t<a class=\"elementor-icon elementor-social-icon elementor-social-icon-facebook elementor-repeater-item-a92509d\" href=\"https:\/\/www.facebook.com\/AMSecours\" target=\"_blank\">\n\t\t\t\t\t\t<span class=\"elementor-screen-only\">\ud398\uc774\uc2a4\ubd81<\/span>\n\t\t\t\t\t\t<svg aria-hidden=\"true\" class=\"e-font-icon-svg e-fab-facebook\" viewbox=\"0 0 512 512\" xmlns=\"http:\/\/www.w3.org\/2000\/svg\"><path d=\"M504 256C504 119 393 8 256 8S8 119 8 256c0 123.78 90.69 226.38 209.25 245V327.69h-63V256h63v-54.64c0-62.15 37-96.48 93.67-96.48 27.14 0 55.52 4.84 55.52 4.84v61h-31.28c-30.8 0-40.41 19.12-40.41 38.73V256h68.78l-11 71.69h-57.78V501C413.31 482.38 504 379.78 504 256z\"><\/path><\/svg>\t\t\t\t\t<\/a>\n\t\t\t\t<\/span>\n\t\t\t\t\t\t\t<span class=\"elementor-grid-item\" role=\"listitem\">\n\t\t\t\t\t<a class=\"elementor-icon elementor-social-icon elementor-social-icon-x-twitter elementor-repeater-item-d4df2df\" href=\"https:\/\/x.com\/Maghrebsecours1\" target=\"_blank\">\n\t\t\t\t\t\t<span class=\"elementor-screen-only\">X-\ud2b8\uc704\ud130<\/span>\n\t\t\t\t\t\t<svg aria-hidden=\"true\" class=\"e-font-icon-svg e-fab-x-twitter\" viewbox=\"0 0 512 512\" xmlns=\"http:\/\/www.w3.org\/2000\/svg\"><path d=\"M389.2 48h70.6L305.6 224.2 487 464H345L233.7 318.6 106.5 464H35.8L200.7 275.5 26.8 48H172.4L272.9 180.9 389.2 48zM364.4 421.8h39.1L151.1 88h-42L364.4 421.8z\"><\/path><\/svg>\t\t\t\t\t<\/a>\n\t\t\t\t<\/span>\n\t\t\t\t\t\t\t<span class=\"elementor-grid-item\" role=\"listitem\">\n\t\t\t\t\t<a class=\"elementor-icon elementor-social-icon elementor-social-icon-youtube elementor-repeater-item-cd96df6\" href=\"https:\/\/www.youtube.com\/channel\/UCpQknn9Y3wCRwT5kFb2YaKw\" target=\"_blank\">\n\t\t\t\t\t\t<span class=\"elementor-screen-only\">\uc720\ud29c\ube0c<\/span>\n\t\t\t\t\t\t<svg aria-hidden=\"true\" class=\"e-font-icon-svg e-fab-youtube\" viewbox=\"0 0 576 512\" xmlns=\"http:\/\/www.w3.org\/2000\/svg\"><path d=\"M549.655 124.083c-6.281-23.65-24.787-42.276-48.284-48.597C458.781 64 288 64 288 64S117.22 64 74.629 75.486c-23.497 6.322-42.003 24.947-48.284 48.597-11.412 42.867-11.412 132.305-11.412 132.305s0 89.438 11.412 132.305c6.281 23.65 24.787 41.5 48.284 47.821C117.22 448 288 448 288 448s170.78 0 213.371-11.486c23.497-6.321 42.003-24.171 48.284-47.821 11.412-42.867 11.412-132.305 11.412-132.305s0-89.438-11.412-132.305zm-317.51 213.508V175.185l142.739 81.205-142.739 81.201z\"><\/path><\/svg>\t\t\t\t\t<\/a>\n\t\t\t\t<\/span>\n\t\t\t\t\t\t\t<span class=\"elementor-grid-item\" role=\"listitem\">\n\t\t\t\t\t<a class=\"elementor-icon elementor-social-icon elementor-social-icon-instagram elementor-repeater-item-dfe973d\" href=\"https:\/\/www.instagram.com\/amsecours10\/\" target=\"_blank\">\n\t\t\t\t\t\t<span class=\"elementor-screen-only\">\uc778\uc2a4\ud0c0\uadf8\ub7a8<\/span>\n\t\t\t\t\t\t<svg aria-hidden=\"true\" class=\"e-font-icon-svg e-fab-instagram\" viewbox=\"0 0 448 512\" xmlns=\"http:\/\/www.w3.org\/2000\/svg\"><path d=\"M224.1 141c-63.6 0-114.9 51.3-114.9 114.9s51.3 114.9 114.9 114.9S339 319.5 339 255.9 287.7 141 224.1 141zm0 189.6c-41.1 0-74.7-33.5-74.7-74.7s33.5-74.7 74.7-74.7 74.7 33.5 74.7 74.7-33.6 74.7-74.7 74.7zm146.4-194.3c0 14.9-12 26.8-26.8 26.8-14.9 0-26.8-12-26.8-26.8s12-26.8 26.8-26.8 26.8 12 26.8 26.8zm76.1 27.2c-1.7-35.9-9.9-67.7-36.2-93.9-26.2-26.2-58-34.4-93.9-36.2-37-2.1-147.9-2.1-184.9 0-35.8 1.7-67.6 9.9-93.9 36.1s-34.4 58-36.2 93.9c-2.1 37-2.1 147.9 0 184.9 1.7 35.9 9.9 67.7 36.2 93.9s58 34.4 93.9 36.2c37 2.1 147.9 2.1 184.9 0 35.9-1.7 67.7-9.9 93.9-36.2 26.2-26.2 34.4-58 36.2-93.9 2.1-37 2.1-147.8 0-184.8zM398.8 388c-7.8 19.6-22.9 34.7-42.6 42.6-29.5 11.7-99.5 9-132.1 9s-102.7 2.6-132.1-9c-19.6-7.8-34.7-22.9-42.6-42.6-11.7-29.5-9-99.5-9-132.1s-2.6-102.7 9-132.1c7.8-19.6 22.9-34.7 42.6-42.6 29.5-11.7 99.5-9 132.1-9s102.7-2.6 132.1 9c19.6 7.8 34.7 22.9 42.6 42.6 11.7 29.5 9 99.5 9 132.1s2.7 102.7-9 132.1z\"><\/path><\/svg>\t\t\t\t\t<\/a>\n\t\t\t\t<\/span>\n\t\t\t\t\t<\/div>\n\t\t\t\t\t\t<\/div>\n\t\t\t\t<\/div>\n\t\t\t\t\t<\/div>\n\t\t\t\t<\/div>\n\t\t<div class=\"elementor-element elementor-element-2e91311 e-flex e-con-boxed e-con e-parent\" data-id=\"2e91311\" data-element_type=\"container\" data-e-type=\"container\">\n\t\t\t\t\t<div class=\"e-con-inner\">\n\t\t\t\t<div class=\"elementor-element elementor-element-6f95450 elementor-widget elementor-widget-spacer\" data-id=\"6f95450\" data-element_type=\"widget\" data-e-type=\"widget\" data-widget_type=\"spacer.default\">\n\t\t\t\t<div class=\"elementor-widget-container\">\n\t\t\t\t\t\t\t<div class=\"elementor-spacer\">\n\t\t\t<div class=\"elementor-spacer-inner\"><\/div>\n\t\t<\/div>\n\t\t\t\t\t\t<\/div>\n\t\t\t\t<\/div>\n\t\t\t\t\t<\/div>\n\t\t\t\t<\/div>\n\t\t<div class=\"elementor-element elementor-element-5908c4c e-flex e-con-boxed e-con e-parent\" data-id=\"5908c4c\" data-element_type=\"container\" data-e-type=\"container\">\n\t\t\t\t\t<div class=\"e-con-inner\">\n\t\t\t\t<div class=\"elementor-element elementor-element-79bb16c elementor-widget elementor-widget-google_maps\" data-id=\"79bb16c\" data-element_type=\"widget\" data-e-type=\"widget\" data-widget_type=\"google_maps.default\">\n\t\t\t\t<div class=\"elementor-widget-container\">\n\t\t\t\t\t\t\t<div class=\"elementor-custom-embed\">\n\t\t\t<iframe loading=\"lazy\"\n\t\t\t\t\tsrc=\"https:\/\/maps.google.com\/maps?q=39%20RUE%20OMAR%20SLAOUI%20CASABLANCA&#038;t=m&#038;z=14&#038;output=embed&#038;iwloc=near\"\n\t\t\t\t\ttitle=\"\uce74\uc0ac\ube14\ub791\uce74 \uc624\ub9c8\ub974 \uc2ac\ub77c\uc704 \uc2a4\ud2b8\ub9ac\ud2b8 39\ubc88\uc9c0\"\n\t\t\t\t\taria-label=\"\uce74\uc0ac\ube14\ub791\uce74 \uc624\ub9c8\ub974 \uc2ac\ub77c\uc704 \uc2a4\ud2b8\ub9ac\ud2b8 39\ubc88\uc9c0\"\n\t\t\t><\/iframe>\n\t\t<\/div>\n\t\t\t\t\t\t<\/div>\n\t\t\t\t<\/div>\n\t\t\t\t\t<\/div>\n\t\t\t\t<\/div>\n\t\t\t\t<\/div>","protected":false},"excerpt":{"rendered":"<p>A propros Maghreb Secours : Un Engagement Global pour le Bien-\u00catre des Populations Vuln\u00e9rables Depuis sa cr\u00e9ation, Maghreb Secours est une association reconnue pour son engagement en faveur des populations les plus d\u00e9munies au Maroc. En 2024, l\u2019association \u00e9largit ses actions pour r\u00e9pondre \u00e0 des besoins vitaux dans plusieurs domaines cl\u00e9s. Parmi les nouveaux d\u00e9partements,\u00a0les [&hellip;]<\/p>\n","protected":false},"author":1,"featured_media":0,"parent":0,"menu_order":0,"comment_status":"closed","ping_status":"closed","template":"","meta":{"footnotes":""},"class_list":["post-9767","page","type-page","status-publish","hentry"],"_links":{"self":[{"href":"https:\/\/maghreb-secours.ma\/ko\/wp-json\/wp\/v2\/pages\/9767","targetHints":{"allow":["GET"]}}],"collection":[{"href":"https:\/\/maghreb-secours.ma\/ko\/wp-json\/wp\/v2\/pages"}],"about":[{"href":"https:\/\/maghreb-secours.ma\/ko\/wp-json\/wp\/v2\/types\/page"}],"author":[{"embeddable":true,"href":"https:\/\/maghreb-secours.ma\/ko\/wp-json\/wp\/v2\/users\/1"}],"replies":[{"embeddable":true,"href":"https:\/\/maghreb-secours.ma\/ko\/wp-json\/wp\/v2\/comments?post=9767"}],"version-history":[{"count":5,"href":"https:\/\/maghreb-secours.ma\/ko\/wp-json\/wp\/v2\/pages\/9767\/revisions"}],"predecessor-version":[{"id":9823,"href":"https:\/\/maghreb-secours.ma\/ko\/wp-json\/wp\/v2\/pages\/9767\/revisions\/9823"}],"wp:attachment":[{"href":"https:\/\/maghreb-secours.ma\/ko\/wp-json\/wp\/v2\/media?parent=9767"}],"curies":[{"name":"\uc6cc\ub4dc\ud504\ub808\uc2a4","href":"https:\/\/api.w.org\/{rel}","templated":true}]}}