{"id":9563,"date":"2024-10-28T08:52:31","date_gmt":"2024-10-28T08:52:31","guid":{"rendered":"https:\/\/maghreb-secours.ma\/?page_id=9563"},"modified":"2025-12-26T13:47:54","modified_gmt":"2025-12-26T13:47:54","slug":"karam","status":"publish","type":"page","link":"https:\/\/maghreb-secours.ma\/ko\/karam\/","title":{"rendered":"\uce74\ub78c"},"content":{"rendered":"<div data-elementor-type=\"wp-page\" data-elementor-id=\"9563\" class=\"elementor elementor-9563\">\n\t\t\t\t<div class=\"elementor-element elementor-element-393d4d9 e-flex e-con-boxed e-con e-parent\" data-id=\"393d4d9\" data-element_type=\"container\" data-e-type=\"container\">\n\t\t\t\t\t<div class=\"e-con-inner\">\n\t\t\t\t<div class=\"elementor-element elementor-element-8f3b77c elementor-widget elementor-widget-image\" data-id=\"8f3b77c\" data-element_type=\"widget\" data-e-type=\"widget\" data-widget_type=\"image.default\">\n\t\t\t\t<div class=\"elementor-widget-container\">\n\t\t\t\t\t\t\t\t\t\t\t\t\t\t\t<img fetchpriority=\"high\" decoding=\"async\" width=\"1024\" height=\"906\" src=\"https:\/\/maghreb-secours.ma\/wp-content\/uploads\/2022\/07\/vector-1024x906.png\" class=\"attachment-large size-large wp-image-8974\" alt=\"\" srcset=\"https:\/\/maghreb-secours.ma\/wp-content\/uploads\/2022\/07\/vector-1024x906.png 1024w, https:\/\/maghreb-secours.ma\/wp-content\/uploads\/2022\/07\/vector-300x265.png 300w, https:\/\/maghreb-secours.ma\/wp-content\/uploads\/2022\/07\/vector-768x679.png 768w, https:\/\/maghreb-secours.ma\/wp-content\/uploads\/2022\/07\/vector-1536x1359.png 1536w, https:\/\/maghreb-secours.ma\/wp-content\/uploads\/2022\/07\/vector-2048x1811.png 2048w, https:\/\/maghreb-secours.ma\/wp-content\/uploads\/2022\/07\/vector-14x12.png 14w, https:\/\/maghreb-secours.ma\/wp-content\/uploads\/2022\/07\/vector-1320x1167.png 1320w\" sizes=\"(max-width: 1024px) 100vw, 1024px\" \/>\t\t\t\t\t\t\t\t\t\t\t\t\t\t\t<\/div>\n\t\t\t\t<\/div>\n\t\t\t\t\t<\/div>\n\t\t\t\t<\/div>\n\t\t<div class=\"elementor-element elementor-element-3860280 e-flex e-con-boxed e-con e-parent\" data-id=\"3860280\" data-element_type=\"container\" data-e-type=\"container\">\n\t\t\t\t\t<div class=\"e-con-inner\">\n\t\t\t\t<div class=\"elementor-element elementor-element-08cc277 elementor-widget elementor-widget-spacer\" data-id=\"08cc277\" data-element_type=\"widget\" data-e-type=\"widget\" data-widget_type=\"spacer.default\">\n\t\t\t\t<div class=\"elementor-widget-container\">\n\t\t\t\t\t\t\t<div class=\"elementor-spacer\">\n\t\t\t<div class=\"elementor-spacer-inner\"><\/div>\n\t\t<\/div>\n\t\t\t\t\t\t<\/div>\n\t\t\t\t<\/div>\n\t\t\t\t\t<\/div>\n\t\t\t\t<\/div>\n\t\t<div class=\"elementor-element elementor-element-fd02ea5 e-flex e-con-boxed e-con e-parent\" data-id=\"fd02ea5\" data-element_type=\"container\" data-e-type=\"container\">\n\t\t\t\t\t<div class=\"e-con-inner\">\n\t\t\t\t<div class=\"elementor-element elementor-element-dd4edcf elementor-widget elementor-widget-text-editor\" data-id=\"dd4edcf\" data-element_type=\"widget\" data-e-type=\"widget\" data-widget_type=\"text-editor.default\">\n\t\t\t\t<div class=\"elementor-widget-container\">\n\t\t\t\t\t\t\t\t\t<p><strong>\uc560\ud50c\ub9ac\ucf00\uc774\uc158 \uc0b4\ud3b4\ubcf4\uae30 <a href=\"https:\/\/karam.ma\/\">\uce74\ub78c<\/a> : \uc778\ub3c4\uc8fc\uc758\uc801 \ud65c\ub3d9\uc744 \uc9c0\uc6d0\ud558\ub294 \ud601\uc2e0\uc801\uc778 \uc2dc\uc2a4\ud15c<\/strong><\/p><p>Maghreb Secours Association\uc740 \uc2e0\uccad\uc11c\ub97c \ubc1c\ud45c\ud558\uac8c \ub41c \uac83\uc744 \uc790\ub791\uc2a4\ub7fd\uac8c \uc0dd\uac01\ud569\ub2c8\ub2e4. <strong>\uce74\ub78c<\/strong>\ub294 \ud604\uc7ac \ud2b8\ub80c\ub4dc\uc758 \ud575\uc2ec\uc778 \ud06c\ub77c\uc6b0\ub4dc\ud380\ub529 \ubaa8\ub378\uc744 \uae30\ubc18\uc73c\ub85c \ud558\ub294 \ud601\uc2e0\uc801\uc778 \ubaa8\uae08 \uc194\ub8e8\uc158\uc785\ub2c8\ub2e4. \uc774 \ud601\uc2e0\uc801\uc778 \uc560\ud50c\ub9ac\ucf00\uc774\uc158\uc744 \ud1b5\ud574 \uc0ac\uc6a9\uc790\ub294 \uad11\uace0 \ucea1\uc290\uc744 \uc2dc\uccad\ud558\ub294 \uac83\ub9cc\uc73c\ub85c\ub3c4 \uc9c1\uc811 \ube44\uc6a9 \uc5c6\uc774 \uc778\ub3c4\uc8fc\uc758 \ud504\ub85c\uc81d\ud2b8\uc5d0 \uae30\uc5ec\ud560 \uc218 \uc788\uc2b5\ub2c8\ub2e4. \uac01 \uad11\uace0 \ucea1\uc290 \uc2dc\uccad\uc740 \uc790\uc120 \ub2e8\uccb4\uc758 \uc790\uc120 \ud65c\ub3d9\uc744 \uc704\ud55c \uae30\uae08\uc744 \uc870\uc131\ud558\uc5ec \ubaa8\ub4e0 \uc0ac\uc6a9\uc790\uac00 \uc5f0\ub300\uc758 \uc8fc\uccb4\uac00 \ub418\ub3c4\ub85d \ud569\ub2c8\ub2e4.<\/p><p>Karam \uc560\ud50c\ub9ac\ucf00\uc774\uc158\uc740 \uae30\ubd80\uc790\uac00 \uc778\ub3c4\uc8fc\uc758\uc801 \ub300\uc758\uc5d0 \uc801\uadf9\uc801\uc73c\ub85c \ucc38\uc5ec\ud558\uae30\ub97c \uc6d0\ud558\ub294 \uc2dc\ub300\uc758 \uc77c\ubd80\uc778 \uc0ac\ud68c \uc0ac\uc5c5\uc744 \uc704\ud55c \uc790\uae08 \uc870\ub2ec \ubc29\ubc95\uc758 \ubcc0\ud654\ub97c \uad6c\ud604\ud569\ub2c8\ub2e4. \uc774 \ud601\uc2e0\uc740 \ub610\ud55c \uc0ac\ud68c\uc801 \ucc45\uc784\uc744 \ucc44\ud0dd\ud568\uc73c\ub85c\uc368 \uc815\uccb4\uc131\uc744 \uac15\ud654\ud558\ub824\ub294 \uae30\uc5c5\uc758 \uc5f4\ub9dd\uc5d0 \ubd80\uc751\ud569\ub2c8\ub2e4. Karam\uacfc\uc758 \ud30c\ud2b8\ub108\uc2ed\uc744 \ud1b5\ud574 \ucc38\uc5ec \uae30\uc5c5\uc740 \uae0d\uc815\uc801\uc778 \uc601\ud5a5\uc73c\ub85c \uac00\uc2dc\uc131\uc744 \ud655\ubcf4\ud558\uace0 \uc9d1\ub2e8\uc801 \uc6f0\ube59\uc5d0 \ud5cc\uc2e0\ud558\ub294 \ud589\uc704\uc790\ub85c\uc11c\uc758 \uc774\ubbf8\uc9c0\ub97c \uac15\ud654\ud569\ub2c8\ub2e4.<\/p><p>\ub9c8\uadf8\ub808\ube0c \ubcf4\uc548 \ud611\ud68c\ub294 \uce74\ub78c\uc744 \ud1b5\ud574 \ubaa8\ub85c\ucf54\uc758 \ubc1c\uc804\uacfc \uc2e0\uae30\uc220\uc744 \ud1b5\ud55c \uc5f0\ub300 \uac15\ud654\uc5d0 \uc801\uadf9\uc801\uc73c\ub85c \uae30\uc5ec\ud558\uace0 \uc788\uc2b5\ub2c8\ub2e4. \uc774 \ub3c5\ud2b9\ud55c \ubaa8\uae08 \uc2dc\uc2a4\ud15c\uc740 \uc778\ub3c4\uc8fc\uc758 \ubd84\uc57c\uc5d0\uc11c \uc911\uc694\ud55c \uc774\uc815\ud45c\ub97c \uc138\uc6b0\uba70, \ubaa8\ub4e0 \uc0ac\ub78c\uc5d0\uac8c \uac04\ub2e8\ud558\uace0 \ud6a8\uacfc\uc801\uc73c\ub85c \ubcc0\ud654\ub97c \ub9cc\ub4e4\uc5b4\ub0bc \uc218 \uc788\ub294 \uae30\ud68c\ub97c \uc81c\uacf5\ud569\ub2c8\ub2e4. \uce74\ub78c \ub355\ubd84\uc5d0 \ub354\uc6b1 \ub2e8\uacb0\ub418\uace0 \ud3ec\uc6a9\uc801\uc778 \ubaa8\ub85c\ucf54\ub97c \ub9cc\ub4dc\ub294 \ub370 \ud568\uaed8 \uae30\uc5ec\ud569\uc2dc\ub2e4.<\/p><p>\u00a0<\/p>\t\t\t\t\t\t\t\t<\/div>\n\t\t\t\t<\/div>\n\t\t\t\t\t<\/div>\n\t\t\t\t<\/div>\n\t\t<div class=\"elementor-element elementor-element-0641153 e-flex e-con-boxed e-con e-parent\" data-id=\"0641153\" data-element_type=\"container\" data-e-type=\"container\">\n\t\t\t\t\t<div class=\"e-con-inner\">\n\t\t\t\t<div class=\"elementor-element elementor-element-93e6b2c elementor-widget elementor-widget-button\" data-id=\"93e6b2c\" data-element_type=\"widget\" data-e-type=\"widget\" data-widget_type=\"button.default\">\n\t\t\t\t<div class=\"elementor-widget-container\">\n\t\t\t\t\t\t\t\t\t<div class=\"elementor-button-wrapper\">\n\t\t\t\t\t<a class=\"elementor-button elementor-button-link elementor-size-sm\" href=\"https:\/\/play.google.com\/store\/apps\/details?id=com.yassirmss.karam\">\n\t\t\t\t\t\t<span class=\"elementor-button-content-wrapper\">\n\t\t\t\t\t\t\t\t\t<span class=\"elementor-button-text\">\uce74\ub78c \uc571\uc744 \ub2e4\uc6b4\ub85c\ub4dc\ud558\uc138\uc694<\/span>\n\t\t\t\t\t<\/span>\n\t\t\t\t\t<\/a>\n\t\t\t\t<\/div>\n\t\t\t\t\t\t\t\t<\/div>\n\t\t\t\t<\/div>\n\t\t\t\t\t<\/div>\n\t\t\t\t<\/div>\n\t\t\t\t<\/div>","protected":false},"excerpt":{"rendered":"<p>D\u00e9couvrez l\u2019Application Karam : Un Syst\u00e8me Innovant pour Soutenir les Actions Humanitaires L\u2019Association Maghreb Secours est fi\u00e8re de pr\u00e9senter l\u2019application Karam, une solution de collecte de fonds, r\u00e9volutionnaire qui repose sur un mod\u00e8le de financement au c\u0153ur des tendances actuelles : la publicit\u00e9 participative. Cette application novatrice permet aux utilisateurs de contribuer aux projets humanitaires [&hellip;]<\/p>\n","protected":false},"author":1,"featured_media":0,"parent":0,"menu_order":0,"comment_status":"closed","ping_status":"closed","template":"","meta":{"footnotes":""},"class_list":["post-9563","page","type-page","status-publish","hentry"],"_links":{"self":[{"href":"https:\/\/maghreb-secours.ma\/ko\/wp-json\/wp\/v2\/pages\/9563","targetHints":{"allow":["GET"]}}],"collection":[{"href":"https:\/\/maghreb-secours.ma\/ko\/wp-json\/wp\/v2\/pages"}],"about":[{"href":"https:\/\/maghreb-secours.ma\/ko\/wp-json\/wp\/v2\/types\/page"}],"author":[{"embeddable":true,"href":"https:\/\/maghreb-secours.ma\/ko\/wp-json\/wp\/v2\/users\/1"}],"replies":[{"embeddable":true,"href":"https:\/\/maghreb-secours.ma\/ko\/wp-json\/wp\/v2\/comments?post=9563"}],"version-history":[{"count":5,"href":"https:\/\/maghreb-secours.ma\/ko\/wp-json\/wp\/v2\/pages\/9563\/revisions"}],"predecessor-version":[{"id":10176,"href":"https:\/\/maghreb-secours.ma\/ko\/wp-json\/wp\/v2\/pages\/9563\/revisions\/10176"}],"wp:attachment":[{"href":"https:\/\/maghreb-secours.ma\/ko\/wp-json\/wp\/v2\/media?parent=9563"}],"curies":[{"name":"\uc6cc\ub4dc\ud504\ub808\uc2a4","href":"https:\/\/api.w.org\/{rel}","templated":true}]}}