{"id":9028,"date":"2024-01-22T14:46:57","date_gmt":"2024-01-22T14:46:57","guid":{"rendered":"https:\/\/maghreb-secours.ma\/?page_id=9028"},"modified":"2024-11-15T16:51:13","modified_gmt":"2024-11-15T16:51:13","slug":"apropos","status":"publish","type":"page","link":"https:\/\/maghreb-secours.ma\/ko\/apropos\/","title":{"rendered":"\uc5d0 \ub300\ud55c"},"content":{"rendered":"<p><strong>\ub9c8\uadf8\ub808\ube0c \ubcf4\uc548 \ud611\ud68c: \ubaa8\ub85c\ucf54 \uc778\ub3c4\uc8fc\uc758\uc801 \ud658\uacbd\uc5d0\uc11c \ud76c\ub9dd\uc758 \ub4f1\ub300<\/strong><\/p>\n<p>\ubaa8\ub85c\ucf54 \uc911\uc2ec\ubd80\uc5d0 \uc704\uce58\ud55c \ub9c8\uadf8\ub808\ube0c \uc138\ucfe0\ub974 \ud611\ud68c(Maghreb Secours Association)\ub294 \uac00\uc7a5 \uc18c\uc678\ub41c \uacc4\uce35\uc758 \uace0\ud1b5\uc744 \ub35c\uc5b4\uc8fc\uace0 \uc655\uad6d\uc758 \uac00\uc7a5 \uace0\ub9bd\ub41c \uc9c0\uc5ed\uc5d0\uc11c \uc0ac\ud68c \ubc1c\uc804\uc744 \ucd09\uc9c4\ud558\uae30 \uc704\ud574 \ub178\ub825\ud569\ub2c8\ub2e4. \uc120\uacac\uc9c0\uba85\uc774 \uc788\ub294 \ud30c\uc6b0\uc9c0\uc544 \ubc14\ub77c\uc288 \ubd80\uc2a4\ucf00(Faouzia Barache Bousquet)\uac00 \uc57d 10\ub144 \uc804 \uc124\ub9bd\ud55c \uc774 \ube44\uc815\ubd80\uae30\uad6c\ub294 \uad6d\uac00 \uc5f0\ub300\uc758 \ud575\uc2ec \uc8fc\uccb4\ub85c \uc790\ub9ac\ub9e4\uae40\ud588\uc2b5\ub2c8\ub2e4.<\/p>\n<p><strong>\uc5f0\ub300\uc640 \ubc1c\uc804\uc744 \ubc14\ud0d5\uc73c\ub85c \ud55c \uc0ac\uba85<\/strong><\/p>\n<p>\ub9c8\uadf8\ub808\ube0c \uc138\ucfe0\ub974 \ud611\ud68c\uc758 \uc8fc\uc694 \ubaa9\ud45c\ub294 \uc18c\uc678\ub418\uace0 \ucde8\uc57d\ud55c \uacc4\uce35\uc5d0\uac8c \uc2e4\uc9c8\uc801\uc778 \uc9c0\uc6d0\uc744 \uc81c\uacf5\ud558\ub294 \uac83\uc785\ub2c8\ub2e4. \uae34\uae09 \uc9c0\uc6d0, \uc7a5\uae30 \uac1c\ubc1c \ud504\ub85c\uadf8\ub7a8, \uc2ec\uc9c0\uc5b4 \uc6b0\ubb3c \ud30c\uae30\uae4c\uc9c0, \uac01 \uc0ac\uc5c5\uc740 \uc218\ud61c\uc790\ub4e4\uc5d0\uac8c \ub354 \ub098\uc740 \uc0b6\uc758 \uc9c8\uc744 \uc81c\uacf5\ud558\uae30 \uc704\ud574 \uc124\uacc4\ub418\uc5c8\uc2b5\ub2c8\ub2e4. \uc774 \ud611\ud68c\uc758 \uc0ac\uba85\uc740 \uc2dd\ub7c9 \uc9c0\uc6d0, \uc758\ub8cc \uc9c0\uc6d0, \uad50\uc721 \uc9c0\uc6d0, \uadf8\ub9ac\uace0 \uc9c0\uc5ed \uc0ac\ud68c \uac1c\ubc1c \ud504\ub85c\uadf8\ub7a8\uc774\ub77c\ub294 \uba87 \uac00\uc9c0 \uc804\ub7b5\uc801 \uc601\uc5ed\uc73c\ub85c \ub098\ub269\ub2c8\ub2e4.<\/p>\n<p><strong>\uc704\uae30\uc0c1\ud669 \ubc1c\uc0dd \uc2dc \uc2e0\uc18d\ud55c \ub300\uc751<\/strong><\/p>\n<p>\ud611\ud68c\ub294 \ucc98\uc74c\ubd80\ud130 \uc704\uae30 \uc0c1\ud669\uc5d0\uc11c \uc2e0\uc18d\ud55c \ub300\uc751\uc758 \uc911\uc694\uc131\uc744 \uc778\uc9c0\ud588\uc2b5\ub2c8\ub2e4. \uc804\ud1b5\uc801\uc778 \uc9c0\uc6d0 \ucc44\ub110\uc5d0\uc11c \uc885\uc885 \ucc28\ub2e8\ub418\uc5c8\ub358 \ub18d\ucd0c \uc9c0\uc5ed\uc5d0 \ubc30\ud3ec\ub418\ub294 \uc2dd\ub7c9 \ubc14\uad6c\ub2c8\ub294 \uc2dd\ub7c9 \uc548\ubcf4\ub97c \ud5a5\ud55c \uccab\uac78\uc74c\uc785\ub2c8\ub2e4. \ud558\uc9c0\ub9cc \ud611\ud68c\uc758 \ud5cc\uc2e0\uc740 \uc5ec\uae30\uc11c \ub05d\ub098\uc9c0 \uc54a\uc2b5\ub2c8\ub2e4. \uc77c\ubd80 \uc9c0\uc5ed\uc5d0\uc11c \uc758\ub8cc \uc11c\ube44\uc2a4 \uc811\uadfc\uc131\uc774 \uc81c\ud55c\uc801\uc778 \uc0c1\ud669\uc5d0\uc11c, \ub9c8\uadf8\ub808\ube0c \uc138\ucfe0\ub974\uc2a4\ub294 \uc751\uae09 \uc758\ub8cc \uac1c\uc785\uc744 \ud1b5\ud574 \uae30\ubcf8 \uce58\ub8cc\ubd80\ud130 \ubcf5\uc7a1\ud55c \uc678\uacfc \uc218\uc220\uae4c\uc9c0 \ub2e4\uc591\ud55c \uc2dc\uc220\uc744 \ud1b5\ud574 \uc0dd\uba85\uc744 \uad6c\ud574 \uc654\uc2b5\ub2c8\ub2e4.<\/p>\n<p><strong>\ubbf8\ub798\uc5d0 \ub300\ud55c \uc57d\uc18d<\/strong><\/p>\n<p>\ud30c\uc6b0\uc9c0\uc544 \ubc14\ub77c\uc288 \ubd80\uc2a4\ucf00\uc758 \ub9ac\ub354\uc2ed \uc544\ub798, \ud611\ud68c\ub294 \uc7ac\uc815 \uc9c0\uc6d0 \ubc0f \uc0ac\uc5c5 \ud655\uc7a5\uc744 \uc704\ud55c \ud601\uc2e0\uc801\uc778 \ubc29\uc548\uc744 \uc9c0\uc18d\uc801\uc73c\ub85c \ubaa8\uc0c9\ud558\uace0 \uc788\uc2b5\ub2c8\ub2e4. \ucd5c\uadfc \uc0ac\ub840\ub85c\ub294 \uc778\ub3c4\uc8fc\uc758\uc801 \ud65c\ub3d9\uc744 \uad11\uace0 \uc218\uc775\uacfc \uc5f0\uacb0\ud574 \uc8fc\ub294 &quot;KARAM&quot; \ubaa8\ubc14\uc77c \uc560\ud50c\ub9ac\ucf00\uc774\uc158\uc774 \uc788\uc2b5\ub2c8\ub2e4. \uc774 \ud601\uc2e0\uc801\uc778 \uc790\uae08 \uc870\ub2ec \ubaa8\ub378\uc740 \ud611\ud68c\uc758 \uc0ac\uba85\uc744 \uc9c0\uc6d0\ud558\ub294 \uc815\uae30\uc801\uc778 \uc218\uc785\uc6d0\uc744 \uc81c\uacf5\ud558\ub294 \ub3d9\uc2dc\uc5d0 \ud30c\ud2b8\ub108 \uae30\uc5c5\ub4e4\uc5d0\uac8c\ub3c4 \uc778\uc9c0\ub3c4\ub97c \ub192\uc5ec\uc90d\ub2c8\ub2e4.<\/p>\n<p><strong>\uc804\ub7b5\uc801 \ud611\ub825 \ubc0f \ud30c\ud2b8\ub108\uc2ed<\/strong><\/p>\n<p>\ub9c8\uadf8\ub808\ube0c \ubcf4\uc548 \ud611\ud68c\uc758 \uc131\uacf5\uc740 \uc9c0\ubc29 \ub2f9\uad6d, \uad6d\uac00 \uae30\uad00, \uadf8\ub9ac\uace0 \uae30\ud0c0 NGO\ub4e4\uacfc\uc758 \uae34\ubc00\ud55c \ud611\ub825\uc758 \uacb0\uacfc\uc774\uae30\ub3c4 \ud569\ub2c8\ub2e4. \uc774\ub7ec\ud55c \ud30c\ud2b8\ub108\uc2ed\uc744 \ud1b5\ud574 \ub354\uc6b1 \ud6a8\uacfc\uc801\uc778 \ud65c\ub3d9 \uc870\uc728\uacfc \uac00\uc6a9 \uc790\uc6d0\uc758 \uadf9\ub300\ud654\uac00 \uac00\ub2a5\ud574\uc9c0\uba70, \uc774\ub294 \ud604\uc7a5\uc5d0\uc11c \ud504\ub85c\uadf8\ub7a8\uc758 \ud6a8\uacfc\ub97c \uadf9\ub300\ud654\ud558\ub294 \ub370 \ud544\uc218\uc801\uc785\ub2c8\ub2e4.<\/p>\n<p><strong>\ubbf8\ub798\ub294 \ubc1d\ub2e4<\/strong><\/p>\n<p>\ub9c8\uadf8\ub808\ube0c \ubcf4\uc548 \ud611\ud68c\ub294 \ud604\uc7ac \uc9c4\ud589 \uc911\uc774\uac70\ub098 \uc608\uc815\ub41c \uc218\ub9ce\uc740 \ud504\ub85c\uc81d\ud2b8\ub97c \ud1b5\ud574 \ud601\uc2e0\uacfc \uacf5\uac10\uc758 \uae38\uc744 \ub04a\uc784\uc5c6\uc774 \uac1c\ucc99\ud574 \ub098\uac00\uace0 \uc788\uc2b5\ub2c8\ub2e4. \ub3c4\uc2dc \ucc44\uc18c\ubc2d \uac1c\ubc1c\uacfc \uc80a\uc740 \uae30\uc5c5\uac00 \uad50\uc721 \uc81c\uacf5\uc740 \ud611\ud68c\uac00 \ub04a\uc784\uc5c6\ub294 \ub3c4\uc804\uc5d0 \uc801\uadf9\uc801\uc73c\ub85c \ub300\ucc98\ud558\uace0 \uc788\uc74c\uc744 \ubcf4\uc5ec\uc90d\ub2c8\ub2e4. \uc774\ub294 \ubaa8\ub85c\ucf54 \uc815\ubd80\uc758 \uc9c0\uc6d0\uc774 \uc788\uc5b4\uc57c\ub9cc \uc2e4\ud604 \uac00\ub2a5\ud55c \uafc8\uc785\ub2c8\ub2e4.<\/p>\n<p>\ub9c8\uadf8\ub808\ube0c \uc138\ucfe0\ub974 \ud611\ud68c\uc758 \uc0ac\uba85\uc740 \ubd84\uba85\ud569\ub2c8\ub2e4. \uc989\uac01\uc801\uc778 \uc694\uad6c\uc5d0 \ub300\uc751\ud558\ub294 \uac83\ubfd0\ub9cc \uc544\ub2c8\ub77c, \ub354\uc6b1 \uacf5\ud3c9\ud558\uace0 \ub2e8\uacb0\ub41c \ubaa8\ub85c\ucf54\ub97c \ub9cc\ub4e4\uae30 \uc704\ud574 \ub178\ub825\ud558\ub294 \uac83\uc785\ub2c8\ub2e4. \ubd88\ud3c9\ub4f1\uc774 \uc2ec\ud654\ub418\ub294 \uc138\uc0c1\uc5d0\uc11c, \ub9c8\uadf8\ub808\ube0c \uc138\ucfe0\ub974 \ud611\ud68c\uc758 \ud65c\ub3d9\uc740 \uc655\uad6d \uc804\uccb4\uc5d0 \ubcc0\ud654\uc640 \uad00\uc6a9\uc744 \ubd88\uc5b4\ub123\ub294 \ub370 \uadf8 \uc5b4\ub290 \ub54c\ubcf4\ub2e4 \uc808\uc2e4\ud569\ub2c8\ub2e4.<\/p>\n<p>\ud30c\uc6b0\uc9c0\uc544 \ubc14\ub77c\uc288 \ubd80\uc2a4\ucf00\uc640 \uadf8\ub140\uc758 \ud300\uc758 \uc9c0\uc18d\uc801\uc778 \ud5cc\uc2e0\uc740 \uc5f0\ub300\uac00 \uc0b6\uc744 \ubcc0\ud654\uc2dc\ud0ac \uc218 \uc788\uace0, \ubaa8\ub4e0 \uc0ac\ub78c\uc774 \uc790\ub9ac\ub97c \uc7a1\uace0 \ubc88\uc601\ud560 \uae30\ud68c\ub97c \uac16\ub294 \uc0ac\ud68c\uc758 \uc724\uacfd\uc744 \ub2e4\uc2dc \uadf8\ub9b4 \uc218 \uc788\ub2e4\ub294 \uac15\ub825\ud55c \uc77c\uae68\uc6c0\uc785\ub2c8\ub2e4.<\/p>\n<p>\uc6b0\ub9ac\uc5d0\uac8c \ub9ce\uc740 \ub3c4\uc6c0\uacfc \uc9c0\uc6d0\uc744 \uc81c\uacf5\ud574 \uc8fc\uc2e0 \ub2f9\uad6d\uc5d0 \uac10\uc0ac\ub4dc\ub9bd\ub2c8\ub2e4.<\/p>\n<p><strong>Association Maghreb Secours \u2013 \ubaa8\ub85c\ucf54\uc758 \uc5f0\ub300\uc640 \uc778\ub3c4\uc8fc\uc758\uc801 \ucc38\uc5ec<\/strong><br \/>\n<strong><em>\uc18c\uac1c<\/em><\/strong><br \/>\n\ubaa8\ub85c\ucf54\uc758 \uc778\ub3c4\uc8fc\uc758 \ub2e8\uccb4\uc778 \ub9c8\uadf8\ub808\ube0c \uc138\ucfe0\ub974(Maghreb Secours) \uc6f9\uc0ac\uc774\ud2b8\uc5d0 \uc624\uc2e0 \uac83\uc744 \ud658\uc601\ud569\ub2c8\ub2e4. \ub9c8\uadf8\ub808\ube0c \uc138\ucfe0\ub974\ub294 \uc18c\uc678 \uacc4\uce35\uc744 \uc704\ud55c \uc5f0\ub300\uc640 \ud5cc\uc2e0\uc5d0 \ud5cc\uc2e0\ud558\ub294 \ub2e8\uccb4\uc785\ub2c8\ub2e4. 2015\ub144\ubd80\ud130 \uc800\ud76c \ud65c\ub3d9\uc744 \uc774\ub04c\uc5b4 \uc628 \uae0d\uc815\uc801\uc778 \uc601\ud5a5\ub825, \uad6c\uccb4\uc801\uc778 \ud65c\ub3d9, \uadf8\ub9ac\uace0 \uc778\ub3c4\uc8fc\uc758\uc801 \ube44\uc804\uc744 \ud655\uc778\ud574 \ubcf4\uc138\uc694.<\/p>\n<div><span style=\"color: #000000; font-family: S\u00f6hne, ui-sans-serif, system-ui, -apple-system, Segoe UI, Roboto, Ubuntu, Cantarell, Noto Sans, sans-serif, Helvetica Neue, Arial, Apple Color Emoji, Segoe UI Emoji, Segoe UI Symbol, Noto Color Emoji;\"><br \/>\n<\/span><strong><em>Maghreb Secours \uc18c\uac1c \u2013 \ubaa8\ub85c\ucf54\uc758 \uc778\ub3c4\uc8fc\uc758\uc801 \ucc38\uc5ec<\/em><\/strong><br \/>\n2015\ub144\uc5d0 \uc124\ub9bd\ub41c \ub9c8\uadf8\ub808\ube0c \uc138\ucfe0\ub974(Maghreb Secours)\ub294 \ubaa8\ub85c\ucf54 \uc778\ub3c4\uc8fc\uc758 \ud65c\ub3d9\uc758 \ubca4\uce58\ub9c8\ud06c\uc785\ub2c8\ub2e4. \uc6b0\ub9ac\ub294 \uc0ac\ud68c\uc801\uc73c\ub85c \uc18c\uc678\ub41c \uc0ac\ub78c\ub4e4, \ubcd1\ub4e0 \uc0ac\ub78c\ub4e4, \uadf8\ub9ac\uace0 \uc790\uc5f0\uc7ac\ud574 \ud53c\ud574\uc790\ub4e4\uc758 \uc0b6\uc5d0 \ud070 \ubcc0\ud654\ub97c \uac00\uc838\uc624\uae30 \uc704\ud574 \ud5cc\uc2e0\ud558\uace0 \uc788\uc2b5\ub2c8\ub2e4. \uc6b0\ub9ac\uc758 \ud65c\ub3d9\uc740 2005\ub144\uc5d0 \uc2dc\uc791\ub41c \uc778\uac04\uac1c\ubc1c\uc774\ub2c8\uc154\ud2f0\ube0c(Human Development Initiative)\uc758 \uc77c\ud658\uc785\ub2c8\ub2e4.<\/div>\n<div><span style=\"color: #000000; font-family: S\u00f6hne, ui-sans-serif, system-ui, -apple-system, Segoe UI, Roboto, Ubuntu, Cantarell, Noto Sans, sans-serif, Helvetica Neue, Arial, Apple Color Emoji, Segoe UI Emoji, Segoe UI Symbol, Noto Color Emoji;\"><br \/>\n<\/span><strong><em>Our Anchorage \u2013 \ubaa8\ub85c\ucf54 \uc778\ub3c4\uc8fc\uc758 \ud611\ud68c<\/em><\/strong><br \/>\n\ubaa8\ub85c\ucf54\uc758 \uc778\ub3c4\uc8fc\uc758 \ub2e8\uccb4\ub85c\uc11c, \uc800\ud76c\uc758 \uc624\ub79c \uc5ed\uc0ac\uc640 \uba85\uc131\uc740 \ubaa9\ud45c \uc9c0\ud5a5\uc801\uc778 \ud65c\ub3d9\uc758 \uacb0\uacfc\uc785\ub2c8\ub2e4. \uc800\ud76c\ub294 \ud2b9\ud788 2023\ub144 9\uc6d4 \uc9c0\uc9c4 \ubc1c\uc0dd \uc2dc\uc640 \uac19\uc774 \uc704\uae30 \uc0c1\ud669\uc5d0 \uc2e0\uc18d\ud558\uac8c \ub300\uc751\ud558\uc5ec \ud53c\ud574 \uc8fc\ubbfc\ub4e4\uc744 \uc9c0\uc6d0\ud558\uae30 \uc704\ud55c \uc7ac\uc815 \uc790\uc6d0\uc744 \ub3d9\uc6d0\ud588\uc2b5\ub2c8\ub2e4.<br \/>\n<em>\uc778\ub3c4\uc8fc\uc758\uc801 \ud655\uc7a5 \u2013 \uc0ac\ud558\ub77c \uc774\ub0a8 \uc544\ud504\ub9ac\uce74 \ubc0f \uc2e0\uaddc \ud504\ub85c\uc81d\ud2b8<\/em><br \/>\n\ub9c8\uadf8\ub808\ube0c \uc138\ucfe0\ub974(Maghreb Secours)\ub294 \uc0ac\ud558\ub77c \uc774\ub0a8 \uc544\ud504\ub9ac\uce74 \uc9c0\uc5ed\uc5d0 \ucd08\uc810\uc744 \ub9de\ucdb0 \uad6d\uacbd \ub108\uba38\ub85c \uc778\ub3c4\uc8fc\uc758 \ud65c\ub3d9\uc744 \ud655\ub300\ud558\uace0 \uc788\uc2b5\ub2c8\ub2e4. \uc0c8\ub85c\uc6b4 \uc6b0\ubb3c \ud30c\uae30 \ubd80\uc11c\ub294 \ud2b9\ud788 \uc18c\uc678\ub41c \ub9c8\uc744\uc758 \ubb3c \uc811\uadfc\uc131 \ubb38\uc81c\ub97c \ud574\uacb0\ud558\ub294 \uac83\uc744 \ubaa9\ud45c\ub85c \ud569\ub2c8\ub2e4.<\/div>\n<div><span style=\"color: #000000; font-family: S\u00f6hne, ui-sans-serif, system-ui, -apple-system, Segoe UI, Roboto, Ubuntu, Cantarell, Noto Sans, sans-serif, Helvetica Neue, Arial, Apple Color Emoji, Segoe UI Emoji, Segoe UI Symbol, Noto Color Emoji;\"><br \/>\n<\/span><em>\uc5f0\ub300\ub97c \uc694\uccad\ud558\uc138\uc694 \u2013 \uc778\ub3c4\uc8fc\uc758\uc801 \ud65c\ub3d9\uc744 \uc9c0\uc6d0\ud558\uace0 \uc2e0\uccad\uc11c\ub97c \ub2e4\uc6b4\ub85c\ub4dc\ud558\uc138\uc694 <strong>\uce74\ub78c<\/strong> \uadf8\ub9ac\uace0 \uadf8\uc758 \uc0ac\uc774\ud2b8\ub97c \ubc29\ubb38\ud574\ubcf4\uc138\uc694\u00a0<a href=\"http:\/\/www.karam.ma\/\" target=\"_blank\" rel=\"noopener\" data-saferedirecturl=\"https:\/\/www.google.com\/url?q=http:\/\/www.karam.ma&amp;source=gmail&amp;ust=1706278749613000&amp;usg=AOvVaw1Ph1yAmIaSSy5rPcfmpDeU\">www.karam.ma<\/a><\/em><br \/>\n\ubaa8\ub85c\ucf54\uc5d0\uc11c \uc9c4\ud589\ub418\ub294 \uc800\ud76c\uc758 \uc778\ub3c4\uc8fc\uc758 \ud65c\ub3d9\uc744 \uc800\ud76c \uc6b4\ub3d9\uc5d0 \ub3d9\ucc38\ud558\uc5ec \uc9c0\uc6d0\ud574 \uc8fc\uc138\uc694. \uc5ec\ub7ec\ubd84\uc758 \uae30\ubd80\ub294 \uc800\ud76c \ud504\ub85c\uc81d\ud2b8\ub97c \uc9c0\uc18d\ud558\uace0, \uc601\ud5a5\ub825\uc744 \ud655\ub300\ud558\uba70, \uac00\uc7a5 \ud544\uc694\ud55c \uacf3\uc5d0 \uc9c0\uc6d0\uc744 \uc81c\uacf5\ud558\ub294 \ub370 \ub3c4\uc6c0\uc774 \ub420 \uac83\uc785\ub2c8\ub2e4. \ud568\uaed8 \ub354 \ub098\uc740 \ubbf8\ub798\ub97c \ub9cc\ub4e4\uc5b4 \uac11\uc2dc\ub2e4.<\/div>\n<div><span style=\"color: #000000; font-family: S\u00f6hne, ui-sans-serif, system-ui, -apple-system, Segoe UI, Roboto, Ubuntu, Cantarell, Noto Sans, sans-serif, Helvetica Neue, Arial, Apple Color Emoji, Segoe UI Emoji, Segoe UI Symbol, Noto Color Emoji;\"><br \/>\n<\/span><strong><em>\uc5f0\ub77d\ucc98 \u2013 \ud611\ud68c Maghreb Securs<\/em><\/strong><br \/>\n\uc800\ud76c\uc758 \ud65c\ub3d9\uacfc \ud504\ub85c\uc81d\ud2b8\uc5d0 \ub300\ud574 \uc790\uc138\ud788 \uc54c\uc544\ubcf4\uace0 \uc800\ud76c\uc758 \uc0ac\uba85\uc5d0 \uae30\uc5ec\ud558\uace0 \uc2f6\uc73c\uc2dc\ub2e4\uba74 \uc800\ud76c\uc5d0\uac8c \uc5f0\ub77d\ud574 \uc8fc\uc138\uc694. Maghreb Secours\ub294 \ubaa8\ub85c\ucf54 \uc778\ub3c4\uc8fc\uc758 \ubd84\uc57c\uc5d0\uc11c \uc2e0\ub8b0\ubc1b\ub294 \ub2e8\uccb4\ub85c \ub0a8\uc744 \uac83\uc744 \uc57d\uc18d\ub4dc\ub9bd\ub2c8\ub2e4.<br \/>\n\uc9c0\uc18d\uc801\uc778 \uc9c0\uc6d0\uc5d0 \uac10\uc0ac\ub4dc\ub9bd\ub2c8\ub2e4.<br \/>\n<span style=\"color: #000000; font-family: S\u00f6hne, ui-sans-serif, system-ui, -apple-system, Segoe UI, Roboto, Ubuntu, Cantarell, Noto Sans, sans-serif, Helvetica Neue, Arial, Apple Color Emoji, Segoe UI Emoji, Segoe UI Symbol, Noto Color Emoji;\"><br \/>\n\ucc3d\ub9bd\ud68c\uc7a5<\/span><\/div>\n<div><span style=\"color: #000000; font-family: S\u00f6hne, ui-sans-serif, system-ui, -apple-system, Segoe UI, Roboto, Ubuntu, Cantarell, Noto Sans, sans-serif, Helvetica Neue, Arial, Apple Color Emoji, Segoe UI Emoji, Segoe UI Symbol, Noto Color Emoji;\">\ud30c\uc6b0\uc9c0\uc544 \ubc14\ub77c\uc288 \ubd80\uc2a4\ucf00<br \/>\n<\/span><\/div>\n<p>&nbsp;<\/p>\n<div>\n<p><iframe title=\"\uc5f0\ub300\uac00 \uc0b4\uc544\ub098\ub294 \uacf3: \uc9c0\uc9c4 \uc774\ud6c4 \uc6b0\ub9ac\uc758 \ud5cc\uc2e0\" src=\"https:\/\/www.youtube.com\/embed\/OLiHpYA_xbA\" width=\"1280\" height=\"720\" frameborder=\"0\" allowfullscreen=\"allowfullscreen\"><\/iframe><\/p>\n<\/div>","protected":false},"excerpt":{"rendered":"<p>L&#8217;Association Maghreb Secours : Un Phare d&#8217;Espoir dans le Paysage Humanitaire Marocain En plein c\u0153ur du Maroc, l&#8217;Association Maghreb Secours d\u00e9ploie ses efforts pour all\u00e9ger les peines des plus d\u00e9munis et promouvoir le d\u00e9veloppement social dans les recoins les plus isol\u00e9s du royaume. Fond\u00e9e il y a pr\u00e8s de dix ans par la visionnaire Faouzia [&hellip;]<\/p>\n","protected":false},"author":1,"featured_media":0,"parent":0,"menu_order":0,"comment_status":"closed","ping_status":"closed","template":"","meta":{"footnotes":""},"class_list":["post-9028","page","type-page","status-publish","hentry"],"_links":{"self":[{"href":"https:\/\/maghreb-secours.ma\/ko\/wp-json\/wp\/v2\/pages\/9028","targetHints":{"allow":["GET"]}}],"collection":[{"href":"https:\/\/maghreb-secours.ma\/ko\/wp-json\/wp\/v2\/pages"}],"about":[{"href":"https:\/\/maghreb-secours.ma\/ko\/wp-json\/wp\/v2\/types\/page"}],"author":[{"embeddable":true,"href":"https:\/\/maghreb-secours.ma\/ko\/wp-json\/wp\/v2\/users\/1"}],"replies":[{"embeddable":true,"href":"https:\/\/maghreb-secours.ma\/ko\/wp-json\/wp\/v2\/comments?post=9028"}],"version-history":[{"count":6,"href":"https:\/\/maghreb-secours.ma\/ko\/wp-json\/wp\/v2\/pages\/9028\/revisions"}],"predecessor-version":[{"id":9688,"href":"https:\/\/maghreb-secours.ma\/ko\/wp-json\/wp\/v2\/pages\/9028\/revisions\/9688"}],"wp:attachment":[{"href":"https:\/\/maghreb-secours.ma\/ko\/wp-json\/wp\/v2\/media?parent=9028"}],"curies":[{"name":"\uc6cc\ub4dc\ud504\ub808\uc2a4","href":"https:\/\/api.w.org\/{rel}","templated":true}]}}