{"id":7800,"date":"2020-02-28T08:26:46","date_gmt":"2020-02-28T08:26:46","guid":{"rendered":"https:\/\/demo.goodlayers.com\/chariti\/demo1\/?page_id=7800"},"modified":"2024-01-30T14:30:32","modified_gmt":"2024-01-30T14:30:32","slug":"become-a-volunteer","status":"publish","type":"page","link":"https:\/\/maghreb-secours.ma\/ko\/become-a-volunteer\/","title":{"rendered":"\uc790\uc6d0\ubd09\uc0ac\uc790\uac00 \ub418\uc138\uc694"},"content":{"rendered":"<h1><strong>\ub9c8\uadf8\ub808\ube0c \ubcf4\uc548 \ud611\ud68c\uc5d0\uc11c \uc790\uc6d0\ubd09\uc0ac\uc790\uac00 \ub418\uae30: \uc5f0\ub300\uc640 \uc778\ub3c4\uc8fc\uc758\uc801 \ud5cc\uc2e0\uc758 \ud589\uc704<\/strong><\/h1>\n<p><em>\uc18c\uac1c<\/em><\/p>\n<p>\ub9c8\uadf8\ub808\ube0c \uc138\ucfe0\ub974(Maghreb Secours)\uac00 \uc124\ub9bd\ub41c \uc9c0 9\ub144 \ub3d9\uc548, \uc778\ub3c4\uc8fc\uc758\uc801 \uc0ac\uba85\uc5d0 \ub300\ud55c \ubcc0\ud568\uc5c6\ub294 \ud5cc\uc2e0\uc740 \uc774 \ub2e8\uccb4\uc758 \uae0d\uc815\uc801\uc778 \uc601\ud5a5\ub825\uc744 \ub4b7\ubc1b\uce68\ud558\ub294 \uae30\ub465\uc774 \ub418\uc5b4 \uc654\uc2b5\ub2c8\ub2e4. \uc624\ub298, \uc6b0\ub9ac\ub294 \uc5ec\ub7ec\ubd84\uc744 \uc790\uc6d0\ubd09\uc0ac\uc790\ub85c \ucd08\ub300\ud569\ub2c8\ub2e4. \uc5ec\ub7ec\ubd84\uc758 \ud5cc\uc2e0\uc740 \uc0ac\ud68c\uc801\uc73c\ub85c \uc18c\uc678\ub41c \uc0ac\ub78c\ub4e4, \uc9c8\ubcd1 \ud53c\ud574\uc790\ub4e4, \uadf8\ub9ac\uace0 \uc790\uc5f0\uc7ac\ud574\ub85c \uace0\ud1b5\ubc1b\ub294 \uc0ac\ub78c\ub4e4\uc758 \uc0b6\uc5d0 \ubcc0\ud654\ub97c \uac00\uc838\uc62c \uc218 \uc788\uc2b5\ub2c8\ub2e4.<\/p>\n<p><em>\ub9c8\uadf8\ub808\ube0c \uad6c\ud638: \ud76c\ub9dd\uc758 \ub4f1\ub300<\/em><\/p>\n<p>\ub9c8\uadf8\ub808\ube0c \ubcf4\uc548 \ud611\ud68c\ub294 \uc9c0\ub09c 10\ub144\uac04 \uc6b0\ub9ac \uc0ac\ud68c\uc758 \uac00\uc7a5 \ucde8\uc57d\ud55c \uacc4\uce35\uc744 \uc704\ud574 \ud5cc\uc2e0\ud574 \uc654\uc2b5\ub2c8\ub2e4. \uc790\uc6d0\ubd09\uc0ac\uc790\ub85c\uc11c \uc5ec\ub7ec\ubd84\uc740 \uad6d\uacbd\uc744 \ub118\uc5b4 \uc5f0\ub300\uc758 \ub0a0\uac1c\ub97c \ud3bc\uce58\ub294 \ub370 \uc911\uc694\ud55c \uc5f0\uacb0 \uace0\ub9ac\uac00 \ub420 \uac83\uc785\ub2c8\ub2e4. \uc5ec\ub7ec\ubd84\uc758 \uc778\ub3c4\uc8fc\uc758 \ud65c\ub3d9\uc740 \uac00\uc7a5 \ub3c4\uc6c0\uc774 \ud544\uc694\ud55c \uc0ac\ub78c\ub4e4\uc5d0\uac8c \ud76c\ub9dd\uc758 \uc6d0\ucc9c\uc774 \ub420 \uac83\uc785\ub2c8\ub2e4.<\/p>\n<p><em>\uccad\ub144\ub4e4\uc5d0\uac8c \ubcf4\ub0b4\ub294 \ubd80\ub984: \uad00\ub300\ud568\uc758 \uc758\ubb34<\/em><\/p>\n<p>\uc6b0\ub9ac \uc0ac\ud68c\uc758 \uc80a\uc740\uc774\ub4e4\uc5d0\uac8c \uc9c4\uc2ec\uc73c\ub85c \ud638\uc18c\ud569\ub2c8\ub2e4. \uc778\ub3c4\uc8fc\uc758 \ud65c\ub3d9\uc5d0 \ucc38\uc5ec\ud558\ub294 \uac83\uc740 \ub2e8\uc21c\ud55c \uc120\ud0dd\uc774 \uc544\ub2c8\ub77c, \uc6b0\ub9ac \uacf5\ub3d9\uccb4\uc5d0 \ub300\ud55c \uad00\ub300\ud568\uc758 \uc758\ubb34\uc785\ub2c8\ub2e4. \ub9c8\uadf8\ub808\ube0c \uc2dc\ucfe0\ub974(Maghreb Secours)\uc5d0 \uc801\uadf9\uc801\uc73c\ub85c \ucc38\uc5ec\ud568\uc73c\ub85c\uc368 \uc5ec\ub7ec\ubd84\uc740 \uc790\uc2e0\uc758 \uc5ed\ub7c9\uc744 \uac1c\ubc1c\ud560 \ubfd0\ub9cc \uc544\ub2c8\ub77c, \ud5cc\uc2e0\uc801\uc778 \uc80a\uc740\uc774\ub4e4\uc744 \uc815\uc758\ud558\ub294 \uacf5\uac10\uacfc \uc5f0\ub300\uc758 \uac00\uce58\ub97c \uad6c\ud604\ud558\uac8c \ub420 \uac83\uc785\ub2c8\ub2e4.<\/p>\n<p><em>\ud48d\uc694\ub85c\uc6b4 \uacbd\ud5d8<\/em><\/p>\n<p>\uc790\uc6d0\ubd09\uc0ac\uc790\uac00 \ub418\uba74 \uc758\ubbf8 \uc788\ub294 \ub9cc\ub0a8, \uc790\uadf9\uc801\uc778 \ub3c4\uc804, \uadf8\ub9ac\uace0 \uac00\uc7a5 \ub3c4\uc6c0\uc774 \ud544\uc694\ud55c \uc0ac\ub78c\ub4e4\uc744 \ub3d5\ub294 \ub370\uc11c \uc624\ub294 \uae4a\uc740 \ub9cc\uc871\uac10\uc774 \uc5b4\uc6b0\ub7ec\uc9c4 \ubcf4\ub78c \uc788\ub294 \uacbd\ud5d8\uc5d0 \ud479 \ube60\uc9c0\uac8c \ub420 \uac83\uc785\ub2c8\ub2e4. \ub9c8\uadf8\ub808\ube0c \uc138\ucfe0\ub974\uc2a4\ub294 \uac1c\uc778\uc758 \uc131\uc7a5\uacfc \uacf5\ub3d9\uccb4 \ubc1c\uc804\uc744 \uc704\ud55c \ud48d\uc694\ub85c\uc6b4 \ud1a0\ub300\ub97c \uc81c\uacf5\ud569\ub2c8\ub2e4.<\/p>\n<p><em>\uacb0\ub860<\/em><\/p>\n<p>\ub9c8\uadf8\ub808\ube0c \ubcf4\uc548 \ud611\ud68c(Maghreb Secours Association)\uc758 \uc790\uc6d0\ubd09\uc0ac\uc790\uac00 \ub41c\ub2e4\ub294 \uac83\uc740 \ub2e8\uc21c\ud55c \uc790\uc6d0\ubd09\uc0ac \ud589\uc704\ub97c \ub118\uc5b4, \uc774\ubbf8 10\ub144 \ub3d9\uc548 \uc774\uc5b4\uc838 \uc628 \uc5f0\ub300\uc758 \uc5ed\uc0ac\uc5d0 \ub3d9\ucc38\ud558\ub294 \uac83\uc744 \uc758\ubbf8\ud569\ub2c8\ub2e4. \ud568\uaed8 \uc774 10\ub144\uc744 \uc778\ub3c4\uc8fc\uc758\uc801 \uc11c\uc0ac\uc2dc\ub85c \ub9cc\ub4e4\uc5b4 \ub098\uac11\uc2dc\ub2e4. \ubaa8\ub4e0 \uc790\uc6d0\ubd09\uc0ac\uc790\uac00 \uac00\uc7a5 \ubd88\uc6b0\ud55c \uc774\uc6c3\uc744 \uc704\ud574 \uc78a\uc9c0 \ubabb\ud560 \ud55c \ud398\uc774\uc9c0\ub97c \uc368\ub0b4\ub824\uac08 \uac83\uc785\ub2c8\ub2e4.<\/p>\n<p>\uc5ec\ub7ec\ubd84\uc758 \ud5cc\uc2e0\uc740 \ub3c4\uc6c0\uc774 \ud544\uc694\ud55c \uc0ac\ub78c\ub4e4\uc758 \uc0b6\uc5d0 \ube5b\uc744 \ube44\ucd94\ub294 \ubd88\uaf43\uc785\ub2c8\ub2e4. \uc774 \uace0\uadc0\ud55c \uc5ec\uc815\uc5d0 \ud568\uaed8\ud574 \uc8fc\uc138\uc694. \ubaa8\ub4e0 \ud589\ub3d9\uc774 \uc18c\uc911\ud558\uba70, \ud568\uaed8 \uc5f0\ubbfc\uacfc \uad00\ub300\ud568\uc73c\ub85c \uac00\ub4dd \ucc2c \ubbf8\ub798\ub97c \ub9cc\ub4e4\uc5b4 \ub098\uac08 \uac83\uc785\ub2c8\ub2e4.<\/p>\n<p><iframe title=\"\uc778\ub3c4\uc8fc\uc758 \uc774\uc57c\uae30: \ubaa8\ub85c\ucf54 \uc9c0\uc9c4\uc5d0 \ub9de\uc11c\ub294 \ub9c8\uadf8\ub808\ube0c \uc601\uc6c5\ub4e4\uc758 \ub3c4\uc6c0\" src=\"https:\/\/www.youtube.com\/embed\/PU2r3rx3UTg\" width=\"949\" height=\"534\" frameborder=\"0\" allowfullscreen=\"allowfullscreen\"><\/iframe><\/p>","protected":false},"excerpt":{"rendered":"<p>Devenir Volontaire \u00e0 l&#8217;Association Maghreb Secours : Un Acte de Solidarit\u00e9 et d&#8217;Engagement Humanitaire Introduction Au fil des neuf ann\u00e9es d&#8217;existence de l&#8217;Association Maghreb Secours, le d\u00e9vouement in\u00e9branlable envers les causes humanitaires a \u00e9t\u00e9 le pilier sur lequel repose son impact positif. Aujourd&#8217;hui, nous vous convions \u00e0 rejoindre cette noble mission en tant que volontaires, [&hellip;]<\/p>\n","protected":false},"author":1,"featured_media":8648,"parent":0,"menu_order":0,"comment_status":"closed","ping_status":"closed","template":"","meta":{"footnotes":""},"class_list":["post-7800","page","type-page","status-publish","has-post-thumbnail","hentry"],"_links":{"self":[{"href":"https:\/\/maghreb-secours.ma\/ko\/wp-json\/wp\/v2\/pages\/7800","targetHints":{"allow":["GET"]}}],"collection":[{"href":"https:\/\/maghreb-secours.ma\/ko\/wp-json\/wp\/v2\/pages"}],"about":[{"href":"https:\/\/maghreb-secours.ma\/ko\/wp-json\/wp\/v2\/types\/page"}],"author":[{"embeddable":true,"href":"https:\/\/maghreb-secours.ma\/ko\/wp-json\/wp\/v2\/users\/1"}],"replies":[{"embeddable":true,"href":"https:\/\/maghreb-secours.ma\/ko\/wp-json\/wp\/v2\/comments?post=7800"}],"version-history":[{"count":5,"href":"https:\/\/maghreb-secours.ma\/ko\/wp-json\/wp\/v2\/pages\/7800\/revisions"}],"predecessor-version":[{"id":9462,"href":"https:\/\/maghreb-secours.ma\/ko\/wp-json\/wp\/v2\/pages\/7800\/revisions\/9462"}],"wp:featuredmedia":[{"embeddable":true,"href":"https:\/\/maghreb-secours.ma\/ko\/wp-json\/wp\/v2\/media\/8648"}],"wp:attachment":[{"href":"https:\/\/maghreb-secours.ma\/ko\/wp-json\/wp\/v2\/media?parent=7800"}],"curies":[{"name":"\uc6cc\ub4dc\ud504\ub808\uc2a4","href":"https:\/\/api.w.org\/{rel}","templated":true}]}}