{"id":2721,"date":"2016-09-02T09:18:17","date_gmt":"2016-09-02T09:18:17","guid":{"rendered":"http:\/\/demo.goodlayers.com\/realfactory\/?page_id=2721"},"modified":"2023-03-21T14:59:03","modified_gmt":"2023-03-21T14:59:03","slug":"blog-2-columns","status":"publish","type":"page","link":"https:\/\/maghreb-secours.ma\/ko\/blog-2-columns\/","title":{"rendered":"\ubaa8\ub85c\ucf54 \uc0ac\ub78c\ub4e4\uc758 \uad00\ub300\ud568\uc758 \ud604\uc2e4!"},"content":{"rendered":"<p>\ucf00\ub8e8\uccb8\uc758 \ub2e4\ub974 \ud0c8\ub9bd\/\ud0c8\ub9ac\ubc14, \ub9c8\uadf8\ub808\ube0c \uad6c\ud638 \ud611\ud68c\ub294 \uc815\uae30\uc801\uc73c\ub85c \uae30\ubd80 \ubb3c\ud488\uc744 \uac00\ub4dd \uc548\uace0 \uc5ec\ub7ec\ubd84\uc744 \ucc3e\uc544\ubd59\uc2b5\ub2c8\ub2e4. \ub9e4\ubc88 \uae4a\uc740 \uac10\ub3d9\uc744 \uc8fc\ub294 \uc5ec\ub7ec\ubd84\uc758 \ud638\uc18c\uc5d0 \uc751\ub2f5\ud558\uae30 \uc704\ud574 \ucd5c\uc120\uc744 \ub2e4\ud558\uace0 \uc788\uc2b5\ub2c8\ub2e4. \uaca8\uc6b8\uc5d0\ub294 \ucda5\uace0 \uc5ec\ub984\uc5d0\ub294 \ub354\uc6b4 \uc0b0\uc18d\uc5d0\uc11c \uc5ec\ub7ec\ubd84\uc744 \uc0dd\uac01\ud558\uba70, \uc5ec\ub7ec\ubd84\uaed8 \uae30\uc068\uacfc \ud589\ubcf5\uc744 \uc804\ud558\uae30 \uc704\ud574 \ub04a\uc784\uc5c6\uc774 \ub178\ub825\ud558\uace0 \uc788\uc2b5\ub2c8\ub2e4. \ud55c\uaca8\uc6b8\uc5d0 \ub5a0\ub09c \uc774\ubc88 \ubc29\ubb38\uc740 \ud1b5\ud589\uc774 \ubd88\uac00\ub2a5\ud558\uace0 \uc704\ud5d8\ud55c \ub3c4\ub85c \ub54c\ubb38\uc5d0 \ub04a\uc784\uc5c6\ub294 \uacbd\uacc4\uac00 \ud544\uc694\ud558\uc5ec \uc27d\uc9c0 \uc54a\uc558\uc2b5\ub2c8\ub2e4. \uc0c8\ubcbd 5\uc2dc\uc5d0 \uc74c\uc2dd, \ub2f4\uc694, \uc0c8 \uc637, \ucef4\ud4e8\ud130\ub97c \uac00\ub4dd \uc2e4\uc740 \ucc28\ub7c9\uacfc \ud2b8\ub7ed\uc744 \ubab0\uace0 \ucd9c\ubc1c\ud588\uc2b5\ub2c8\ub2e4. \uc5ec\ub7ec\ubd84\uc758 \ud544\uc694\ub294 \ub9e4\uc6b0 \ud06c\uba70, \ud2b9\ud788 \ud559\uc0dd\ub4e4\uc5d0\uac8c \ud589\ubcf5\uc744 \uc804\ud558\uace0 \uc2f6\uc5b4 \ud558\uc2dc\ub294 \uc6d0\uc7a5\ub2d8\uc758 \ub9c8\uc74c\uc740 \uc774 \uc77c\uc5d0 \uc5bc\ub9c8\ub098 \ud5cc\uc2e0\uc801\uc778\uc9c0\ub97c \ubcf4\uc5ec\uc90d\ub2c8\ub2e4. \uc800\ud76c\uac00 \uc124\ub9bd\ud55c \uc870\uc9c1\uc740 \ud611\ud68c\uc758 \ud0c4\ud0c4\ud55c \uae30\ubc18\uc744 \ubcf4\uc5ec\uc8fc\ub294 \uc99d\uac70\uc774\uba70, \uac70\uc758 10\ub144 \ub3d9\uc548 \uc5b4\ub824\uc6b4 \ud658\uacbd\uc5d0 \ucc98\ud55c \uc0ac\ub78c\ub4e4\uc744 \ub354 \uc798 \ub3d5\uae30 \uc704\ud574 \ub04a\uc784\uc5c6\uc774 \ubc1c\uc804\ud574 \uc654\ub2e4\ub294 \uac83\uc744 \uc99d\uba85\ud569\ub2c8\ub2e4.<\/p>\n<p>\uc6b0\ub9ac \ud300\uc740 \ub180\ub77c\uc6b4 \ud5cc\uc2e0\uacfc \ub180\ub77c\uc6b4 \uc2dc\uac04\uc801 \uc5ec\uc720\ub97c \ubcf4\uc5ec\uc8fc\uba70 \ubaa8\ubc94\uc801\uc778 \ubaa8\uc2b5\uc744 \ubcf4\uc5ec\uc8fc\uc5c8\uc2b5\ub2c8\ub2e4. \ubc30\uc1a1 \uc784\ubb34 \ucc45\uc784\uc790\uc778 \uc57c\ud788\uc57c \uc5d8 \ubc14\ud558\ub77c\uc704 \uc528\ub294 \uc790\uc2e0\uc758 \uc5c5\ubb34\ub97c \uc798 \uc544\ub294 \uc870\uc815\uc790\uc77c \ubfd0\ub9cc \uc544\ub2c8\ub77c, \ubb34\uc5c7\ubcf4\ub2e4 \uc874\uacbd\ud560 \ub9cc\ud55c \uc6a9\uae30\ub97c \uc9c0\ub2cc \ubd84\uc785\ub2c8\ub2e4. \ucf00\ub8e8\uccb8\uc758 \ud65c\ub3d9\uc5d0 \uae30\uc5ec\ud574\uc8fc\uc2e0 \ubaa8\ub4e0 \uae30\ubd80\uc790\ubd84\ub4e4\uaed8 \uac10\uc0ac\ub4dc\ub9bd\ub2c8\ub2e4.<\/p>\n<p>\ubaa8\ub85c\ucf54 \ub18d\ucd0c \uc9c0\uc5ed\uc758 \uac00\ub09c\ud55c \uc0ac\ub78c\ub4e4\uc744 \uc0dd\uac01\ud574 \uc8fc\uc2dc\ub294 \ubaa8\ub4e0 \ubd84\ub4e4\uaed8 \uac10\uc0ac\ub4dc\ub9bd\ub2c8\ub2e4.<\/p>\n<p>\ud558\ub290\ub2d8\uaed8\uc11c \uc5ec\ub7ec\ubd84\uc744 \ubcf4\ud638\ud558\uc2dc\uace0 \ud589\ubcf5\ud558\uace0 \uac74\uac15\ud55c \uc0b6\uc744 \uc8fc\uc2dc\uae30\ub97c \ubc14\ub78d\ub2c8\ub2e4!<\/p>\n<p>\uc54c\ub77c, \uc54c \uc640\ud0c4, \uc54c \ub9d0\ub9ac\ud06c<\/p>\n<p>&nbsp;<\/p>","protected":false},"excerpt":{"rendered":"<p>Dar Talib\/taliba de K\u00e9rouchen, l&#8217;Association Maghreb Secours a l&#8217;habitude de vous visiter avec les bras remplis de dons. Nous nous effor\u00e7ons de r\u00e9pondre \u00e0 votre appel qui nous bouleverse chaque fois. Nous pensons \u00e0 vous dans vos montagnes si froides l&#8217;hiver et si chaudes l&#8217;\u00e9t\u00e9. Nous travaillons d&#8217;arrache-pied pour vous donner de la joie et [&hellip;]<\/p>\n","protected":false},"author":1,"featured_media":0,"parent":0,"menu_order":0,"comment_status":"closed","ping_status":"closed","template":"","meta":{"footnotes":""},"class_list":["post-2721","page","type-page","status-publish","hentry"],"_links":{"self":[{"href":"https:\/\/maghreb-secours.ma\/ko\/wp-json\/wp\/v2\/pages\/2721","targetHints":{"allow":["GET"]}}],"collection":[{"href":"https:\/\/maghreb-secours.ma\/ko\/wp-json\/wp\/v2\/pages"}],"about":[{"href":"https:\/\/maghreb-secours.ma\/ko\/wp-json\/wp\/v2\/types\/page"}],"author":[{"embeddable":true,"href":"https:\/\/maghreb-secours.ma\/ko\/wp-json\/wp\/v2\/users\/1"}],"replies":[{"embeddable":true,"href":"https:\/\/maghreb-secours.ma\/ko\/wp-json\/wp\/v2\/comments?post=2721"}],"version-history":[{"count":3,"href":"https:\/\/maghreb-secours.ma\/ko\/wp-json\/wp\/v2\/pages\/2721\/revisions"}],"predecessor-version":[{"id":9132,"href":"https:\/\/maghreb-secours.ma\/ko\/wp-json\/wp\/v2\/pages\/2721\/revisions\/9132"}],"wp:attachment":[{"href":"https:\/\/maghreb-secours.ma\/ko\/wp-json\/wp\/v2\/media?parent=2721"}],"curies":[{"name":"\uc6cc\ub4dc\ud504\ub808\uc2a4","href":"https:\/\/api.w.org\/{rel}","templated":true}]}}