{"id":9563,"date":"2024-10-28T08:52:31","date_gmt":"2024-10-28T08:52:31","guid":{"rendered":"https:\/\/maghreb-secours.ma\/?page_id=9563"},"modified":"2025-12-26T13:47:54","modified_gmt":"2025-12-26T13:47:54","slug":"karam","status":"publish","type":"page","link":"https:\/\/maghreb-secours.ma\/ja\/karam\/","title":{"rendered":"\u30ab\u30e9\u30e0"},"content":{"rendered":"<div data-elementor-type=\"wp-page\" data-elementor-id=\"9563\" class=\"elementor elementor-9563\">\n\t\t\t\t<div class=\"elementor-element elementor-element-393d4d9 e-flex e-con-boxed e-con e-parent\" data-id=\"393d4d9\" data-element_type=\"container\" data-e-type=\"container\">\n\t\t\t\t\t<div class=\"e-con-inner\">\n\t\t\t\t<div class=\"elementor-element elementor-element-8f3b77c elementor-widget elementor-widget-image\" data-id=\"8f3b77c\" data-element_type=\"widget\" data-e-type=\"widget\" data-widget_type=\"image.default\">\n\t\t\t\t<div class=\"elementor-widget-container\">\n\t\t\t\t\t\t\t\t\t\t\t\t\t\t\t<img fetchpriority=\"high\" decoding=\"async\" width=\"1024\" height=\"906\" src=\"https:\/\/maghreb-secours.ma\/wp-content\/uploads\/2022\/07\/vector-1024x906.png\" class=\"attachment-large size-large wp-image-8974\" alt=\"\" srcset=\"https:\/\/maghreb-secours.ma\/wp-content\/uploads\/2022\/07\/vector-1024x906.png 1024w, https:\/\/maghreb-secours.ma\/wp-content\/uploads\/2022\/07\/vector-300x265.png 300w, https:\/\/maghreb-secours.ma\/wp-content\/uploads\/2022\/07\/vector-768x679.png 768w, https:\/\/maghreb-secours.ma\/wp-content\/uploads\/2022\/07\/vector-1536x1359.png 1536w, https:\/\/maghreb-secours.ma\/wp-content\/uploads\/2022\/07\/vector-2048x1811.png 2048w, https:\/\/maghreb-secours.ma\/wp-content\/uploads\/2022\/07\/vector-14x12.png 14w, https:\/\/maghreb-secours.ma\/wp-content\/uploads\/2022\/07\/vector-1320x1167.png 1320w\" sizes=\"(max-width: 1024px) 100vw, 1024px\" \/>\t\t\t\t\t\t\t\t\t\t\t\t\t\t\t<\/div>\n\t\t\t\t<\/div>\n\t\t\t\t\t<\/div>\n\t\t\t\t<\/div>\n\t\t<div class=\"elementor-element elementor-element-3860280 e-flex e-con-boxed e-con e-parent\" data-id=\"3860280\" data-element_type=\"container\" data-e-type=\"container\">\n\t\t\t\t\t<div class=\"e-con-inner\">\n\t\t\t\t<div class=\"elementor-element elementor-element-08cc277 elementor-widget elementor-widget-spacer\" data-id=\"08cc277\" data-element_type=\"widget\" data-e-type=\"widget\" data-widget_type=\"spacer.default\">\n\t\t\t\t<div class=\"elementor-widget-container\">\n\t\t\t\t\t\t\t<div class=\"elementor-spacer\">\n\t\t\t<div class=\"elementor-spacer-inner\"><\/div>\n\t\t<\/div>\n\t\t\t\t\t\t<\/div>\n\t\t\t\t<\/div>\n\t\t\t\t\t<\/div>\n\t\t\t\t<\/div>\n\t\t<div class=\"elementor-element elementor-element-fd02ea5 e-flex e-con-boxed e-con e-parent\" data-id=\"fd02ea5\" data-element_type=\"container\" data-e-type=\"container\">\n\t\t\t\t\t<div class=\"e-con-inner\">\n\t\t\t\t<div class=\"elementor-element elementor-element-dd4edcf elementor-widget elementor-widget-text-editor\" data-id=\"dd4edcf\" data-element_type=\"widget\" data-e-type=\"widget\" data-widget_type=\"text-editor.default\">\n\t\t\t\t<div class=\"elementor-widget-container\">\n\t\t\t\t\t\t\t\t\t<p><strong>\u30a2\u30d7\u30ea\u30b1\u30fc\u30b7\u30e7\u30f3\u3092\u767a\u898b\u3059\u308b <a href=\"https:\/\/karam.ma\/\">\u30ab\u30e9\u30e0<\/a> : \u4eba\u9053\u6d3b\u52d5\u3092\u652f\u63f4\u3059\u308b\u9769\u65b0\u7684\u306a\u30b7\u30b9\u30c6\u30e0<\/strong><\/p><p>\u30de\u30b0\u30ec\u30d6\u8a3c\u5238\u5354\u4f1a\u306f\u8a87\u308a\u3092\u6301\u3063\u3066\u3053\u306e\u30a2\u30d7\u30ea\u30b1\u30fc\u30b7\u30e7\u30f3\u3092\u7d39\u4ecb\u3057\u307e\u3059\u3002 <strong>\u30ab\u30e9\u30e0<\/strong>\u306f\u3001\u73fe\u4ee3\u306e\u30c8\u30ec\u30f3\u30c9\u306e\u4e2d\u5fc3\u306b\u3042\u308b\u8cc7\u91d1\u8abf\u9054\u30e2\u30c7\u30eb\u3001\u30af\u30e9\u30a6\u30c9\u30d5\u30a1\u30f3\u30c7\u30a3\u30f3\u30b0\u306b\u57fa\u3065\u3044\u305f\u9769\u65b0\u7684\u306a\u8cc7\u91d1\u8abf\u9054\u30bd\u30ea\u30e5\u30fc\u30b7\u30e7\u30f3\u3067\u3059\u3002\u3053\u306e\u9769\u65b0\u7684\u306a\u30a2\u30d7\u30ea\u30b1\u30fc\u30b7\u30e7\u30f3\u306f\u3001\u30e6\u30fc\u30b6\u30fc\u304c\u5e83\u544a\u30ab\u30d7\u30bb\u30eb\u3092\u8996\u8074\u3059\u308b\u3060\u3051\u3067\u3001\u76f4\u63a5\u7684\u306a\u8cbb\u7528\u3092\u304b\u3051\u305a\u306b\u4eba\u9053\u652f\u63f4\u30d7\u30ed\u30b8\u30a7\u30af\u30c8\u306b\u8ca2\u732e\u3059\u308b\u3053\u3068\u3092\u53ef\u80fd\u306b\u3057\u307e\u3059\u3002\u8996\u8074\u3059\u308b\u305f\u3073\u306b\u6148\u5584\u56e3\u4f53\u306e\u6148\u5584\u6d3b\u52d5\u306e\u305f\u3081\u306e\u8cc7\u91d1\u304c\u751f\u6210\u3055\u308c\u308b\u305f\u3081\u3001\u30e6\u30fc\u30b6\u30fc\u4e00\u4eba\u3072\u3068\u308a\u304c\u9023\u5e2f\u611f\u3092\u6301\u3064\u30d7\u30ec\u30a4\u30e4\u30fc\u3068\u306a\u308a\u307e\u3059\u3002<\/p><p>\u30ab\u30e9\u30e0\u306e\u7533\u8acb\u306f\u3001\u793e\u4f1a\u4e8b\u696d\u3078\u306e\u8cc7\u91d1\u8abf\u9054\u65b9\u6cd5\u306e\u5909\u9769\u3092\u4f53\u73fe\u3057\u3066\u304a\u308a\u3001\u5bc4\u4ed8\u8005\u304c\u4eba\u9053\u7684\u5927\u7fa9\u3078\u306e\u7a4d\u6975\u7684\u306a\u53c2\u52a0\u3092\u671b\u3093\u3067\u3044\u308b\u6642\u4ee3\u306e\u5b8c\u5168\u306a\u4e00\u90e8\u3068\u306a\u3063\u3066\u3044\u308b\u3002\u3053\u306e\u30a4\u30ce\u30d9\u30fc\u30b7\u30e7\u30f3\u306f\u3001\u793e\u4f1a\u7684\u8cac\u4efb\u3092\u63a1\u7528\u3059\u308b\u3053\u3068\u3067\u30a2\u30a4\u30c7\u30f3\u30c6\u30a3\u30c6\u30a3\u3092\u5f37\u5316\u3057\u305f\u3044\u3068\u8003\u3048\u3066\u3044\u308b\u4f01\u696d\u306e\u8981\u671b\u306b\u3082\u5fdc\u3048\u307e\u3059\u3002\u30ab\u30e9\u30e0\u3068\u63d0\u643a\u3059\u308b\u3053\u3068\u3067\u3001\u53c2\u52a0\u4f01\u696d\u306f\u30d7\u30e9\u30b9\u306e\u5f71\u97ff\u3092\u3082\u305f\u3089\u3059\u77e5\u540d\u5ea6\u306e\u6069\u6075\u3092\u53d7\u3051\u3001\u96c6\u56e3\u306e\u5e78\u798f\u306b\u5c3d\u529b\u3059\u308b\u4e3b\u4f53\u3068\u3057\u3066\u306e\u30a4\u30e1\u30fc\u30b8\u3092\u5f37\u5316\u3057\u307e\u3059\u3002<\/p><p>\u30de\u30b0\u30ea\u30d6\u30fb\u30bb\u30af\u30fc\u30eb\u5354\u4f1a\u306f\u3001\u30ab\u30e9\u30e0\u3092\u901a\u3057\u3066\u30e2\u30ed\u30c3\u30b3\u306e\u767a\u5c55\u3068\u3001\u65b0\u305f\u306a\u30c6\u30af\u30ce\u30ed\u30b8\u30fc\u3092\u901a\u3058\u305f\u9023\u5e2f\u306e\u5f37\u5316\u306b\u7a4d\u6975\u7684\u306b\u53d6\u308a\u7d44\u3093\u3067\u3044\u307e\u3059\u3002\u3053\u306e\u72ec\u81ea\u306e\u52df\u91d1\u30b7\u30b9\u30c6\u30e0\u306f\u3001\u4eba\u9053\u652f\u63f4\u5206\u91ce\u306b\u304a\u3051\u308b\u753b\u671f\u7684\u306a\u51fa\u6765\u4e8b\u3067\u3042\u308a\u3001\u8ab0\u3082\u304c\u30b7\u30f3\u30d7\u30eb\u304b\u3064\u52b9\u679c\u7684\u306b\u5909\u5316\u3092\u3082\u305f\u3089\u3059\u6a5f\u4f1a\u3092\u63d0\u4f9b\u3057\u307e\u3059\u3002\u30ab\u30e9\u30e0\u306b\u611f\u8b1d\u3057\u3001\u5171\u306b\u3001\u3088\u308a\u56e3\u7d50\u3057\u3001\u5305\u6442\u7684\u306a\u30e2\u30ed\u30c3\u30b3\u306e\u5b9f\u73fe\u306b\u8ca2\u732e\u3057\u307e\u3057\u3087\u3046\u3002<\/p><p>\u00a0<\/p>\t\t\t\t\t\t\t\t<\/div>\n\t\t\t\t<\/div>\n\t\t\t\t\t<\/div>\n\t\t\t\t<\/div>\n\t\t<div class=\"elementor-element elementor-element-0641153 e-flex e-con-boxed e-con e-parent\" data-id=\"0641153\" data-element_type=\"container\" data-e-type=\"container\">\n\t\t\t\t\t<div class=\"e-con-inner\">\n\t\t\t\t<div class=\"elementor-element elementor-element-93e6b2c elementor-widget elementor-widget-button\" data-id=\"93e6b2c\" data-element_type=\"widget\" data-e-type=\"widget\" data-widget_type=\"button.default\">\n\t\t\t\t<div class=\"elementor-widget-container\">\n\t\t\t\t\t\t\t\t\t<div class=\"elementor-button-wrapper\">\n\t\t\t\t\t<a class=\"elementor-button elementor-button-link elementor-size-sm\" href=\"https:\/\/play.google.com\/store\/apps\/details?id=com.yassirmss.karam\">\n\t\t\t\t\t\t<span class=\"elementor-button-content-wrapper\">\n\t\t\t\t\t\t\t\t\t<span class=\"elementor-button-text\">\u30ab\u30e9\u30e0\u30a2\u30d7\u30ea\u3092\u30c0\u30a6\u30f3\u30ed\u30fc\u30c9<\/span>\n\t\t\t\t\t<\/span>\n\t\t\t\t\t<\/a>\n\t\t\t\t<\/div>\n\t\t\t\t\t\t\t\t<\/div>\n\t\t\t\t<\/div>\n\t\t\t\t\t<\/div>\n\t\t\t\t<\/div>\n\t\t\t\t<\/div>","protected":false},"excerpt":{"rendered":"<p>D\u00e9couvrez l\u2019Application Karam : Un Syst\u00e8me Innovant pour Soutenir les Actions Humanitaires L\u2019Association Maghreb Secours est fi\u00e8re de pr\u00e9senter l\u2019application Karam, une solution de collecte de fonds, r\u00e9volutionnaire qui repose sur un mod\u00e8le de financement au c\u0153ur des tendances actuelles : la publicit\u00e9 participative. Cette application novatrice permet aux utilisateurs de contribuer aux projets humanitaires sans frais directs, simplement en visionnant des capsules publicitaires. Chaque visionnage g\u00e9n\u00e8re des fonds destin\u00e9s aux actions caritatives men\u00e9es par l&#8217;association, faisant ainsi de chaque utilisateur un acteur de solidarit\u00e9. L\u2019application Karam incarne la transformation des modes de financement pour les \u0153uvres sociales, s\u2019inscrivant pleinement dans une \u00e8re o\u00f9 les donateurs souhaitent s\u2019engager activement pour [&hellip;]<\/p>\n","protected":false},"author":1,"featured_media":0,"parent":0,"menu_order":0,"comment_status":"closed","ping_status":"closed","template":"","meta":{"footnotes":""},"class_list":["post-9563","page","type-page","status-publish","hentry"],"_links":{"self":[{"href":"https:\/\/maghreb-secours.ma\/ja\/wp-json\/wp\/v2\/pages\/9563","targetHints":{"allow":["GET"]}}],"collection":[{"href":"https:\/\/maghreb-secours.ma\/ja\/wp-json\/wp\/v2\/pages"}],"about":[{"href":"https:\/\/maghreb-secours.ma\/ja\/wp-json\/wp\/v2\/types\/page"}],"author":[{"embeddable":true,"href":"https:\/\/maghreb-secours.ma\/ja\/wp-json\/wp\/v2\/users\/1"}],"replies":[{"embeddable":true,"href":"https:\/\/maghreb-secours.ma\/ja\/wp-json\/wp\/v2\/comments?post=9563"}],"version-history":[{"count":5,"href":"https:\/\/maghreb-secours.ma\/ja\/wp-json\/wp\/v2\/pages\/9563\/revisions"}],"predecessor-version":[{"id":10176,"href":"https:\/\/maghreb-secours.ma\/ja\/wp-json\/wp\/v2\/pages\/9563\/revisions\/10176"}],"wp:attachment":[{"href":"https:\/\/maghreb-secours.ma\/ja\/wp-json\/wp\/v2\/media?parent=9563"}],"curies":[{"name":"wp","href":"https:\/\/api.w.org\/{rel}","templated":true}]}}