{"id":9028,"date":"2024-01-22T14:46:57","date_gmt":"2024-01-22T14:46:57","guid":{"rendered":"https:\/\/maghreb-secours.ma\/?page_id=9028"},"modified":"2024-11-15T16:51:13","modified_gmt":"2024-11-15T16:51:13","slug":"apropos","status":"publish","type":"page","link":"https:\/\/maghreb-secours.ma\/ja\/apropos\/","title":{"rendered":"\u306b\u3064\u3044\u3066"},"content":{"rendered":"<p><strong>\u30de\u30b0\u30ec\u30d6\u30fb\u30bb\u30af\u30fc\u30eb\u5354\u4f1a\uff1a\u30e2\u30ed\u30c3\u30b3\u306e\u4eba\u9053\u652f\u63f4\u306b\u304a\u3051\u308b\u5e0c\u671b\u306e\u5149<\/strong><\/p>\n<p>\u30e2\u30ed\u30c3\u30b3\u306e\u4e2d\u5fc3\u90e8\u306b\u4f4d\u7f6e\u3059\u308b\u30de\u30b0\u30ec\u30d6\u30fb\u30bb\u30af\u30fc\u30eb\u5354\u4f1a\u306f\u3001\u738b\u56fd\u306e\u6700\u3082\u5b64\u7acb\u3057\u305f\u5730\u57df\u306b\u304a\u3051\u308b\u6700\u3082\u6075\u307e\u308c\u306a\u3044\u4eba\u3005\u306e\u82e6\u3057\u307f\u3092\u8efd\u6e1b\u3057\u3001\u793e\u4f1a\u958b\u767a\u3092\u4fc3\u9032\u3059\u308b\u3053\u3068\u3092\u76ee\u6307\u3057\u3066\u3044\u307e\u3059\u3002\u5148\u898b\u306e\u660e\u306e\u3042\u308b\u30d5\u30a1\u30a6\u30b8\u30a2\u30fb\u30d0\u30e9\u30b7\u30e5\u30fb\u30d6\u30b9\u30b1\u6c0f\u306b\u3088\u3063\u3066\u7d0410\u5e74\u524d\u306b\u8a2d\u7acb\u3055\u308c\u305f\u3053\u306e\u975e\u653f\u5e9c\u7d44\u7e54\u306f\u3001\u56fd\u6c11\u306e\u9023\u5e2f\u306b\u304a\u3051\u308b\u91cd\u8981\u306a\u5f79\u5272\u3092\u62c5\u3046\u5b58\u5728\u3068\u3057\u3066\u306e\u5730\u4f4d\u3092\u78ba\u7acb\u3057\u3066\u3044\u307e\u3059\u3002<\/p>\n<p><strong>\u56e3\u7d50\u3068\u767a\u5c55\u306b\u57fa\u3065\u304f\u4f7f\u547d<\/strong><\/p>\n<p>\u30de\u30b0\u30ec\u30d6\u30fb\u30bb\u30af\u30fc\u30eb\u5354\u4f1a\u306e\u4e3b\u76ee\u7684\u306f\u3001\u793e\u4f1a\u7684\u306b\u758e\u5916\u3055\u308c\u3001\u8106\u5f31\u306a\u7acb\u5834\u306b\u3042\u308b\u4eba\u3005\u306b\u5177\u4f53\u7684\u306a\u652f\u63f4\u3092\u63d0\u4f9b\u3059\u308b\u3053\u3068\u3067\u3059\u3002\u7dca\u6025\u652f\u63f4\u3001\u9577\u671f\u7684\u306a\u958b\u767a\u30d7\u30ed\u30b0\u30e9\u30e0\u3001\u3055\u3089\u306b\u306f\u4e95\u6238\u6398\u308a\u306a\u3069\u3001\u3042\u3089\u3086\u308b\u53d6\u308a\u7d44\u307f\u306f\u53d7\u76ca\u8005\u306e\u751f\u6d3b\u306e\u8cea\u306e\u5411\u4e0a\u3092\u76ee\u7684\u3068\u3057\u3066\u3044\u307e\u3059\u3002\u305d\u306e\u4f7f\u547d\u306f\u3001\u98df\u7ce7\u652f\u63f4\u3001\u533b\u7642\u652f\u63f4\u3001\u6559\u80b2\u652f\u63f4\u3001\u305d\u3057\u3066\u5730\u57df\u958b\u767a\u30d7\u30ed\u30b0\u30e9\u30e0\u3068\u3044\u3046\u8907\u6570\u306e\u6226\u7565\u7684\u5206\u91ce\u306b\u5206\u304b\u308c\u3066\u3044\u307e\u3059\u3002<\/p>\n<p><strong>\u5371\u6a5f\u767a\u751f\u6642\u306e\u8fc5\u901f\u306a\u5bfe\u5fdc<\/strong><\/p>\n<p>\u5354\u4f1a\u306f\u8a2d\u7acb\u5f53\u521d\u304b\u3089\u3001\u5371\u6a5f\u7684\u72b6\u6cc1\u306b\u304a\u3051\u308b\u8fc5\u901f\u306a\u5bfe\u5fdc\u306e\u91cd\u8981\u6027\u3092\u7406\u89e3\u3057\u3066\u3044\u307e\u3057\u305f\u3002\u5f93\u6765\u306e\u63f4\u52a9\u30eb\u30fc\u30c8\u304c\u65ad\u305f\u308c\u3066\u3044\u308b\u3053\u3068\u304c\u591a\u3044\u8fb2\u6751\u5730\u57df\u306b\u914d\u5e03\u3055\u308c\u308b\u98df\u6599\u54c1\u30d0\u30b9\u30b1\u30c3\u30c8\u306f\u3001\u98df\u6599\u5b89\u5168\u4fdd\u969c\u3078\u306e\u7b2c\u4e00\u6b69\u3067\u3059\u3002\u3057\u304b\u3057\u3001\u5354\u4f1a\u306e\u53d6\u308a\u7d44\u307f\u306f\u305d\u308c\u3060\u3051\u3067\u306f\u3042\u308a\u307e\u305b\u3093\u3002\u4e00\u90e8\u306e\u5730\u57df\u3067\u306f\u533b\u7642\u3078\u306e\u30a2\u30af\u30bb\u30b9\u304c\u9650\u3089\u308c\u3066\u3044\u308b\u305f\u3081\u3001\u30de\u30b0\u30ea\u30d6\u30fb\u30bb\u30af\u30fc\u30eb\u306f\u7dca\u6025\u533b\u7642\u4ecb\u5165\u3082\u5b9f\u65bd\u3057\u3001\u57fa\u790e\u7684\u306a\u30b1\u30a2\u304b\u3089\u8907\u96d1\u306a\u5916\u79d1\u624b\u8853\u307e\u3067\u3001\u5e45\u5e83\u3044\u51e6\u7f6e\u3092\u901a\u3058\u3066\u4eba\u547d\u3092\u6551\u3063\u3066\u304d\u307e\u3057\u305f\u3002<\/p>\n<p><strong>\u672a\u6765\u3078\u306e\u30b3\u30df\u30c3\u30c8\u30e1\u30f3\u30c8<\/strong><\/p>\n<p>\u30d5\u30a1\u30a6\u30b8\u30a2\u30fb\u30d0\u30e9\u30b7\u30e5\u30fb\u30d6\u30b9\u30b1\u6c0f\u306e\u30ea\u30fc\u30c0\u30fc\u30b7\u30c3\u30d7\u306e\u4e0b\u3001\u5354\u4f1a\u306f\u8cc7\u91d1\u8abf\u9054\u3068\u4e8b\u696d\u62e1\u5927\u306e\u305f\u3081\u306e\u9769\u65b0\u7684\u306a\u65b9\u6cd5\u3092\u6a21\u7d22\u3057\u7d9a\u3051\u3066\u3044\u307e\u3059\u3002\u6700\u8fd1\u306e\u4f8b\u3068\u3057\u3066\u306f\u3001\u4eba\u9053\u652f\u63f4\u6d3b\u52d5\u3068\u5e83\u544a\u53ce\u5165\u3092\u7d50\u3073\u4ed8\u3051\u308b\u30e2\u30d0\u30a4\u30eb\u30a2\u30d7\u30ea\u300cKARAM\u300d\u304c\u6319\u3052\u3089\u308c\u307e\u3059\u3002\u3053\u306e\u9769\u65b0\u7684\u306a\u8cc7\u91d1\u8abf\u9054\u30e2\u30c7\u30eb\u306f\u3001\u5354\u4f1a\u306e\u4f7f\u547d\u3092\u652f\u3048\u308b\u5b9a\u671f\u7684\u306a\u53ce\u5165\u6e90\u3068\u306a\u308b\u3060\u3051\u3067\u306a\u304f\u3001\u30d1\u30fc\u30c8\u30ca\u30fc\u4f01\u696d\u3078\u306e\u8a8d\u77e5\u5ea6\u5411\u4e0a\u306b\u3082\u8ca2\u732e\u3057\u3066\u3044\u307e\u3059\u3002<\/p>\n<p><strong>\u6226\u7565\u7684\u30b3\u30e9\u30dc\u30ec\u30fc\u30b7\u30e7\u30f3\u3068\u30d1\u30fc\u30c8\u30ca\u30fc\u30b7\u30c3\u30d7<\/strong><\/p>\n<p>\u30de\u30b0\u30ec\u30d6\u30fb\u30bb\u30af\u30fc\u30eb\u5354\u4f1a\u306e\u6210\u529f\u306f\u3001\u5730\u65b9\u81ea\u6cbb\u4f53\u3001\u56fd\u5bb6\u6a5f\u95a2\u3001\u305d\u3057\u3066\u4ed6\u306eNGO\u3068\u306e\u7dca\u5bc6\u306a\u9023\u643a\u306e\u6210\u679c\u3067\u3082\u3042\u308a\u307e\u3059\u3002\u3053\u3046\u3057\u305f\u30d1\u30fc\u30c8\u30ca\u30fc\u30b7\u30c3\u30d7\u306b\u3088\u308a\u3001\u6d3b\u52d5\u306e\u9023\u643a\u5f37\u5316\u3068\u5229\u7528\u53ef\u80fd\u306a\u8cc7\u6e90\u306e\u6700\u5927\u6d3b\u7528\u304c\u53ef\u80fd\u3068\u306a\u308a\u3001\u73fe\u5730\u3067\u306e\u30d7\u30ed\u30b0\u30e9\u30e0\u306e\u52b9\u679c\u3092\u9ad8\u3081\u308b\u305f\u3081\u306b\u4e0d\u53ef\u6b20\u3067\u3059\u3002<\/p>\n<p><strong>\u672a\u6765\u306f\u660e\u308b\u3044<\/strong><\/p>\n<p>\u30de\u30b0\u30ec\u30d6\u30fb\u30bb\u30af\u30fc\u30eb\u5354\u4f1a\u306f\u3001\u6570\u591a\u304f\u306e\u9032\u884c\u4e2d\u304a\u3088\u3073\u4eca\u5f8c\u306e\u30d7\u30ed\u30b8\u30a7\u30af\u30c8\u3092\u901a\u3057\u3066\u3001\u9769\u65b0\u3068\u6148\u60b2\u306e\u9053\u3092\u5207\u308a\u958b\u304d\u7d9a\u3051\u3066\u3044\u307e\u3059\u3002\u90fd\u5e02\u578b\u83dc\u5712\u306e\u958b\u767a\u3084\u82e5\u624b\u8d77\u696d\u5bb6\u3078\u306e\u7814\u4fee\u63d0\u4f9b\u306f\u3001\u5354\u4f1a\u304c\u6839\u6df1\u3044\u8ab2\u984c\u306b\u7a4d\u6975\u7684\u306b\u53d6\u308a\u7d44\u3093\u3067\u3044\u308b\u3053\u3068\u3092\u793a\u3057\u3066\u3044\u307e\u3059\u3002\u3053\u308c\u306f\u3001\u30e2\u30ed\u30c3\u30b3\u653f\u5e9c\u306e\u652f\u63f4\u304c\u3042\u3063\u3066\u3053\u305d\u5b9f\u73fe\u3067\u304d\u308b\u5922\u3067\u3059\u3002<\/p>\n<p>\u30de\u30b0\u30ec\u30d6\u30fb\u30bb\u30af\u30fc\u30eb\u5354\u4f1a\u306e\u4f7f\u547d\u306f\u660e\u78ba\u3067\u3059\u3002\u5dee\u3057\u8feb\u3063\u305f\u30cb\u30fc\u30ba\u306b\u5fdc\u3048\u308b\u3060\u3051\u3067\u306a\u304f\u3001\u3088\u308a\u516c\u5e73\u3067\u56e3\u7d50\u3057\u305f\u30e2\u30ed\u30c3\u30b3\u306e\u5b9f\u73fe\u306b\u5411\u3051\u3066\u5c3d\u529b\u3059\u308b\u3053\u3068\u3067\u3059\u3002\u4e0d\u5e73\u7b49\u304c\u62e1\u5927\u3059\u308b\u4e16\u754c\u306b\u304a\u3044\u3066\u3001\u738b\u56fd\u5168\u4f53\u306b\u5909\u5316\u3068\u5bdb\u5927\u3055\u3092\u3082\u305f\u3089\u3059\u305f\u3081\u306b\u3001\u30de\u30b0\u30ec\u30d6\u30fb\u30bb\u30af\u30fc\u30eb\u5354\u4f1a\u306e\u6d3b\u52d5\u306f\u3053\u308c\u307e\u3067\u4ee5\u4e0a\u306b\u91cd\u8981\u3067\u3059\u3002<\/p>\n<p>\u30d5\u30a1\u30a6\u30b8\u30a2\u30fb\u30d0\u30e9\u30b7\u30e5\u30fb\u30d6\u30b9\u30b1\u3068\u5f7c\u5973\u306e\u30c1\u30fc\u30e0\u306e\u7d99\u7d9a\u7684\u306a\u53d6\u308a\u7d44\u307f\u306f\u3001\u56e3\u7d50\u304c\u4eba\u3005\u306e\u751f\u6d3b\u3092\u5909\u3048\u3001\u8ab0\u3082\u304c\u81ea\u5206\u306e\u5c45\u5834\u6240\u3068\u7e41\u6804\u306e\u30c1\u30e3\u30f3\u30b9\u3092\u6301\u3064\u793e\u4f1a\u306e\u8f2a\u90ed\u3092\u63cf\u304d\u76f4\u3059\u3053\u3068\u304c\u3067\u304d\u308b\u3068\u3044\u3046\u3053\u3068\u3092\u529b\u5f37\u304f\u601d\u3044\u51fa\u3055\u305b\u3066\u304f\u308c\u307e\u3059\u3002<\/p>\n<p>\u79c1\u305f\u3061\u306b\u591a\u5927\u306a\u63f4\u52a9\u3068\u30b5\u30dd\u30fc\u30c8\u3092\u63d0\u4f9b\u3057\u3066\u304f\u3060\u3055\u3063\u305f\u5f53\u5c40\u306b\u611f\u8b1d\u3057\u307e\u3059\u3002<\/p>\n<p><strong>\u30de\u30b0\u30ec\u30d6\u5b89\u5168\u5354\u4f1a \u2013 \u30e2\u30ed\u30c3\u30b3\u306b\u304a\u3051\u308b\u9023\u5e2f\u3068\u4eba\u9053\u7684\u53d6\u308a\u7d44\u307f<\/strong><br \/>\n<strong><em>\u5c0e\u5165<\/em><\/strong><br \/>\n\u30e2\u30ed\u30c3\u30b3\u306e\u4eba\u9053\u652f\u63f4\u56e3\u4f53\u300c\u30de\u30b0\u30ea\u30d6\u30fb\u30bb\u30af\u30fc\u30eb\u300d\u306e\u30a6\u30a7\u30d6\u30b5\u30a4\u30c8\u3078\u3088\u3046\u3053\u305d\u3002\u6075\u307e\u308c\u306a\u3044\u4eba\u3005\u3078\u306e\u9023\u5e2f\u3068\u732e\u8eab\u306b\u5c3d\u529b\u3057\u3066\u3044\u307e\u3059\u3002\u79c1\u305f\u3061\u306e\u6d3b\u52d5\u304c\u3082\u305f\u3089\u3059\u30dd\u30b8\u30c6\u30a3\u30d6\u306a\u5f71\u97ff\u3001\u5177\u4f53\u7684\u306a\u6d3b\u52d5\u3001\u305d\u3057\u30662015\u5e74\u304b\u3089\u79c1\u305f\u3061\u306e\u6d3b\u52d5\u3092\u652f\u3048\u3066\u304d\u305f\u30d2\u30e5\u30fc\u30de\u30cb\u30ba\u30e0\u306e\u30d3\u30b8\u30e7\u30f3\u3092\u3054\u89a7\u304f\u3060\u3055\u3044\u3002.<\/p>\n<div><span style=\"color: #000000; font-family: S\u00f6hne, ui-sans-serif, system-ui, -apple-system, Segoe UI, Roboto, Ubuntu, Cantarell, Noto Sans, sans-serif, Helvetica Neue, Arial, Apple Color Emoji, Segoe UI Emoji, Segoe UI Symbol, Noto Color Emoji;\"><br \/>\n<\/span><strong><em>\u30de\u30b0\u30ec\u30d6\u8a3c\u5238\u306b\u3064\u3044\u3066 \u2013 \u30e2\u30ed\u30c3\u30b3\u306b\u304a\u3051\u308b\u4eba\u9053\u7684\u53d6\u308a\u7d44\u307f<\/em><\/strong><br \/>\n2015\u5e74\u306b\u8a2d\u7acb\u3055\u308c\u305f\u30de\u30b0\u30ec\u30d6\u30fb\u30bb\u30af\u30fc\u30eb\u306f\u3001\u30e2\u30ed\u30c3\u30b3\u3092\u4ee3\u8868\u3059\u308b\u4eba\u9053\u652f\u63f4\u56e3\u4f53\u3067\u3059\u3002\u79c1\u305f\u3061\u306f\u3001\u793e\u4f1a\u7684\u306b\u758e\u5916\u3055\u308c\u305f\u4eba\u3005\u3001\u75c5\u4eba\u3001\u305d\u3057\u3066\u81ea\u7136\u707d\u5bb3\u306e\u88ab\u707d\u8005\u306e\u751f\u6d3b\u306b\u5927\u304d\u306a\u5909\u5316\u3092\u3082\u305f\u3089\u3059\u3053\u3068\u306b\u5c3d\u529b\u3057\u3066\u3044\u307e\u3059\u3002\u79c1\u305f\u3061\u306e\u6d3b\u52d5\u306f\u30012005\u5e74\u306b\u958b\u59cb\u3055\u308c\u305f\u4eba\u9593\u958b\u767a\u30a4\u30cb\u30b7\u30a2\u30c1\u30d6\u306e\u4e00\u74b0\u3067\u3059\u3002.<\/div>\n<div><span style=\"color: #000000; font-family: S\u00f6hne, ui-sans-serif, system-ui, -apple-system, Segoe UI, Roboto, Ubuntu, Cantarell, Noto Sans, sans-serif, Helvetica Neue, Arial, Apple Color Emoji, Segoe UI Emoji, Segoe UI Symbol, Noto Color Emoji;\"><br \/>\n<\/span><strong><em>\u79c1\u305f\u3061\u306e\u30a2\u30f3\u30ab\u30ec\u30c3\u30b8 \u2013 \u30e2\u30ed\u30c3\u30b3\u4eba\u9053\u5354\u4f1a<\/em><\/strong><br \/>\n\u30e2\u30ed\u30c3\u30b3\u306b\u304a\u3051\u308b\u4eba\u9053\u652f\u63f4\u56e3\u4f53\u3068\u3057\u3066\u3001\u79c1\u305f\u3061\u306e\u9577\u3044\u6b74\u53f2\u3068\u9ad8\u3044\u8a55\u4fa1\u306f\u3001\u7684\u3092\u7d5e\u3063\u305f\u6d3b\u52d5\u306e\u6210\u679c\u3067\u3059\u3002\u79c1\u305f\u3061\u306f\u5371\u6a5f\u306b\u8fc5\u901f\u306b\u5bfe\u5fdc\u3057\u3001\u7279\u306b2023\u5e749\u6708\u306e\u5730\u9707\u306e\u969b\u306b\u306f\u3001\u88ab\u707d\u8005\u3092\u652f\u63f4\u3059\u308b\u305f\u3081\u306b\u8cc7\u91d1\u3092\u52d5\u54e1\u3057\u307e\u3057\u305f\u3002.<br \/>\n<em>\u4eba\u9053\u7684\u62e1\u5927 \u2013 \u30b5\u30cf\u30e9\u4ee5\u5357\u306e\u30a2\u30d5\u30ea\u30ab\u3068\u65b0\u305f\u306a\u30d7\u30ed\u30b8\u30a7\u30af\u30c8<\/em><br \/>\n\u30de\u30b0\u30ec\u30d6\u30fb\u30bb\u30af\u30fc\u30eb\u306f\u3001\u56fd\u5883\u3092\u8d8a\u3048\u3066\u4eba\u9053\u652f\u63f4\u6d3b\u52d5\u3092\u62e1\u5927\u3057\u3001\u30b5\u30cf\u30e9\u4ee5\u5357\u30a2\u30d5\u30ea\u30ab\u5730\u57df\u306b\u91cd\u70b9\u3092\u7f6e\u3044\u3066\u3044\u307e\u3059\u3002\u65b0\u305f\u306b\u8a2d\u7acb\u3055\u308c\u305f\u4e95\u6238\u6398\u524a\u90e8\u9580\u306f\u3001\u7279\u306b\u6075\u307e\u308c\u306a\u3044\u6751\u843d\u306b\u304a\u3051\u308b\u6c34\u3078\u306e\u30a2\u30af\u30bb\u30b9\u554f\u984c\u306e\u89e3\u6c7a\u3092\u76ee\u6307\u3057\u3066\u3044\u307e\u3059\u3002.<\/div>\n<div><span style=\"color: #000000; font-family: S\u00f6hne, ui-sans-serif, system-ui, -apple-system, Segoe UI, Roboto, Ubuntu, Cantarell, Noto Sans, sans-serif, Helvetica Neue, Arial, Apple Color Emoji, Segoe UI Emoji, Segoe UI Symbol, Noto Color Emoji;\"><br \/>\n<\/span><em>\u9023\u5e2f\u3092\u547c\u3073\u304b\u3051\u308b \u2013 \u79c1\u305f\u3061\u306e\u4eba\u9053\u6d3b\u52d5\u3092\u652f\u63f4\u3057\u3001\u30a2\u30d7\u30ea\u30b1\u30fc\u30b7\u30e7\u30f3\u3092\u30c0\u30a6\u30f3\u30ed\u30fc\u30c9\u3057\u3066\u304f\u3060\u3055\u3044 <strong>\u30ab\u30e9\u30e0<\/strong> \u305d\u3057\u3066\u5f7c\u306e\u30b5\u30a4\u30c8\u306b\u30a2\u30af\u30bb\u30b9\u3057\u3066\u304f\u3060\u3055\u3044\u00a0<a href=\"http:\/\/www.karam.ma\/\" target=\"_blank\" rel=\"noopener\" data-saferedirecturl=\"https:\/\/www.google.com\/url?q=http:\/\/www.karam.ma&amp;source=gmail&amp;ust=1706278749613000&amp;usg=AOvVaw1Ph1yAmIaSSy5rPcfmpDeU\">www.karam.ma<\/a><\/em><br \/>\n\u79c1\u305f\u3061\u306e\u6d3b\u52d5\u306b\u3054\u53c2\u52a0\u3044\u305f\u3060\u304d\u3001\u30e2\u30ed\u30c3\u30b3\u306b\u304a\u3051\u308b\u4eba\u9053\u652f\u63f4\u6d3b\u52d5\u3092\u3054\u652f\u63f4\u304f\u3060\u3055\u3044\u3002\u7686\u69d8\u306e\u3054\u652f\u63f4\u306f\u3001\u79c1\u305f\u3061\u306e\u30d7\u30ed\u30b8\u30a7\u30af\u30c8\u306e\u6301\u7d9a\u53ef\u80fd\u6027\u3092\u78ba\u4fdd\u3057\u3001\u6d3b\u52d5\u306e\u62e1\u5927\u3001\u305d\u3057\u3066\u6700\u3082\u5fc5\u8981\u3068\u3055\u308c\u308b\u5834\u6240\u306b\u652f\u63f4\u3092\u5c4a\u3051\u308b\u3053\u3068\u306b\u3064\u306a\u304c\u308a\u307e\u3059\u3002\u5171\u306b\u3001\u3088\u308a\u826f\u3044\u672a\u6765\u3092\u7bc9\u304d\u307e\u3057\u3087\u3046\u3002.<\/div>\n<div><span style=\"color: #000000; font-family: S\u00f6hne, ui-sans-serif, system-ui, -apple-system, Segoe UI, Roboto, Ubuntu, Cantarell, Noto Sans, sans-serif, Helvetica Neue, Arial, Apple Color Emoji, Segoe UI Emoji, Segoe UI Symbol, Noto Color Emoji;\"><br \/>\n<\/span><strong><em>\u304a\u554f\u3044\u5408\u308f\u305b \u2013 \u30de\u30b0\u30ec\u30d6\u8a3c\u5238\u5354\u4f1a<\/em><\/strong><br \/>\n\u79c1\u305f\u3061\u306e\u6d3b\u52d5\u3084\u30d7\u30ed\u30b8\u30a7\u30af\u30c8\u306b\u3064\u3044\u3066\u8a73\u3057\u304f\u77e5\u308a\u305f\u3044\u65b9\u3001\u307e\u305f\u79c1\u305f\u3061\u306e\u6d3b\u52d5\u306b\u3054\u5bc4\u4ed8\u3092\u3054\u5e0c\u671b\u306e\u65b9\u306f\u3001\u305c\u3072\u304a\u554f\u3044\u5408\u308f\u305b\u304f\u3060\u3055\u3044\u3002\u30de\u30b0\u30ec\u30d6\u30fb\u30bb\u30af\u30fc\u30eb\u306f\u3001\u30e2\u30ed\u30c3\u30b3\u306b\u304a\u3051\u308b\u4eba\u9053\u652f\u63f4\u6d3b\u52d5\u306b\u304a\u3044\u3066\u3001\u4fe1\u983c\u3055\u308c\u308b\u5b58\u5728\u3067\u3042\u308a\u7d9a\u3051\u308b\u3088\u3046\u5c3d\u529b\u3057\u3066\u3044\u307e\u3059\u3002.<br \/>\n\u4eca\u5f8c\u3068\u3082\u3088\u308d\u3057\u304f\u304a\u9858\u3044\u3044\u305f\u3057\u307e\u3059\u3002<br \/>\n<span style=\"color: #000000; font-family: S\u00f6hne, ui-sans-serif, system-ui, -apple-system, Segoe UI, Roboto, Ubuntu, Cantarell, Noto Sans, sans-serif, Helvetica Neue, Arial, Apple Color Emoji, Segoe UI Emoji, Segoe UI Symbol, Noto Color Emoji;\"><br \/>\n\u5275\u696d\u793e\u9577<\/span><\/div>\n<div><span style=\"color: #000000; font-family: S\u00f6hne, ui-sans-serif, system-ui, -apple-system, Segoe UI, Roboto, Ubuntu, Cantarell, Noto Sans, sans-serif, Helvetica Neue, Arial, Apple Color Emoji, Segoe UI Emoji, Segoe UI Symbol, Noto Color Emoji;\">\u30d5\u30a1\u30a6\u30b8\u30a2\u30fb\u30d0\u30e9\u30c3\u30b7\u30a7\u30fb\u30d6\u30b9\u30b1<br \/>\n<\/span><\/div>\n<p>&nbsp;<\/p>\n<div>\n<p><iframe title=\"\u56e3\u7d50\u304c\u6d3b\u304b\u3055\u308c\u308b\u5834\u6240: \u5730\u9707\u5f8c\u306e\u79c1\u305f\u3061\u306e\u53d6\u308a\u7d44\u307f\" src=\"https:\/\/www.youtube.com\/embed\/OLiHpYA_xbA\" width=\"1280\" height=\"720\" frameborder=\"0\" allowfullscreen=\"allowfullscreen\"><\/iframe><\/p>\n<\/div>","protected":false},"excerpt":{"rendered":"<p>L&#8217;Association Maghreb Secours : Un Phare d&#8217;Espoir dans le Paysage Humanitaire Marocain En plein c\u0153ur du Maroc, l&#8217;Association Maghreb Secours d\u00e9ploie ses efforts pour all\u00e9ger les peines des plus d\u00e9munis et promouvoir le d\u00e9veloppement social dans les recoins les plus isol\u00e9s du royaume. Fond\u00e9e il y a pr\u00e8s de dix ans par la visionnaire Faouzia Barache Bousquet, cette organisation non gouvernementale s&#8217;est impos\u00e9e comme un acteur incontournable de la solidarit\u00e9 nationale. Une mission fond\u00e9e sur la solidarit\u00e9 et le d\u00e9veloppement L&#8217;objectif principal de l&#8217;Association Maghreb Secours est d&#8217;apporter un soutien tangible aux populations marginalis\u00e9es et vuln\u00e9rables. Que ce soit par des interventions d&#8217;urgence ou des programmes de d\u00e9veloppement \u00e0 long [&hellip;]<\/p>\n","protected":false},"author":1,"featured_media":0,"parent":0,"menu_order":0,"comment_status":"closed","ping_status":"closed","template":"","meta":{"footnotes":""},"class_list":["post-9028","page","type-page","status-publish","hentry"],"_links":{"self":[{"href":"https:\/\/maghreb-secours.ma\/ja\/wp-json\/wp\/v2\/pages\/9028","targetHints":{"allow":["GET"]}}],"collection":[{"href":"https:\/\/maghreb-secours.ma\/ja\/wp-json\/wp\/v2\/pages"}],"about":[{"href":"https:\/\/maghreb-secours.ma\/ja\/wp-json\/wp\/v2\/types\/page"}],"author":[{"embeddable":true,"href":"https:\/\/maghreb-secours.ma\/ja\/wp-json\/wp\/v2\/users\/1"}],"replies":[{"embeddable":true,"href":"https:\/\/maghreb-secours.ma\/ja\/wp-json\/wp\/v2\/comments?post=9028"}],"version-history":[{"count":6,"href":"https:\/\/maghreb-secours.ma\/ja\/wp-json\/wp\/v2\/pages\/9028\/revisions"}],"predecessor-version":[{"id":9688,"href":"https:\/\/maghreb-secours.ma\/ja\/wp-json\/wp\/v2\/pages\/9028\/revisions\/9688"}],"wp:attachment":[{"href":"https:\/\/maghreb-secours.ma\/ja\/wp-json\/wp\/v2\/media?parent=9028"}],"curies":[{"name":"wp","href":"https:\/\/api.w.org\/{rel}","templated":true}]}}