{"id":7800,"date":"2020-02-28T08:26:46","date_gmt":"2020-02-28T08:26:46","guid":{"rendered":"https:\/\/demo.goodlayers.com\/chariti\/demo1\/?page_id=7800"},"modified":"2024-01-30T14:30:32","modified_gmt":"2024-01-30T14:30:32","slug":"become-a-volunteer","status":"publish","type":"page","link":"https:\/\/maghreb-secours.ma\/ja\/become-a-volunteer\/","title":{"rendered":"\u30dc\u30e9\u30f3\u30c6\u30a3\u30a2\u306b\u306a\u308b"},"content":{"rendered":"<h1><strong>\u30de\u30b0\u30ec\u30d6\u30fb\u30bb\u30af\u30fc\u30eb\u5354\u4f1a\u306e\u30dc\u30e9\u30f3\u30c6\u30a3\u30a2\u306b\u306a\u308b\uff1a\u9023\u5e2f\u3068\u4eba\u9053\u7684\u8ca2\u732e\u306e\u884c\u70ba<\/strong><\/h1>\n<p><em>\u5c0e\u5165<\/em><\/p>\n<p>\u30de\u30b0\u30ea\u30d6\u30fb\u30bb\u30af\u30fc\u30eb\u306f\u8a2d\u7acb\u4ee5\u67659\u5e74\u9593\u3001\u4eba\u9053\u652f\u63f4\u3078\u306e\u63fa\u308b\u304e\u306a\u3044\u732e\u8eab\u3092\u57fa\u76e4\u3068\u3057\u3066\u6d3b\u52d5\u3092\u7d9a\u3051\u3066\u304d\u307e\u3057\u305f\u3002\u3053\u306e\u5d07\u9ad8\u306a\u4f7f\u547d\u306b\u30dc\u30e9\u30f3\u30c6\u30a3\u30a2\u3068\u3057\u3066\u3054\u53c2\u52a0\u304f\u3060\u3055\u3044\u3002\u7686\u69d8\u306e\u732e\u8eab\u7684\u306a\u6d3b\u52d5\u306f\u3001\u793e\u4f1a\u7684\u306b\u758e\u5916\u3055\u308c\u305f\u4eba\u3005\u3001\u75c5\u306e\u72a0\u7272\u8005\u3001\u305d\u3057\u3066\u81ea\u7136\u707d\u5bb3\u306e\u88ab\u707d\u8005\u306e\u65b9\u3005\u306e\u751f\u6d3b\u306b\u5909\u5316\u3092\u3082\u305f\u3089\u3059\u3053\u3068\u304c\u3067\u304d\u308b\u3067\u3057\u3087\u3046\u3002<\/p>\n<p><em>\u30de\u30b0\u30ea\u30d6\u6551\u63f4\uff1a\u5e0c\u671b\u306e\u5149<\/em><\/p>\n<p>\u30de\u30b0\u30ec\u30d6\u30fb\u30bb\u30af\u30fc\u30eb\u5354\u4f1a\u306f\u3001\u793e\u4f1a\u3067\u6700\u3082\u5f31\u3044\u7acb\u5834\u306b\u3042\u308b\u4eba\u3005\u3078\u306e10\u5e74\u9593\u306b\u308f\u305f\u308b\u732e\u8eab\u3092\u4f53\u73fe\u3057\u3066\u3044\u307e\u3059\u3002\u30dc\u30e9\u30f3\u30c6\u30a3\u30a2\u3068\u3057\u3066\u3001\u3042\u306a\u305f\u306f\u56fd\u5883\u3092\u8d8a\u3048\u3066\u9023\u5e2f\u306e\u7ffc\u3092\u5e83\u3052\u308b\u4e0a\u3067\u91cd\u8981\u306a\u67b6\u3051\u6a4b\u3068\u306a\u308b\u3067\u3057\u3087\u3046\u3002\u3042\u306a\u305f\u306e\u4eba\u9053\u652f\u63f4\u6d3b\u52d5\u306f\u3001\u6700\u3082\u652f\u63f4\u3092\u5fc5\u8981\u3068\u3059\u308b\u4eba\u3005\u306b\u3068\u3063\u3066\u5e0c\u671b\u306e\u6e90\u3068\u306a\u308b\u3067\u3057\u3087\u3046\u3002<\/p>\n<p><em>\u82e5\u8005\u3078\u306e\u547c\u3073\u304b\u3051\uff1a\u5bdb\u5927\u3055\u306e\u7fa9\u52d9<\/em><\/p>\n<p>\u79c1\u305f\u3061\u306e\u793e\u4f1a\u306e\u82e5\u8005\u306e\u7686\u3055\u3093\u306b\u3001\u5fc3\u304b\u3089\u306e\u547c\u3073\u304b\u3051\u3092\u7533\u3057\u4e0a\u3052\u307e\u3059\u3002\u4eba\u9053\u652f\u63f4\u6d3b\u52d5\u306b\u53c2\u52a0\u3059\u308b\u3053\u3068\u306f\u3001\u5358\u306a\u308b\u9078\u629e\u80a2\u3067\u306f\u306a\u304f\u3001\u5730\u57df\u793e\u4f1a\u3078\u306e\u5bdb\u5927\u306a\u5fc3\u3092\u793a\u3059\u7fa9\u52d9\u3067\u3059\u3002\u30de\u30b0\u30ea\u30d6\u30fb\u30bb\u30af\u30fc\u30eb\u306b\u7a4d\u6975\u7684\u306b\u53c2\u52a0\u3059\u308b\u3053\u3068\u3067\u3001\u30b9\u30ad\u30eb\u3092\u78e8\u304f\u3060\u3051\u3067\u306a\u304f\u3001\u732e\u8eab\u7684\u306a\u82e5\u8005\u3092\u7279\u5fb4\u3065\u3051\u308b\u5171\u611f\u3068\u9023\u5e2f\u306e\u4fa1\u5024\u89b3\u3092\u4f53\u73fe\u3059\u308b\u3053\u3068\u306b\u306a\u308b\u3067\u3057\u3087\u3046\u3002<\/p>\n<p><em>\u5145\u5b9f\u3057\u305f\u4f53\u9a13<\/em><\/p>\n<p>\u30dc\u30e9\u30f3\u30c6\u30a3\u30a2\u306b\u306a\u308b\u3053\u3068\u3067\u3001\u6709\u610f\u7fa9\u306a\u51fa\u4f1a\u3044\u3001\u523a\u6fc0\u7684\u306a\u6311\u6226\u3001\u305d\u3057\u3066\u6700\u3082\u56f0\u3063\u3066\u3044\u308b\u4eba\u3005\u3092\u52a9\u3051\u308b\u3053\u3068\u3067\u5f97\u3089\u308c\u308b\u6df1\u3044\u6e80\u8db3\u611f\u306b\u6e80\u3061\u305f\u3001\u3084\u308a\u304c\u3044\u306e\u3042\u308b\u4f53\u9a13\u3092\u6e80\u55ab\u3067\u304d\u307e\u3059\u3002\u30de\u30b0\u30ea\u30d6\u30fb\u30bb\u30af\u30fc\u30eb\u306f\u3001\u500b\u4eba\u306e\u6210\u9577\u3068\u96c6\u56e3\u306e\u767a\u5c55\u306e\u305f\u3081\u306e\u8c4a\u304b\u306a\u571f\u58cc\u3092\u63d0\u4f9b\u3057\u307e\u3059\u3002<\/p>\n<p><em>\u7d50\u8ad6<\/em><\/p>\n<p>\u30de\u30b0\u30ec\u30d6\u30fb\u30bb\u30af\u30fc\u30eb\u5354\u4f1a\u306e\u30dc\u30e9\u30f3\u30c6\u30a3\u30a2\u306b\u306a\u308b\u3053\u3068\u306f\u3001\u5358\u306a\u308b\u30dc\u30e9\u30f3\u30c6\u30a3\u30a2\u6d3b\u52d5\u3068\u3044\u3046\u67a0\u3092\u8d85\u3048\u3001\u3059\u3067\u306b10\u5e74\u306e\u6b74\u53f2\u3092\u8a87\u308b\u9023\u5e2f\u306e\u6b74\u53f2\u306e\u4e00\u90e8\u3068\u306a\u308b\u3053\u3068\u3092\u610f\u5473\u3057\u307e\u3059\u3002\u5171\u306b\u3001\u3053\u306e10\u5e74\u3092\u4eba\u9053\u7684\u53d9\u4e8b\u8a69\u3068\u3057\u307e\u3057\u3087\u3046\u3002\u4e00\u4eba\u3072\u3068\u308a\u306e\u30dc\u30e9\u30f3\u30c6\u30a3\u30a2\u304c\u3001\u6700\u3082\u6075\u307e\u308c\u306a\u3044\u4eba\u3005\u306e\u305f\u3081\u306b\u5fd8\u308c\u3089\u308c\u306a\u30441\u30da\u30fc\u30b8\u3092\u523b\u3080\u306e\u3067\u3059\u3002<\/p>\n<p>\u3042\u306a\u305f\u306e\u732e\u8eab\u306f\u3001\u56f0\u7aae\u3059\u308b\u4eba\u3005\u306e\u5fc3\u306b\u706f\u308a\u3092\u706f\u3059\u706f\u706b\u3067\u3059\u3002\u3053\u306e\u5d07\u9ad8\u306a\u63a2\u6c42\u306b\u3054\u53c2\u52a0\u304f\u3060\u3055\u3044\u3002\u4e00\u3064\u4e00\u3064\u306e\u884c\u52d5\u304c\u5927\u5207\u3067\u3059\u3002\u5171\u306b\u3001\u601d\u3044\u3084\u308a\u3068\u5bdb\u5927\u3055\u306b\u6e80\u3061\u305f\u672a\u6765\u3092\u7bc9\u304d\u307e\u3057\u3087\u3046\u3002<\/p>\n<p><iframe title=\"\u4eba\u9053\u652f\u63f4\u30b9\u30c8\u30fc\u30ea\u30fc\uff1a\u30de\u30b0\u30ea\u30d6\u306e\u82f1\u96c4\u305f\u3061\u304c\u30e2\u30ed\u30c3\u30b3\u306e\u5730\u9707\u306b\u7acb\u3061\u5411\u304b\u3046\" src=\"https:\/\/www.youtube.com\/embed\/PU2r3rx3UTg\" width=\"949\" height=\"534\" frameborder=\"0\" allowfullscreen=\"allowfullscreen\"><\/iframe><\/p>","protected":false},"excerpt":{"rendered":"<p>Devenir Volontaire \u00e0 l&#8217;Association Maghreb Secours : Un Acte de Solidarit\u00e9 et d&#8217;Engagement Humanitaire Introduction Au fil des neuf ann\u00e9es d&#8217;existence de l&#8217;Association Maghreb Secours, le d\u00e9vouement in\u00e9branlable envers les causes humanitaires a \u00e9t\u00e9 le pilier sur lequel repose son impact positif. Aujourd&#8217;hui, nous vous convions \u00e0 rejoindre cette noble mission en tant que volontaires, car votre engagement peut faire la diff\u00e9rence dans la vie des exclus sociaux, des victimes de maladies, et de ceux touch\u00e9s par les catastrophes naturelles. Le Maghreb Secours : Un Phare d&#8217;Espoir L&#8217;Association Maghreb Secours incarne une d\u00e9cennie de d\u00e9vouement envers les plus vuln\u00e9rables de notre soci\u00e9t\u00e9. En tant que volontaire, vous serez le maillon [&hellip;]<\/p>\n","protected":false},"author":1,"featured_media":8648,"parent":0,"menu_order":0,"comment_status":"closed","ping_status":"closed","template":"","meta":{"footnotes":""},"class_list":["post-7800","page","type-page","status-publish","has-post-thumbnail","hentry"],"_links":{"self":[{"href":"https:\/\/maghreb-secours.ma\/ja\/wp-json\/wp\/v2\/pages\/7800","targetHints":{"allow":["GET"]}}],"collection":[{"href":"https:\/\/maghreb-secours.ma\/ja\/wp-json\/wp\/v2\/pages"}],"about":[{"href":"https:\/\/maghreb-secours.ma\/ja\/wp-json\/wp\/v2\/types\/page"}],"author":[{"embeddable":true,"href":"https:\/\/maghreb-secours.ma\/ja\/wp-json\/wp\/v2\/users\/1"}],"replies":[{"embeddable":true,"href":"https:\/\/maghreb-secours.ma\/ja\/wp-json\/wp\/v2\/comments?post=7800"}],"version-history":[{"count":5,"href":"https:\/\/maghreb-secours.ma\/ja\/wp-json\/wp\/v2\/pages\/7800\/revisions"}],"predecessor-version":[{"id":9462,"href":"https:\/\/maghreb-secours.ma\/ja\/wp-json\/wp\/v2\/pages\/7800\/revisions\/9462"}],"wp:featuredmedia":[{"embeddable":true,"href":"https:\/\/maghreb-secours.ma\/ja\/wp-json\/wp\/v2\/media\/8648"}],"wp:attachment":[{"href":"https:\/\/maghreb-secours.ma\/ja\/wp-json\/wp\/v2\/media?parent=7800"}],"curies":[{"name":"wp","href":"https:\/\/api.w.org\/{rel}","templated":true}]}}