{"id":2721,"date":"2016-09-02T09:18:17","date_gmt":"2016-09-02T09:18:17","guid":{"rendered":"http:\/\/demo.goodlayers.com\/realfactory\/?page_id=2721"},"modified":"2023-03-21T14:59:03","modified_gmt":"2023-03-21T14:59:03","slug":"blog-2-columns","status":"publish","type":"page","link":"https:\/\/maghreb-secours.ma\/ja\/blog-2-columns\/","title":{"rendered":"\u30e2\u30ed\u30c3\u30b3\u4eba\u306e\u5bdb\u5927\u3055\u306e\u73fe\u5b9f\uff01"},"content":{"rendered":"<p>\u30b1\u30eb\u30fc\u30b7\u30a7\u30f3\u306e\u30c0\u30eb\u30fb\u30bf\u30ea\u30d6\uff0f\u30bf\u30ea\u30d0\u69d8\u3001\u30de\u30b0\u30ea\u30d6\u30fb\u30bb\u30af\u30fc\u30eb\u5354\u4f1a\u306f\u3001\u4e21\u8155\u3044\u3063\u3071\u3044\u306e\u5bc4\u4ed8\u91d1\u3092\u643a\u3048\u3066\u3001\u5b9a\u671f\u7684\u306b\u7686\u69d8\u3092\u8a2a\u554f\u3057\u3066\u304a\u308a\u307e\u3059\u3002\u7686\u69d8\u306e\u547c\u3073\u304b\u3051\u306b\u5fdc\u3048\u3089\u308c\u308b\u3088\u3046\u52aa\u529b\u3057\u3066\u304a\u308a\u3001\u305d\u306e\u5ea6\u306b\u6df1\u304f\u5fc3\u3092\u52d5\u304b\u3055\u308c\u3066\u3044\u307e\u3059\u3002\u51ac\u306f\u5bd2\u304f\u3001\u590f\u306f\u6691\u3044\u5c71\u3005\u306b\u4f4f\u3080\u7686\u69d8\u306e\u3053\u3068\u3092\u601d\u3044\u3001\u7686\u69d8\u306b\u559c\u3073\u3068\u5e78\u305b\u3092\u304a\u5c4a\u3051\u3059\u308b\u305f\u3081\u306b\u3001\u4f11\u307f\u306a\u304f\u6d3b\u52d5\u3057\u3066\u3044\u307e\u3059\u3002\u771f\u51ac\u306b\u3053\u306e\u6d3b\u52d5\u3092\u884c\u3046\u306e\u306f\u3001\u901a\u884c\u4e0d\u80fd\u3067\u5371\u967a\u306a\u9053\u8def\u306b\u5e38\u306b\u6ce8\u610f\u3092\u6255\u3046\u5fc5\u8981\u304c\u3042\u308b\u305f\u3081\u3001\u56f0\u96e3\u3092\u6975\u3081\u307e\u3057\u305f\u3002\u5348\u524d5\u6642\u3001\u98df\u6599\u3001\u6bdb\u5e03\u3001\u65b0\u3057\u3044\u8863\u985e\u3001\u30b3\u30f3\u30d4\u30e5\u30fc\u30bf\u30fc\u3092\u6e80\u8f09\u3057\u305f\u8eca\u3068\u30c8\u30e9\u30c3\u30af\u3067\u51fa\u767a\u3057\u307e\u3057\u305f\u3002\u7686\u69d8\u306e\u30cb\u30fc\u30ba\u306f\u5927\u304d\u304f\u3001\u7406\u4e8b\u9577\u69d8\u3001\u5b66\u7ae5\u305f\u3061\u306b\u5e78\u305b\u3092\u3082\u305f\u3089\u3057\u305f\u3044\u3068\u3044\u3046\u7686\u69d8\u306e\u9858\u3044\u306f\u3001\u7686\u69d8\u304c\u3053\u306e\u6d3b\u52d5\u306b\u3069\u308c\u307b\u3069\u732e\u8eab\u3055\u308c\u3066\u3044\u308b\u304b\u3092\u7269\u8a9e\u3063\u3066\u3044\u307e\u3059\u3002\u79c1\u305f\u3061\u304c\u8a2d\u7acb\u3057\u305f\u3053\u306e\u7d44\u7e54\u306f\u3001\u5354\u4f1a\u306e\u7d44\u7e54\u69cb\u9020\u306e\u8a3c\u3067\u3042\u308a\u3001\u3053\u306e10\u5e74\u8fd1\u304f\u3001\u4e0d\u5b89\u5b9a\u306a\u72b6\u6cc1\u306b\u3042\u308b\u4eba\u3005\u3078\u306e\u3088\u308a\u826f\u3044\u652f\u63f4\u306e\u305f\u3081\u306b\u3001\u79c1\u305f\u3061\u304c\u7d76\u3048\u305a\u9032\u5316\u3092\u7d9a\u3051\u3066\u304d\u305f\u8a3c\u3067\u3059\u3002.<\/p>\n<p>\u79c1\u305f\u3061\u306e\u30c1\u30fc\u30e0\u306f\u6a21\u7bc4\u7684\u306a\u50cd\u304d\u3092\u898b\u305b\u3001\u8a18\u9332\u7684\u306a\u901f\u3055\u3067\u4e26\u5916\u308c\u305f\u732e\u8eab\u7684\u306a\u50cd\u304d\u3092\u898b\u305b\u3066\u304f\u308c\u307e\u3057\u305f\u3002\u914d\u7d66\u30df\u30c3\u30b7\u30e7\u30f3\u30fb\u30c7\u30a3\u30ec\u30af\u30bf\u30fc\u306e\u30e4\u30d2\u30e4\u30fb\u30a8\u30eb\u30fb\u30d0\u30cf\u30e9\u30a6\u30a4\u6c0f\u306f\u3001\u8077\u52d9\u3092\u719f\u77e5\u3057\u305f\u30b3\u30fc\u30c7\u30a3\u30cd\u30fc\u30bf\u30fc\u3067\u3042\u308a\u3001\u4f55\u3088\u308a\u3082\u7d20\u6674\u3089\u3057\u3044\u52c7\u6c17\u306e\u6301\u3061\u4e3b\u3067\u3059\u3002\u30b1\u30eb\u30fc\u30b7\u30a7\u30f3\u306e\u6d3b\u52d5\u306b\u3054\u5bc4\u4ed8\u3044\u305f\u3060\u3044\u305f\u3059\u3079\u3066\u306e\u5bc4\u4ed8\u8005\u306e\u7686\u69d8\u306b\u611f\u8b1d\u7533\u3057\u4e0a\u3052\u307e\u3059\u3002.<\/p>\n<p>\u30e2\u30ed\u30c3\u30b3\u306e\u8fb2\u6751\u90e8\u306e\u8ca7\u3057\u3044\u4eba\u3005\u306e\u3053\u3068\u3092\u601d\u3063\u3066\u304f\u3060\u3055\u308b\u7686\u69d8\u306b\u611f\u8b1d\u3057\u307e\u3059\u3002<\/p>\n<p>\u795e\u304c\u3042\u306a\u305f\u3092\u5b88\u308a\u3001\u5e78\u798f\u3068\u5065\u5eb7\u306e\u4eba\u751f\u3092\u4e0e\u3048\u3066\u304f\u3060\u3055\u3044\u307e\u3059\u3088\u3046\u306b\uff01<\/p>\n<p>\u30a2\u30c3\u30e9\u30fc\u3001\u30a2\u30eb\u30fb\u30ef\u30bf\u30f3\u3001\u30a2\u30eb\u30fb\u30de\u30ea\u30af<\/p>\n<p>&nbsp;<\/p>","protected":false},"excerpt":{"rendered":"<p>Dar Talib\/taliba de K\u00e9rouchen, l&#8217;Association Maghreb Secours a l&#8217;habitude de vous visiter avec les bras remplis de dons. Nous nous effor\u00e7ons de r\u00e9pondre \u00e0 votre appel qui nous bouleverse chaque fois. Nous pensons \u00e0 vous dans vos montagnes si froides l&#8217;hiver et si chaudes l&#8217;\u00e9t\u00e9. Nous travaillons d&#8217;arrache-pied pour vous donner de la joie et du bonheur. Cette mission au coeur de l&#8217;hiver f\u00fbt difficile car les routes impraticables et dangereuses demandent une vive attention. Nous sommes partis \u00e0 5h du matin avec des voitures et un camion charg\u00e9s de produits alimentaires, de couvertures, de v\u00eatements neufs, d&#8217;ordinateurs. Votre besoin est important et votre souhait Monsieur le Directeur de rendre [&hellip;]<\/p>\n","protected":false},"author":1,"featured_media":0,"parent":0,"menu_order":0,"comment_status":"closed","ping_status":"closed","template":"","meta":{"footnotes":""},"class_list":["post-2721","page","type-page","status-publish","hentry"],"_links":{"self":[{"href":"https:\/\/maghreb-secours.ma\/ja\/wp-json\/wp\/v2\/pages\/2721","targetHints":{"allow":["GET"]}}],"collection":[{"href":"https:\/\/maghreb-secours.ma\/ja\/wp-json\/wp\/v2\/pages"}],"about":[{"href":"https:\/\/maghreb-secours.ma\/ja\/wp-json\/wp\/v2\/types\/page"}],"author":[{"embeddable":true,"href":"https:\/\/maghreb-secours.ma\/ja\/wp-json\/wp\/v2\/users\/1"}],"replies":[{"embeddable":true,"href":"https:\/\/maghreb-secours.ma\/ja\/wp-json\/wp\/v2\/comments?post=2721"}],"version-history":[{"count":3,"href":"https:\/\/maghreb-secours.ma\/ja\/wp-json\/wp\/v2\/pages\/2721\/revisions"}],"predecessor-version":[{"id":9132,"href":"https:\/\/maghreb-secours.ma\/ja\/wp-json\/wp\/v2\/pages\/2721\/revisions\/9132"}],"wp:attachment":[{"href":"https:\/\/maghreb-secours.ma\/ja\/wp-json\/wp\/v2\/media?parent=2721"}],"curies":[{"name":"wp","href":"https:\/\/api.w.org\/{rel}","templated":true}]}}