{"id":7800,"date":"2020-02-28T08:26:46","date_gmt":"2020-02-28T08:26:46","guid":{"rendered":"https:\/\/demo.goodlayers.com\/chariti\/demo1\/?page_id=7800"},"modified":"2024-01-30T14:30:32","modified_gmt":"2024-01-30T14:30:32","slug":"become-a-volunteer","status":"publish","type":"page","link":"https:\/\/maghreb-secours.ma\/it\/become-a-volunteer\/","title":{"rendered":"Diventa volontario"},"content":{"rendered":"<h1><strong>Diventare volontario presso l&#039;Associazione Maghreb Secours: un atto di solidariet\u00e0 e impegno umanitario<\/strong><\/h1>\n<p><em>introduzione<\/em><\/p>\n<p>Nei nove anni di attivit\u00e0 di Maghreb Secours, la sua incrollabile dedizione alle cause umanitarie \u00e8 stata il pilastro su cui poggia il suo impatto positivo. Oggi vi invitiamo a unirvi a questa nobile missione come volontari, poich\u00e9 il vostro impegno pu\u00f2 fare la differenza nella vita delle persone socialmente escluse, delle vittime di malattie e di coloro che sono colpiti da calamit\u00e0 naturali.<\/p>\n<p><em>Aiuti in Maghreb: un raggio di speranza<\/em><\/p>\n<p>L&#039;Associazione Maghreb Secours incarna un decennio di dedizione ai pi\u00f9 vulnerabili della nostra societ\u00e0. Come volontario, sarai un anello di congiunzione fondamentale che contribuir\u00e0 a diffondere la solidariet\u00e0 oltre i confini. Il tuo lavoro umanitario sar\u00e0 fonte di speranza per chi ne ha pi\u00f9 bisogno.<\/p>\n<p><em>La chiamata ai giovani: un dovere di generosit\u00e0<\/em><\/p>\n<p>Ai giovani della nostra societ\u00e0 rivolgiamo un sentito appello. Impegnarsi in azioni umanitarie non \u00e8 semplicemente un&#039;opzione, ma un dovere di generosit\u00e0 verso la nostra comunit\u00e0. Partecipando attivamente a Maghreb Secours, non solo svilupperete le vostre competenze, ma incarnerete anche i valori di empatia e solidariet\u00e0 che caratterizzano i giovani impegnati.<\/p>\n<p><em>Un&#039;esperienza arricchente<\/em><\/p>\n<p>Diventando volontario, vivrai un&#039;esperienza gratificante, fatta di incontri significativi, sfide stimolanti e una profonda soddisfazione derivante dall&#039;aiutare i pi\u00f9 bisognosi. Maghreb Secours offre un terreno fertile per la crescita personale e lo sviluppo collettivo.<\/p>\n<p><em>Conclusione<\/em><\/p>\n<p>Diventare volontario dell&#039;Associazione Maghreb Secours trascende il semplice atto di volontariato; significa entrare a far parte di una storia di solidariet\u00e0 che ha gi\u00e0 segnato un decennio di esistenza. Insieme, rendiamo questo decennio un&#039;epopea umanitaria, in cui ogni volontario scrive una pagina indimenticabile al servizio dei pi\u00f9 svantaggiati.<\/p>\n<p>Il tuo impegno \u00e8 la scintilla che illuminer\u00e0 vite nel bisogno. Unisciti a noi in questa nobile impresa, perch\u00e9 ogni gesto conta e, insieme, costruiremo un futuro pieno di compassione e generosit\u00e0.<\/p>\n<p><iframe title=\"Racconto umanitario: gli eroi del Maghreb aiutano a fronteggiare il terremoto in Marocco\" src=\"https:\/\/www.youtube.com\/embed\/PU2r3rx3UTg\" width=\"949\" height=\"534\" frameborder=\"0\" allowfullscreen=\"allowfullscreen\"><\/iframe><\/p>","protected":false},"excerpt":{"rendered":"<p>Devenir Volontaire \u00e0 l&#8217;Association Maghreb Secours : Un Acte de Solidarit\u00e9 et d&#8217;Engagement Humanitaire Introduction Au fil des neuf ann\u00e9es d&#8217;existence de l&#8217;Association Maghreb Secours, le d\u00e9vouement in\u00e9branlable envers les causes humanitaires a \u00e9t\u00e9 le pilier sur lequel repose son impact positif. Aujourd&#8217;hui, nous vous convions \u00e0 rejoindre cette noble mission en tant que volontaires, [&hellip;]<\/p>\n","protected":false},"author":1,"featured_media":8648,"parent":0,"menu_order":0,"comment_status":"closed","ping_status":"closed","template":"","meta":{"footnotes":""},"class_list":["post-7800","page","type-page","status-publish","has-post-thumbnail","hentry"],"_links":{"self":[{"href":"https:\/\/maghreb-secours.ma\/it\/wp-json\/wp\/v2\/pages\/7800","targetHints":{"allow":["GET"]}}],"collection":[{"href":"https:\/\/maghreb-secours.ma\/it\/wp-json\/wp\/v2\/pages"}],"about":[{"href":"https:\/\/maghreb-secours.ma\/it\/wp-json\/wp\/v2\/types\/page"}],"author":[{"embeddable":true,"href":"https:\/\/maghreb-secours.ma\/it\/wp-json\/wp\/v2\/users\/1"}],"replies":[{"embeddable":true,"href":"https:\/\/maghreb-secours.ma\/it\/wp-json\/wp\/v2\/comments?post=7800"}],"version-history":[{"count":5,"href":"https:\/\/maghreb-secours.ma\/it\/wp-json\/wp\/v2\/pages\/7800\/revisions"}],"predecessor-version":[{"id":9462,"href":"https:\/\/maghreb-secours.ma\/it\/wp-json\/wp\/v2\/pages\/7800\/revisions\/9462"}],"wp:featuredmedia":[{"embeddable":true,"href":"https:\/\/maghreb-secours.ma\/it\/wp-json\/wp\/v2\/media\/8648"}],"wp:attachment":[{"href":"https:\/\/maghreb-secours.ma\/it\/wp-json\/wp\/v2\/media?parent=7800"}],"curies":[{"name":"parola chiave","href":"https:\/\/api.w.org\/{rel}","templated":true}]}}