{"id":7668,"date":"2020-02-26T17:04:30","date_gmt":"2020-02-26T17:04:30","guid":{"rendered":"https:\/\/demo.goodlayers.com\/chariti\/demo1\/?page_id=7668"},"modified":"2025-11-24T09:45:01","modified_gmt":"2025-11-24T09:45:01","slug":"about","status":"publish","type":"page","link":"https:\/\/maghreb-secours.ma\/it\/about\/","title":{"rendered":"La nostra missione"},"content":{"rendered":"<div data-elementor-type=\"wp-page\" data-elementor-id=\"7668\" class=\"elementor elementor-7668\">\n\t\t\t\t<div class=\"elementor-element elementor-element-643585a e-flex e-con-boxed e-con e-parent\" data-id=\"643585a\" data-element_type=\"container\" data-e-type=\"container\">\n\t\t\t\t\t<div class=\"e-con-inner\">\n\t\t\t\t<div class=\"elementor-element elementor-element-c66e3d9 elementor-widget elementor-widget-heading\" data-id=\"c66e3d9\" data-element_type=\"widget\" data-e-type=\"widget\" data-widget_type=\"heading.default\">\n\t\t\t\t<div class=\"elementor-widget-container\">\n\t\t\t\t\t<h2 class=\"elementor-heading-title elementor-size-default\">La nostra missione<\/h2>\t\t\t\t<\/div>\n\t\t\t\t<\/div>\n\t\t\t\t\t<\/div>\n\t\t\t\t<\/div>\n\t\t<div class=\"elementor-element elementor-element-13ce570 e-flex e-con-boxed e-con e-parent\" data-id=\"13ce570\" data-element_type=\"container\" data-e-type=\"container\">\n\t\t\t\t\t<div class=\"e-con-inner\">\n\t\t\t\t<div class=\"elementor-element elementor-element-dcd7693 elementor-widget elementor-widget-text-editor\" data-id=\"dcd7693\" data-element_type=\"widget\" data-e-type=\"widget\" data-widget_type=\"text-editor.default\">\n\t\t\t\t<div class=\"elementor-widget-container\">\n\t\t\t\t\t\t\t\t\t<p>Da oltre dieci anni, Maghreb Secours si \u00e8 affermata come un&#039;organizzazione umanitaria impegnata in Marocco, determinata a essere un agente di cambiamento. La nostra missione ruota attorno a diversi ambiti chiave: aiutare le persone in difficolt\u00e0, rispondere alle emergenze mediche, sostenere i giovani marocchini offrendo loro opportunit\u00e0 di leadership e contribuire attivamente allo sviluppo del Regno e della regione del Grande Maghreb.<\/p><p>Stiamo adottando misure concrete:<\/p><p>Aiuto ai bisognosi: presenti sul territorio, forniamo cibo, materiale e assistenza medica dove le difficolt\u00e0 si presentano.<\/p><p>Interventi sanitari di emergenza: salvare vite umane \u00e8 al centro del nostro impegno, mobilitando risorse per eseguire interventi cardiaci o chirurgici salvavita in casi gravi e urgenti.<\/p><p>Sostegno ai giovani: sosteniamo i giovani marocchini affinch\u00e9 coltivino una visione di leadership su scala maghrebina e africana, offrendo loro prospettive per costruire una societ\u00e0 unita e moderna.<\/p><p>Azioni in caso di calamit\u00e0: durante i terremoti, la nostra conoscenza dell&#039;ambiente e la nostra rete di associazioni partner in tutto il Marocco ci consentono di individuare esigenze specifiche: distribuzione di tende, latrine e pallet, a volte a beneficio di regioni dimenticate dai media ma in reale difficolt\u00e0.<\/p><p>Sviluppo sostenibile: Abbiamo avviato lo scavo di pozzi pubblici nei villaggi aridi, per garantire un accesso sostenibile all&#039;acqua potabile, sempre con autorizzazione e gestione responsabile delle risorse.<\/p><p>Reti imprenditoriali: fedeli alle visioni reali promosse da Sua Maest\u00e0 il Re Mohammed VI, sosteniamo la nascita di reti imprenditoriali e incoraggiamo il ritorno dei talenti marocchini nel Paese per rafforzare l&#039;economia e innovare nel quadro del &quot;Nuovo Marocco moderno&quot;.<\/p><p>Guidati dalla visione reale da oltre un decennio, traiamo ispirazione dall&#039;ambizione del Regno di promuovere lo sviluppo umano, l&#039;inclusione sociale e il progresso in tutti i settori. Ogni anno, il Marocco raggiunge traguardi significativi: riduzione della povert\u00e0, accesso diffuso all&#039;acqua potabile, miglioramento continuo delle infrastrutture sanitarie, promozione dell&#039;imprenditorialit\u00e0 e maggiore influenza sulla scena africana e internazionale.<\/p><p>Maghreb Secours si impegna:<\/p><p>Per rafforzare la solidariet\u00e0 nazionale e regionale<\/p><p>Mobilitare tutti gli attori locali per affrontare le emergenze e le sfide sociali<\/p><p>Per offrire a ogni persona vulnerabile una reale possibilit\u00e0 di accedere a una vita migliore<\/p><p>Costruiamo insieme un Marocco forte, unito e moderno, ammirato a livello internazionale.<\/p><p>Il nostro motto: Tutti insieme per un Marocco, un Maghreb in un&#039;Africa unita!<\/p>\t\t\t\t\t\t\t\t<\/div>\n\t\t\t\t<\/div>\n\t\t\t\t\t<\/div>\n\t\t\t\t<\/div>\n\t\t<div class=\"elementor-element elementor-element-52c09d5 e-flex e-con-boxed e-con e-parent\" data-id=\"52c09d5\" data-element_type=\"container\" data-e-type=\"container\">\n\t\t\t\t\t<div class=\"e-con-inner\">\n\t\t\t\t<div class=\"elementor-element elementor-element-8d11af5 elementor-widget elementor-widget-text-editor\" data-id=\"8d11af5\" data-element_type=\"widget\" data-e-type=\"widget\" data-widget_type=\"text-editor.default\">\n\t\t\t\t<div class=\"elementor-widget-container\">\n\t\t\t\t\t\t\t\t\t<div class=\"gdlr-core-pbf-element\"><div class=\"gdlr-core-title-item gdlr-core-item-pdb clearfix gdlr-core-left-align gdlr-core-title-item-caption-top gdlr-core-item-pdlr\"><div class=\"gdlr-core-title-item-title-wrap\"><p><b>Maghreb Secours: un impegno globale per il benessere delle popolazioni vulnerabili<\/b><\/p><p><span style=\"font-weight: 400;\">Fin dalla sua nascita, Maghreb Secours si \u00e8 distinta per il suo impegno nel supportare le popolazioni pi\u00f9 svantaggiate del Marocco. Nel 2024, l&#039;organizzazione amplier\u00e0 i suoi sforzi per rispondere a bisogni vitali in diverse aree chiave.<\/span><\/p><p><span style=\"font-weight: 400;\">Tra i nuovi dipartimenti <\/span><b>operazioni mediche salvavita<\/b><span style=\"font-weight: 400;\"> sono al centro della nostra missione. Maghreb Secours sostiene interventi chirurgici urgenti, in particolare per bambini affetti da malattie gravi, garantendo cos\u00ec l\u2019accesso alle cure essenziali ai pi\u00f9 vulnerabili. Forniamo anche <\/span><b>protesi e ortesi<\/b><span style=\"font-weight: 400;\"> alle persone con disabilit\u00e0, offrendo loro la possibilit\u00e0 di recuperare mobilit\u00e0 e indipendenza. \u00c8 evidente che il governo marocchino ha attuato una politica di assistenza per gli emarginati sociali o le persone a basso reddito, garantendo l&#039;accesso agli ospedali. L&#039;elevato afflusso di pazienti nei servizi sanitari pubblici non sempre consente un&#039;assistenza rapida. I pazienti si rivolgono alla nostra associazione per affrontare le questioni pi\u00f9 urgenti.<\/span><\/p><p><span style=\"font-weight: 400;\">Di fronte alla crisi idrica nelle zone rurali, la nostra associazione \u00e8 attivamente impegnata nella <\/span><b>scavo di pozzi autorizzati<\/b><span style=\"font-weight: 400;\"> garantire un accesso sostenibile all\u2019acqua potabile nei douars isolati. Queste iniziative contribuiscono a frenare l\u2019esodo rurale e a mantenere una vita agricola stabile per le famiglie locali.<\/span><\/p><p><span style=\"font-weight: 400;\">Infine, Maghreb Secours svolge un ruolo cruciale nell\u2019orientare i giovani. Attraverso programmi di sensibilizzazione tra gli studenti, li incoraggiamo a perseguire <\/span><b>carriere professionali in Marocco<\/b><span style=\"font-weight: 400;\">, favorendo cos\u00ec lo sviluppo socio-economico del Paese. Attraverso queste azioni, aspiriamo a costruire un Marocco inclusivo, unito e resiliente.<\/span><\/p><p><span style=\"font-weight: 400;\">Tutti insieme per un Marocco, un Maghreb in un&#039;Africa unita!<\/span><\/p><\/div><\/div><\/div>\t\t\t\t\t\t\t\t<\/div>\n\t\t\t\t<\/div>\n\t\t\t\t\t<\/div>\n\t\t\t\t<\/div>\n\t\t<div class=\"elementor-element elementor-element-43760ff e-flex e-con-boxed e-con e-parent\" data-id=\"43760ff\" data-element_type=\"container\" data-e-type=\"container\">\n\t\t\t\t\t<div class=\"e-con-inner\">\n\t\t\t\t<div class=\"elementor-element elementor-element-7eed765 elementor-widget elementor-widget-video\" data-id=\"7eed765\" data-element_type=\"widget\" data-e-type=\"widget\" data-settings=\"{&quot;youtube_url&quot;:&quot;https:\\\/\\\/www.youtube.com\\\/watch?v=OLiHpYA_xbA&amp;t=91s&quot;,&quot;video_type&quot;:&quot;youtube&quot;,&quot;controls&quot;:&quot;yes&quot;}\" data-widget_type=\"video.default\">\n\t\t\t\t<div class=\"elementor-widget-container\">\n\t\t\t\t\t\t\t<div class=\"elementor-wrapper elementor-open-inline\">\n\t\t\t<div class=\"elementor-video\"><\/div>\t\t<\/div>\n\t\t\t\t\t\t<\/div>\n\t\t\t\t<\/div>\n\t\t\t\t\t<\/div>\n\t\t\t\t<\/div>\n\t\t<div class=\"elementor-element elementor-element-ec8fa62 e-flex e-con-boxed e-con e-parent\" data-id=\"ec8fa62\" data-element_type=\"container\" data-e-type=\"container\">\n\t\t\t\t\t<div class=\"e-con-inner\">\n\t\t\t\t<div class=\"elementor-element elementor-element-747f6e3 elementor-widget elementor-widget-heading\" data-id=\"747f6e3\" data-element_type=\"widget\" data-e-type=\"widget\" data-widget_type=\"heading.default\">\n\t\t\t\t<div class=\"elementor-widget-container\">\n\t\t\t\t\t<h2 class=\"elementor-heading-title elementor-size-default\">Incontra il nostro team<\/h2>\t\t\t\t<\/div>\n\t\t\t\t<\/div>\n\t\t\t\t\t<\/div>\n\t\t\t\t<\/div>\n\t\t<div class=\"elementor-element elementor-element-1cf2dd1 e-flex e-con-boxed e-con e-parent\" data-id=\"1cf2dd1\" data-element_type=\"container\" data-e-type=\"container\">\n\t\t\t\t\t<div class=\"e-con-inner\">\n\t\t\t\t<div class=\"elementor-element elementor-element-31414e3 elementor-widget elementor-widget-text-editor\" data-id=\"31414e3\" data-element_type=\"widget\" data-e-type=\"widget\" data-widget_type=\"text-editor.default\">\n\t\t\t\t<div class=\"elementor-widget-container\">\n\t\t\t\t\t\t\t\t\t<p>Un team di professionisti motivati e dinamici<\/p>\t\t\t\t\t\t\t\t<\/div>\n\t\t\t\t<\/div>\n\t\t\t\t\t<\/div>\n\t\t\t\t<\/div>\n\t\t<div class=\"elementor-element elementor-element-1fcc12d e-flex e-con-boxed e-con e-parent\" data-id=\"1fcc12d\" data-element_type=\"container\" data-e-type=\"container\">\n\t\t\t\t\t<div class=\"e-con-inner\">\n\t\t\t\t<div class=\"elementor-element elementor-element-8501a8f elementor-arrows-position-inside elementor-pagination-position-outside elementor-widget elementor-widget-image-carousel\" data-id=\"8501a8f\" data-element_type=\"widget\" data-e-type=\"widget\" data-settings=\"{&quot;image_spacing_custom&quot;:{&quot;unit&quot;:&quot;px&quot;,&quot;size&quot;:1,&quot;sizes&quot;:[]},&quot;navigation&quot;:&quot;both&quot;,&quot;autoplay&quot;:&quot;yes&quot;,&quot;pause_on_hover&quot;:&quot;yes&quot;,&quot;pause_on_interaction&quot;:&quot;yes&quot;,&quot;autoplay_speed&quot;:5000,&quot;infinite&quot;:&quot;yes&quot;,&quot;speed&quot;:500,&quot;image_spacing_custom_tablet&quot;:{&quot;unit&quot;:&quot;px&quot;,&quot;size&quot;:&quot;&quot;,&quot;sizes&quot;:[]},&quot;image_spacing_custom_mobile&quot;:{&quot;unit&quot;:&quot;px&quot;,&quot;size&quot;:&quot;&quot;,&quot;sizes&quot;:[]}}\" data-widget_type=\"image-carousel.default\">\n\t\t\t\t<div class=\"elementor-widget-container\">\n\t\t\t\t\t\t\t<div class=\"elementor-image-carousel-wrapper swiper\" role=\"region\" aria-roledescription=\"carousel\" aria-label=\"Carosello di immagini\" dir=\"ltr\">\n\t\t\t<div class=\"elementor-image-carousel swiper-wrapper\" aria-live=\"off\">\n\t\t\t\t\t\t\t\t<div class=\"swiper-slide\" role=\"group\" aria-roledescription=\"slide\" aria-label=\"1 di 14\"><figure class=\"swiper-slide-inner\"><img decoding=\"async\" class=\"swiper-slide-image\" src=\"https:\/\/maghreb-secours.ma\/wp-content\/uploads\/2024\/10\/77-700x990.jpeg\" alt=\"77\" \/><\/figure><\/div><div class=\"swiper-slide\" role=\"group\" aria-roledescription=\"slide\" aria-label=\"2 di 14\"><figure class=\"swiper-slide-inner\"><img decoding=\"async\" class=\"swiper-slide-image\" src=\"https:\/\/maghreb-secours.ma\/wp-content\/uploads\/2024\/10\/099-700x990.jpeg\" alt=\"099\" \/><\/figure><\/div><div class=\"swiper-slide\" role=\"group\" aria-roledescription=\"slide\" aria-label=\"3 di 14\"><figure class=\"swiper-slide-inner\"><img decoding=\"async\" class=\"swiper-slide-image\" src=\"https:\/\/maghreb-secours.ma\/wp-content\/uploads\/2024\/10\/4-700x990.jpg\" alt=\"4\" \/><\/figure><\/div><div class=\"swiper-slide\" role=\"group\" aria-roledescription=\"slide\" aria-label=\"4 di 14\"><figure class=\"swiper-slide-inner\"><img decoding=\"async\" class=\"swiper-slide-image\" src=\"https:\/\/maghreb-secours.ma\/wp-content\/uploads\/2024\/10\/nawal-2-700x990.jpeg\" alt=\"nawal 2\" \/><\/figure><\/div><div class=\"swiper-slide\" role=\"group\" aria-roledescription=\"slide\" aria-label=\"5 su 14\"><figure class=\"swiper-slide-inner\"><img decoding=\"async\" class=\"swiper-slide-image\" src=\"https:\/\/maghreb-secours.ma\/wp-content\/uploads\/2024\/10\/Lensa-Image-700x990.jpeg\" alt=\"Lensa Image\" \/><\/figure><\/div><div class=\"swiper-slide\" role=\"group\" aria-roledescription=\"slide\" aria-label=\"6 di 14\"><figure class=\"swiper-slide-inner\"><img decoding=\"async\" class=\"swiper-slide-image\" src=\"https:\/\/maghreb-secours.ma\/wp-content\/uploads\/2024\/10\/10-700x990.jpeg\" alt=\"10\" \/><\/figure><\/div><div class=\"swiper-slide\" role=\"group\" aria-roledescription=\"slide\" aria-label=\"7 di 14\"><figure class=\"swiper-slide-inner\"><img decoding=\"async\" class=\"swiper-slide-image\" src=\"https:\/\/maghreb-secours.ma\/wp-content\/uploads\/2024\/10\/5-700x990.jpg\" alt=\"5\" \/><\/figure><\/div><div class=\"swiper-slide\" role=\"group\" aria-roledescription=\"slide\" aria-label=\"8 di 14\"><figure class=\"swiper-slide-inner\"><img decoding=\"async\" class=\"swiper-slide-image\" src=\"https:\/\/maghreb-secours.ma\/wp-content\/uploads\/2024\/10\/99-700x990.jpeg\" alt=\"99\" \/><\/figure><\/div><div class=\"swiper-slide\" role=\"group\" aria-roledescription=\"slide\" aria-label=\"9 su 14\"><figure class=\"swiper-slide-inner\"><img decoding=\"async\" class=\"swiper-slide-image\" src=\"https:\/\/maghreb-secours.ma\/wp-content\/uploads\/2024\/10\/11-700x990.jpeg\" alt=\"11\" \/><\/figure><\/div><div class=\"swiper-slide\" role=\"group\" aria-roledescription=\"slide\" aria-label=\"10 di 14\"><figure class=\"swiper-slide-inner\"><img decoding=\"async\" class=\"swiper-slide-image\" src=\"https:\/\/maghreb-secours.ma\/wp-content\/uploads\/2024\/10\/88-700x990.jpeg\" alt=\"Processed with Lensa with Auto Adjustments\" \/><\/figure><\/div><div class=\"swiper-slide\" role=\"group\" aria-roledescription=\"slide\" aria-label=\"11 di 14\"><figure class=\"swiper-slide-inner\"><img decoding=\"async\" class=\"swiper-slide-image\" src=\"https:\/\/maghreb-secours.ma\/wp-content\/uploads\/2024\/10\/aziza-700x990.jpeg\" alt=\"aziza\" \/><\/figure><\/div><div class=\"swiper-slide\" role=\"group\" aria-roledescription=\"slide\" aria-label=\"12 di 14\"><figure class=\"swiper-slide-inner\"><img decoding=\"async\" class=\"swiper-slide-image\" src=\"https:\/\/maghreb-secours.ma\/wp-content\/uploads\/2024\/10\/3-700x990.jpg\" alt=\"3\" \/><\/figure><\/div><div class=\"swiper-slide\" role=\"group\" aria-roledescription=\"slide\" aria-label=\"13 di 14\"><figure class=\"swiper-slide-inner\"><img decoding=\"async\" class=\"swiper-slide-image\" src=\"https:\/\/maghreb-secours.ma\/wp-content\/uploads\/2024\/10\/oo-700x990.jpeg\" alt=\"oo\" \/><\/figure><\/div><div class=\"swiper-slide\" role=\"group\" aria-roledescription=\"slide\" aria-label=\"14 di 14\"><figure class=\"swiper-slide-inner\"><img decoding=\"async\" class=\"swiper-slide-image\" src=\"https:\/\/maghreb-secours.ma\/wp-content\/uploads\/2024\/10\/66-700x990.jpg\" alt=\"66\" \/><\/figure><\/div>\t\t\t<\/div>\n\t\t\t\t\t\t\t\t\t\t\t\t<div class=\"elementor-swiper-button elementor-swiper-button-prev\" role=\"button\" tabindex=\"0\">\n\t\t\t\t\t\t<svg aria-hidden=\"true\" class=\"e-font-icon-svg e-eicon-chevron-left\" viewbox=\"0 0 1000 1000\" xmlns=\"http:\/\/www.w3.org\/2000\/svg\"><path d=\"M646 125C629 125 613 133 604 142L308 442C296 454 292 471 292 487 292 504 296 521 308 533L604 854C617 867 629 875 646 875 663 875 679 871 692 858 704 846 713 829 713 812 713 796 708 779 692 767L438 487 692 225C700 217 708 204 708 187 708 171 704 154 692 142 675 129 663 125 646 125Z\"><\/path><\/svg>\t\t\t\t\t<\/div>\n\t\t\t\t\t<div class=\"elementor-swiper-button elementor-swiper-button-next\" role=\"button\" tabindex=\"0\">\n\t\t\t\t\t\t<svg aria-hidden=\"true\" class=\"e-font-icon-svg e-eicon-chevron-right\" viewbox=\"0 0 1000 1000\" xmlns=\"http:\/\/www.w3.org\/2000\/svg\"><path d=\"M696 533C708 521 713 504 713 487 713 471 708 454 696 446L400 146C388 133 375 125 354 125 338 125 325 129 313 142 300 154 292 171 292 187 292 204 296 221 308 233L563 492 304 771C292 783 288 800 288 817 288 833 296 850 308 863 321 871 338 875 354 875 371 875 388 867 400 854L696 533Z\"><\/path><\/svg>\t\t\t\t\t<\/div>\n\t\t\t\t\n\t\t\t\t\t\t\t\t\t<div class=\"swiper-pagination\"><\/div>\n\t\t\t\t\t\t\t\t\t<\/div>\n\t\t\t\t\t\t<\/div>\n\t\t\t\t<\/div>\n\t\t\t\t\t<\/div>\n\t\t\t\t<\/div>\n\t\t<div class=\"elementor-element elementor-element-c4822b4 e-flex e-con-boxed e-con e-parent\" data-id=\"c4822b4\" data-element_type=\"container\" data-e-type=\"container\">\n\t\t\t\t\t<div class=\"e-con-inner\">\n\t\t\t\t<div class=\"elementor-element elementor-element-8bdb839 elementor-widget elementor-widget-heading\" data-id=\"8bdb839\" data-element_type=\"widget\" data-e-type=\"widget\" data-widget_type=\"heading.default\">\n\t\t\t\t<div class=\"elementor-widget-container\">\n\t\t\t\t\t<h2 class=\"elementor-heading-title elementor-size-default\">Seguici sui nostri social network<\/h2>\t\t\t\t<\/div>\n\t\t\t\t<\/div>\n\t\t\t\t\t<\/div>\n\t\t\t\t<\/div>\n\t\t<div class=\"elementor-element elementor-element-c167c13 e-flex e-con-boxed e-con e-parent\" data-id=\"c167c13\" data-element_type=\"container\" data-e-type=\"container\">\n\t\t\t\t\t<div class=\"e-con-inner\">\n\t\t\t\t<div class=\"elementor-element elementor-element-83dfc2e elementor-shape-rounded elementor-grid-0 e-grid-align-center elementor-widget elementor-widget-social-icons\" data-id=\"83dfc2e\" data-element_type=\"widget\" data-e-type=\"widget\" data-widget_type=\"social-icons.default\">\n\t\t\t\t<div class=\"elementor-widget-container\">\n\t\t\t\t\t\t\t<div class=\"elementor-social-icons-wrapper elementor-grid\" role=\"list\">\n\t\t\t\t\t\t\t<span class=\"elementor-grid-item\" role=\"listitem\">\n\t\t\t\t\t<a class=\"elementor-icon elementor-social-icon elementor-social-icon-facebook elementor-repeater-item-a92509d\" href=\"https:\/\/www.facebook.com\/AMSecours\" target=\"_blank\">\n\t\t\t\t\t\t<span class=\"elementor-screen-only\">Facebook<\/span>\n\t\t\t\t\t\t<svg aria-hidden=\"true\" class=\"e-font-icon-svg e-fab-facebook\" viewbox=\"0 0 512 512\" xmlns=\"http:\/\/www.w3.org\/2000\/svg\"><path d=\"M504 256C504 119 393 8 256 8S8 119 8 256c0 123.78 90.69 226.38 209.25 245V327.69h-63V256h63v-54.64c0-62.15 37-96.48 93.67-96.48 27.14 0 55.52 4.84 55.52 4.84v61h-31.28c-30.8 0-40.41 19.12-40.41 38.73V256h68.78l-11 71.69h-57.78V501C413.31 482.38 504 379.78 504 256z\"><\/path><\/svg>\t\t\t\t\t<\/a>\n\t\t\t\t<\/span>\n\t\t\t\t\t\t\t<span class=\"elementor-grid-item\" role=\"listitem\">\n\t\t\t\t\t<a class=\"elementor-icon elementor-social-icon elementor-social-icon-x-twitter elementor-repeater-item-d4df2df\" href=\"https:\/\/x.com\/home\" target=\"_blank\">\n\t\t\t\t\t\t<span class=\"elementor-screen-only\">X-twitter<\/span>\n\t\t\t\t\t\t<svg aria-hidden=\"true\" class=\"e-font-icon-svg e-fab-x-twitter\" viewbox=\"0 0 512 512\" xmlns=\"http:\/\/www.w3.org\/2000\/svg\"><path d=\"M389.2 48h70.6L305.6 224.2 487 464H345L233.7 318.6 106.5 464H35.8L200.7 275.5 26.8 48H172.4L272.9 180.9 389.2 48zM364.4 421.8h39.1L151.1 88h-42L364.4 421.8z\"><\/path><\/svg>\t\t\t\t\t<\/a>\n\t\t\t\t<\/span>\n\t\t\t\t\t\t\t<span class=\"elementor-grid-item\" role=\"listitem\">\n\t\t\t\t\t<a class=\"elementor-icon elementor-social-icon elementor-social-icon-youtube elementor-repeater-item-cd96df6\" href=\"https:\/\/www.youtube.com\/channel\/UCpQknn9Y3wCRwT5kFb2YaKw\" target=\"_blank\">\n\t\t\t\t\t\t<span class=\"elementor-screen-only\">Youtube<\/span>\n\t\t\t\t\t\t<svg aria-hidden=\"true\" class=\"e-font-icon-svg e-fab-youtube\" viewbox=\"0 0 576 512\" xmlns=\"http:\/\/www.w3.org\/2000\/svg\"><path d=\"M549.655 124.083c-6.281-23.65-24.787-42.276-48.284-48.597C458.781 64 288 64 288 64S117.22 64 74.629 75.486c-23.497 6.322-42.003 24.947-48.284 48.597-11.412 42.867-11.412 132.305-11.412 132.305s0 89.438 11.412 132.305c6.281 23.65 24.787 41.5 48.284 47.821C117.22 448 288 448 288 448s170.78 0 213.371-11.486c23.497-6.321 42.003-24.171 48.284-47.821 11.412-42.867 11.412-132.305 11.412-132.305s0-89.438-11.412-132.305zm-317.51 213.508V175.185l142.739 81.205-142.739 81.201z\"><\/path><\/svg>\t\t\t\t\t<\/a>\n\t\t\t\t<\/span>\n\t\t\t\t\t\t\t<span class=\"elementor-grid-item\" role=\"listitem\">\n\t\t\t\t\t<a class=\"elementor-icon elementor-social-icon elementor-social-icon-instagram elementor-repeater-item-dfe973d\" href=\"https:\/\/www.instagram.com\/amsecours10\/\" target=\"_blank\">\n\t\t\t\t\t\t<span class=\"elementor-screen-only\">Instagram<\/span>\n\t\t\t\t\t\t<svg aria-hidden=\"true\" class=\"e-font-icon-svg e-fab-instagram\" viewbox=\"0 0 448 512\" xmlns=\"http:\/\/www.w3.org\/2000\/svg\"><path d=\"M224.1 141c-63.6 0-114.9 51.3-114.9 114.9s51.3 114.9 114.9 114.9S339 319.5 339 255.9 287.7 141 224.1 141zm0 189.6c-41.1 0-74.7-33.5-74.7-74.7s33.5-74.7 74.7-74.7 74.7 33.5 74.7 74.7-33.6 74.7-74.7 74.7zm146.4-194.3c0 14.9-12 26.8-26.8 26.8-14.9 0-26.8-12-26.8-26.8s12-26.8 26.8-26.8 26.8 12 26.8 26.8zm76.1 27.2c-1.7-35.9-9.9-67.7-36.2-93.9-26.2-26.2-58-34.4-93.9-36.2-37-2.1-147.9-2.1-184.9 0-35.8 1.7-67.6 9.9-93.9 36.1s-34.4 58-36.2 93.9c-2.1 37-2.1 147.9 0 184.9 1.7 35.9 9.9 67.7 36.2 93.9s58 34.4 93.9 36.2c37 2.1 147.9 2.1 184.9 0 35.9-1.7 67.7-9.9 93.9-36.2 26.2-26.2 34.4-58 36.2-93.9 2.1-37 2.1-147.8 0-184.8zM398.8 388c-7.8 19.6-22.9 34.7-42.6 42.6-29.5 11.7-99.5 9-132.1 9s-102.7 2.6-132.1-9c-19.6-7.8-34.7-22.9-42.6-42.6-11.7-29.5-9-99.5-9-132.1s-2.6-102.7 9-132.1c7.8-19.6 22.9-34.7 42.6-42.6 29.5-11.7 99.5-9 132.1-9s102.7-2.6 132.1 9c19.6 7.8 34.7 22.9 42.6 42.6 11.7 29.5 9 99.5 9 132.1s2.7 102.7-9 132.1z\"><\/path><\/svg>\t\t\t\t\t<\/a>\n\t\t\t\t<\/span>\n\t\t\t\t\t<\/div>\n\t\t\t\t\t\t<\/div>\n\t\t\t\t<\/div>\n\t\t\t\t\t<\/div>\n\t\t\t\t<\/div>\n\t\t\t\t<\/div>","protected":false},"excerpt":{"rendered":"<p>Notre mission Depuis plus de dix ans,\u00a0Maghreb Secours\u00a0s\u2019affirme comme une association humanitaire engag\u00e9e au Maroc, d\u00e9termin\u00e9e \u00e0 \u00eatre un acteur du changement. Notre mission s\u2019articule autour de plusieurs axes\u202f:\u202faider les personnes d\u00e9munies, intervenir dans l\u2019urgence m\u00e9dicale, soutenir les jeunes marocains pour leur offrir une vision de leadership et contribuer activement au d\u00e9veloppement du Royaume et [&hellip;]<\/p>\n","protected":false},"author":1,"featured_media":0,"parent":0,"menu_order":0,"comment_status":"closed","ping_status":"closed","template":"","meta":{"footnotes":""},"class_list":["post-7668","page","type-page","status-publish","hentry"],"_links":{"self":[{"href":"https:\/\/maghreb-secours.ma\/it\/wp-json\/wp\/v2\/pages\/7668","targetHints":{"allow":["GET"]}}],"collection":[{"href":"https:\/\/maghreb-secours.ma\/it\/wp-json\/wp\/v2\/pages"}],"about":[{"href":"https:\/\/maghreb-secours.ma\/it\/wp-json\/wp\/v2\/types\/page"}],"author":[{"embeddable":true,"href":"https:\/\/maghreb-secours.ma\/it\/wp-json\/wp\/v2\/users\/1"}],"replies":[{"embeddable":true,"href":"https:\/\/maghreb-secours.ma\/it\/wp-json\/wp\/v2\/comments?post=7668"}],"version-history":[{"count":5,"href":"https:\/\/maghreb-secours.ma\/it\/wp-json\/wp\/v2\/pages\/7668\/revisions"}],"predecessor-version":[{"id":10144,"href":"https:\/\/maghreb-secours.ma\/it\/wp-json\/wp\/v2\/pages\/7668\/revisions\/10144"}],"wp:attachment":[{"href":"https:\/\/maghreb-secours.ma\/it\/wp-json\/wp\/v2\/media?parent=7668"}],"curies":[{"name":"parola chiave","href":"https:\/\/api.w.org\/{rel}","templated":true}]}}