{"id":2721,"date":"2016-09-02T09:18:17","date_gmt":"2016-09-02T09:18:17","guid":{"rendered":"http:\/\/demo.goodlayers.com\/realfactory\/?page_id=2721"},"modified":"2023-03-21T14:59:03","modified_gmt":"2023-03-21T14:59:03","slug":"blog-2-columns","status":"publish","type":"page","link":"https:\/\/maghreb-secours.ma\/it\/blog-2-columns\/","title":{"rendered":"La realt\u00e0 della generosit\u00e0 marocchina!"},"content":{"rendered":"<p>Dar Talib\/Taliba di K\u00e9rouchen, l&#039;Associazione Maghreb Secours, vi fa visita regolarmente con le braccia cariche di donazioni. Ci impegniamo a rispondere al vostro appello, che ci commuove profondamente ogni volta. Vi pensiamo nelle vostre montagne, cos\u00ec fredde d&#039;inverno e cos\u00ec calde d&#039;estate. Lavoriamo instancabilmente per portarvi gioia e felicit\u00e0. Questa missione nel cuore dell&#039;inverno \u00e8 stata difficile perch\u00e9 le strade impraticabili e pericolose richiedono una vigilanza costante. Siamo partiti alle 5 del mattino con auto e un camion carichi di cibo, coperte, vestiti nuovi e computer. Il vostro bisogno \u00e8 importante e il vostro desiderio, signor Direttore, di portare felicit\u00e0 ai vostri bambini a scuola dimostra quanto vi dedicate a questo compito. L&#039;organizzazione che abbiamo creato \u00e8 una testimonianza della struttura della nostra associazione e del fatto che, da quasi un decennio, siamo in continua evoluzione per servire al meglio chi vive in situazioni precarie.<\/p>\n<p>Il nostro team \u00e8 stato esemplare, dimostrando una dedizione straordinaria in tempi record. Il signor Yahya El Baharaoui, Direttore delle Missioni di Distribuzione, \u00e8 un coordinatore che conosce bene il suo lavoro, ma soprattutto possiede un coraggio ammirevole. Ringraziamo tutti i nostri donatori che hanno contribuito al lavoro di K\u00e9rouchen.<\/p>\n<p>Grazie a tutti coloro che pensano ai poveri delle zone rurali del Marocco.<\/p>\n<p>Che Dio ti protegga e ti conceda una vita felice e in salute!<\/p>\n<p>Allah, Al Watan, Al Malik<\/p>\n<p>&nbsp;<\/p>","protected":false},"excerpt":{"rendered":"<p>Dar Talib\/taliba de K\u00e9rouchen, l&#8217;Association Maghreb Secours a l&#8217;habitude de vous visiter avec les bras remplis de dons. Nous nous effor\u00e7ons de r\u00e9pondre \u00e0 votre appel qui nous bouleverse chaque fois. Nous pensons \u00e0 vous dans vos montagnes si froides l&#8217;hiver et si chaudes l&#8217;\u00e9t\u00e9. Nous travaillons d&#8217;arrache-pied pour vous donner de la joie et [&hellip;]<\/p>\n","protected":false},"author":1,"featured_media":0,"parent":0,"menu_order":0,"comment_status":"closed","ping_status":"closed","template":"","meta":{"footnotes":""},"class_list":["post-2721","page","type-page","status-publish","hentry"],"_links":{"self":[{"href":"https:\/\/maghreb-secours.ma\/it\/wp-json\/wp\/v2\/pages\/2721","targetHints":{"allow":["GET"]}}],"collection":[{"href":"https:\/\/maghreb-secours.ma\/it\/wp-json\/wp\/v2\/pages"}],"about":[{"href":"https:\/\/maghreb-secours.ma\/it\/wp-json\/wp\/v2\/types\/page"}],"author":[{"embeddable":true,"href":"https:\/\/maghreb-secours.ma\/it\/wp-json\/wp\/v2\/users\/1"}],"replies":[{"embeddable":true,"href":"https:\/\/maghreb-secours.ma\/it\/wp-json\/wp\/v2\/comments?post=2721"}],"version-history":[{"count":3,"href":"https:\/\/maghreb-secours.ma\/it\/wp-json\/wp\/v2\/pages\/2721\/revisions"}],"predecessor-version":[{"id":9132,"href":"https:\/\/maghreb-secours.ma\/it\/wp-json\/wp\/v2\/pages\/2721\/revisions\/9132"}],"wp:attachment":[{"href":"https:\/\/maghreb-secours.ma\/it\/wp-json\/wp\/v2\/media?parent=2721"}],"curies":[{"name":"parola chiave","href":"https:\/\/api.w.org\/{rel}","templated":true}]}}