{"id":9563,"date":"2024-10-28T08:52:31","date_gmt":"2024-10-28T08:52:31","guid":{"rendered":"https:\/\/maghreb-secours.ma\/?page_id=9563"},"modified":"2025-12-26T13:47:54","modified_gmt":"2025-12-26T13:47:54","slug":"karam","status":"publish","type":"page","link":"https:\/\/maghreb-secours.ma\/es\/karam\/","title":{"rendered":"karam"},"content":{"rendered":"<div data-elementor-type=\"wp-page\" data-elementor-id=\"9563\" class=\"elementor elementor-9563\">\n\t\t\t\t<div class=\"elementor-element elementor-element-393d4d9 e-flex e-con-boxed e-con e-parent\" data-id=\"393d4d9\" data-element_type=\"container\" data-e-type=\"container\">\n\t\t\t\t\t<div class=\"e-con-inner\">\n\t\t\t\t<div class=\"elementor-element elementor-element-8f3b77c elementor-widget elementor-widget-image\" data-id=\"8f3b77c\" data-element_type=\"widget\" data-e-type=\"widget\" data-widget_type=\"image.default\">\n\t\t\t\t<div class=\"elementor-widget-container\">\n\t\t\t\t\t\t\t\t\t\t\t\t\t\t\t<img fetchpriority=\"high\" decoding=\"async\" width=\"1024\" height=\"906\" src=\"https:\/\/maghreb-secours.ma\/wp-content\/uploads\/2022\/07\/vector-1024x906.png\" class=\"attachment-large size-large wp-image-8974\" alt=\"\" srcset=\"https:\/\/maghreb-secours.ma\/wp-content\/uploads\/2022\/07\/vector-1024x906.png 1024w, https:\/\/maghreb-secours.ma\/wp-content\/uploads\/2022\/07\/vector-300x265.png 300w, https:\/\/maghreb-secours.ma\/wp-content\/uploads\/2022\/07\/vector-768x679.png 768w, https:\/\/maghreb-secours.ma\/wp-content\/uploads\/2022\/07\/vector-1536x1359.png 1536w, https:\/\/maghreb-secours.ma\/wp-content\/uploads\/2022\/07\/vector-2048x1811.png 2048w, https:\/\/maghreb-secours.ma\/wp-content\/uploads\/2022\/07\/vector-14x12.png 14w, https:\/\/maghreb-secours.ma\/wp-content\/uploads\/2022\/07\/vector-1320x1167.png 1320w\" sizes=\"(max-width: 1024px) 100vw, 1024px\" \/>\t\t\t\t\t\t\t\t\t\t\t\t\t\t\t<\/div>\n\t\t\t\t<\/div>\n\t\t\t\t\t<\/div>\n\t\t\t\t<\/div>\n\t\t<div class=\"elementor-element elementor-element-3860280 e-flex e-con-boxed e-con e-parent\" data-id=\"3860280\" data-element_type=\"container\" data-e-type=\"container\">\n\t\t\t\t\t<div class=\"e-con-inner\">\n\t\t\t\t<div class=\"elementor-element elementor-element-08cc277 elementor-widget elementor-widget-spacer\" data-id=\"08cc277\" data-element_type=\"widget\" data-e-type=\"widget\" data-widget_type=\"spacer.default\">\n\t\t\t\t<div class=\"elementor-widget-container\">\n\t\t\t\t\t\t\t<div class=\"elementor-spacer\">\n\t\t\t<div class=\"elementor-spacer-inner\"><\/div>\n\t\t<\/div>\n\t\t\t\t\t\t<\/div>\n\t\t\t\t<\/div>\n\t\t\t\t\t<\/div>\n\t\t\t\t<\/div>\n\t\t<div class=\"elementor-element elementor-element-fd02ea5 e-flex e-con-boxed e-con e-parent\" data-id=\"fd02ea5\" data-element_type=\"container\" data-e-type=\"container\">\n\t\t\t\t\t<div class=\"e-con-inner\">\n\t\t\t\t<div class=\"elementor-element elementor-element-dd4edcf elementor-widget elementor-widget-text-editor\" data-id=\"dd4edcf\" data-element_type=\"widget\" data-e-type=\"widget\" data-widget_type=\"text-editor.default\">\n\t\t\t\t<div class=\"elementor-widget-container\">\n\t\t\t\t\t\t\t\t\t<p><strong>Descubra la aplicaci\u00f3n <a href=\"https:\/\/karam.ma\/\">Karam<\/a> : Un sistema innovador para apoyar acciones humanitarias<\/strong><\/p><p>La Asociaci\u00f3n Maghreb Secours se enorgullece de presentar la solicitud <strong>Karam<\/strong>, Una soluci\u00f3n revolucionaria para la captaci\u00f3n de fondos basada en un modelo de financiaci\u00f3n en auge: la publicidad participativa. Esta innovadora aplicaci\u00f3n permite a los usuarios contribuir a proyectos humanitarios sin coste directo, simplemente viendo anuncios breves. Cada visualizaci\u00f3n genera fondos para las actividades ben\u00e9ficas de la organizaci\u00f3n, convirtiendo as\u00ed a cada usuario en un participante activo en un acto de solidaridad.<\/p><p>La aplicaci\u00f3n Karam encarna la transformaci\u00f3n de los m\u00e9todos de financiaci\u00f3n de las obras sociales, y forma parte de una era en la que los donantes desean participar activamente en la causa humanitaria. Esta innovaci\u00f3n tambi\u00e9n responde a las aspiraciones de las empresas deseosas de fortalecer su identidad adoptando la responsabilidad social. Al asociarse con Karam, las empresas participantes se benefician de una visibilidad con impacto positivo, consolidando su imagen como actores comprometidos con el bienestar colectivo.<\/p><p>A trav\u00e9s de Karam, la Asociaci\u00f3n Maghreb Secours est\u00e1 comprometida activamente con el desarrollo de Marruecos y con la optimizaci\u00f3n de la solidaridad mediante las nuevas tecnolog\u00edas. Este singular sistema de recaudaci\u00f3n de fondos representa un importante avance en el \u00e1mbito humanitario, ofreciendo a todos la oportunidad de marcar la diferencia de forma sencilla y eficaz. Juntos, gracias a Karam, contribuyamos a un Marruecos m\u00e1s unido e inclusivo.<\/p><p>\u00a0<\/p>\t\t\t\t\t\t\t\t<\/div>\n\t\t\t\t<\/div>\n\t\t\t\t\t<\/div>\n\t\t\t\t<\/div>\n\t\t<div class=\"elementor-element elementor-element-0641153 e-flex e-con-boxed e-con e-parent\" data-id=\"0641153\" data-element_type=\"container\" data-e-type=\"container\">\n\t\t\t\t\t<div class=\"e-con-inner\">\n\t\t\t\t<div class=\"elementor-element elementor-element-93e6b2c elementor-widget elementor-widget-button\" data-id=\"93e6b2c\" data-element_type=\"widget\" data-e-type=\"widget\" data-widget_type=\"button.default\">\n\t\t\t\t<div class=\"elementor-widget-container\">\n\t\t\t\t\t\t\t\t\t<div class=\"elementor-button-wrapper\">\n\t\t\t\t\t<a class=\"elementor-button elementor-button-link elementor-size-sm\" href=\"https:\/\/play.google.com\/store\/apps\/details?id=com.yassirmss.karam\">\n\t\t\t\t\t\t<span class=\"elementor-button-content-wrapper\">\n\t\t\t\t\t\t\t\t\t<span class=\"elementor-button-text\">Descarga la aplicaci\u00f3n Karam<\/span>\n\t\t\t\t\t<\/span>\n\t\t\t\t\t<\/a>\n\t\t\t\t<\/div>\n\t\t\t\t\t\t\t\t<\/div>\n\t\t\t\t<\/div>\n\t\t\t\t\t<\/div>\n\t\t\t\t<\/div>\n\t\t\t\t<\/div>","protected":false},"excerpt":{"rendered":"<p>D\u00e9couvrez l\u2019Application Karam : Un Syst\u00e8me Innovant pour Soutenir les Actions Humanitaires L\u2019Association Maghreb Secours est fi\u00e8re de pr\u00e9senter l\u2019application Karam, une solution de collecte de fonds, r\u00e9volutionnaire qui repose sur un mod\u00e8le de financement au c\u0153ur des tendances actuelles : la publicit\u00e9 participative. Cette application novatrice permet aux utilisateurs de contribuer aux projets humanitaires [&hellip;]<\/p>\n","protected":false},"author":1,"featured_media":0,"parent":0,"menu_order":0,"comment_status":"closed","ping_status":"closed","template":"","meta":{"footnotes":""},"class_list":["post-9563","page","type-page","status-publish","hentry"],"_links":{"self":[{"href":"https:\/\/maghreb-secours.ma\/es\/wp-json\/wp\/v2\/pages\/9563","targetHints":{"allow":["GET"]}}],"collection":[{"href":"https:\/\/maghreb-secours.ma\/es\/wp-json\/wp\/v2\/pages"}],"about":[{"href":"https:\/\/maghreb-secours.ma\/es\/wp-json\/wp\/v2\/types\/page"}],"author":[{"embeddable":true,"href":"https:\/\/maghreb-secours.ma\/es\/wp-json\/wp\/v2\/users\/1"}],"replies":[{"embeddable":true,"href":"https:\/\/maghreb-secours.ma\/es\/wp-json\/wp\/v2\/comments?post=9563"}],"version-history":[{"count":5,"href":"https:\/\/maghreb-secours.ma\/es\/wp-json\/wp\/v2\/pages\/9563\/revisions"}],"predecessor-version":[{"id":10176,"href":"https:\/\/maghreb-secours.ma\/es\/wp-json\/wp\/v2\/pages\/9563\/revisions\/10176"}],"wp:attachment":[{"href":"https:\/\/maghreb-secours.ma\/es\/wp-json\/wp\/v2\/media?parent=9563"}],"curies":[{"name":"gracias","href":"https:\/\/api.w.org\/{rel}","templated":true}]}}