{"id":7800,"date":"2020-02-28T08:26:46","date_gmt":"2020-02-28T08:26:46","guid":{"rendered":"https:\/\/demo.goodlayers.com\/chariti\/demo1\/?page_id=7800"},"modified":"2024-01-30T14:30:32","modified_gmt":"2024-01-30T14:30:32","slug":"become-a-volunteer","status":"publish","type":"page","link":"https:\/\/maghreb-secours.ma\/es\/become-a-volunteer\/","title":{"rendered":"Hazte voluntario"},"content":{"rendered":"<h1><strong>Ser voluntario en la Asociaci\u00f3n Magreb Secours: un acto de solidaridad y compromiso humanitario<\/strong><\/h1>\n<p><em>Introducci\u00f3n<\/em><\/p>\n<p>A lo largo de los nueve a\u00f1os de existencia de Maghreb Secours, su inquebrantable dedicaci\u00f3n a las causas humanitarias ha sido el pilar sobre el que se sustenta su impacto positivo. Hoy, les invitamos a unirse a esta noble misi\u00f3n como voluntarios, ya que su compromiso puede marcar la diferencia en la vida de las personas socialmente excluidas, las v\u00edctimas de enfermedades y las personas afectadas por desastres naturales.<\/p>\n<p><em>Ayuda al Magreb: un faro de esperanza<\/em><\/p>\n<p>La Asociaci\u00f3n Magreb Socorro encarna una d\u00e9cada de dedicaci\u00f3n a los m\u00e1s vulnerables de nuestra sociedad. Como voluntario, ser\u00e1s un eslab\u00f3n vital que ayudar\u00e1 a extender la solidaridad m\u00e1s all\u00e1 de las fronteras. Tu labor humanitaria ser\u00e1 una fuente de esperanza para quienes m\u00e1s la necesitan.<\/p>\n<p><em>El llamado a la juventud: un deber de generosidad<\/em><\/p>\n<p>A los j\u00f3venes de nuestra sociedad, les hacemos un sincero llamamiento. Participar en la acci\u00f3n humanitaria no es solo una opci\u00f3n, sino un deber de generosidad hacia nuestra comunidad. Al participar activamente en Maghreb Secours, no solo desarrollar\u00e1n sus habilidades, sino que tambi\u00e9n encarnar\u00e1n los valores de empat\u00eda y solidaridad que definen a la juventud comprometida.<\/p>\n<p><em>Una experiencia enriquecedora<\/em><\/p>\n<p>Al ser voluntario, te sumergir\u00e1s en una experiencia gratificante, llena de encuentros significativos, desaf\u00edos estimulantes y la profunda satisfacci\u00f3n de ayudar a los m\u00e1s necesitados. Maghreb Secours ofrece un terreno f\u00e9rtil para el crecimiento personal y el desarrollo colectivo.<\/p>\n<p><em>Conclusi\u00f3n<\/em><\/p>\n<p>Ser voluntario de la Asociaci\u00f3n Magreb Secours trasciende el simple acto de voluntariado; significa formar parte de una historia de solidaridad que ya cumple una d\u00e9cada. Juntos, hagamos de esta d\u00e9cada una epopeya humanitaria, donde cada voluntario escriba una p\u00e1gina inolvidable al servicio de los m\u00e1s desfavorecidos.<\/p>\n<p>Tu compromiso es la chispa que iluminar\u00e1 las vidas necesitadas. \u00danete a nosotros en esta noble misi\u00f3n, porque cada gesto cuenta, y juntos construiremos un futuro lleno de compasi\u00f3n y generosidad.<\/p>\n<p><iframe title=\"Historia humanitaria: H\u00e9roes del Magreb ayudan ante el terremoto en Marruecos\" src=\"https:\/\/www.youtube.com\/embed\/PU2r3rx3UTg\" width=\"949\" height=\"534\" frameborder=\"0\" allowfullscreen=\"allowfullscreen\"><\/iframe><\/p>","protected":false},"excerpt":{"rendered":"<p>Devenir Volontaire \u00e0 l&#8217;Association Maghreb Secours : Un Acte de Solidarit\u00e9 et d&#8217;Engagement Humanitaire Introduction Au fil des neuf ann\u00e9es d&#8217;existence de l&#8217;Association Maghreb Secours, le d\u00e9vouement in\u00e9branlable envers les causes humanitaires a \u00e9t\u00e9 le pilier sur lequel repose son impact positif. Aujourd&#8217;hui, nous vous convions \u00e0 rejoindre cette noble mission en tant que volontaires, [&hellip;]<\/p>\n","protected":false},"author":1,"featured_media":8648,"parent":0,"menu_order":0,"comment_status":"closed","ping_status":"closed","template":"","meta":{"footnotes":""},"class_list":["post-7800","page","type-page","status-publish","has-post-thumbnail","hentry"],"_links":{"self":[{"href":"https:\/\/maghreb-secours.ma\/es\/wp-json\/wp\/v2\/pages\/7800","targetHints":{"allow":["GET"]}}],"collection":[{"href":"https:\/\/maghreb-secours.ma\/es\/wp-json\/wp\/v2\/pages"}],"about":[{"href":"https:\/\/maghreb-secours.ma\/es\/wp-json\/wp\/v2\/types\/page"}],"author":[{"embeddable":true,"href":"https:\/\/maghreb-secours.ma\/es\/wp-json\/wp\/v2\/users\/1"}],"replies":[{"embeddable":true,"href":"https:\/\/maghreb-secours.ma\/es\/wp-json\/wp\/v2\/comments?post=7800"}],"version-history":[{"count":5,"href":"https:\/\/maghreb-secours.ma\/es\/wp-json\/wp\/v2\/pages\/7800\/revisions"}],"predecessor-version":[{"id":9462,"href":"https:\/\/maghreb-secours.ma\/es\/wp-json\/wp\/v2\/pages\/7800\/revisions\/9462"}],"wp:featuredmedia":[{"embeddable":true,"href":"https:\/\/maghreb-secours.ma\/es\/wp-json\/wp\/v2\/media\/8648"}],"wp:attachment":[{"href":"https:\/\/maghreb-secours.ma\/es\/wp-json\/wp\/v2\/media?parent=7800"}],"curies":[{"name":"gracias","href":"https:\/\/api.w.org\/{rel}","templated":true}]}}