{"id":2721,"date":"2016-09-02T09:18:17","date_gmt":"2016-09-02T09:18:17","guid":{"rendered":"http:\/\/demo.goodlayers.com\/realfactory\/?page_id=2721"},"modified":"2023-03-21T14:59:03","modified_gmt":"2023-03-21T14:59:03","slug":"blog-2-columns","status":"publish","type":"page","link":"https:\/\/maghreb-secours.ma\/es\/blog-2-columns\/","title":{"rendered":"\u00a1La realidad de la generosidad marroqu\u00ed!"},"content":{"rendered":"<p>Dar Talib\/taliba de K\u00e9rouchen, la Asociaci\u00f3n Magreb de Socorro, les visita regularmente con los brazos llenos de donaciones. Nos esforzamos por responder a su petici\u00f3n, que nos conmueve profundamente cada vez. Pensamos en ustedes en sus monta\u00f1as, tan fr\u00edas en invierno y tan calurosas en verano. Trabajamos incansablemente para brindarles alegr\u00eda y felicidad. Esta misi\u00f3n en pleno invierno fue dif\u00edcil debido a las carreteras intransitables y peligrosas que requieren vigilancia constante. Partimos a las 5:00 a. m. con coches y un cami\u00f3n cargados de alimentos, mantas, ropa nueva y computadoras. Su necesidad es considerable, y su deseo, Sr. Director, de llevar felicidad a sus escolares demuestra su dedicaci\u00f3n a esta tarea. La organizaci\u00f3n que hemos establecido es un testimonio de la estructura de nuestra asociaci\u00f3n y de que, durante casi una d\u00e9cada, hemos estado en constante evoluci\u00f3n para servir mejor a quienes viven en situaciones precarias.<\/p>\n<p>Nuestro equipo fue ejemplar, demostrando una dedicaci\u00f3n extraordinaria en un tiempo r\u00e9cord. El Sr. Yahya El Baharaoui, Director de Misiones de Distribuci\u00f3n, es un coordinador que domina su trabajo, pero sobre todo, posee una valent\u00eda admirable. Agradecemos a todos nuestros donantes que contribuyeron a la labor de K\u00e9rouchen.<\/p>\n<p>Gracias a todos aquellos que piensan en los pobres de las zonas rurales de Marruecos.<\/p>\n<p>\u00a1Que Dios te proteja y te conceda una vida de felicidad y salud!<\/p>\n<p>Al\u00e1, Al Watan, Al Malik<\/p>\n<p>&nbsp;<\/p>","protected":false},"excerpt":{"rendered":"<p>Dar Talib\/taliba de K\u00e9rouchen, l&#8217;Association Maghreb Secours a l&#8217;habitude de vous visiter avec les bras remplis de dons. Nous nous effor\u00e7ons de r\u00e9pondre \u00e0 votre appel qui nous bouleverse chaque fois. Nous pensons \u00e0 vous dans vos montagnes si froides l&#8217;hiver et si chaudes l&#8217;\u00e9t\u00e9. Nous travaillons d&#8217;arrache-pied pour vous donner de la joie et [&hellip;]<\/p>\n","protected":false},"author":1,"featured_media":0,"parent":0,"menu_order":0,"comment_status":"closed","ping_status":"closed","template":"","meta":{"footnotes":""},"class_list":["post-2721","page","type-page","status-publish","hentry"],"_links":{"self":[{"href":"https:\/\/maghreb-secours.ma\/es\/wp-json\/wp\/v2\/pages\/2721","targetHints":{"allow":["GET"]}}],"collection":[{"href":"https:\/\/maghreb-secours.ma\/es\/wp-json\/wp\/v2\/pages"}],"about":[{"href":"https:\/\/maghreb-secours.ma\/es\/wp-json\/wp\/v2\/types\/page"}],"author":[{"embeddable":true,"href":"https:\/\/maghreb-secours.ma\/es\/wp-json\/wp\/v2\/users\/1"}],"replies":[{"embeddable":true,"href":"https:\/\/maghreb-secours.ma\/es\/wp-json\/wp\/v2\/comments?post=2721"}],"version-history":[{"count":3,"href":"https:\/\/maghreb-secours.ma\/es\/wp-json\/wp\/v2\/pages\/2721\/revisions"}],"predecessor-version":[{"id":9132,"href":"https:\/\/maghreb-secours.ma\/es\/wp-json\/wp\/v2\/pages\/2721\/revisions\/9132"}],"wp:attachment":[{"href":"https:\/\/maghreb-secours.ma\/es\/wp-json\/wp\/v2\/media?parent=2721"}],"curies":[{"name":"gracias","href":"https:\/\/api.w.org\/{rel}","templated":true}]}}