{"id":9563,"date":"2024-10-28T08:52:31","date_gmt":"2024-10-28T08:52:31","guid":{"rendered":"https:\/\/maghreb-secours.ma\/?page_id=9563"},"modified":"2025-12-26T13:47:54","modified_gmt":"2025-12-26T13:47:54","slug":"karam","status":"publish","type":"page","link":"https:\/\/maghreb-secours.ma\/de\/karam\/","title":{"rendered":"KARAM"},"content":{"rendered":"<div data-elementor-type=\"wp-page\" data-elementor-id=\"9563\" class=\"elementor elementor-9563\">\n\t\t\t\t<div class=\"elementor-element elementor-element-393d4d9 e-flex e-con-boxed e-con e-parent\" data-id=\"393d4d9\" data-element_type=\"container\" data-e-type=\"container\">\n\t\t\t\t\t<div class=\"e-con-inner\">\n\t\t\t\t<div class=\"elementor-element elementor-element-8f3b77c elementor-widget elementor-widget-image\" data-id=\"8f3b77c\" data-element_type=\"widget\" data-e-type=\"widget\" data-widget_type=\"image.default\">\n\t\t\t\t<div class=\"elementor-widget-container\">\n\t\t\t\t\t\t\t\t\t\t\t\t\t\t\t<img fetchpriority=\"high\" decoding=\"async\" width=\"1024\" height=\"906\" src=\"https:\/\/maghreb-secours.ma\/wp-content\/uploads\/2022\/07\/vector-1024x906.png\" class=\"attachment-large size-large wp-image-8974\" alt=\"\" srcset=\"https:\/\/maghreb-secours.ma\/wp-content\/uploads\/2022\/07\/vector-1024x906.png 1024w, https:\/\/maghreb-secours.ma\/wp-content\/uploads\/2022\/07\/vector-300x265.png 300w, https:\/\/maghreb-secours.ma\/wp-content\/uploads\/2022\/07\/vector-768x679.png 768w, https:\/\/maghreb-secours.ma\/wp-content\/uploads\/2022\/07\/vector-1536x1359.png 1536w, https:\/\/maghreb-secours.ma\/wp-content\/uploads\/2022\/07\/vector-2048x1811.png 2048w, https:\/\/maghreb-secours.ma\/wp-content\/uploads\/2022\/07\/vector-14x12.png 14w, https:\/\/maghreb-secours.ma\/wp-content\/uploads\/2022\/07\/vector-1320x1167.png 1320w\" sizes=\"(max-width: 1024px) 100vw, 1024px\" \/>\t\t\t\t\t\t\t\t\t\t\t\t\t\t\t<\/div>\n\t\t\t\t<\/div>\n\t\t\t\t\t<\/div>\n\t\t\t\t<\/div>\n\t\t<div class=\"elementor-element elementor-element-3860280 e-flex e-con-boxed e-con e-parent\" data-id=\"3860280\" data-element_type=\"container\" data-e-type=\"container\">\n\t\t\t\t\t<div class=\"e-con-inner\">\n\t\t\t\t<div class=\"elementor-element elementor-element-08cc277 elementor-widget elementor-widget-spacer\" data-id=\"08cc277\" data-element_type=\"widget\" data-e-type=\"widget\" data-widget_type=\"spacer.default\">\n\t\t\t\t<div class=\"elementor-widget-container\">\n\t\t\t\t\t\t\t<div class=\"elementor-spacer\">\n\t\t\t<div class=\"elementor-spacer-inner\"><\/div>\n\t\t<\/div>\n\t\t\t\t\t\t<\/div>\n\t\t\t\t<\/div>\n\t\t\t\t\t<\/div>\n\t\t\t\t<\/div>\n\t\t<div class=\"elementor-element elementor-element-fd02ea5 e-flex e-con-boxed e-con e-parent\" data-id=\"fd02ea5\" data-element_type=\"container\" data-e-type=\"container\">\n\t\t\t\t\t<div class=\"e-con-inner\">\n\t\t\t\t<div class=\"elementor-element elementor-element-dd4edcf elementor-widget elementor-widget-text-editor\" data-id=\"dd4edcf\" data-element_type=\"widget\" data-e-type=\"widget\" data-widget_type=\"text-editor.default\">\n\t\t\t\t<div class=\"elementor-widget-container\">\n\t\t\t\t\t\t\t\t\t<p><strong>Entdecken Sie die Anwendung <a href=\"https:\/\/karam.ma\/\">Karam<\/a> : Ein innovatives System zur Unterst\u00fctzung humanit\u00e4rer Ma\u00dfnahmen<\/strong><\/p><p>Die Maghreb Secours Association ist stolz, den Antrag pr\u00e4sentieren zu k\u00f6nnen <strong>Karam<\/strong>, Eine revolution\u00e4re Fundraising-L\u00f6sung, basierend auf einem Finanzierungsmodell, das im Trend liegt: partizipative Werbung. Diese innovative App erm\u00f6glicht es Nutzern, humanit\u00e4re Projekte ohne direkte Kosten zu unterst\u00fctzen, indem sie einfach kurze Werbespots ansehen. Jeder Aufruf generiert Spenden f\u00fcr die gemeinn\u00fctzigen Aktivit\u00e4ten der Organisation und macht so jeden Nutzer zu einem aktiven Teil der Solidarit\u00e4t.<\/p><p>Der Karam-Antrag verk\u00f6rpert den Wandel der Finanzierungsmethoden f\u00fcr Sozialwerke, ganz im Zeichen einer Zeit, in der Spender sich aktiv f\u00fcr die humanit\u00e4re Sache engagieren m\u00f6chten. Diese Innovation entspricht auch den Bestrebungen von Unternehmen, ihre Identit\u00e4t durch die \u00dcbernahme sozialer Verantwortung zu st\u00e4rken. Durch die Partnerschaft mit Karam profitieren die teilnehmenden Unternehmen von einer positiven Sichtbarkeit und festigen ihr Image als Akteure, die sich f\u00fcr das kollektive Wohlergehen einsetzen.<\/p><p>\u00dcber Karam engagiert sich die Maghreb Secours Association aktiv f\u00fcr die Entwicklung Marokkos und die St\u00e4rkung der Solidarit\u00e4t durch neue Technologien. Dieses einzigartige Spendensystem ist ein bedeutender Fortschritt im humanit\u00e4ren Bereich und bietet jedem die M\u00f6glichkeit, einfach und effektiv etwas zu bewirken. Lasst uns gemeinsam, dank Karam, zu einem geeinteren und inklusiveren Marokko beitragen.<\/p><p>\u00a0<\/p>\t\t\t\t\t\t\t\t<\/div>\n\t\t\t\t<\/div>\n\t\t\t\t\t<\/div>\n\t\t\t\t<\/div>\n\t\t<div class=\"elementor-element elementor-element-0641153 e-flex e-con-boxed e-con e-parent\" data-id=\"0641153\" data-element_type=\"container\" data-e-type=\"container\">\n\t\t\t\t\t<div class=\"e-con-inner\">\n\t\t\t\t<div class=\"elementor-element elementor-element-93e6b2c elementor-widget elementor-widget-button\" data-id=\"93e6b2c\" data-element_type=\"widget\" data-e-type=\"widget\" data-widget_type=\"button.default\">\n\t\t\t\t<div class=\"elementor-widget-container\">\n\t\t\t\t\t\t\t\t\t<div class=\"elementor-button-wrapper\">\n\t\t\t\t\t<a class=\"elementor-button elementor-button-link elementor-size-sm\" href=\"https:\/\/play.google.com\/store\/apps\/details?id=com.yassirmss.karam\">\n\t\t\t\t\t\t<span class=\"elementor-button-content-wrapper\">\n\t\t\t\t\t\t\t\t\t<span class=\"elementor-button-text\">Laden Sie die Karam-App herunter<\/span>\n\t\t\t\t\t<\/span>\n\t\t\t\t\t<\/a>\n\t\t\t\t<\/div>\n\t\t\t\t\t\t\t\t<\/div>\n\t\t\t\t<\/div>\n\t\t\t\t\t<\/div>\n\t\t\t\t<\/div>\n\t\t\t\t<\/div>","protected":false},"excerpt":{"rendered":"<p>D\u00e9couvrez l\u2019Application Karam : Un Syst\u00e8me Innovant pour Soutenir les Actions Humanitaires L\u2019Association Maghreb Secours est fi\u00e8re de pr\u00e9senter l\u2019application Karam, une solution de collecte de fonds, r\u00e9volutionnaire qui repose sur un mod\u00e8le de financement au c\u0153ur des tendances actuelles : la publicit\u00e9 participative. Cette application novatrice permet aux utilisateurs de contribuer aux projets humanitaires [&hellip;]<\/p>\n","protected":false},"author":1,"featured_media":0,"parent":0,"menu_order":0,"comment_status":"closed","ping_status":"closed","template":"","meta":{"footnotes":""},"class_list":["post-9563","page","type-page","status-publish","hentry"],"_links":{"self":[{"href":"https:\/\/maghreb-secours.ma\/de\/wp-json\/wp\/v2\/pages\/9563","targetHints":{"allow":["GET"]}}],"collection":[{"href":"https:\/\/maghreb-secours.ma\/de\/wp-json\/wp\/v2\/pages"}],"about":[{"href":"https:\/\/maghreb-secours.ma\/de\/wp-json\/wp\/v2\/types\/page"}],"author":[{"embeddable":true,"href":"https:\/\/maghreb-secours.ma\/de\/wp-json\/wp\/v2\/users\/1"}],"replies":[{"embeddable":true,"href":"https:\/\/maghreb-secours.ma\/de\/wp-json\/wp\/v2\/comments?post=9563"}],"version-history":[{"count":5,"href":"https:\/\/maghreb-secours.ma\/de\/wp-json\/wp\/v2\/pages\/9563\/revisions"}],"predecessor-version":[{"id":10176,"href":"https:\/\/maghreb-secours.ma\/de\/wp-json\/wp\/v2\/pages\/9563\/revisions\/10176"}],"wp:attachment":[{"href":"https:\/\/maghreb-secours.ma\/de\/wp-json\/wp\/v2\/media?parent=9563"}],"curies":[{"name":"wp","href":"https:\/\/api.w.org\/{rel}","templated":true}]}}