{"id":7800,"date":"2020-02-28T08:26:46","date_gmt":"2020-02-28T08:26:46","guid":{"rendered":"https:\/\/demo.goodlayers.com\/chariti\/demo1\/?page_id=7800"},"modified":"2024-01-30T14:30:32","modified_gmt":"2024-01-30T14:30:32","slug":"become-a-volunteer","status":"publish","type":"page","link":"https:\/\/maghreb-secours.ma\/de\/become-a-volunteer\/","title":{"rendered":"Werden Sie Freiwilliger"},"content":{"rendered":"<h1><strong>Freiwilliger werden beim Verein Maghreb Secours: Ein Akt der Solidarit\u00e4t und des humanit\u00e4ren Engagements<\/strong><\/h1>\n<p><em>Einf\u00fchrung<\/em><\/p>\n<p>In den neun Jahren seines Bestehens war das unerm\u00fcdliche Engagement f\u00fcr humanit\u00e4re Zwecke die S\u00e4ule seiner positiven Wirkung. Heute laden wir Sie ein, sich dieser edlen Mission als Freiwillige anzuschlie\u00dfen. Ihr Engagement kann das Leben sozial Ausgegrenzter, von Krankheitsopfern und von Naturkatastrophen Betroffenen verbessern.<\/p>\n<p><em>Maghreb-Hilfe: Ein Leuchtfeuer der Hoffnung<\/em><\/p>\n<p>Die Maghreb Secours Association steht f\u00fcr ein Jahrzehnt des Engagements f\u00fcr die Schw\u00e4chsten unserer Gesellschaft. Als Freiwilliger tragen Sie dazu bei, die Solidarit\u00e4t \u00fcber Grenzen hinweg zu verbreiten. Ihre humanit\u00e4re Arbeit gibt denjenigen Hoffnung, die sie am dringendsten brauchen.<\/p>\n<p><em>Der Aufruf an die Jugend: Eine Pflicht zur Gro\u00dfz\u00fcgigkeit<\/em><\/p>\n<p>An die jungen Menschen unserer Gesellschaft richten wir einen herzlichen Appell. Humanit\u00e4res Engagement ist nicht nur eine Option, sondern eine gro\u00dfz\u00fcgige Pflicht gegen\u00fcber unserer Gemeinschaft. Durch die aktive Teilnahme an Maghreb Secours entwickeln Sie nicht nur Ihre F\u00e4higkeiten, sondern verk\u00f6rpern auch die Werte von Empathie und Solidarit\u00e4t, die engagierte junge Menschen auszeichnen.<\/p>\n<p><em>Eine bereichernde Erfahrung<\/em><\/p>\n<p>Als Freiwilliger erleben Sie eine bereichernde Erfahrung voller bedeutsamer Begegnungen, spannender Herausforderungen und der tiefen Befriedigung, den Bed\u00fcrftigsten zu helfen. Maghreb Secours bietet einen fruchtbaren Boden f\u00fcr pers\u00f6nliches Wachstum und kollektive Entwicklung.<\/p>\n<p><em>Abschluss<\/em><\/p>\n<p>Sich ehrenamtlich bei der Maghreb Secours Association zu engagieren, geht \u00fcber die blo\u00dfe Freiwilligenarbeit hinaus; es bedeutet, Teil einer Geschichte der Solidarit\u00e4t zu werden, die bereits ein Jahrzehnt ihres Bestehens gepr\u00e4gt hat. Lassen Sie uns dieses Jahrzehnt gemeinsam zu einem humanit\u00e4ren Epos machen, in dem jeder Freiwillige eine unvergessliche Seite im Dienste der \u00c4rmsten schreibt.<\/p>\n<p>Ihr Engagement ist der Funke, der Leben in Not erhellt. Begleiten Sie uns auf diesem edlen Weg, denn jede Geste z\u00e4hlt. Gemeinsam werden wir eine Zukunft voller Mitgef\u00fchl und Gro\u00dfz\u00fcgigkeit gestalten.<\/p>\n<p><iframe title=\"Humanit\u00e4re Geschichte: Helden des Maghreb helfen angesichts des Erdbebens in Marokko\" src=\"https:\/\/www.youtube.com\/embed\/PU2r3rx3UTg\" width=\"949\" height=\"534\" frameborder=\"0\" allowfullscreen=\"allowfullscreen\"><\/iframe><\/p>","protected":false},"excerpt":{"rendered":"<p>Devenir Volontaire \u00e0 l&#8217;Association Maghreb Secours : Un Acte de Solidarit\u00e9 et d&#8217;Engagement Humanitaire Introduction Au fil des neuf ann\u00e9es d&#8217;existence de l&#8217;Association Maghreb Secours, le d\u00e9vouement in\u00e9branlable envers les causes humanitaires a \u00e9t\u00e9 le pilier sur lequel repose son impact positif. Aujourd&#8217;hui, nous vous convions \u00e0 rejoindre cette noble mission en tant que volontaires, [&hellip;]<\/p>\n","protected":false},"author":1,"featured_media":8648,"parent":0,"menu_order":0,"comment_status":"closed","ping_status":"closed","template":"","meta":{"footnotes":""},"class_list":["post-7800","page","type-page","status-publish","has-post-thumbnail","hentry"],"_links":{"self":[{"href":"https:\/\/maghreb-secours.ma\/de\/wp-json\/wp\/v2\/pages\/7800","targetHints":{"allow":["GET"]}}],"collection":[{"href":"https:\/\/maghreb-secours.ma\/de\/wp-json\/wp\/v2\/pages"}],"about":[{"href":"https:\/\/maghreb-secours.ma\/de\/wp-json\/wp\/v2\/types\/page"}],"author":[{"embeddable":true,"href":"https:\/\/maghreb-secours.ma\/de\/wp-json\/wp\/v2\/users\/1"}],"replies":[{"embeddable":true,"href":"https:\/\/maghreb-secours.ma\/de\/wp-json\/wp\/v2\/comments?post=7800"}],"version-history":[{"count":5,"href":"https:\/\/maghreb-secours.ma\/de\/wp-json\/wp\/v2\/pages\/7800\/revisions"}],"predecessor-version":[{"id":9462,"href":"https:\/\/maghreb-secours.ma\/de\/wp-json\/wp\/v2\/pages\/7800\/revisions\/9462"}],"wp:featuredmedia":[{"embeddable":true,"href":"https:\/\/maghreb-secours.ma\/de\/wp-json\/wp\/v2\/media\/8648"}],"wp:attachment":[{"href":"https:\/\/maghreb-secours.ma\/de\/wp-json\/wp\/v2\/media?parent=7800"}],"curies":[{"name":"wp","href":"https:\/\/api.w.org\/{rel}","templated":true}]}}