{"id":7668,"date":"2020-02-26T17:04:30","date_gmt":"2020-02-26T17:04:30","guid":{"rendered":"https:\/\/demo.goodlayers.com\/chariti\/demo1\/?page_id=7668"},"modified":"2025-11-24T09:45:01","modified_gmt":"2025-11-24T09:45:01","slug":"about","status":"publish","type":"page","link":"https:\/\/maghreb-secours.ma\/de\/about\/","title":{"rendered":"Unsere Mission"},"content":{"rendered":"<div data-elementor-type=\"wp-page\" data-elementor-id=\"7668\" class=\"elementor elementor-7668\">\n\t\t\t\t<div class=\"elementor-element elementor-element-643585a e-flex e-con-boxed e-con e-parent\" data-id=\"643585a\" data-element_type=\"container\" data-e-type=\"container\">\n\t\t\t\t\t<div class=\"e-con-inner\">\n\t\t\t\t<div class=\"elementor-element elementor-element-c66e3d9 elementor-widget elementor-widget-heading\" data-id=\"c66e3d9\" data-element_type=\"widget\" data-e-type=\"widget\" data-widget_type=\"heading.default\">\n\t\t\t\t<div class=\"elementor-widget-container\">\n\t\t\t\t\t<h2 class=\"elementor-heading-title elementor-size-default\">Unsere Aufgabe<\/h2>\t\t\t\t<\/div>\n\t\t\t\t<\/div>\n\t\t\t\t\t<\/div>\n\t\t\t\t<\/div>\n\t\t<div class=\"elementor-element elementor-element-13ce570 e-flex e-con-boxed e-con e-parent\" data-id=\"13ce570\" data-element_type=\"container\" data-e-type=\"container\">\n\t\t\t\t\t<div class=\"e-con-inner\">\n\t\t\t\t<div class=\"elementor-element elementor-element-dcd7693 elementor-widget elementor-widget-text-editor\" data-id=\"dcd7693\" data-element_type=\"widget\" data-e-type=\"widget\" data-widget_type=\"text-editor.default\">\n\t\t\t\t<div class=\"elementor-widget-container\">\n\t\t\t\t\t\t\t\t\t<p>Seit \u00fcber zehn Jahren engagiert sich Maghreb Secours als humanit\u00e4re Organisation in Marokko und setzt sich f\u00fcr positive Ver\u00e4nderungen ein. Unsere Mission konzentriert sich auf mehrere Kernbereiche: die Unterst\u00fctzung bed\u00fcrftiger Menschen, die Hilfeleistung in medizinischen Notf\u00e4llen, die F\u00f6rderung junger Marokkaner durch die Schaffung von F\u00fchrungsm\u00f6glichkeiten und die aktive Mitwirkung an der Entwicklung des K\u00f6nigreichs und der Maghreb-Region.<\/p><p>Wir ergreifen konkrete Ma\u00dfnahmen:<\/p><p>Hilfe f\u00fcr Bed\u00fcrftige: Wir sind vor Ort pr\u00e4sent und leisten dort, wo Not herrscht, Nahrungsmittel-, Sach- und medizinische Hilfe.<\/p><p>Notfallmedizinische Intervention: Die Rettung von Menschenleben steht im Mittelpunkt unseres Engagements. Wir mobilisieren Ressourcen, um lebensrettende Herz- oder chirurgische Eingriffe bei schweren und dringenden F\u00e4llen durchzuf\u00fchren.<\/p><p>F\u00f6rderung der Jugend: Wir unterst\u00fctzen junge Marokkaner dabei, eine Vision von F\u00fchrung im Maghreb- und Afrika-Ma\u00dfstab zu entwickeln und bieten ihnen Perspektiven f\u00fcr den Aufbau einer geeinten und modernen Gesellschaft.<\/p><p>Ma\u00dfnahmen im Katastrophenfall: W\u00e4hrend Erdbeben erm\u00f6glichen uns unsere Kenntnisse der Umwelt und unser Netzwerk von Partnerorganisationen in ganz Marokko, spezifische Bed\u00fcrfnisse zu ermitteln: Verteilung von Zelten, Latrinen und Paletten, manchmal auch f\u00fcr Regionen, die von den Medien vergessen werden, sich aber in echter Not befinden.<\/p><p>Nachhaltige Entwicklung: Wir haben mit dem Bau \u00f6ffentlicher Brunnen in ausgetrockneten D\u00f6rfern begonnen, um einen nachhaltigen Zugang zu Trinkwasser zu gew\u00e4hrleisten, stets unter Einhaltung der Genehmigungen und der verantwortungsvollen Bewirtschaftung der Ressourcen.<\/p><p>Unternehmernetzwerke: Getreu den k\u00f6niglichen Visionen Seiner Majest\u00e4t K\u00f6nig Mohammed VI. unterst\u00fctzen wir die Entstehung von Unternehmernetzwerken und ermutigen marokkanische Talente zur R\u00fcckkehr ins Land, um die Wirtschaft zu st\u00e4rken und im Rahmen des \u00abNeuen Modernen Marokko\u00bb Innovationen voranzutreiben.<\/p><p>Seit \u00fcber einem Jahrzehnt orientiert sich Marokko an der Vision des K\u00f6nigshauses und l\u00e4sst sich von dessen Bestreben inspirieren, die menschliche Entwicklung, die soziale Integration und den Fortschritt in allen Sektoren zu f\u00f6rdern. Jahr f\u00fcr Jahr erreicht Marokko bedeutende Meilensteine: Armutsbek\u00e4mpfung, fl\u00e4chendeckender Zugang zu sauberem Wasser, kontinuierliche Verbesserung der Gesundheitsinfrastruktur, F\u00f6rderung von Unternehmertum und wachsender Einfluss auf afrikanischer und internationaler Ebene.<\/p><p>Maghreb Secours engagiert sich:<\/p><p>Zur St\u00e4rkung der nationalen und regionalen Solidarit\u00e4t<\/p><p>Alle lokalen Akteure sollen mobilisiert werden, um Notf\u00e4lle und soziale Herausforderungen zu bew\u00e4ltigen.<\/p><p>Jedem schutzbed\u00fcrftigen Menschen eine echte Chance auf ein besseres Leben zu bieten.<\/p><p>Lasst uns gemeinsam ein starkes, geeintes, modernes Marokko aufbauen, das international bewundert wird.<\/p><p>Unser Motto: Gemeinsam f\u00fcr ein Marokko, einen Maghreb in einem vereinten Afrika!<\/p>\t\t\t\t\t\t\t\t<\/div>\n\t\t\t\t<\/div>\n\t\t\t\t\t<\/div>\n\t\t\t\t<\/div>\n\t\t<div class=\"elementor-element elementor-element-52c09d5 e-flex e-con-boxed e-con e-parent\" data-id=\"52c09d5\" data-element_type=\"container\" data-e-type=\"container\">\n\t\t\t\t\t<div class=\"e-con-inner\">\n\t\t\t\t<div class=\"elementor-element elementor-element-8d11af5 elementor-widget elementor-widget-text-editor\" data-id=\"8d11af5\" data-element_type=\"widget\" data-e-type=\"widget\" data-widget_type=\"text-editor.default\">\n\t\t\t\t<div class=\"elementor-widget-container\">\n\t\t\t\t\t\t\t\t\t<div class=\"gdlr-core-pbf-element\"><div class=\"gdlr-core-title-item gdlr-core-item-pdb clearfix gdlr-core-left-align gdlr-core-title-item-caption-top gdlr-core-item-pdlr\"><div class=\"gdlr-core-title-item-title-wrap\"><p><b>Maghreb Secours: Ein globales Engagement f\u00fcr das Wohlergehen gef\u00e4hrdeter Bev\u00f6lkerungsgruppen<\/b><\/p><p><span style=\"font-weight: 400;\">Maghreb Secours ist seit seiner Gr\u00fcndung f\u00fcr sein Engagement f\u00fcr die am st\u00e4rksten benachteiligten Bev\u00f6lkerungsgruppen Marokkos bekannt. Im Jahr 2024 wird die Organisation ihre Bem\u00fchungen ausweiten, um lebenswichtige Bed\u00fcrfnisse in mehreren Schl\u00fcsselbereichen zu decken.<\/span><\/p><p><span style=\"font-weight: 400;\">Zu den neuen Abteilungen z\u00e4hlen <\/span><b>lebensrettende medizinische Operationen<\/b><span style=\"font-weight: 400;\"> stehen im Mittelpunkt unserer Mission. Maghreb Secours unterst\u00fctzt dringende chirurgische Eingriffe, insbesondere bei Kindern mit schweren Erkrankungen, und gew\u00e4hrleistet so den Zugang zu grundlegender Versorgung f\u00fcr die am st\u00e4rksten gef\u00e4hrdeten Personen. Wir bieten auch <\/span><b>Prothetik und Orthesen<\/b><span style=\"font-weight: 400;\"> f\u00fcr Menschen mit Behinderungen und bietet ihnen so die Chance, Mobilit\u00e4t und Unabh\u00e4ngigkeit wiederzuerlangen. Es ist offensichtlich, dass die marokkanische Regierung eine Politik der Versorgung sozial Ausgegrenzter oder Menschen mit geringem Einkommen verfolgt, indem sie den Zugang zu Krankenh\u00e4usern garantiert. Der hohe Andrang im \u00f6ffentlichen Gesundheitswesen erm\u00f6glicht jedoch nicht immer eine schnelle Versorgung. Patienten wenden sich in dringenden F\u00e4llen an unseren Verein.<\/span><\/p><p><span style=\"font-weight: 400;\">Angesichts der Wasserkrise in l\u00e4ndlichen Gebieten engagiert sich unser Verein aktiv in der <\/span><b>Ausheben genehmigter Brunnen<\/b><span style=\"font-weight: 400;\"> Gew\u00e4hrleistung eines nachhaltigen Zugangs zu Trinkwasser in abgelegenen Gebieten. Diese Initiativen tragen dazu bei, die Landflucht einzud\u00e4mmen und ein stabiles landwirtschaftliches Leben f\u00fcr die Familien vor Ort aufrechtzuerhalten.<\/span><\/p><p><span style=\"font-weight: 400;\">Schlie\u00dflich spielt Maghreb Secours eine entscheidende Rolle bei der Orientierung junger Menschen. Durch Sensibilisierungsprogramme unter den Studierenden ermutigen wir sie, weiterzumachen <\/span><b>berufliche Laufbahnen in Marokko<\/b><span style=\"font-weight: 400;\">und f\u00f6rdert so die sozio\u00f6konomische Entwicklung des Landes. Durch diese Ma\u00dfnahmen streben wir danach, ein inklusives, geeintes und widerstandsf\u00e4higes Marokko aufzubauen.<\/span><\/p><p><span style=\"font-weight: 400;\">Alles zusammen f\u00fcr ein Marokko, einen Maghreb in einem vereinten Afrika!<\/span><\/p><\/div><\/div><\/div>\t\t\t\t\t\t\t\t<\/div>\n\t\t\t\t<\/div>\n\t\t\t\t\t<\/div>\n\t\t\t\t<\/div>\n\t\t<div class=\"elementor-element elementor-element-43760ff e-flex e-con-boxed e-con e-parent\" data-id=\"43760ff\" data-element_type=\"container\" data-e-type=\"container\">\n\t\t\t\t\t<div class=\"e-con-inner\">\n\t\t\t\t<div class=\"elementor-element elementor-element-7eed765 elementor-widget elementor-widget-video\" data-id=\"7eed765\" data-element_type=\"widget\" data-e-type=\"widget\" data-settings=\"{&quot;youtube_url&quot;:&quot;https:\\\/\\\/www.youtube.com\\\/watch?v=OLiHpYA_xbA&amp;t=91s&quot;,&quot;video_type&quot;:&quot;youtube&quot;,&quot;controls&quot;:&quot;yes&quot;}\" data-widget_type=\"video.default\">\n\t\t\t\t<div class=\"elementor-widget-container\">\n\t\t\t\t\t\t\t<div class=\"elementor-wrapper elementor-open-inline\">\n\t\t\t<div class=\"elementor-video\"><\/div>\t\t<\/div>\n\t\t\t\t\t\t<\/div>\n\t\t\t\t<\/div>\n\t\t\t\t\t<\/div>\n\t\t\t\t<\/div>\n\t\t<div class=\"elementor-element elementor-element-ec8fa62 e-flex e-con-boxed e-con e-parent\" data-id=\"ec8fa62\" data-element_type=\"container\" data-e-type=\"container\">\n\t\t\t\t\t<div class=\"e-con-inner\">\n\t\t\t\t<div class=\"elementor-element elementor-element-747f6e3 elementor-widget elementor-widget-heading\" data-id=\"747f6e3\" data-element_type=\"widget\" data-e-type=\"widget\" data-widget_type=\"heading.default\">\n\t\t\t\t<div class=\"elementor-widget-container\">\n\t\t\t\t\t<h2 class=\"elementor-heading-title elementor-size-default\">Treffen Sie unser Team<\/h2>\t\t\t\t<\/div>\n\t\t\t\t<\/div>\n\t\t\t\t\t<\/div>\n\t\t\t\t<\/div>\n\t\t<div class=\"elementor-element elementor-element-1cf2dd1 e-flex e-con-boxed e-con e-parent\" data-id=\"1cf2dd1\" data-element_type=\"container\" data-e-type=\"container\">\n\t\t\t\t\t<div class=\"e-con-inner\">\n\t\t\t\t<div class=\"elementor-element elementor-element-31414e3 elementor-widget elementor-widget-text-editor\" data-id=\"31414e3\" data-element_type=\"widget\" data-e-type=\"widget\" data-widget_type=\"text-editor.default\">\n\t\t\t\t<div class=\"elementor-widget-container\">\n\t\t\t\t\t\t\t\t\t<p>Ein motiviertes und dynamisches professionelles Team<\/p>\t\t\t\t\t\t\t\t<\/div>\n\t\t\t\t<\/div>\n\t\t\t\t\t<\/div>\n\t\t\t\t<\/div>\n\t\t<div class=\"elementor-element elementor-element-1fcc12d e-flex e-con-boxed e-con e-parent\" data-id=\"1fcc12d\" data-element_type=\"container\" data-e-type=\"container\">\n\t\t\t\t\t<div class=\"e-con-inner\">\n\t\t\t\t<div class=\"elementor-element elementor-element-8501a8f elementor-arrows-position-inside elementor-pagination-position-outside elementor-widget elementor-widget-image-carousel\" data-id=\"8501a8f\" data-element_type=\"widget\" data-e-type=\"widget\" data-settings=\"{&quot;image_spacing_custom&quot;:{&quot;unit&quot;:&quot;px&quot;,&quot;size&quot;:1,&quot;sizes&quot;:[]},&quot;navigation&quot;:&quot;both&quot;,&quot;autoplay&quot;:&quot;yes&quot;,&quot;pause_on_hover&quot;:&quot;yes&quot;,&quot;pause_on_interaction&quot;:&quot;yes&quot;,&quot;autoplay_speed&quot;:5000,&quot;infinite&quot;:&quot;yes&quot;,&quot;speed&quot;:500,&quot;image_spacing_custom_tablet&quot;:{&quot;unit&quot;:&quot;px&quot;,&quot;size&quot;:&quot;&quot;,&quot;sizes&quot;:[]},&quot;image_spacing_custom_mobile&quot;:{&quot;unit&quot;:&quot;px&quot;,&quot;size&quot;:&quot;&quot;,&quot;sizes&quot;:[]}}\" data-widget_type=\"image-carousel.default\">\n\t\t\t\t<div class=\"elementor-widget-container\">\n\t\t\t\t\t\t\t<div class=\"elementor-image-carousel-wrapper swiper\" role=\"region\" aria-roledescription=\"carousel\" aria-label=\"Bilderkarussell\" dir=\"ltr\">\n\t\t\t<div class=\"elementor-image-carousel swiper-wrapper\" aria-live=\"off\">\n\t\t\t\t\t\t\t\t<div class=\"swiper-slide\" role=\"group\" aria-roledescription=\"slide\" aria-label=\"1 von 14\"><figure class=\"swiper-slide-inner\"><img decoding=\"async\" class=\"swiper-slide-image\" src=\"https:\/\/maghreb-secours.ma\/wp-content\/uploads\/2024\/10\/77-700x990.jpeg\" alt=\"77\" \/><\/figure><\/div><div class=\"swiper-slide\" role=\"group\" aria-roledescription=\"slide\" aria-label=\"2 von 14\"><figure class=\"swiper-slide-inner\"><img decoding=\"async\" class=\"swiper-slide-image\" src=\"https:\/\/maghreb-secours.ma\/wp-content\/uploads\/2024\/10\/099-700x990.jpeg\" alt=\"099\" \/><\/figure><\/div><div class=\"swiper-slide\" role=\"group\" aria-roledescription=\"slide\" aria-label=\"3 von 14\"><figure class=\"swiper-slide-inner\"><img decoding=\"async\" class=\"swiper-slide-image\" src=\"https:\/\/maghreb-secours.ma\/wp-content\/uploads\/2024\/10\/4-700x990.jpg\" alt=\"4\" \/><\/figure><\/div><div class=\"swiper-slide\" role=\"group\" aria-roledescription=\"slide\" aria-label=\"4 von 14\"><figure class=\"swiper-slide-inner\"><img decoding=\"async\" class=\"swiper-slide-image\" src=\"https:\/\/maghreb-secours.ma\/wp-content\/uploads\/2024\/10\/nawal-2-700x990.jpeg\" alt=\"nawal 2\" \/><\/figure><\/div><div class=\"swiper-slide\" role=\"group\" aria-roledescription=\"slide\" aria-label=\"5 von 14\"><figure class=\"swiper-slide-inner\"><img decoding=\"async\" class=\"swiper-slide-image\" src=\"https:\/\/maghreb-secours.ma\/wp-content\/uploads\/2024\/10\/Lensa-Image-700x990.jpeg\" alt=\"Lensa Image\" \/><\/figure><\/div><div class=\"swiper-slide\" role=\"group\" aria-roledescription=\"slide\" aria-label=\"6 von 14\"><figure class=\"swiper-slide-inner\"><img decoding=\"async\" class=\"swiper-slide-image\" src=\"https:\/\/maghreb-secours.ma\/wp-content\/uploads\/2024\/10\/10-700x990.jpeg\" alt=\"10\" \/><\/figure><\/div><div class=\"swiper-slide\" role=\"group\" aria-roledescription=\"slide\" aria-label=\"7 von 14\"><figure class=\"swiper-slide-inner\"><img decoding=\"async\" class=\"swiper-slide-image\" src=\"https:\/\/maghreb-secours.ma\/wp-content\/uploads\/2024\/10\/5-700x990.jpg\" alt=\"5\" \/><\/figure><\/div><div class=\"swiper-slide\" role=\"group\" aria-roledescription=\"slide\" aria-label=\"8 von 14\"><figure class=\"swiper-slide-inner\"><img decoding=\"async\" class=\"swiper-slide-image\" src=\"https:\/\/maghreb-secours.ma\/wp-content\/uploads\/2024\/10\/99-700x990.jpeg\" alt=\"99\" \/><\/figure><\/div><div class=\"swiper-slide\" role=\"group\" aria-roledescription=\"slide\" aria-label=\"9 von 14\"><figure class=\"swiper-slide-inner\"><img decoding=\"async\" class=\"swiper-slide-image\" src=\"https:\/\/maghreb-secours.ma\/wp-content\/uploads\/2024\/10\/11-700x990.jpeg\" alt=\"11\" \/><\/figure><\/div><div class=\"swiper-slide\" role=\"group\" aria-roledescription=\"slide\" aria-label=\"10 von 14\"><figure class=\"swiper-slide-inner\"><img decoding=\"async\" class=\"swiper-slide-image\" src=\"https:\/\/maghreb-secours.ma\/wp-content\/uploads\/2024\/10\/88-700x990.jpeg\" alt=\"Processed with Lensa with Auto Adjustments\" \/><\/figure><\/div><div class=\"swiper-slide\" role=\"group\" aria-roledescription=\"slide\" aria-label=\"11 von 14\"><figure class=\"swiper-slide-inner\"><img decoding=\"async\" class=\"swiper-slide-image\" src=\"https:\/\/maghreb-secours.ma\/wp-content\/uploads\/2024\/10\/aziza-700x990.jpeg\" alt=\"aziza\" \/><\/figure><\/div><div class=\"swiper-slide\" role=\"group\" aria-roledescription=\"slide\" aria-label=\"12 von 14\"><figure class=\"swiper-slide-inner\"><img decoding=\"async\" class=\"swiper-slide-image\" src=\"https:\/\/maghreb-secours.ma\/wp-content\/uploads\/2024\/10\/3-700x990.jpg\" alt=\"3\" \/><\/figure><\/div><div class=\"swiper-slide\" role=\"group\" aria-roledescription=\"slide\" aria-label=\"13 von 14\"><figure class=\"swiper-slide-inner\"><img decoding=\"async\" class=\"swiper-slide-image\" src=\"https:\/\/maghreb-secours.ma\/wp-content\/uploads\/2024\/10\/oo-700x990.jpeg\" alt=\"oo\" \/><\/figure><\/div><div class=\"swiper-slide\" role=\"group\" aria-roledescription=\"slide\" aria-label=\"14 von 14\"><figure class=\"swiper-slide-inner\"><img decoding=\"async\" class=\"swiper-slide-image\" src=\"https:\/\/maghreb-secours.ma\/wp-content\/uploads\/2024\/10\/66-700x990.jpg\" alt=\"66\" \/><\/figure><\/div>\t\t\t<\/div>\n\t\t\t\t\t\t\t\t\t\t\t\t<div class=\"elementor-swiper-button elementor-swiper-button-prev\" role=\"button\" tabindex=\"0\">\n\t\t\t\t\t\t<svg aria-hidden=\"true\" class=\"e-font-icon-svg e-eicon-chevron-left\" viewbox=\"0 0 1000 1000\" xmlns=\"http:\/\/www.w3.org\/2000\/svg\"><path d=\"M646 125C629 125 613 133 604 142L308 442C296 454 292 471 292 487 292 504 296 521 308 533L604 854C617 867 629 875 646 875 663 875 679 871 692 858 704 846 713 829 713 812 713 796 708 779 692 767L438 487 692 225C700 217 708 204 708 187 708 171 704 154 692 142 675 129 663 125 646 125Z\"><\/path><\/svg>\t\t\t\t\t<\/div>\n\t\t\t\t\t<div class=\"elementor-swiper-button elementor-swiper-button-next\" role=\"button\" tabindex=\"0\">\n\t\t\t\t\t\t<svg aria-hidden=\"true\" class=\"e-font-icon-svg e-eicon-chevron-right\" viewbox=\"0 0 1000 1000\" xmlns=\"http:\/\/www.w3.org\/2000\/svg\"><path d=\"M696 533C708 521 713 504 713 487 713 471 708 454 696 446L400 146C388 133 375 125 354 125 338 125 325 129 313 142 300 154 292 171 292 187 292 204 296 221 308 233L563 492 304 771C292 783 288 800 288 817 288 833 296 850 308 863 321 871 338 875 354 875 371 875 388 867 400 854L696 533Z\"><\/path><\/svg>\t\t\t\t\t<\/div>\n\t\t\t\t\n\t\t\t\t\t\t\t\t\t<div class=\"swiper-pagination\"><\/div>\n\t\t\t\t\t\t\t\t\t<\/div>\n\t\t\t\t\t\t<\/div>\n\t\t\t\t<\/div>\n\t\t\t\t\t<\/div>\n\t\t\t\t<\/div>\n\t\t<div class=\"elementor-element elementor-element-c4822b4 e-flex e-con-boxed e-con e-parent\" data-id=\"c4822b4\" data-element_type=\"container\" data-e-type=\"container\">\n\t\t\t\t\t<div class=\"e-con-inner\">\n\t\t\t\t<div class=\"elementor-element elementor-element-8bdb839 elementor-widget elementor-widget-heading\" data-id=\"8bdb839\" data-element_type=\"widget\" data-e-type=\"widget\" data-widget_type=\"heading.default\">\n\t\t\t\t<div class=\"elementor-widget-container\">\n\t\t\t\t\t<h2 class=\"elementor-heading-title elementor-size-default\">Folgen Sie uns in unseren sozialen Netzwerken<\/h2>\t\t\t\t<\/div>\n\t\t\t\t<\/div>\n\t\t\t\t\t<\/div>\n\t\t\t\t<\/div>\n\t\t<div class=\"elementor-element elementor-element-c167c13 e-flex e-con-boxed e-con e-parent\" data-id=\"c167c13\" data-element_type=\"container\" data-e-type=\"container\">\n\t\t\t\t\t<div class=\"e-con-inner\">\n\t\t\t\t<div class=\"elementor-element elementor-element-83dfc2e elementor-shape-rounded elementor-grid-0 e-grid-align-center elementor-widget elementor-widget-social-icons\" data-id=\"83dfc2e\" data-element_type=\"widget\" data-e-type=\"widget\" data-widget_type=\"social-icons.default\">\n\t\t\t\t<div class=\"elementor-widget-container\">\n\t\t\t\t\t\t\t<div class=\"elementor-social-icons-wrapper elementor-grid\" role=\"list\">\n\t\t\t\t\t\t\t<span class=\"elementor-grid-item\" role=\"listitem\">\n\t\t\t\t\t<a class=\"elementor-icon elementor-social-icon elementor-social-icon-facebook elementor-repeater-item-a92509d\" href=\"https:\/\/www.facebook.com\/AMSecours\" target=\"_blank\">\n\t\t\t\t\t\t<span class=\"elementor-screen-only\">Facebook<\/span>\n\t\t\t\t\t\t<svg aria-hidden=\"true\" class=\"e-font-icon-svg e-fab-facebook\" viewbox=\"0 0 512 512\" xmlns=\"http:\/\/www.w3.org\/2000\/svg\"><path d=\"M504 256C504 119 393 8 256 8S8 119 8 256c0 123.78 90.69 226.38 209.25 245V327.69h-63V256h63v-54.64c0-62.15 37-96.48 93.67-96.48 27.14 0 55.52 4.84 55.52 4.84v61h-31.28c-30.8 0-40.41 19.12-40.41 38.73V256h68.78l-11 71.69h-57.78V501C413.31 482.38 504 379.78 504 256z\"><\/path><\/svg>\t\t\t\t\t<\/a>\n\t\t\t\t<\/span>\n\t\t\t\t\t\t\t<span class=\"elementor-grid-item\" role=\"listitem\">\n\t\t\t\t\t<a class=\"elementor-icon elementor-social-icon elementor-social-icon-x-twitter elementor-repeater-item-d4df2df\" href=\"https:\/\/x.com\/home\" target=\"_blank\">\n\t\t\t\t\t\t<span class=\"elementor-screen-only\">X-Twitter<\/span>\n\t\t\t\t\t\t<svg aria-hidden=\"true\" class=\"e-font-icon-svg e-fab-x-twitter\" viewbox=\"0 0 512 512\" xmlns=\"http:\/\/www.w3.org\/2000\/svg\"><path d=\"M389.2 48h70.6L305.6 224.2 487 464H345L233.7 318.6 106.5 464H35.8L200.7 275.5 26.8 48H172.4L272.9 180.9 389.2 48zM364.4 421.8h39.1L151.1 88h-42L364.4 421.8z\"><\/path><\/svg>\t\t\t\t\t<\/a>\n\t\t\t\t<\/span>\n\t\t\t\t\t\t\t<span class=\"elementor-grid-item\" role=\"listitem\">\n\t\t\t\t\t<a class=\"elementor-icon elementor-social-icon elementor-social-icon-youtube elementor-repeater-item-cd96df6\" href=\"https:\/\/www.youtube.com\/channel\/UCpQknn9Y3wCRwT5kFb2YaKw\" target=\"_blank\">\n\t\t\t\t\t\t<span class=\"elementor-screen-only\">Youtube<\/span>\n\t\t\t\t\t\t<svg aria-hidden=\"true\" class=\"e-font-icon-svg e-fab-youtube\" viewbox=\"0 0 576 512\" xmlns=\"http:\/\/www.w3.org\/2000\/svg\"><path d=\"M549.655 124.083c-6.281-23.65-24.787-42.276-48.284-48.597C458.781 64 288 64 288 64S117.22 64 74.629 75.486c-23.497 6.322-42.003 24.947-48.284 48.597-11.412 42.867-11.412 132.305-11.412 132.305s0 89.438 11.412 132.305c6.281 23.65 24.787 41.5 48.284 47.821C117.22 448 288 448 288 448s170.78 0 213.371-11.486c23.497-6.321 42.003-24.171 48.284-47.821 11.412-42.867 11.412-132.305 11.412-132.305s0-89.438-11.412-132.305zm-317.51 213.508V175.185l142.739 81.205-142.739 81.201z\"><\/path><\/svg>\t\t\t\t\t<\/a>\n\t\t\t\t<\/span>\n\t\t\t\t\t\t\t<span class=\"elementor-grid-item\" role=\"listitem\">\n\t\t\t\t\t<a class=\"elementor-icon elementor-social-icon elementor-social-icon-instagram elementor-repeater-item-dfe973d\" href=\"https:\/\/www.instagram.com\/amsecours10\/\" target=\"_blank\">\n\t\t\t\t\t\t<span class=\"elementor-screen-only\">Instagram<\/span>\n\t\t\t\t\t\t<svg aria-hidden=\"true\" class=\"e-font-icon-svg e-fab-instagram\" viewbox=\"0 0 448 512\" xmlns=\"http:\/\/www.w3.org\/2000\/svg\"><path d=\"M224.1 141c-63.6 0-114.9 51.3-114.9 114.9s51.3 114.9 114.9 114.9S339 319.5 339 255.9 287.7 141 224.1 141zm0 189.6c-41.1 0-74.7-33.5-74.7-74.7s33.5-74.7 74.7-74.7 74.7 33.5 74.7 74.7-33.6 74.7-74.7 74.7zm146.4-194.3c0 14.9-12 26.8-26.8 26.8-14.9 0-26.8-12-26.8-26.8s12-26.8 26.8-26.8 26.8 12 26.8 26.8zm76.1 27.2c-1.7-35.9-9.9-67.7-36.2-93.9-26.2-26.2-58-34.4-93.9-36.2-37-2.1-147.9-2.1-184.9 0-35.8 1.7-67.6 9.9-93.9 36.1s-34.4 58-36.2 93.9c-2.1 37-2.1 147.9 0 184.9 1.7 35.9 9.9 67.7 36.2 93.9s58 34.4 93.9 36.2c37 2.1 147.9 2.1 184.9 0 35.9-1.7 67.7-9.9 93.9-36.2 26.2-26.2 34.4-58 36.2-93.9 2.1-37 2.1-147.8 0-184.8zM398.8 388c-7.8 19.6-22.9 34.7-42.6 42.6-29.5 11.7-99.5 9-132.1 9s-102.7 2.6-132.1-9c-19.6-7.8-34.7-22.9-42.6-42.6-11.7-29.5-9-99.5-9-132.1s-2.6-102.7 9-132.1c7.8-19.6 22.9-34.7 42.6-42.6 29.5-11.7 99.5-9 132.1-9s102.7-2.6 132.1 9c19.6 7.8 34.7 22.9 42.6 42.6 11.7 29.5 9 99.5 9 132.1s2.7 102.7-9 132.1z\"><\/path><\/svg>\t\t\t\t\t<\/a>\n\t\t\t\t<\/span>\n\t\t\t\t\t<\/div>\n\t\t\t\t\t\t<\/div>\n\t\t\t\t<\/div>\n\t\t\t\t\t<\/div>\n\t\t\t\t<\/div>\n\t\t\t\t<\/div>","protected":false},"excerpt":{"rendered":"<p>Notre mission Depuis plus de dix ans,\u00a0Maghreb Secours\u00a0s\u2019affirme comme une association humanitaire engag\u00e9e au Maroc, d\u00e9termin\u00e9e \u00e0 \u00eatre un acteur du changement. Notre mission s\u2019articule autour de plusieurs axes\u202f:\u202faider les personnes d\u00e9munies, intervenir dans l\u2019urgence m\u00e9dicale, soutenir les jeunes marocains pour leur offrir une vision de leadership et contribuer activement au d\u00e9veloppement du Royaume et [&hellip;]<\/p>\n","protected":false},"author":1,"featured_media":0,"parent":0,"menu_order":0,"comment_status":"closed","ping_status":"closed","template":"","meta":{"footnotes":""},"class_list":["post-7668","page","type-page","status-publish","hentry"],"_links":{"self":[{"href":"https:\/\/maghreb-secours.ma\/de\/wp-json\/wp\/v2\/pages\/7668","targetHints":{"allow":["GET"]}}],"collection":[{"href":"https:\/\/maghreb-secours.ma\/de\/wp-json\/wp\/v2\/pages"}],"about":[{"href":"https:\/\/maghreb-secours.ma\/de\/wp-json\/wp\/v2\/types\/page"}],"author":[{"embeddable":true,"href":"https:\/\/maghreb-secours.ma\/de\/wp-json\/wp\/v2\/users\/1"}],"replies":[{"embeddable":true,"href":"https:\/\/maghreb-secours.ma\/de\/wp-json\/wp\/v2\/comments?post=7668"}],"version-history":[{"count":5,"href":"https:\/\/maghreb-secours.ma\/de\/wp-json\/wp\/v2\/pages\/7668\/revisions"}],"predecessor-version":[{"id":10144,"href":"https:\/\/maghreb-secours.ma\/de\/wp-json\/wp\/v2\/pages\/7668\/revisions\/10144"}],"wp:attachment":[{"href":"https:\/\/maghreb-secours.ma\/de\/wp-json\/wp\/v2\/media?parent=7668"}],"curies":[{"name":"wp","href":"https:\/\/api.w.org\/{rel}","templated":true}]}}