{"id":2721,"date":"2016-09-02T09:18:17","date_gmt":"2016-09-02T09:18:17","guid":{"rendered":"http:\/\/demo.goodlayers.com\/realfactory\/?page_id=2721"},"modified":"2023-03-21T14:59:03","modified_gmt":"2023-03-21T14:59:03","slug":"blog-2-columns","status":"publish","type":"page","link":"https:\/\/maghreb-secours.ma\/de\/blog-2-columns\/","title":{"rendered":"Die Realit\u00e4t marokkanischer Gro\u00dfz\u00fcgigkeit!"},"content":{"rendered":"<p>Dar Talib\/taliba K\u00e9rouchen, die Maghreb Secours Association, besucht Sie regelm\u00e4\u00dfig mit vollen Armen voller Spenden. Wir bem\u00fchen uns, Ihrem Hilferuf nachzukommen, der uns jedes Mal tief ber\u00fchrt. Wir denken an Sie in Ihren Bergen, wo es im Winter so kalt und im Sommer so hei\u00df ist. Wir arbeiten unerm\u00fcdlich daran, Ihnen Freude und Gl\u00fcck zu bringen. Diese Mission mitten im Winter war schwierig, da die unpassierbaren und gef\u00e4hrlichen Stra\u00dfen st\u00e4ndige Wachsamkeit erforderten. Wir brachen um 5:00 Uhr morgens mit Autos und einem LKW auf, beladen mit Lebensmitteln, Decken, neuer Kleidung und Computern. Ihre Not ist gro\u00df, und Ihr Wunsch, Herr Direktor, Ihren Schulkindern Freude zu schenken, beweist, wie sehr Sie sich dieser Aufgabe widmen. Die von uns aufgebaute Organisation ist ein Beweis f\u00fcr die Struktur unserer Vereinigung und daf\u00fcr, dass wir uns seit fast einem Jahrzehnt stetig weiterentwickeln, um Menschen in schwierigen Lebenslagen besser zu helfen.<\/p>\n<p>Unser Team hat sich als vorbildlich erwiesen und in Rekordzeit au\u00dfergew\u00f6hnliches Engagement bewiesen. Herr Yahya El Baharaoui, Leiter der Verteilungsmissionen, ist ein Koordinator, der sein Handwerk versteht und vor allem bewundernswerten Mut besitzt. Wir danken allen Spendern, die K\u00e9rouchens Arbeit unterst\u00fctzt haben.<\/p>\n<p>Vielen Dank an alle, die an die Armen in den l\u00e4ndlichen Gebieten Marokkos denken.<\/p>\n<p>M\u00f6ge Gott Sie besch\u00fctzen und Ihnen ein Leben voller Gl\u00fcck und Gesundheit schenken!<\/p>\n<p>Allah, Al Watan, Al Malik<\/p>\n<p>&nbsp;<\/p>","protected":false},"excerpt":{"rendered":"<p>Dar Talib\/taliba de K\u00e9rouchen, l&#8217;Association Maghreb Secours a l&#8217;habitude de vous visiter avec les bras remplis de dons. Nous nous effor\u00e7ons de r\u00e9pondre \u00e0 votre appel qui nous bouleverse chaque fois. Nous pensons \u00e0 vous dans vos montagnes si froides l&#8217;hiver et si chaudes l&#8217;\u00e9t\u00e9. Nous travaillons d&#8217;arrache-pied pour vous donner de la joie et [&hellip;]<\/p>\n","protected":false},"author":1,"featured_media":0,"parent":0,"menu_order":0,"comment_status":"closed","ping_status":"closed","template":"","meta":{"footnotes":""},"class_list":["post-2721","page","type-page","status-publish","hentry"],"_links":{"self":[{"href":"https:\/\/maghreb-secours.ma\/de\/wp-json\/wp\/v2\/pages\/2721","targetHints":{"allow":["GET"]}}],"collection":[{"href":"https:\/\/maghreb-secours.ma\/de\/wp-json\/wp\/v2\/pages"}],"about":[{"href":"https:\/\/maghreb-secours.ma\/de\/wp-json\/wp\/v2\/types\/page"}],"author":[{"embeddable":true,"href":"https:\/\/maghreb-secours.ma\/de\/wp-json\/wp\/v2\/users\/1"}],"replies":[{"embeddable":true,"href":"https:\/\/maghreb-secours.ma\/de\/wp-json\/wp\/v2\/comments?post=2721"}],"version-history":[{"count":3,"href":"https:\/\/maghreb-secours.ma\/de\/wp-json\/wp\/v2\/pages\/2721\/revisions"}],"predecessor-version":[{"id":9132,"href":"https:\/\/maghreb-secours.ma\/de\/wp-json\/wp\/v2\/pages\/2721\/revisions\/9132"}],"wp:attachment":[{"href":"https:\/\/maghreb-secours.ma\/de\/wp-json\/wp\/v2\/media?parent=2721"}],"curies":[{"name":"wp","href":"https:\/\/api.w.org\/{rel}","templated":true}]}}