{"id":9563,"date":"2024-10-28T08:52:31","date_gmt":"2024-10-28T08:52:31","guid":{"rendered":"https:\/\/maghreb-secours.ma\/?page_id=9563"},"modified":"2025-12-26T13:47:54","modified_gmt":"2025-12-26T13:47:54","slug":"karam","status":"publish","type":"page","link":"https:\/\/maghreb-secours.ma\/ar\/karam\/","title":{"rendered":"\u0643\u0631\u0645"},"content":{"rendered":"<div data-elementor-type=\"wp-page\" data-elementor-id=\"9563\" class=\"elementor elementor-9563\">\n\t\t\t\t<div class=\"elementor-element elementor-element-393d4d9 e-flex e-con-boxed e-con e-parent\" data-id=\"393d4d9\" data-element_type=\"container\" data-e-type=\"container\">\n\t\t\t\t\t<div class=\"e-con-inner\">\n\t\t\t\t<div class=\"elementor-element elementor-element-8f3b77c elementor-widget elementor-widget-image\" data-id=\"8f3b77c\" data-element_type=\"widget\" data-e-type=\"widget\" data-widget_type=\"image.default\">\n\t\t\t\t<div class=\"elementor-widget-container\">\n\t\t\t\t\t\t\t\t\t\t\t\t\t\t\t<img fetchpriority=\"high\" decoding=\"async\" width=\"1024\" height=\"906\" src=\"https:\/\/maghreb-secours.ma\/wp-content\/uploads\/2022\/07\/vector-1024x906.png\" class=\"attachment-large size-large wp-image-8974\" alt=\"\" srcset=\"https:\/\/maghreb-secours.ma\/wp-content\/uploads\/2022\/07\/vector-1024x906.png 1024w, https:\/\/maghreb-secours.ma\/wp-content\/uploads\/2022\/07\/vector-300x265.png 300w, https:\/\/maghreb-secours.ma\/wp-content\/uploads\/2022\/07\/vector-768x679.png 768w, https:\/\/maghreb-secours.ma\/wp-content\/uploads\/2022\/07\/vector-1536x1359.png 1536w, https:\/\/maghreb-secours.ma\/wp-content\/uploads\/2022\/07\/vector-2048x1811.png 2048w, https:\/\/maghreb-secours.ma\/wp-content\/uploads\/2022\/07\/vector-14x12.png 14w, https:\/\/maghreb-secours.ma\/wp-content\/uploads\/2022\/07\/vector-1320x1167.png 1320w\" sizes=\"(max-width: 1024px) 100vw, 1024px\" \/>\t\t\t\t\t\t\t\t\t\t\t\t\t\t\t<\/div>\n\t\t\t\t<\/div>\n\t\t\t\t\t<\/div>\n\t\t\t\t<\/div>\n\t\t<div class=\"elementor-element elementor-element-3860280 e-flex e-con-boxed e-con e-parent\" data-id=\"3860280\" data-element_type=\"container\" data-e-type=\"container\">\n\t\t\t\t\t<div class=\"e-con-inner\">\n\t\t\t\t<div class=\"elementor-element elementor-element-08cc277 elementor-widget elementor-widget-spacer\" data-id=\"08cc277\" data-element_type=\"widget\" data-e-type=\"widget\" data-widget_type=\"spacer.default\">\n\t\t\t\t<div class=\"elementor-widget-container\">\n\t\t\t\t\t\t\t<div class=\"elementor-spacer\">\n\t\t\t<div class=\"elementor-spacer-inner\"><\/div>\n\t\t<\/div>\n\t\t\t\t\t\t<\/div>\n\t\t\t\t<\/div>\n\t\t\t\t\t<\/div>\n\t\t\t\t<\/div>\n\t\t<div class=\"elementor-element elementor-element-fd02ea5 e-flex e-con-boxed e-con e-parent\" data-id=\"fd02ea5\" data-element_type=\"container\" data-e-type=\"container\">\n\t\t\t\t\t<div class=\"e-con-inner\">\n\t\t\t\t<div class=\"elementor-element elementor-element-dd4edcf elementor-widget elementor-widget-text-editor\" data-id=\"dd4edcf\" data-element_type=\"widget\" data-e-type=\"widget\" data-widget_type=\"text-editor.default\">\n\t\t\t\t<div class=\"elementor-widget-container\">\n\t\t\t\t\t\t\t\t\t<p><strong>\u0627\u0643\u062a\u0634\u0641 \u0627\u0644\u062a\u0637\u0628\u064a\u0642 <a href=\"https:\/\/karam.ma\/\">\u0643\u0631\u0645<\/a> : \u0646\u0638\u0627\u0645 \u0645\u0628\u062a\u0643\u0631 \u0644\u062f\u0639\u0645 \u0627\u0644\u0639\u0645\u0644 \u0627\u0644\u0625\u0646\u0633\u0627\u0646\u064a<\/strong><\/p><p>\u062a\u0641\u062a\u062e\u0631 \u062c\u0645\u0639\u064a\u0629 \u0627\u0644\u0625\u063a\u0627\u062b\u0629 \u0627\u0644\u0645\u063a\u0627\u0631\u0628\u064a\u0629 \u0628\u062a\u0642\u062f\u064a\u0645 \u0627\u0644\u0637\u0644\u0628 <strong>\u0643\u0631\u0645<\/strong>, \u062d\u0644\u064c\u0651 \u062b\u0648\u0631\u064a\u064c\u0651 \u0644\u062c\u0645\u0639 \u0627\u0644\u062a\u0628\u0631\u0639\u0627\u062a\u060c \u0642\u0627\u0626\u0645\u064c \u0639\u0644\u0649 \u0646\u0645\u0648\u0630\u062c \u062a\u0645\u0648\u064a\u0644\u064d \u064a\u064f\u0645\u062b\u0651\u0644 \u062c\u0648\u0647\u0631 \u0627\u0644\u062a\u0648\u062c\u0647\u0627\u062a \u0627\u0644\u062d\u0627\u0644\u064a\u0629: \u0627\u0644\u0625\u0639\u0644\u0627\u0646\u0627\u062a \u0627\u0644\u062a\u0634\u0627\u0631\u0643\u064a\u0629. \u064a\u064f\u062a\u064a\u062d \u0647\u0630\u0627 \u0627\u0644\u062a\u0637\u0628\u064a\u0642 \u0627\u0644\u0645\u064f\u0628\u062a\u0643\u0631 \u0644\u0644\u0645\u0633\u062a\u062e\u062f\u0645\u064a\u0646 \u0627\u0644\u0645\u0633\u0627\u0647\u0645\u0629 \u0641\u064a \u0627\u0644\u0645\u0634\u0627\u0631\u064a\u0639 \u0627\u0644\u0625\u0646\u0633\u0627\u0646\u064a\u0629 \u062f\u0648\u0646 \u062a\u0643\u0627\u0644\u064a\u0641 \u0645\u0628\u0627\u0634\u0631\u0629\u060c \u0628\u0645\u062c\u0631\u062f \u0645\u0634\u0627\u0647\u062f\u0629 \u0625\u0639\u0644\u0627\u0646\u0627\u062a \u0642\u0635\u064a\u0631\u0629. \u062a\u064f\u0648\u0644\u0651\u062f \u0643\u0644 \u0645\u0634\u0627\u0647\u062f\u0629 \u062a\u0628\u0631\u0639\u0627\u062a\u064d \u0644\u0644\u0623\u0646\u0634\u0637\u0629 \u0627\u0644\u062e\u064a\u0631\u064a\u0629 \u0627\u0644\u062a\u064a \u062a\u064f\u0646\u0641\u0651\u0630\u0647\u0627 \u0627\u0644\u0645\u0646\u0638\u0645\u0629\u060c \u0645\u0627 \u064a\u062c\u0639\u0644 \u0643\u0644 \u0645\u0633\u062a\u062e\u062f\u0645 \u0645\u0634\u0627\u0631\u0643\u064b\u0627 \u0641\u0627\u0639\u0644\u064b\u0627 \u0641\u064a \u0627\u0644\u062a\u0636\u0627\u0645\u0646.<\/p><p>\u064a\u062c\u0633\u062f \u062a\u0637\u0628\u064a\u0642 \u0643\u0631\u0645 \u0627\u0644\u062a\u062d\u0648\u0644 \u0641\u064a \u0637\u0631\u0642 \u062a\u0645\u0648\u064a\u0644 \u0627\u0644\u0623\u0639\u0645\u0627\u0644 \u0627\u0644\u0627\u062c\u062a\u0645\u0627\u0639\u064a\u0629\u060c \u0648\u0647\u0648 \u062c\u0632\u0621 \u0643\u0627\u0645\u0644 \u0645\u0646 \u0639\u0635\u0631 \u064a\u0631\u063a\u0628 \u0641\u064a\u0647 \u0627\u0644\u0645\u0627\u0646\u062d\u0648\u0646 \u0641\u064a \u0627\u0644\u0645\u0634\u0627\u0631\u0643\u0629 \u0628\u0646\u0634\u0627\u0637 \u0641\u064a \u0627\u0644\u0642\u0636\u064a\u0629 \u0627\u0644\u0625\u0646\u0633\u0627\u0646\u064a\u0629. \u0643\u0645\u0627 \u064a\u0633\u062a\u062c\u064a\u0628 \u0647\u0630\u0627 \u0627\u0644\u0627\u0628\u062a\u0643\u0627\u0631 \u0644\u062a\u0637\u0644\u0639\u0627\u062a \u0627\u0644\u0634\u0631\u0643\u0627\u062a \u0627\u0644\u062d\u0631\u064a\u0635\u0629 \u0639\u0644\u0649 \u062a\u0639\u0632\u064a\u0632 \u0647\u0648\u064a\u062a\u0647\u0627 \u0645\u0646 \u062e\u0644\u0627\u0644 \u062a\u0628\u0646\u064a \u0627\u0644\u0645\u0633\u0624\u0648\u0644\u064a\u0629 \u0627\u0644\u0627\u062c\u062a\u0645\u0627\u0639\u064a\u0629. \u0648\u0645\u0646 \u062e\u0644\u0627\u0644 \u0627\u0644\u0634\u0631\u0627\u0643\u0629 \u0645\u0639 \u0643\u0631\u0645\u060c \u062a\u0633\u062a\u0641\u064a\u062f \u0627\u0644\u0634\u0631\u0643\u0627\u062a \u0627\u0644\u0645\u0634\u0627\u0631\u0643\u0629 \u0645\u0646 \u0627\u0644\u0631\u0624\u064a\u0629 \u0630\u0627\u062a \u0627\u0644\u062a\u0623\u062b\u064a\u0631 \u0627\u0644\u0625\u064a\u062c\u0627\u0628\u064a\u060c \u0645\u0645\u0627 \u064a\u0639\u0632\u0632 \u0635\u0648\u0631\u062a\u0647\u0627 \u0643\u062c\u0647\u0627\u062a \u0641\u0627\u0639\u0644\u0629 \u0645\u0644\u062a\u0632\u0645\u0629 \u0628\u0627\u0644\u0631\u0641\u0627\u0647\u064a\u0629 \u0627\u0644\u062c\u0645\u0627\u0639\u064a\u0629.<\/p><p>\u0645\u0646 \u062e\u0644\u0627\u0644 &quot;\u0643\u0631\u0645&quot;\u060c \u062a\u0644\u062a\u0632\u0645 \u062c\u0645\u0639\u064a\u0629 \u0627\u0644\u0645\u063a\u0631\u0628 \u0644\u0644\u0625\u063a\u0627\u062b\u0629 \u0628\u062a\u0646\u0645\u064a\u0629 \u0627\u0644\u0645\u063a\u0631\u0628 \u0648\u062a\u0639\u0632\u064a\u0632 \u0627\u0644\u062a\u0636\u0627\u0645\u0646 \u0645\u0646 \u062e\u0644\u0627\u0644 \u0627\u0644\u062a\u0642\u0646\u064a\u0627\u062a \u0627\u0644\u062d\u062f\u064a\u062b\u0629. \u064a\u0645\u062b\u0644 \u0647\u0630\u0627 \u0627\u0644\u0646\u0638\u0627\u0645 \u0627\u0644\u0641\u0631\u064a\u062f \u0644\u062c\u0645\u0639 \u0627\u0644\u062a\u0628\u0631\u0639\u0627\u062a \u062e\u0637\u0648\u0629\u064b \u0647\u0627\u0645\u0629\u064b \u0641\u064a \u0627\u0644\u0645\u062c\u0627\u0644 \u0627\u0644\u0625\u0646\u0633\u0627\u0646\u064a\u060c \u0625\u0630 \u064a\u062a\u064a\u062d \u0644\u0644\u062c\u0645\u064a\u0639 \u0641\u0631\u0635\u0629\u064b \u0644\u0625\u062d\u062f\u0627\u062b \u0641\u0631\u0642\u064d \u0628\u0628\u0633\u0627\u0637\u0629\u064d \u0648\u0641\u0639\u0627\u0644\u064a\u0629. \u0645\u0639\u064b\u0627\u060c \u0628\u0641\u0636\u0644 &quot;\u0643\u0631\u0645&quot;\u060c \u0644\u0646\u0633\u0627\u0647\u0645 \u0641\u064a \u0628\u0646\u0627\u0621 \u0645\u063a\u0631\u0628\u064d \u0623\u0643\u062b\u0631 \u0648\u062d\u062f\u0629\u064b \u0648\u0634\u0645\u0648\u0644\u064b\u0627.<\/p><p>\u00a0<\/p>\t\t\t\t\t\t\t\t<\/div>\n\t\t\t\t<\/div>\n\t\t\t\t\t<\/div>\n\t\t\t\t<\/div>\n\t\t<div class=\"elementor-element elementor-element-0641153 e-flex e-con-boxed e-con e-parent\" data-id=\"0641153\" data-element_type=\"container\" data-e-type=\"container\">\n\t\t\t\t\t<div class=\"e-con-inner\">\n\t\t\t\t<div class=\"elementor-element elementor-element-93e6b2c elementor-widget elementor-widget-button\" data-id=\"93e6b2c\" data-element_type=\"widget\" data-e-type=\"widget\" data-widget_type=\"button.default\">\n\t\t\t\t<div class=\"elementor-widget-container\">\n\t\t\t\t\t\t\t\t\t<div class=\"elementor-button-wrapper\">\n\t\t\t\t\t<a class=\"elementor-button elementor-button-link elementor-size-sm\" href=\"https:\/\/play.google.com\/store\/apps\/details?id=com.yassirmss.karam\">\n\t\t\t\t\t\t<span class=\"elementor-button-content-wrapper\">\n\t\t\t\t\t\t\t\t\t<span class=\"elementor-button-text\">\u062a\u062d\u0645\u064a\u0644 \u062a\u0637\u0628\u064a\u0642 \u0643\u0631\u0645<\/span>\n\t\t\t\t\t<\/span>\n\t\t\t\t\t<\/a>\n\t\t\t\t<\/div>\n\t\t\t\t\t\t\t\t<\/div>\n\t\t\t\t<\/div>\n\t\t\t\t\t<\/div>\n\t\t\t\t<\/div>\n\t\t\t\t<\/div>","protected":false},"excerpt":{"rendered":"<p>D\u00e9couvrez l\u2019Application Karam : Un Syst\u00e8me Innovant pour Soutenir les Actions Humanitaires L\u2019Association Maghreb Secours est fi\u00e8re de pr\u00e9senter l\u2019application Karam, une solution de collecte de fonds, r\u00e9volutionnaire qui repose sur un mod\u00e8le de financement au c\u0153ur des tendances actuelles : la publicit\u00e9 participative. Cette application novatrice permet aux utilisateurs de contribuer aux projets humanitaires [&hellip;]<\/p>\n","protected":false},"author":1,"featured_media":0,"parent":0,"menu_order":0,"comment_status":"closed","ping_status":"closed","template":"","meta":{"footnotes":""},"class_list":["post-9563","page","type-page","status-publish","hentry"],"_links":{"self":[{"href":"https:\/\/maghreb-secours.ma\/ar\/wp-json\/wp\/v2\/pages\/9563","targetHints":{"allow":["GET"]}}],"collection":[{"href":"https:\/\/maghreb-secours.ma\/ar\/wp-json\/wp\/v2\/pages"}],"about":[{"href":"https:\/\/maghreb-secours.ma\/ar\/wp-json\/wp\/v2\/types\/page"}],"author":[{"embeddable":true,"href":"https:\/\/maghreb-secours.ma\/ar\/wp-json\/wp\/v2\/users\/1"}],"replies":[{"embeddable":true,"href":"https:\/\/maghreb-secours.ma\/ar\/wp-json\/wp\/v2\/comments?post=9563"}],"version-history":[{"count":5,"href":"https:\/\/maghreb-secours.ma\/ar\/wp-json\/wp\/v2\/pages\/9563\/revisions"}],"predecessor-version":[{"id":10176,"href":"https:\/\/maghreb-secours.ma\/ar\/wp-json\/wp\/v2\/pages\/9563\/revisions\/10176"}],"wp:attachment":[{"href":"https:\/\/maghreb-secours.ma\/ar\/wp-json\/wp\/v2\/media?parent=9563"}],"curies":[{"name":"\u0648\u0648\u0631\u062f\u0628\u0631\u064a\u0633","href":"https:\/\/api.w.org\/{rel}","templated":true}]}}