{"id":9028,"date":"2024-01-22T14:46:57","date_gmt":"2024-01-22T14:46:57","guid":{"rendered":"https:\/\/maghreb-secours.ma\/?page_id=9028"},"modified":"2024-11-15T16:51:13","modified_gmt":"2024-11-15T16:51:13","slug":"apropos","status":"publish","type":"page","link":"https:\/\/maghreb-secours.ma\/ar\/apropos\/","title":{"rendered":"\u0639\u0646"},"content":{"rendered":"<p><strong>\u062c\u0645\u0639\u064a\u0629 \u0627\u0644\u0645\u063a\u0631\u0628 \u0627\u0644\u0639\u0631\u0628\u064a \u0644\u0644\u0625\u063a\u0627\u062b\u0629: \u0645\u0646\u0627\u0631\u0629 \u0623\u0645\u0644 \u0641\u064a \u0627\u0644\u0645\u0634\u0647\u062f \u0627\u0644\u0625\u0646\u0633\u0627\u0646\u064a \u0627\u0644\u0645\u063a\u0631\u0628\u064a<\/strong><\/p>\n<p>\u0641\u064a \u0642\u0644\u0628 \u0627\u0644\u0645\u063a\u0631\u0628\u060c \u062a\u0633\u0639\u0649 \u062c\u0645\u0639\u064a\u0629 \u0625\u063a\u0627\u062b\u0629 \u0627\u0644\u0645\u063a\u0631\u0628 \u0625\u0644\u0649 \u0627\u0644\u062a\u062e\u0641\u064a\u0641 \u0645\u0646 \u0645\u0639\u0627\u0646\u0627\u0629 \u0627\u0644\u0641\u0626\u0627\u062a \u0627\u0644\u0623\u0643\u062b\u0631 \u062d\u0631\u0645\u0627\u0646\u064b\u0627 \u0648\u062a\u0639\u0632\u064a\u0632 \u0627\u0644\u062a\u0646\u0645\u064a\u0629 \u0627\u0644\u0627\u062c\u062a\u0645\u0627\u0639\u064a\u0629 \u0641\u064a \u0623\u0643\u062b\u0631 \u0645\u0646\u0627\u0637\u0642 \u0627\u0644\u0645\u0645\u0644\u0643\u0629 \u0639\u0632\u0644\u0629\u064b. \u0623\u0633\u0633\u062a\u0647\u0627 \u0635\u0627\u062d\u0628\u0629 \u0627\u0644\u0631\u0624\u064a\u0629 \u0627\u0644\u062b\u0627\u0642\u0628\u0629 \u0641\u0648\u0632\u064a\u0629 \u0628\u0631\u0627\u0634 \u0628\u0648\u0633\u0643\u064a \u0642\u0628\u0644 \u0646\u062d\u0648 \u0639\u0634\u0631 \u0633\u0646\u0648\u0627\u062a\u060c \u0648\u0642\u062f \u0631\u0633\u062e\u062a \u0647\u0630\u0647 \u0627\u0644\u0645\u0646\u0638\u0645\u0629 \u063a\u064a\u0631 \u0627\u0644\u062d\u0643\u0648\u0645\u064a\u0629 \u0645\u0643\u0627\u0646\u062a\u0647\u0627 \u0643\u0641\u0627\u0639\u0644 \u0631\u0626\u064a\u0633\u064a \u0641\u064a \u0627\u0644\u062a\u0636\u0627\u0645\u0646 \u0627\u0644\u0648\u0637\u0646\u064a.<\/p>\n<p><strong>\u0645\u0647\u0645\u0629 \u062a\u0642\u0648\u0645 \u0639\u0644\u0649 \u0627\u0644\u062a\u0636\u0627\u0645\u0646 \u0648\u0627\u0644\u062a\u0646\u0645\u064a\u0629<\/strong><\/p>\n<p>\u0627\u0644\u0647\u062f\u0641 \u0627\u0644\u0631\u0626\u064a\u0633\u064a \u0644\u062c\u0645\u0639\u064a\u0629 \u0627\u0644\u0625\u063a\u0627\u062b\u0629 \u0627\u0644\u0645\u063a\u0627\u0631\u0628\u064a\u0629 \u0647\u0648 \u062a\u0642\u062f\u064a\u0645 \u062f\u0639\u0645 \u0645\u0644\u0645\u0648\u0633 \u0644\u0644\u0641\u0626\u0627\u062a \u0627\u0644\u0645\u0647\u0645\u0634\u0629 \u0648\u0627\u0644\u0636\u0639\u064a\u0641\u0629. \u0633\u0648\u0627\u0621\u064b \u0645\u0646 \u062e\u0644\u0627\u0644 \u062a\u062f\u062e\u0644\u0627\u062a \u0637\u0627\u0631\u0626\u0629\u060c \u0623\u0648 \u0628\u0631\u0627\u0645\u062c \u062a\u0646\u0645\u064a\u0629 \u0637\u0648\u064a\u0644\u0629 \u0627\u0644\u0623\u0645\u062f\u060c \u0623\u0648 \u062d\u062a\u0649 \u062d\u0641\u0631 \u0627\u0644\u0622\u0628\u0627\u0631\u060c \u062a\u0647\u062f\u0641 \u0643\u0644 \u0645\u0628\u0627\u062f\u0631\u0629 \u0625\u0644\u0649 \u062a\u062d\u0633\u064a\u0646 \u062c\u0648\u062f\u0629 \u062d\u064a\u0627\u0629 \u0627\u0644\u0645\u0633\u062a\u0641\u064a\u062f\u064a\u0646. \u062a\u0646\u0642\u0633\u0645 \u0645\u0647\u0645\u062a\u0646\u0627 \u0625\u0644\u0649 \u0639\u062f\u0629 \u0645\u062c\u0627\u0644\u0627\u062a \u0627\u0633\u062a\u0631\u0627\u062a\u064a\u062c\u064a\u0629: \u0627\u0644\u0645\u0633\u0627\u0639\u062f\u0627\u062a \u0627\u0644\u063a\u0630\u0627\u0626\u064a\u0629\u060c \u0648\u0627\u0644\u0645\u0633\u0627\u0639\u062f\u0629 \u0627\u0644\u0637\u0628\u064a\u0629\u060c \u0648\u0627\u0644\u062f\u0639\u0645 \u0627\u0644\u062a\u0639\u0644\u064a\u0645\u064a\u060c \u0648\u0628\u0631\u0627\u0645\u062c \u0627\u0644\u062a\u0646\u0645\u064a\u0629 \u0627\u0644\u0645\u062c\u062a\u0645\u0639\u064a\u0629.<\/p>\n<p><strong>\u0627\u0644\u0627\u0633\u062a\u062c\u0627\u0628\u0629 \u0627\u0644\u0633\u0631\u064a\u0639\u0629 \u0641\u064a \u062d\u0627\u0644\u0629 \u062d\u062f\u0648\u062b \u0623\u0632\u0645\u0629<\/strong><\/p>\n<p>\u0645\u0646\u0630 \u0627\u0644\u0628\u062f\u0627\u064a\u0629\u060c \u0623\u062f\u0631\u0643\u062a \u0627\u0644\u062c\u0645\u0639\u064a\u0629 \u0623\u0647\u0645\u064a\u0629 \u0627\u0644\u0627\u0633\u062a\u062c\u0627\u0628\u0629 \u0627\u0644\u0633\u0631\u064a\u0639\u0629 \u0641\u064a \u062d\u0627\u0644\u0627\u062a \u0627\u0644\u0623\u0632\u0645\u0627\u062a. \u0648\u062a\u064f\u0639\u062f\u0651 \u0627\u0644\u0633\u0644\u0627\u0644 \u0627\u0644\u063a\u0630\u0627\u0626\u064a\u0629 \u0627\u0644\u0645\u0648\u0632\u0639\u0629 \u0641\u064a \u0627\u0644\u0645\u0646\u0627\u0637\u0642 \u0627\u0644\u0631\u064a\u0641\u064a\u0629\u060c \u0627\u0644\u062a\u064a \u063a\u0627\u0644\u0628\u064b\u0627 \u0645\u0627 \u062a\u0646\u0642\u0637\u0639 \u0639\u0646 \u0642\u0646\u0648\u0627\u062a \u0627\u0644\u0645\u0633\u0627\u0639\u062f\u0629 \u0627\u0644\u062a\u0642\u0644\u064a\u062f\u064a\u0629\u060c \u062e\u0637\u0648\u0629\u064b \u0623\u0648\u0644\u0649 \u0646\u062d\u0648 \u062a\u062d\u0642\u064a\u0642 \u0627\u0644\u0623\u0645\u0646 \u0627\u0644\u063a\u0630\u0627\u0626\u064a. \u0644\u0643\u0646 \u0627\u0644\u062a\u0632\u0627\u0645 \u0627\u0644\u062c\u0645\u0639\u064a\u0629 \u0644\u0627 \u064a\u062a\u0648\u0642\u0641 \u0639\u0646\u062f \u0647\u0630\u0627 \u0627\u0644\u062d\u062f. \u0641\u0641\u064a \u0645\u0648\u0627\u062c\u0647\u0629 \u0645\u062d\u062f\u0648\u062f\u064a\u0629 \u0641\u0631\u0635 \u0627\u0644\u062d\u0635\u0648\u0644 \u0639\u0644\u0649 \u0627\u0644\u0631\u0639\u0627\u064a\u0629 \u0627\u0644\u0637\u0628\u064a\u0629 \u0641\u064a \u0628\u0639\u0636 \u0627\u0644\u0645\u0646\u0627\u0637\u0642\u060c \u0646\u0641\u0630\u062a \u062c\u0645\u0639\u064a\u0629 &quot;\u0645\u063a\u0631\u0628 \u0627\u0644\u0625\u063a\u0627\u062b\u0629&quot; \u0623\u064a\u0636\u064b\u0627 \u062a\u062f\u062e\u0644\u0627\u062a \u0637\u0628\u064a\u0629 \u0637\u0627\u0631\u0626\u0629\u060c \u0645\u0646\u0642\u0630\u0629\u064b \u0627\u0644\u0623\u0631\u0648\u0627\u062d \u0645\u0646 \u062e\u0644\u0627\u0644 \u0625\u062c\u0631\u0627\u0621\u0627\u062a \u062a\u062a\u0631\u0627\u0648\u062d \u0628\u064a\u0646 \u0627\u0644\u0631\u0639\u0627\u064a\u0629 \u0627\u0644\u0623\u0633\u0627\u0633\u064a\u0629 \u0648\u0627\u0644\u0639\u0645\u0644\u064a\u0627\u062a \u0627\u0644\u062c\u0631\u0627\u062d\u064a\u0629 \u0627\u0644\u0645\u0639\u0642\u062f\u0629.<\/p>\n<p><strong>\u0627\u0644\u062a\u0632\u0627\u0645 \u0628\u0627\u0644\u0645\u0633\u062a\u0642\u0628\u0644<\/strong><\/p>\n<p>\u0628\u0642\u064a\u0627\u062f\u0629 \u0641\u0648\u0632\u064a\u0629 \u0628\u0631\u0627\u0634 \u0628\u0648\u0633\u0643\u064a\u0647\u060c \u062a\u0648\u0627\u0635\u0644 \u0627\u0644\u062c\u0645\u0639\u064a\u0629 \u0627\u0644\u0628\u062d\u062b \u0639\u0646 \u0637\u0631\u0642 \u0645\u0628\u062a\u0643\u0631\u0629 \u0644\u062a\u0645\u0648\u064a\u0644 \u0648\u062a\u0648\u0633\u064a\u0639 \u0639\u0645\u0644\u064a\u0627\u062a\u0647\u0627. \u0648\u0645\u0646 \u0627\u0644\u0623\u0645\u062b\u0644\u0629 \u0627\u0644\u062d\u062f\u064a\u062b\u0629 \u0639\u0644\u0649 \u0630\u0644\u0643 \u062a\u0637\u0628\u064a\u0642 &quot;\u0643\u0631\u0645&quot; \u0644\u0644\u0647\u0648\u0627\u062a\u0641 \u0627\u0644\u0645\u062d\u0645\u0648\u0644\u0629\u060c \u0627\u0644\u0630\u064a \u064a\u0631\u0628\u0637 \u0627\u0644\u062c\u0647\u0648\u062f \u0627\u0644\u0625\u0646\u0633\u0627\u0646\u064a\u0629 \u0628\u0627\u0644\u0645\u0648\u0627\u0631\u062f \u0627\u0644\u0645\u0627\u0644\u064a\u0629 \u0645\u0646 \u0627\u0644\u0625\u0639\u0644\u0627\u0646\u0627\u062a. \u064a\u0648\u0641\u0631 \u0647\u0630\u0627 \u0627\u0644\u0646\u0645\u0648\u0630\u062c \u0627\u0644\u062a\u0645\u0648\u064a\u0644\u064a \u0627\u0644\u0645\u0628\u062a\u0643\u0631 \u0645\u0635\u062f\u0631 \u062f\u062e\u0644 \u0645\u0646\u062a\u0638\u0645 \u0644\u062f\u0639\u0645 \u0645\u0647\u0627\u0645 \u0627\u0644\u062c\u0645\u0639\u064a\u0629\u060c \u0645\u0639 \u062a\u0648\u0641\u064a\u0631 \u0631\u0624\u064a\u0629 \u0648\u0627\u0636\u062d\u0629 \u0644\u0644\u0634\u0631\u0643\u0627\u062a \u0627\u0644\u0634\u0631\u064a\u0643\u0629.<\/p>\n<p><strong>\u0627\u0644\u062a\u0639\u0627\u0648\u0646 \u0648\u0627\u0644\u0634\u0631\u0627\u0643\u0627\u062a \u0627\u0644\u0627\u0633\u062a\u0631\u0627\u062a\u064a\u062c\u064a\u0629<\/strong><\/p>\n<p>\u0625\u0646 \u0646\u062c\u0627\u062d \u062c\u0645\u0639\u064a\u0629 \u0627\u0644\u0625\u063a\u0627\u062b\u0629 \u0627\u0644\u0645\u063a\u0627\u0631\u0628\u064a\u0629 \u0647\u0648 \u062b\u0645\u0631\u0629 \u062a\u0639\u0627\u0648\u0646 \u0648\u062b\u064a\u0642 \u0645\u0639 \u0627\u0644\u0633\u0644\u0637\u0627\u062a \u0627\u0644\u0645\u062d\u0644\u064a\u0629 \u0648\u0627\u0644\u0645\u0624\u0633\u0633\u0627\u062a \u0627\u0644\u0648\u0637\u0646\u064a\u0629 \u0648\u0627\u0644\u0645\u0646\u0638\u0645\u0627\u062a \u063a\u064a\u0631 \u0627\u0644\u062d\u0643\u0648\u0645\u064a\u0629 \u0627\u0644\u0623\u062e\u0631\u0649. \u062a\u062a\u064a\u062d \u0647\u0630\u0647 \u0627\u0644\u0634\u0631\u0627\u0643\u0627\u062a \u062a\u0646\u0633\u064a\u0642\u064b\u0627 \u0623\u0641\u0636\u0644 \u0644\u0644\u062c\u0647\u0648\u062f \u0648\u062a\u0639\u0638\u064a\u0645 \u0627\u0644\u0627\u0633\u062a\u0641\u0627\u062f\u0629 \u0645\u0646 \u0627\u0644\u0645\u0648\u0627\u0631\u062f \u0627\u0644\u0645\u062a\u0627\u062d\u0629\u060c \u0648\u0647\u0648 \u0623\u0645\u0631\u064c \u0623\u0633\u0627\u0633\u064a\u064c\u0651 \u0644\u062a\u0639\u0638\u064a\u0645 \u0623\u062b\u0631 \u0627\u0644\u0628\u0631\u0627\u0645\u062c \u0639\u0644\u0649 \u0623\u0631\u0636 \u0627\u0644\u0648\u0627\u0642\u0639.<\/p>\n<p><strong>\u0627\u0644\u0645\u0633\u062a\u0642\u0628\u0644 \u0645\u0634\u0631\u0642<\/strong><\/p>\n<p>\u0628\u0645\u0634\u0627\u0631\u064a\u0639\u0647\u0627 \u0627\u0644\u0639\u062f\u064a\u062f\u0629 \u0627\u0644\u062c\u0627\u0631\u064a\u0629 \u0648\u0627\u0644\u0645\u0633\u062a\u0642\u0628\u0644\u064a\u0629\u060c \u062a\u0648\u0627\u0635\u0644 \u062c\u0645\u0639\u064a\u0629 \u0627\u0644\u0625\u063a\u0627\u062b\u0629 \u0627\u0644\u0645\u063a\u0627\u0631\u0628\u064a\u0629 \u0634\u0642\u0651 \u0637\u0631\u064a\u0642\u0647\u0627 \u0641\u064a \u0627\u0644\u0627\u0628\u062a\u0643\u0627\u0631 \u0648\u0627\u0644\u062a\u0639\u0627\u0637\u0641. \u0648\u064a\u064f\u062c\u0633\u0651\u062f \u062a\u0637\u0648\u064a\u0631 \u062d\u062f\u0627\u0626\u0642 \u0627\u0644\u062e\u0636\u0631\u0627\u0648\u0627\u062a \u0627\u0644\u062d\u0636\u0631\u064a\u0629 \u0648\u062a\u0648\u0641\u064a\u0631 \u0627\u0644\u062a\u062f\u0631\u064a\u0628 \u0644\u0631\u0648\u0627\u062f \u0627\u0644\u0623\u0639\u0645\u0627\u0644 \u0627\u0644\u0634\u0628\u0627\u0628 \u0646\u0647\u062c \u0627\u0644\u062c\u0645\u0639\u064a\u0629 \u0627\u0644\u0627\u0633\u062a\u0628\u0627\u0642\u064a \u0641\u064a \u0645\u0648\u0627\u062c\u0647\u0629 \u0627\u0644\u062a\u062d\u062f\u064a\u0627\u062a \u0627\u0644\u0645\u0633\u062a\u0645\u0631\u0629. \u0648\u0647\u0630\u0627 \u062d\u0644\u0645 \u0644\u0627 \u064a\u062a\u062d\u0642\u0642 \u0625\u0644\u0627 \u0628\u062f\u0639\u0645 \u0645\u0646 \u0627\u0644\u062d\u0643\u0648\u0645\u0629 \u0627\u0644\u0645\u063a\u0631\u0628\u064a\u0629.<\/p>\n<p>\u0631\u0633\u0627\u0644\u0629 \u062c\u0645\u0639\u064a\u0629 &quot;\u0625\u063a\u0627\u062b\u0629 \u0627\u0644\u0645\u063a\u0631\u0628&quot; \u0648\u0627\u0636\u062d\u0629: \u0644\u064a\u0633 \u0641\u0642\u0637 \u062a\u0644\u0628\u064a\u0629 \u0627\u0644\u0627\u062d\u062a\u064a\u0627\u062c\u0627\u062a \u0627\u0644\u0639\u0627\u062c\u0644\u0629\u060c \u0628\u0644 \u0623\u064a\u0636\u064b\u0627 \u0627\u0644\u0639\u0645\u0644 \u0645\u0646 \u0623\u062c\u0644 \u0645\u063a\u0631\u0628 \u0623\u0643\u062b\u0631 \u0625\u0646\u0635\u0627\u0641\u064b\u0627 \u0648\u0648\u062d\u062f\u0629. \u0641\u064a \u0639\u0627\u0644\u0645 \u062a\u062a\u0632\u0627\u064a\u062f \u0641\u064a\u0647 \u0623\u0648\u062c\u0647 \u0639\u062f\u0645 \u0627\u0644\u0645\u0633\u0627\u0648\u0627\u0629\u060c \u062a\u064f\u0639\u062f\u0651 \u062c\u0647\u0648\u062f &quot;\u0625\u063a\u0627\u062b\u0629 \u0627\u0644\u0645\u063a\u0631\u0628&quot; \u0623\u0643\u062b\u0631 \u0623\u0647\u0645\u064a\u0629 \u0645\u0646 \u0623\u064a \u0648\u0642\u062a \u0645\u0636\u0649 \u0644\u0625\u0644\u0647\u0627\u0645 \u0627\u0644\u062a\u063a\u064a\u064a\u0631 \u0648\u0627\u0644\u0633\u062e\u0627\u0621 \u0641\u064a \u062c\u0645\u064a\u0639 \u0623\u0646\u062d\u0627\u0621 \u0627\u0644\u0645\u0645\u0644\u0643\u0629.<\/p>\n<p>\u0625\u0646 \u0627\u0644\u0627\u0644\u062a\u0632\u0627\u0645 \u0627\u0644\u0645\u0633\u062a\u0645\u0631 \u0645\u0646 \u062c\u0627\u0646\u0628 \u0641\u0648\u0632\u064a\u0629 \u0628\u0627\u0631\u0627\u0634 \u0628\u0648\u0633\u0643\u064a\u0647 \u0648\u0641\u0631\u064a\u0642\u0647\u0627 \u064a\u0634\u0643\u0644 \u062a\u0630\u0643\u064a\u0631\u0627\u064b \u0642\u0648\u064a\u0627\u064b \u0628\u0623\u0646 \u0627\u0644\u062a\u0636\u0627\u0645\u0646 \u064a\u0645\u0643\u0646 \u0623\u0646 \u064a\u062d\u0648\u0644 \u062d\u064a\u0627\u0629 \u0627\u0644\u0646\u0627\u0633\u060c \u0648\u064a\u0639\u064a\u062f \u0631\u0633\u0645 \u0645\u0639\u0627\u0644\u0645 \u0645\u062c\u062a\u0645\u0639 \u062d\u064a\u062b \u064a\u062a\u0645\u062a\u0639 \u0627\u0644\u062c\u0645\u064a\u0639 \u0628\u0645\u0643\u0627\u0646\u0647\u0645 \u0648\u0641\u0631\u0635\u0629 \u0627\u0644\u0627\u0632\u062f\u0647\u0627\u0631.<\/p>\n<p>\u0634\u0643\u0631\u064b\u0627 \u0644\u0644\u0633\u0644\u0637\u0627\u062a \u0627\u0644\u062a\u064a \u0642\u062f\u0645\u062a \u0644\u0646\u0627 \u0627\u0644\u0643\u062b\u064a\u0631 \u0645\u0646 \u0627\u0644\u0645\u0633\u0627\u0639\u062f\u0629 \u0648\u0627\u0644\u062f\u0639\u0645.<\/p>\n<p><strong>\u062c\u0645\u0639\u064a\u0629 \u0627\u0644\u0625\u063a\u0627\u062b\u0629 \u0627\u0644\u0645\u063a\u0627\u0631\u0628\u064a\u0629 \u2013 \u0627\u0644\u062a\u0636\u0627\u0645\u0646 \u0648\u0627\u0644\u0645\u0634\u0627\u0631\u0643\u0629 \u0627\u0644\u0625\u0646\u0633\u0627\u0646\u064a\u0629 \u0641\u064a \u0627\u0644\u0645\u063a\u0631\u0628<\/strong><br \/>\n<strong><em>\u0645\u0642\u062f\u0645\u0629<\/em><\/strong><br \/>\n\u0623\u0647\u0644\u0627\u064b \u0628\u0643\u0645 \u0641\u064a \u0645\u0648\u0642\u0639 \u0645\u0646\u0638\u0645\u0629 &quot;\u0645\u063a\u0631\u0628 \u0627\u0644\u0625\u063a\u0627\u062b\u0629&quot;\u060c \u0648\u0647\u064a \u0645\u0646\u0638\u0645\u0629 \u0625\u0646\u0633\u0627\u0646\u064a\u0629 \u0645\u063a\u0631\u0628\u064a\u0629 \u0645\u0644\u062a\u0632\u0645\u0629 \u0628\u0627\u0644\u062a\u0636\u0627\u0645\u0646 \u0645\u0639 \u0627\u0644\u0641\u0626\u0627\u062a \u0627\u0644\u0623\u0643\u062b\u0631 \u0627\u062d\u062a\u064a\u0627\u062c\u0627\u064b. \u0627\u0643\u062a\u0634\u0641\u0648\u0627 \u0623\u062b\u0631\u0646\u0627 \u0627\u0644\u0625\u064a\u062c\u0627\u0628\u064a\u060c \u0648\u062c\u0647\u0648\u062f\u0646\u0627 \u0627\u0644\u0645\u0644\u0645\u0648\u0633\u0629\u060c \u0648\u0631\u0624\u064a\u062a\u0646\u0627 \u0627\u0644\u0625\u0646\u0633\u0627\u0646\u064a\u0629 \u0627\u0644\u062a\u064a \u0623\u0631\u0634\u062f\u062a \u0639\u0645\u0644\u0646\u0627 \u0645\u0646\u0630 \u0639\u0627\u0645 \u0662\u0660\u0661\u0665.<\/p>\n<div><span style=\"color: #000000; font-family: S\u00f6hne, ui-sans-serif, system-ui, -apple-system, Segoe UI, Roboto, Ubuntu, Cantarell, Noto Sans, sans-serif, Helvetica Neue, Arial, Apple Color Emoji, Segoe UI Emoji, Segoe UI Symbol, Noto Color Emoji;\"><br \/>\n<\/span><strong><em>\u062d\u0648\u0644 Maghreb Secours \u2013 \u0627\u0644\u0645\u0634\u0627\u0631\u0643\u0629 \u0627\u0644\u0625\u0646\u0633\u0627\u0646\u064a\u0629 \u0641\u064a \u0627\u0644\u0645\u063a\u0631\u0628<\/em><\/strong><br \/>\n\u062c\u0645\u0639\u064a\u0629 \u0645\u063a\u0631\u0628 \u0644\u0644\u0625\u063a\u0627\u062b\u0629\u060c \u0627\u0644\u062a\u064a \u062a\u0623\u0633\u0633\u062a \u0639\u0627\u0645 \u0662\u0660\u0661\u0665\u060c \u0647\u064a \u0645\u0646\u0638\u0645\u0629 \u0625\u0646\u0633\u0627\u0646\u064a\u0629 \u0631\u0627\u0626\u062f\u0629 \u0641\u064a \u0627\u0644\u0645\u063a\u0631\u0628. \u0646\u062d\u0646 \u0645\u0644\u062a\u0632\u0645\u0648\u0646 \u0628\u0625\u062d\u062f\u0627\u062b \u062a\u063a\u064a\u064a\u0631 \u0625\u064a\u062c\u0627\u0628\u064a \u0645\u0644\u0645\u0648\u0633 \u0641\u064a \u062d\u064a\u0627\u0629 \u0627\u0644\u0641\u0626\u0627\u062a \u0627\u0644\u0645\u0647\u0645\u0634\u0629 \u0627\u062c\u062a\u0645\u0627\u0639\u064a\u064b\u0627\u060c \u0648\u0627\u0644\u0645\u0631\u0636\u0649\u060c \u0648\u0636\u062d\u0627\u064a\u0627 \u0627\u0644\u0643\u0648\u0627\u0631\u062b \u0627\u0644\u0637\u0628\u064a\u0639\u064a\u0629. \u0639\u0645\u0644\u0646\u0627 \u062c\u0632\u0621 \u0645\u0646 \u0645\u0628\u0627\u062f\u0631\u0629 \u0627\u0644\u062a\u0646\u0645\u064a\u0629 \u0627\u0644\u0628\u0634\u0631\u064a\u0629 \u0627\u0644\u062a\u064a \u0623\u064f\u0637\u0644\u0642\u062a \u0639\u0627\u0645 \u0662\u0660\u0660\u0665.<\/div>\n<div><span style=\"color: #000000; font-family: S\u00f6hne, ui-sans-serif, system-ui, -apple-system, Segoe UI, Roboto, Ubuntu, Cantarell, Noto Sans, sans-serif, Helvetica Neue, Arial, Apple Color Emoji, Segoe UI Emoji, Segoe UI Symbol, Noto Color Emoji;\"><br \/>\n<\/span><strong><em>\u0645\u0631\u0633\u0627\u0646\u0627 \u2013 \u0627\u0644\u062c\u0645\u0639\u064a\u0629 \u0627\u0644\u0625\u0646\u0633\u0627\u0646\u064a\u0629 \u0628\u0627\u0644\u0645\u063a\u0631\u0628<\/em><\/strong><br \/>\n\u0628\u0635\u0641\u062a\u0646\u0627 \u0645\u0646\u0638\u0645\u0629 \u0625\u0646\u0633\u0627\u0646\u064a\u0629 \u0641\u064a \u0627\u0644\u0645\u063a\u0631\u0628\u060c \u0641\u0625\u0646 \u062a\u0627\u0631\u064a\u062e\u0646\u0627 \u0627\u0644\u0639\u0631\u064a\u0642 \u0648\u0633\u0645\u0639\u062a\u0646\u0627 \u0627\u0644\u0645\u0631\u0645\u0648\u0642\u0629 \u0647\u0645\u0627 \u062b\u0645\u0631\u0629 \u062c\u0647\u0648\u062f\u0646\u0627 \u0627\u0644\u0645\u062f\u0631\u0648\u0633\u0629. \u0644\u0642\u062f \u0627\u0633\u062a\u062c\u0628\u0646\u0627 \u0628\u0633\u0631\u0639\u0629 \u0644\u0644\u0623\u0632\u0645\u0627\u062a\u060c \u0644\u0627 \u0633\u064a\u0645\u0627 \u062e\u0644\u0627\u0644 \u0632\u0644\u0632\u0627\u0644 \u0633\u0628\u062a\u0645\u0628\u0631 2023\u060c \u0648\u062d\u0634\u062f\u0646\u0627 \u0627\u0644\u0645\u0648\u0627\u0631\u062f \u0627\u0644\u0645\u0627\u0644\u064a\u0629 \u0644\u062f\u0639\u0645 \u0627\u0644\u0633\u0643\u0627\u0646 \u0627\u0644\u0645\u062a\u0636\u0631\u0631\u064a\u0646.<br \/>\n<em>\u0627\u0644\u062a\u0648\u0633\u0639 \u0627\u0644\u0625\u0646\u0633\u0627\u0646\u064a \u2013 \u0623\u0641\u0631\u064a\u0642\u064a\u0627 \u062c\u0646\u0648\u0628 \u0627\u0644\u0635\u062d\u0631\u0627\u0621 \u0627\u0644\u0643\u0628\u0631\u0649 \u0648\u0627\u0644\u0645\u0634\u0627\u0631\u064a\u0639 \u0627\u0644\u062c\u062f\u064a\u062f\u0629<\/em><br \/>\n\u062a\u064f\u0648\u0633\u0651\u0639 \u0645\u0646\u0638\u0645\u0629 &quot;\u0645\u063a\u0631\u0628 \u0627\u0644\u0625\u063a\u0627\u062b\u0629&quot; \u0646\u0637\u0627\u0642 \u0639\u0645\u0644\u0647\u0627 \u0627\u0644\u0625\u0646\u0633\u0627\u0646\u064a \u062e\u0627\u0631\u062c \u062d\u062f\u0648\u062f\u0647\u0627\u060c \u0645\u064f\u0631\u0643\u0651\u0632\u0629 \u0639\u0644\u0649 \u0623\u0641\u0631\u064a\u0642\u064a\u0627 \u062c\u0646\u0648\u0628 \u0627\u0644\u0635\u062d\u0631\u0627\u0621. \u0648\u064a\u0647\u062f\u0641 \u0642\u0633\u0645 \u062d\u0641\u0631 \u0627\u0644\u0622\u0628\u0627\u0631 \u0627\u0644\u062c\u062f\u064a\u062f \u0644\u062f\u064a\u0646\u0627 \u0625\u0644\u0649 \u062d\u0644\u0651 \u0645\u0634\u0627\u0643\u0644 \u0627\u0644\u0648\u0635\u0648\u0644 \u0625\u0644\u0649 \u0627\u0644\u0645\u064a\u0627\u0647\u060c \u0644\u0627 \u0633\u064a\u0645\u0627 \u0641\u064a \u0627\u0644\u0642\u0631\u0649 \u0627\u0644\u0645\u062d\u0631\u0648\u0645\u0629.<\/div>\n<div><span style=\"color: #000000; font-family: S\u00f6hne, ui-sans-serif, system-ui, -apple-system, Segoe UI, Roboto, Ubuntu, Cantarell, Noto Sans, sans-serif, Helvetica Neue, Arial, Apple Color Emoji, Segoe UI Emoji, Segoe UI Symbol, Noto Color Emoji;\"><br \/>\n<\/span><em>\u062f\u0639\u0648\u0629 \u0644\u0644\u062a\u0636\u0627\u0645\u0646 \u2013 \u0627\u062f\u0639\u0645 \u0639\u0645\u0644\u0646\u0627 \u0627\u0644\u0625\u0646\u0633\u0627\u0646\u064a \u0648\u0642\u0645 \u0628\u062a\u062d\u0645\u064a\u0644 \u062a\u0637\u0628\u064a\u0642\u0646\u0627 <strong>\u0643\u0631\u0645<\/strong> \u0648\u0632\u064a\u0627\u0631\u0629 \u0645\u0648\u0642\u0639\u0647\u00a0<a href=\"http:\/\/www.karam.ma\/\" target=\"_blank\" rel=\"noopener\" data-saferedirecturl=\"https:\/\/www.google.com\/url?q=http:\/\/www.karam.ma&amp;source=gmail&amp;ust=1706278749613000&amp;usg=AOvVaw1Ph1yAmIaSSy5rPcfmpDeU\">www.karam.ma<\/a><\/em><br \/>\n\u0627\u062f\u0639\u0645\u0648\u0627 \u0639\u0645\u0644\u0646\u0627 \u0627\u0644\u0625\u0646\u0633\u0627\u0646\u064a \u0641\u064a \u0627\u0644\u0645\u063a\u0631\u0628 \u0628\u0627\u0644\u0627\u0646\u0636\u0645\u0627\u0645 \u0625\u0644\u0649 \u062d\u0631\u0643\u062a\u0646\u0627. \u0645\u0633\u0627\u0647\u0645\u062a\u0643\u0645 \u0633\u062a\u0633\u0627\u0647\u0645 \u0641\u064a \u0636\u0645\u0627\u0646 \u0627\u0633\u062a\u062f\u0627\u0645\u0629 \u0645\u0634\u0627\u0631\u064a\u0639\u0646\u0627\u060c \u0648\u062a\u0648\u0633\u064a\u0639 \u0646\u0637\u0627\u0642 \u062a\u0623\u062b\u064a\u0631\u0646\u0627\u060c \u0648\u0625\u064a\u0635\u0627\u0644 \u0627\u0644\u0645\u0633\u0627\u0639\u062f\u0627\u062a \u0625\u0644\u0649 \u062d\u064a\u062b \u062a\u0634\u062a\u062f \u0627\u0644\u062d\u0627\u062c\u0629 \u0625\u0644\u064a\u0647\u0627. \u0645\u0639\u064b\u0627\u060c \u0644\u0646\u0628\u0646\u064a \u0645\u0633\u062a\u0642\u0628\u0644\u064b\u0627 \u0623\u0641\u0636\u0644.<\/div>\n<div><span style=\"color: #000000; font-family: S\u00f6hne, ui-sans-serif, system-ui, -apple-system, Segoe UI, Roboto, Ubuntu, Cantarell, Noto Sans, sans-serif, Helvetica Neue, Arial, Apple Color Emoji, Segoe UI Emoji, Segoe UI Symbol, Noto Color Emoji;\"><br \/>\n<\/span><strong><em>\u0627\u062a\u0635\u0644 \u0628\u0646\u0627 \u2013 \u062c\u0645\u0639\u064a\u0629 \u0627\u0644\u0625\u063a\u0627\u062b\u0629 \u0627\u0644\u0645\u063a\u0627\u0631\u0628\u064a\u0629<\/em><\/strong><br \/>\n\u0644\u0645\u0639\u0631\u0641\u0629 \u0627\u0644\u0645\u0632\u064a\u062f \u0639\u0646 \u0623\u0639\u0645\u0627\u0644\u0646\u0627 \u0648\u0645\u0634\u0627\u0631\u064a\u0639\u0646\u0627\u060c \u0648\u0644\u0644\u0645\u0633\u0627\u0647\u0645\u0629 \u0641\u064a \u0642\u0636\u064a\u062a\u0646\u0627\u060c \u064a\u064f\u0631\u062c\u0649 \u0627\u0644\u062a\u0648\u0627\u0635\u0644 \u0645\u0639\u0646\u0627. \u062a\u0644\u062a\u0632\u0645 \u0645\u0646\u0638\u0645\u0629 \u0627\u0644\u0645\u063a\u0631\u0628 \u0644\u0644\u0625\u063a\u0627\u062b\u0629 \u0628\u0623\u0646 \u062a\u0643\u0648\u0646 \u062c\u0647\u0629\u064b \u0645\u0648\u062b\u0648\u0642\u0629\u064b \u0641\u064a \u0627\u0644\u0645\u062c\u0627\u0644 \u0627\u0644\u0625\u0646\u0633\u0627\u0646\u064a \u0628\u0627\u0644\u0645\u063a\u0631\u0628.<br \/>\n\u0646\u0634\u0643\u0631\u0643\u0645 \u0639\u0644\u0649 \u062f\u0639\u0645\u0643\u0645 \u0627\u0644\u0645\u062a\u0648\u0627\u0635\u0644.<br \/>\n<span style=\"color: #000000; font-family: S\u00f6hne, ui-sans-serif, system-ui, -apple-system, Segoe UI, Roboto, Ubuntu, Cantarell, Noto Sans, sans-serif, Helvetica Neue, Arial, Apple Color Emoji, Segoe UI Emoji, Segoe UI Symbol, Noto Color Emoji;\"><br \/>\n\u0627\u0644\u0631\u0626\u064a\u0633 \u0627\u0644\u0645\u0624\u0633\u0633<\/span><\/div>\n<div><span style=\"color: #000000; font-family: S\u00f6hne, ui-sans-serif, system-ui, -apple-system, Segoe UI, Roboto, Ubuntu, Cantarell, Noto Sans, sans-serif, Helvetica Neue, Arial, Apple Color Emoji, Segoe UI Emoji, Segoe UI Symbol, Noto Color Emoji;\">\u0641\u0648\u0632\u064a\u0629 \u0628\u0627\u0631\u0627\u0634 \u0628\u0648\u0633\u0643\u064a\u0647<br \/>\n<\/span><\/div>\n<p>&nbsp;<\/p>\n<div>\n<p><iframe title=\"\u062d\u064a\u062b \u062a\u062a\u062c\u0633\u062f \u0631\u0648\u062d \u0627\u0644\u062a\u0636\u0627\u0645\u0646: \u0627\u0644\u062a\u0632\u0627\u0645\u0646\u0627 \u0628\u0639\u062f \u0627\u0644\u0632\u0644\u0632\u0627\u0644\" src=\"https:\/\/www.youtube.com\/embed\/OLiHpYA_xbA\" width=\"1280\" height=\"720\" frameborder=\"0\" allowfullscreen=\"allowfullscreen\"><\/iframe><\/p>\n<\/div>","protected":false},"excerpt":{"rendered":"<p>L&#8217;Association Maghreb Secours : Un Phare d&#8217;Espoir dans le Paysage Humanitaire Marocain En plein c\u0153ur du Maroc, l&#8217;Association Maghreb Secours d\u00e9ploie ses efforts pour all\u00e9ger les peines des plus d\u00e9munis et promouvoir le d\u00e9veloppement social dans les recoins les plus isol\u00e9s du royaume. Fond\u00e9e il y a pr\u00e8s de dix ans par la visionnaire Faouzia [&hellip;]<\/p>\n","protected":false},"author":1,"featured_media":0,"parent":0,"menu_order":0,"comment_status":"closed","ping_status":"closed","template":"","meta":{"footnotes":""},"class_list":["post-9028","page","type-page","status-publish","hentry"],"_links":{"self":[{"href":"https:\/\/maghreb-secours.ma\/ar\/wp-json\/wp\/v2\/pages\/9028","targetHints":{"allow":["GET"]}}],"collection":[{"href":"https:\/\/maghreb-secours.ma\/ar\/wp-json\/wp\/v2\/pages"}],"about":[{"href":"https:\/\/maghreb-secours.ma\/ar\/wp-json\/wp\/v2\/types\/page"}],"author":[{"embeddable":true,"href":"https:\/\/maghreb-secours.ma\/ar\/wp-json\/wp\/v2\/users\/1"}],"replies":[{"embeddable":true,"href":"https:\/\/maghreb-secours.ma\/ar\/wp-json\/wp\/v2\/comments?post=9028"}],"version-history":[{"count":6,"href":"https:\/\/maghreb-secours.ma\/ar\/wp-json\/wp\/v2\/pages\/9028\/revisions"}],"predecessor-version":[{"id":9688,"href":"https:\/\/maghreb-secours.ma\/ar\/wp-json\/wp\/v2\/pages\/9028\/revisions\/9688"}],"wp:attachment":[{"href":"https:\/\/maghreb-secours.ma\/ar\/wp-json\/wp\/v2\/media?parent=9028"}],"curies":[{"name":"\u0648\u0648\u0631\u062f\u0628\u0631\u064a\u0633","href":"https:\/\/api.w.org\/{rel}","templated":true}]}}