{"id":7800,"date":"2020-02-28T08:26:46","date_gmt":"2020-02-28T08:26:46","guid":{"rendered":"https:\/\/demo.goodlayers.com\/chariti\/demo1\/?page_id=7800"},"modified":"2024-01-30T14:30:32","modified_gmt":"2024-01-30T14:30:32","slug":"become-a-volunteer","status":"publish","type":"page","link":"https:\/\/maghreb-secours.ma\/ar\/become-a-volunteer\/","title":{"rendered":"\u0643\u0646 \u0645\u062a\u0637\u0648\u0639\u064b\u0627"},"content":{"rendered":"<h1><strong>\u0627\u0644\u062a\u0637\u0648\u0639 \u0641\u064a \u062c\u0645\u0639\u064a\u0629 \u0627\u0644\u0645\u063a\u0631\u0628 \u0644\u0644\u0625\u063a\u0627\u062b\u0629: \u0641\u0639\u0644 \u062a\u0636\u0627\u0645\u0646 \u0648\u0627\u0644\u062a\u0632\u0627\u0645 \u0625\u0646\u0633\u0627\u0646\u064a<\/strong><\/h1>\n<p><em>\u0645\u0642\u062f\u0645\u0629<\/em><\/p>\n<p>\u0639\u0644\u0649 \u0645\u062f\u0627\u0631 \u062a\u0633\u0639 \u0633\u0646\u0648\u0627\u062a \u0645\u0646 \u0648\u062c\u0648\u062f \u0645\u0646\u0638\u0645\u0629 &quot;\u0645\u063a\u0631\u0628 \u0644\u0644\u0625\u063a\u0627\u062b\u0629&quot;\u060c \u0643\u0627\u0646 \u0627\u0644\u062a\u0632\u0627\u0645\u0647\u0627 \u0627\u0644\u0631\u0627\u0633\u062e \u0628\u0627\u0644\u0642\u0636\u0627\u064a\u0627 \u0627\u0644\u0625\u0646\u0633\u0627\u0646\u064a\u0629 \u0627\u0644\u0631\u0643\u064a\u0632\u0629 \u0627\u0644\u0623\u0633\u0627\u0633\u064a\u0629 \u0627\u0644\u062a\u064a \u064a\u0631\u062a\u0643\u0632 \u0639\u0644\u064a\u0647\u0627 \u0623\u062b\u0631\u0647\u0627 \u0627\u0644\u0625\u064a\u062c\u0627\u0628\u064a. \u0646\u062f\u0639\u0648\u0643\u0645 \u0627\u0644\u064a\u0648\u0645 \u0644\u0644\u0627\u0646\u0636\u0645\u0627\u0645 \u0625\u0644\u0649 \u0647\u0630\u0647 \u0627\u0644\u0645\u0647\u0645\u0629 \u0627\u0644\u0646\u0628\u064a\u0644\u0629 \u0643\u0645\u062a\u0637\u0648\u0639\u064a\u0646\u060c \u0625\u0630 \u064a\u064f\u0645\u0643\u0646 \u0644\u0627\u0644\u062a\u0632\u0627\u0645\u0643\u0645 \u0623\u0646 \u064a\u064f\u062d\u062f\u062b \u0641\u0631\u0642\u064b\u0627 \u0625\u064a\u062c\u0627\u0628\u064a\u064b\u0627 \u0641\u064a \u062d\u064a\u0627\u0629 \u0627\u0644\u0645\u0647\u0645\u0634\u064a\u0646 \u0627\u062c\u062a\u0645\u0627\u0639\u064a\u064b\u0627\u060c \u0648\u0636\u062d\u0627\u064a\u0627 \u0627\u0644\u0623\u0645\u0631\u0627\u0636\u060c \u0648\u0627\u0644\u0645\u062a\u0636\u0631\u0631\u064a\u0646 \u0645\u0646 \u0627\u0644\u0643\u0648\u0627\u0631\u062b \u0627\u0644\u0637\u0628\u064a\u0639\u064a\u0629.<\/p>\n<p><em>\u0625\u063a\u0627\u062b\u0629 \u0627\u0644\u0645\u063a\u0631\u0628: \u0645\u0646\u0627\u0631\u0629 \u0623\u0645\u0644<\/em><\/p>\n<p>\u062a\u064f\u062c\u0633\u0651\u062f \u062c\u0645\u0639\u064a\u0629 \u0625\u063a\u0627\u062b\u0629 \u0627\u0644\u0645\u063a\u0631\u0628 \u0639\u0642\u062f\u064b\u0627 \u0645\u0646 \u0627\u0644\u062a\u0641\u0627\u0646\u064a \u0641\u064a \u062e\u062f\u0645\u0629 \u0627\u0644\u0641\u0626\u0627\u062a \u0627\u0644\u0623\u0643\u062b\u0631 \u0636\u0639\u0641\u064b\u0627 \u0641\u064a \u0645\u062c\u062a\u0645\u0639\u0646\u0627. \u0628\u0635\u0641\u062a\u0643\u0645 \u0645\u062a\u0637\u0648\u0639\u064b\u0627\u060c \u0633\u062a\u0643\u0648\u0646\u0648\u0646 \u062d\u0644\u0642\u0629 \u0648\u0635\u0644 \u062d\u064a\u0648\u064a\u0629 \u062a\u064f\u0633\u0647\u0645 \u0641\u064a \u0646\u0634\u0631 \u0642\u064a\u0645 \u0627\u0644\u062a\u0636\u0627\u0645\u0646 \u0639\u0628\u0631 \u0627\u0644\u062d\u062f\u0648\u062f. \u0633\u064a\u0643\u0648\u0646 \u0639\u0645\u0644\u0643\u0645 \u0627\u0644\u0625\u0646\u0633\u0627\u0646\u064a \u0645\u0635\u062f\u0631 \u0623\u0645\u0644 \u0644\u0645\u0646 \u0647\u0645 \u0641\u064a \u0623\u0645\u0633\u0651 \u0627\u0644\u062d\u0627\u062c\u0629 \u0625\u0644\u064a\u0647.<\/p>\n<p><em>\u0646\u062f\u0627\u0621 \u0644\u0644\u0634\u0628\u0627\u0628: \u0648\u0627\u062c\u0628 \u0627\u0644\u0643\u0631\u0645<\/em><\/p>\n<p>\u0625\u0644\u0649 \u0634\u0628\u0627\u0628 \u0645\u062c\u062a\u0645\u0639\u0646\u0627\u060c \u0646\u0648\u062c\u0647 \u0646\u062f\u0627\u0621\u064b \u0635\u0627\u062f\u0642\u064b\u0627. \u0625\u0646 \u0627\u0644\u0627\u0646\u062e\u0631\u0627\u0637 \u0641\u064a \u0627\u0644\u0639\u0645\u0644 \u0627\u0644\u0625\u0646\u0633\u0627\u0646\u064a \u0644\u064a\u0633 \u0645\u062c\u0631\u062f \u062e\u064a\u0627\u0631\u060c \u0628\u0644 \u0647\u0648 \u0648\u0627\u062c\u0628\u064c \u0646\u0628\u064a\u0644\u064c \u062a\u062c\u0627\u0647 \u0645\u062c\u062a\u0645\u0639\u0646\u0627. \u0628\u0645\u0634\u0627\u0631\u0643\u062a\u0643\u0645 \u0627\u0644\u0641\u0639\u0651\u0627\u0644\u0629 \u0641\u064a &quot;\u0645\u063a\u0631\u0628 \u0627\u0644\u0646\u062c\u062f\u0629&quot;\u060c \u0644\u0646 \u062a\u064f\u0637\u0648\u0651\u0631\u0648\u0627 \u0645\u0647\u0627\u0631\u0627\u062a\u0643\u0645 \u0641\u062d\u0633\u0628\u060c \u0628\u0644 \u0633\u062a\u064f\u062c\u0633\u0651\u062f\u0648\u0646 \u0623\u064a\u0636\u064b\u0627 \u0642\u064a\u0645 \u0627\u0644\u062a\u0639\u0627\u0637\u0641 \u0648\u0627\u0644\u062a\u0636\u0627\u0645\u0646 \u0627\u0644\u062a\u064a \u062a\u064f\u0645\u064a\u0651\u0632 \u0627\u0644\u0634\u0628\u0627\u0628 \u0627\u0644\u0645\u064f\u0644\u062a\u0632\u0645.<\/p>\n<p><em>\u062a\u062c\u0631\u0628\u0629 \u062b\u0631\u064a\u0629<\/em><\/p>\n<p>\u0628\u062a\u0637\u0648\u0651\u0639\u0643\u060c \u0633\u062a\u062e\u0648\u0636 \u062a\u062c\u0631\u0628\u0629\u064b \u0645\u064f\u062b\u0645\u0631\u0629\u064b\u060c \u062d\u0627\u0641\u0644\u0629\u064b \u0628\u0644\u0642\u0627\u0621\u0627\u062a\u064d \u0642\u064a\u0651\u0645\u0629\u060c \u0648\u062a\u062d\u062f\u064a\u0627\u062a\u064d \u0645\u064f\u062d\u0641\u0651\u0632\u0629\u060c \u0648\u0634\u0639\u0648\u0631\u064d \u0639\u0645\u064a\u0642\u064d \u0628\u0627\u0644\u0631\u0636\u0627 \u0646\u0627\u0628\u0639\u064d \u0645\u0646 \u0645\u0633\u0627\u0639\u062f\u0629 \u0627\u0644\u0645\u062d\u062a\u0627\u062c\u064a\u0646. \u062a\u064f\u0648\u0641\u0651\u0631 &quot;\u0625\u063a\u0627\u062b\u0629 \u0627\u0644\u0645\u063a\u0631\u0628&quot; \u0628\u064a\u0626\u0629\u064b \u062e\u0635\u0628\u0629\u064b \u0644\u0644\u0646\u0645\u0648\u0651 \u0627\u0644\u0634\u062e\u0635\u064a\u0651 \u0648\u0627\u0644\u0646\u0645\u0648\u0651 \u0627\u0644\u062c\u0645\u0627\u0639\u064a\u0651.<\/p>\n<p><em>\u062e\u0627\u062a\u0645\u0629<\/em><\/p>\n<p>\u0625\u0646 \u0627\u0644\u062a\u0637\u0648\u0639 \u0645\u0639 \u062c\u0645\u0639\u064a\u0629 \u0625\u063a\u0627\u062b\u0629 \u0627\u0644\u0645\u063a\u0631\u0628 \u064a\u062a\u062c\u0627\u0648\u0632 \u0645\u062c\u0631\u062f \u0627\u0644\u0639\u0645\u0644 \u0627\u0644\u062a\u0637\u0648\u0639\u064a\u061b \u0628\u0644 \u064a\u0639\u0646\u064a \u0623\u0646 \u062a\u0635\u0628\u062d \u062c\u0632\u0621\u064b\u0627 \u0645\u0646 \u062a\u0627\u0631\u064a\u062e \u062a\u0636\u0627\u0645\u0646\u064a \u0645\u064a\u0651\u0632 \u0639\u0642\u062f\u064b\u0627 \u0645\u0646 \u0627\u0644\u0632\u0645\u0627\u0646. \u0645\u0639\u064b\u0627\u060c \u0644\u0646\u062c\u0639\u0644 \u0645\u0646 \u0647\u0630\u0627 \u0627\u0644\u0639\u0642\u062f \u0645\u0644\u062d\u0645\u0629 \u0625\u0646\u0633\u0627\u0646\u064a\u0629\u060c \u064a\u0633\u0637\u0651\u0631 \u0641\u064a\u0647\u0627 \u0643\u0644 \u0645\u062a\u0637\u0648\u0639 \u0635\u0641\u062d\u0629\u064b \u0644\u0627 \u062a\u064f\u0646\u0633\u0649 \u0641\u064a \u062e\u062f\u0645\u0629 \u0627\u0644\u0641\u0626\u0627\u062a \u0627\u0644\u0623\u0643\u062b\u0631 \u062d\u0631\u0645\u0627\u0646\u0627.<\/p>\n<p>\u0627\u0644\u062a\u0632\u0627\u0645\u0643\u0645 \u0647\u0648 \u0627\u0644\u0634\u0631\u0627\u0631\u0629 \u0627\u0644\u062a\u064a \u0633\u062a\u0646\u064a\u0631 \u062d\u064a\u0627\u0629 \u0627\u0644\u0645\u062d\u062a\u0627\u062c\u064a\u0646. \u0627\u0646\u0636\u0645\u0648\u0627 \u0625\u0644\u064a\u0646\u0627 \u0641\u064a \u0647\u0630\u0627 \u0627\u0644\u0645\u0633\u0639\u0649 \u0627\u0644\u0646\u0628\u064a\u0644\u060c \u0641\u0643\u0644 \u0644\u0641\u062a\u0629 \u062a\u064f\u062d\u0633\u0628\u060c \u0648\u0645\u0639\u064b\u0627 \u0633\u0646\u0628\u0646\u064a \u0645\u0633\u062a\u0642\u0628\u0644\u064b\u0627 \u0645\u0644\u064a\u0626\u064b\u0627 \u0628\u0627\u0644\u0631\u062d\u0645\u0629 \u0648\u0627\u0644\u0643\u0631\u0645.<\/p>\n<p><iframe title=\"\u0642\u0635\u0629 \u0625\u0646\u0633\u0627\u0646\u064a\u0629: \u0623\u0628\u0637\u0627\u0644 \u0627\u0644\u0645\u063a\u0631\u0628 \u064a\u0633\u0627\u0646\u062f\u0648\u0646 \u0641\u064a \u0645\u0648\u0627\u062c\u0647\u0629 \u0632\u0644\u0632\u0627\u0644 \u0627\u0644\u0645\u063a\u0631\u0628\" src=\"https:\/\/www.youtube.com\/embed\/PU2r3rx3UTg\" width=\"949\" height=\"534\" frameborder=\"0\" allowfullscreen=\"allowfullscreen\"><\/iframe><\/p>","protected":false},"excerpt":{"rendered":"<p>Devenir Volontaire \u00e0 l&#8217;Association Maghreb Secours : Un Acte de Solidarit\u00e9 et d&#8217;Engagement Humanitaire Introduction Au fil des neuf ann\u00e9es d&#8217;existence de l&#8217;Association Maghreb Secours, le d\u00e9vouement in\u00e9branlable envers les causes humanitaires a \u00e9t\u00e9 le pilier sur lequel repose son impact positif. Aujourd&#8217;hui, nous vous convions \u00e0 rejoindre cette noble mission en tant que volontaires, [&hellip;]<\/p>\n","protected":false},"author":1,"featured_media":8648,"parent":0,"menu_order":0,"comment_status":"closed","ping_status":"closed","template":"","meta":{"footnotes":""},"class_list":["post-7800","page","type-page","status-publish","has-post-thumbnail","hentry"],"_links":{"self":[{"href":"https:\/\/maghreb-secours.ma\/ar\/wp-json\/wp\/v2\/pages\/7800","targetHints":{"allow":["GET"]}}],"collection":[{"href":"https:\/\/maghreb-secours.ma\/ar\/wp-json\/wp\/v2\/pages"}],"about":[{"href":"https:\/\/maghreb-secours.ma\/ar\/wp-json\/wp\/v2\/types\/page"}],"author":[{"embeddable":true,"href":"https:\/\/maghreb-secours.ma\/ar\/wp-json\/wp\/v2\/users\/1"}],"replies":[{"embeddable":true,"href":"https:\/\/maghreb-secours.ma\/ar\/wp-json\/wp\/v2\/comments?post=7800"}],"version-history":[{"count":5,"href":"https:\/\/maghreb-secours.ma\/ar\/wp-json\/wp\/v2\/pages\/7800\/revisions"}],"predecessor-version":[{"id":9462,"href":"https:\/\/maghreb-secours.ma\/ar\/wp-json\/wp\/v2\/pages\/7800\/revisions\/9462"}],"wp:featuredmedia":[{"embeddable":true,"href":"https:\/\/maghreb-secours.ma\/ar\/wp-json\/wp\/v2\/media\/8648"}],"wp:attachment":[{"href":"https:\/\/maghreb-secours.ma\/ar\/wp-json\/wp\/v2\/media?parent=7800"}],"curies":[{"name":"\u0648\u0648\u0631\u062f\u0628\u0631\u064a\u0633","href":"https:\/\/api.w.org\/{rel}","templated":true}]}}